{"id":10045,"date":"2024-12-09T12:25:52","date_gmt":"2024-12-09T11:25:52","guid":{"rendered":"https:\/\/openheim.org\/pl\/?page_id=10045"},"modified":"2025-03-24T15:12:09","modified_gmt":"2025-03-24T14:12:09","slug":"olaf-brzeski-excellent","status":"publish","type":"page","link":"https:\/\/openheim.org\/de\/wystawy\/archiwum\/olaf-brzeski-excellent\/","title":{"rendered":"Olaf Brzeski | Excellent!"},"content":{"rendered":"<div class=\"xdj266r x11i5rnm xat24cr x1mh8g0r x1vvkbs\">\n<p><strong>Olaf Brzeski | Excellent!<br \/>\nEinzelausstellung<\/strong><\/p>\n<p><strong>Er\u00f6ffnung der Ausstellung: 10.12.2024, 17:00 Uhr<\/strong><br \/>\n<strong>Dauer der Ausstellung: 10.12.2024\u201316.03.2025<\/strong><br \/>\n<b><\/b><\/p>\n<p>___________________________________________<\/p>\n<\/div>\n<div>\n<div class=\"page\" title=\"Page 1\">\n<div class=\"section\">\n<div class=\"layoutArea\">\n<div class=\"column\">\n<p><strong>Excellent!<\/strong><\/p>\n<p>Tierisch-menschliche und h\u00e4uslich-kosmische Themen verflechten sich in dieser Geschichte. Objekte, Skulpturen, Installationen, Zeichnungen &#8211; gro\u00dfe Dinge, die kleinen Dingen gegen\u00fcbergestellt werden. Ich habe das Ganze linear angeordnet, wie einen Film. Ein Multigenre-Film, der eine Mischung aus Camp, Science Fiction, Thriller, Road Cinema und poetischen Bildern im Geiste Andrej Tarkowskijs ist &#8211; Dinge, die meine Empfindungsf\u00e4higkeit gepr\u00e4gt haben. Wenn ich Ihnen diese Ausstellung zeige, dann teile ich eher eine Ahnung \u00fcber die Ver\u00f6ffentlichung als eine konkrete Botschaft. Denn ich kann nichts konkretisieren. Ich habe keine Meinung. Es gibt jetzt zu viele Dinge, um eine Meinung zu \u00e4u\u00dfern, es gibt generell zu viel von allem.<\/p>\n<p>Aber alles ist &#8222;exzellent!&#8220;, wie mein Freund Francis sagt.<\/p>\n<p>Welcome to the trip!<\/p>\n<p><strong>Erste Szene: Ausstieg<\/strong><\/p>\n<p>Als ich begann, den Verlauf dieser Reise durch die ehemalige Wohnung der Oppenheims zu planen, war das erste Bild, das mir in den Sinn kam, ein K\u00e4fig. Ein K\u00e4fig, wie ich ihn aus meiner Kindheit kenne, aus dem Zoo von Wroc\u0142aw: drei Meter hoch, vielleicht zw\u00f6lf Quadratmeter gro\u00df, mit einem Ast in der Mitte und einem Holzbrett, auf dem ein schwarzer Panther lag. Sch\u00f6n, aber v\u00f6llig sinnlos&#8230; an diesem Ort. Die Einzimmerwohnung des schwarzen Panthers.<\/p>\n<p>Viele Jahre sp\u00e4ter, also jetzt, haben wir mit der Hilfe vieler Menschen einen \u00e4hnlichen K\u00e4fig gebaut. Vielleicht ein bisschen kleiner, und das ist der, der das erste Zimmer der Wohnung einnimmt. Wir haben ihn so gebaut, dass wir ihn \u00f6ffnen k\u00f6nnen. Damit er sich leert. Was auch immer er enthielt, sollte seinen eigenen Weg gehen, sollte aufh\u00f6ren, in diesem engen Raum herumzuwandern.<\/p>\n<p>Nur der Geruch und das Gef\u00fchl der Anwesenheit werden bleiben.<\/p>\n<p><strong>Szene zwei: der Morgen<\/strong><\/p>\n<p>Der zweite Raum ist unser Schritt hinaus in das Licht des Morgens, denn, wie das alte Sprichwort sagt: &#8222;Der Morgen ist weiser als der Abend&#8220;. Der Morgen bringt neue Strategien und Ideen, ermutigt uns, einen neuen Weg zu gehen, erhellt Dinge, die bisher im Schatten lagen. Hier sp\u00fcren wir die Freude \u00fcber die neu gewonnene Freiheit.<\/p>\n<p>Ein goldener Kronleuchter, dessen Form die Flugbahn einer Stubenfliege nachbildet, erhellt unseren Morgen zus\u00e4tzlich. Wenn ich ihre akrobatischen Darbietungen beobachte, vermute ich fast, dass sie einen Hang zum Spielerischen hat. Mit unheimlicher Pr\u00e4zision zeichnet sie geometrische Figuren, dreht sich abrupt im rechten Winkel und taumelt dann v\u00f6llig ungehemmt in chaotischen Schn\u00f6rkeln. Die Luftakrobatin.<\/p>\n<p><strong>Szene drei: Gabelung<\/strong><\/p>\n<p>Wir betreten nun einen weiteren, leicht abgedunkelten Raum. Wir sehen, wie Licht durch das Schl\u00fcsselloch einer nicht vorhandenen T\u00fcr entweicht, an der ein nicht greifbarer Griff angebracht ist. Vielleicht ist dies nur eine Illusion. Oder vielleicht bildet sich gerade ein neuer Umstand, eine Perspektive, ein weniger begangener Weg&#8230;.<\/p>\n<p><strong>Szene vier: Schiffskabine<\/strong><\/p>\n<p>Auf der linken Seite befindet sich ein weiterer Raum, dessen Eingang durch ein Sofa versperrt ist. Man muss sich hindurchzw\u00e4ngen, um hineinzukommen. In diesem Raum befindet sich ein m\u00f6gliches Abbild dessen, was fr\u00fcher den K\u00e4fig bewohnte. In meiner Vorstellung, wenn ich ihm eine Form geben m\u00fcsste, w\u00e4re es ein L\u00f6we. Ein Sprichwort kommt mir in den Sinn: &#8222;Ich tobe herum wie ein L\u00f6we im K\u00e4fig&#8220;. Der L\u00f6we liegt auf der Couch und leckt den Frosch. Dieses Bild erinnert an M\u00e4rchen, in denen ein Prinz einen Frosch k\u00fcsst. Metaphorisch gesehen leitet eine solche Geste im Protagonisten einen Prozess der Akzeptanz der Naturgesetze und des Verst\u00e4ndnisses der sie steuernden Kr\u00e4fte ein, der schlie\u00dflich zur Entfaltung der ganzen Majest\u00e4t seines Potenzials f\u00fchrt. Im Ergebnis verwandelt sich die Kr\u00f6te im M\u00e4rchen in ein K\u00f6nigskind. Der Zauber der Illusion scheint gebrochen zu sein.<\/p>\n<p>Ein Zimmer mit einem Sofa ist im Grunde die Kabine eines Schiffes. Es ist ein Zustand, in dem man &#8222;sich selbst im Weg steht&#8220; &#8211; was auch immer das hei\u00dfen mag.<\/p>\n<p><strong>Szene f\u00fcnf: Das, was der L\u00f6we sieht<\/strong><\/p>\n<p>Im letzten Raum, dem sogenannten &#8222;Aquarium&#8220;, sehen wir an der Wand eines der vielen Bilder, die die Parker-Sonde w\u00e4hrend ihrer Reise zur Sonne zur Erde geschickt hat. Die Mission der Sonde ist noch im Gange, obwohl sie bald ein feuriges Ende finden wird, da ihre Umlaufbahn, in der sie die Sonne zum zwanzigsten Mal umkreist, immer enger wird.<\/p>\n<p>Ich war sehr bewegt, als ich die YouTube-\u00dcbertragungen seiner Reise aus rund 160 Millionen Kilometern Entfernung von der Erde sah. Dort sieht man sie mit einer Geschwindigkeit von 700 000 km\/h fliegen, mitgerissen vom Sonnenwind, einem Plasma aus Protonen, Elektronen und Alphateilchen. Fragmente der Milchstra\u00dfe blitzen schnell vor Ihren Augen auf, eine Art &#8222;Unsch\u00e4rfe&#8220; &#8211; Wellen? &#8211; Jene Teilchen? Ich wei\u00df es nicht. Als ich sie betrachtete, sp\u00fcrte ich ihre Einsamkeit, ihre zerrissenen Bindungen, ihre Entschlossenheit und ihre Sch\u00f6nheit.<\/p>\n<p>F\u00fchlt der L\u00f6we dasselbe?<\/p>\n<p>Olaf Brzeski<\/p>\n<p>____________<\/p>\n<p><strong>Ensemble:<\/strong> \u0141ukasz Adamski, Monika Opieka, Daria Pietryka und Francis Thorburn mit besonderer Teilnahme von Katarzyna Roj<br \/>\n<strong>Promotion:<\/strong> Maria Majchrowska<br \/>\n<strong>Visuelle Identit\u00e4t:<\/strong> Jurek Mossakowski<br \/>\n<strong>Umsetzung:<\/strong> \u0141ukasz Ba\u0142aci\u0144ski, Marcin Pecyna<br \/>\n<strong>\u00dcbersetzung:<\/strong> Karol Waniek, Volkmar Umlauft<br \/>\n<strong>Besondere Dankesworte:<\/strong> Adrianna Duchnicka<br \/>\n<strong>Zusammenarbeit:<\/strong> Karolina Jara, Weronika Ka\u0142u\u017ca, Iga Miku\u015bkiewicz, Walentyna Schaiko, Ivan Shpak, Viktoriia Tofan, Agnieszka Wr\u00f3blewska<\/p>\n<p><strong>Organisator:<\/strong> OP ENHEIM | VOP<br \/>\n<strong>Ehrenm\u00e4zen:<\/strong> WOMAK<br \/>\n<strong>M\u00e4zene:<\/strong> Nedcon Silesia, CHORS<br \/>\n<strong>Partner:<\/strong> Raster, KEIM, OPEN-Reklama Oksana Solnik-Krzy\u017canowska<br \/>\n<strong>Medienpartner:<\/strong> Radio Nowy \u015awiat, Magazyn SZUM, Mint Magazine, Niez\u0142a Sztuka, NN6T, Pismo Artystyczne Format<\/p>\n<p><em>Das Projekt Olaf Brzeski | Excellent! sowie die Reihe der intermedialen Aktivit\u00e4ten wurden von der Europ\u00e4ischen Union NextGenerationEU und mit Mitteln der Stadt Wroc\u0142aw finanziert.<\/em><\/p>\n<p><img decoding=\"async\" class=\"alignnone wp-image-10112\" src=\"https:\/\/openheim.org\/wp-content\/uploads\/2024\/12\/KPO_barwy-RP_NextGenerationEU_poziom_zestawienie_podstawowe_-RGB-925x119.jpg\" alt=\"\" width=\"380\" height=\"49\" srcset=\"https:\/\/openheim.org\/wp-content\/uploads\/2024\/12\/KPO_barwy-RP_NextGenerationEU_poziom_zestawienie_podstawowe_-RGB-925x119.jpg 925w, https:\/\/openheim.org\/wp-content\/uploads\/2024\/12\/KPO_barwy-RP_NextGenerationEU_poziom_zestawienie_podstawowe_-RGB-1024x131.jpg 1024w, https:\/\/openheim.org\/wp-content\/uploads\/2024\/12\/KPO_barwy-RP_NextGenerationEU_poziom_zestawienie_podstawowe_-RGB-768x98.jpg 768w, https:\/\/openheim.org\/wp-content\/uploads\/2024\/12\/KPO_barwy-RP_NextGenerationEU_poziom_zestawienie_podstawowe_-RGB-1536x197.jpg 1536w, https:\/\/openheim.org\/wp-content\/uploads\/2024\/12\/KPO_barwy-RP_NextGenerationEU_poziom_zestawienie_podstawowe_-RGB-2048x262.jpg 2048w\" sizes=\"(max-width: 380px) 100vw, 380px\" \/>| <img decoding=\"async\" class=\"alignnone wp-image-10289\" src=\"https:\/\/openheim.org\/wp-content\/uploads\/2025\/01\/Wroclaw_miasto_spotkan_prostokat_zamiast_schodkowego-1-925x541.png\" alt=\"Miasto Wroc\u0142\u0105w\" width=\"80\" height=\"47\" srcset=\"https:\/\/openheim.org\/wp-content\/uploads\/2025\/01\/Wroclaw_miasto_spotkan_prostokat_zamiast_schodkowego-1-925x541.png 925w, https:\/\/openheim.org\/wp-content\/uploads\/2025\/01\/Wroclaw_miasto_spotkan_prostokat_zamiast_schodkowego-1-1024x599.png 1024w, https:\/\/openheim.org\/wp-content\/uploads\/2025\/01\/Wroclaw_miasto_spotkan_prostokat_zamiast_schodkowego-1-768x449.png 768w, https:\/\/openheim.org\/wp-content\/uploads\/2025\/01\/Wroclaw_miasto_spotkan_prostokat_zamiast_schodkowego-1-1536x899.png 1536w, https:\/\/openheim.org\/wp-content\/uploads\/2025\/01\/Wroclaw_miasto_spotkan_prostokat_zamiast_schodkowego-1.png 1589w\" sizes=\"(max-width: 80px) 100vw, 80px\" \/><\/p>\n<\/div>\n<\/div>\n<\/div>\n<\/div>\n<\/div>\n","protected":false},"excerpt":{"rendered":"<p>Olaf Brzeski | Excellent! Einzelausstellung Er\u00f6ffnung der Ausstellung: 10.12.2024, 17:00 Uhr Dauer der Ausstellung: 10.12.2024\u201316.03.2025 ___________________________________________ Excellent! Tierisch-menschliche und h\u00e4uslich-kosmische Themen verflechten sich in dieser Geschichte. Objekte, Skulpturen, Installationen, Zeichnungen &#8211; gro\u00dfe Dinge, die kleinen Dingen gegen\u00fcbergestellt werden. Ich habe das Ganze linear angeordnet, wie einen Film. Ein Multigenre-Film, der eine Mischung aus Camp, Science Fiction, Thriller, Road Cinema und poetischen Bildern im Geiste Andrej Tarkowskijs ist &#8211; Dinge, die&#8230;<\/p>\n","protected":false},"author":9,"featured_media":10062,"parent":607,"menu_order":9,"comment_status":"closed","ping_status":"closed","template":"","meta":{"_acf_changed":false,"footnotes":""},"class_list":["post-10045","page","type-page","status-publish","has-post-thumbnail","hentry"],"acf":[],"_links":{"self":[{"href":"https:\/\/openheim.org\/de\/wp-json\/wp\/v2\/pages\/10045","targetHints":{"allow":["GET"]}}],"collection":[{"href":"https:\/\/openheim.org\/de\/wp-json\/wp\/v2\/pages"}],"about":[{"href":"https:\/\/openheim.org\/de\/wp-json\/wp\/v2\/types\/page"}],"author":[{"embeddable":true,"href":"https:\/\/openheim.org\/de\/wp-json\/wp\/v2\/users\/9"}],"replies":[{"embeddable":true,"href":"https:\/\/openheim.org\/de\/wp-json\/wp\/v2\/comments?post=10045"}],"version-history":[{"count":30,"href":"https:\/\/openheim.org\/de\/wp-json\/wp\/v2\/pages\/10045\/revisions"}],"predecessor-version":[{"id":11406,"href":"https:\/\/openheim.org\/de\/wp-json\/wp\/v2\/pages\/10045\/revisions\/11406"}],"up":[{"embeddable":true,"href":"https:\/\/openheim.org\/de\/wp-json\/wp\/v2\/pages\/607"}],"wp:featuredmedia":[{"embeddable":true,"href":"https:\/\/openheim.org\/de\/wp-json\/wp\/v2\/media\/10062"}],"wp:attachment":[{"href":"https:\/\/openheim.org\/de\/wp-json\/wp\/v2\/media?parent=10045"}],"curies":[{"name":"wp","href":"https:\/\/api.w.org\/{rel}","templated":true}]}}