{"id":11177,"date":"2025-10-20T13:05:41","date_gmt":"2025-10-20T11:05:41","guid":{"rendered":"https:\/\/openheim.org\/pl\/?page_id=11177"},"modified":"2026-03-16T14:16:06","modified_gmt":"2026-03-16T13:16:06","slug":"fundacja-dps","status":"publish","type":"page","link":"https:\/\/openheim.org\/de\/odwiedz-nas\/fundacja-dps\/","title":{"rendered":"STIFTUNG DPS"},"content":{"rendered":"<p style=\"font-weight: 400;\"><strong>Deutsch-Polnische Stiftung\u00a0Kulturpflege und Denkmalschutz \u2013 Dependance in Breslau<\/strong><\/p>\n<p style=\"font-weight: 400;\">Seit 2020 befindet sich im Oppenheim Haus in Breslau eine Dependance der Deutsch-Polnischen Stiftung Kulturpflege und Denkmalschutz (DPS). Die Stiftung war an der Sanierung des Geb\u00e4udes am Salzmarkt beteiligt, in dem seit 2018 das OP ENHEIM untergebracht ist. Die Ann\u00e4herung beider Institutionen gab den Ansto\u00df f\u00fcr eine weitere Zusammenarbeit und die Gr\u00fcndung eines B\u00fcros in Wroc\u0142aw, das Projekte zur F\u00f6rderung des Denkmalschutzes, insbesondere in Niederschlesien, sowie Projekte zur F\u00f6rderung des kulturellen Erbes durchf\u00fchrt.<\/p>\n<p style=\"font-weight: 400;\">Eines der Leitprojekte zur F\u00f6rderung des Denkmalschutzes in der Region ist der Wettbewerb \u201eZabytek \u2013 nie zapomnij! \/ Denkmal \u2013 denk mal dran!\u201d, der vom Verein zur Pflege schlesischer Kunst und Kultur und OP ENHEIM organisiert wird und bei dem die Deutsch-Polnische Stiftung Kulturpflege und Denkmalschutz Kooperationspartner ist.<\/p>\n<p style=\"font-weight: 400;\">Die DPS-Stiftung wurde 2007 in G\u00f6rlitz von zwei herausragenden Kunsthistorikern und Denkmalpflegern gegr\u00fcndet, Prof. Dr. habil. Andrzej Tomaszewski (1934\u20132010) und Prof. Dr. Ing. Gottfried Kiesow (1931\u20132011). Das Hauptziel der DPS-Stiftung ist die Entwicklung und St\u00e4rkung der deutsch-polnischen Zusammenarbeit im Bereich der Denkmalpflege, insbesondere in Polen, wo es viele besonders erhaltenswerte Baudenkm\u00e4ler gibt, die Zeugnisse des deutsch-polnischen und europ\u00e4ischen Kulturerbes sind.<\/p>\n<p style=\"font-weight: 400;\">_____<\/p>\n<p style=\"font-weight: 400;\"><strong>DPS Vorstand<\/strong><\/p>\n<ul style=\"font-weight: 400;\">\n<li>Dr. Tessen von Heydebreck, Vorsitzender des Vorstands<\/li>\n<li>Ass. jur. Udo Donau, stellv. Vorsitzender des Vorstands<\/li>\n<li>Prof. Dr. Dieter Bingen, Mitglied des Vorstands<\/li>\n<li>Marek Gendaj, Mitglied des Vorstands<\/li>\n<li>Dr.-Ing. Klaus-Henning von Krosigk, Mitglied des Vorstands<\/li>\n<li>Dr. Konrad Vanja, Mitglied des Vorstands<\/li>\n<li>Violetta Wojnowski, Mitglied des Vorstands<\/li>\n<li>RA Wojciech Wrzecionkowski, deutscher Honorarkonsul in Olsztyn (Allenstein), Mitglied des Vorstands<\/li>\n<\/ul>\n<p style=\"font-weight: 400;\"><strong>Stiftung DPS mit Sitz in G\u00f6rlitz<\/strong><\/p>\n<p>Deutsch-Polnische Stiftung Kulturpflege und Denkmalschutz, Karpfengrund 1, D-02826 G\u00f6rlitz<\/p>\n<p>Offizielle Webseite der DPS<\/p>\n<p><a href=\"http:\/\/www.deutsch-polnische-stiftung.de\/\">www.deutsch-polnische-stiftung.de<\/a><\/p>\n<p style=\"font-weight: 400;\"><strong>Gesch\u00e4ftsstelle der DPS-Stiftung in Berlin<\/strong><\/p>\n<p style=\"font-weight: 400;\">Ansprechpartner: Dr. Peter Schabe M.A., Gesch\u00e4ftsf\u00fchrer, c\/o Deutsche Stiftung Denkmalschutz, Nicolaihaus, Br\u00fcderstra\u00dfe 13, D\u201310178 Berlin<\/p>\n<p>deutsch-polnische-stiftung(at)denkmalschutz.de<\/p>\n<p style=\"font-weight: 400;\"><strong>B\u00fcro der DPS-Stiftung in Breslau<\/strong><\/p>\n<p style=\"font-weight: 400;\"><a href=\"https:\/\/www.facebook.com\/profile.php?id=100092467364608\">>> Facebook-Profil der DPS-Dependance in Breslau<\/a><\/p>\n<div><\/div>\n","protected":false},"excerpt":{"rendered":"<p>Deutsch-Polnische Stiftung\u00a0Kulturpflege und Denkmalschutz \u2013 Dependance in Breslau Seit 2020 befindet sich im Oppenheim Haus in Breslau eine Dependance der Deutsch-Polnischen Stiftung Kulturpflege und Denkmalschutz (DPS). Die Stiftung war an der Sanierung des Geb\u00e4udes am Salzmarkt beteiligt, in dem seit 2018 das OP ENHEIM untergebracht ist. Die Ann\u00e4herung beider Institutionen gab den Ansto\u00df f\u00fcr eine weitere Zusammenarbeit und die Gr\u00fcndung eines B\u00fcros in Wroc\u0142aw, das Projekte zur F\u00f6rderung des Denkmalschutzes,&#8230;<\/p>\n","protected":false},"author":12,"featured_media":11264,"parent":4157,"menu_order":3,"comment_status":"closed","ping_status":"closed","template":"","meta":{"_acf_changed":false,"footnotes":""},"class_list":["post-11177","page","type-page","status-publish","has-post-thumbnail","hentry"],"acf":[],"_links":{"self":[{"href":"https:\/\/openheim.org\/de\/wp-json\/wp\/v2\/pages\/11177","targetHints":{"allow":["GET"]}}],"collection":[{"href":"https:\/\/openheim.org\/de\/wp-json\/wp\/v2\/pages"}],"about":[{"href":"https:\/\/openheim.org\/de\/wp-json\/wp\/v2\/types\/page"}],"author":[{"embeddable":true,"href":"https:\/\/openheim.org\/de\/wp-json\/wp\/v2\/users\/12"}],"replies":[{"embeddable":true,"href":"https:\/\/openheim.org\/de\/wp-json\/wp\/v2\/comments?post=11177"}],"version-history":[{"count":73,"href":"https:\/\/openheim.org\/de\/wp-json\/wp\/v2\/pages\/11177\/revisions"}],"predecessor-version":[{"id":11709,"href":"https:\/\/openheim.org\/de\/wp-json\/wp\/v2\/pages\/11177\/revisions\/11709"}],"up":[{"embeddable":true,"href":"https:\/\/openheim.org\/de\/wp-json\/wp\/v2\/pages\/4157"}],"wp:featuredmedia":[{"embeddable":true,"href":"https:\/\/openheim.org\/de\/wp-json\/wp\/v2\/media\/11264"}],"wp:attachment":[{"href":"https:\/\/openheim.org\/de\/wp-json\/wp\/v2\/media?parent=11177"}],"curies":[{"name":"wp","href":"https:\/\/api.w.org\/{rel}","templated":true}]}}