{"id":3948,"date":"2021-01-13T16:31:26","date_gmt":"2021-01-13T15:31:26","guid":{"rendered":"http:\/\/openheim.org\/pl\/?page_id=3948"},"modified":"2023-08-13T16:02:41","modified_gmt":"2023-08-13T14:02:41","slug":"op_young-krzyzanowska-piskorska-jakubowicz","status":"publish","type":"page","link":"https:\/\/openheim.org\/de\/wystawy\/archiwum\/op_young-krzyzanowska-piskorska-jakubowicz\/","title":{"rendered":"OP_Young | Krzy\u017canowska, Piskorska, Jakubowicz"},"content":{"rendered":"<p><b>Nikita Krzy\u017canowska, Liliana Piskorska, Jakub Jakubowicz<br \/>\nPrezentacje prac w ramach OP_Young<br \/>\nOpieka kuratorska: Kama Wr\u00f3bel<\/b><\/p>\n<p>Udost\u0119pnienie wystawy: 17.09.2020, godz. 11:00<br \/>\nCzas trwania wystawy: 17.09-6.10.2020<\/p>\n<p>\u25aa\ufe0f W dniu 17.09.2020 wst\u0119p na wystaw\u0119 jest wolny i nie wymaga wcze\u015bniejszej rezerwacji. Zapraszamy do zwiedzania w godzinach 11:00-19:00.<br \/>\n\u25aa\ufe0f Od 18.09.2020 ch\u0119\u0107 odwiedzenia wystawy prosimy zg\u0142asza\u0107 na adres visit@openheim.org telefon: 601 656 335 lub przez Facebook. Obowi\u0105zuj\u0105 wtedy standardowe godziny otwarcia galerii 11:00-16:00.<\/p>\n<p>Godziny otwarcia galerii oraz bilety:<a href=\"http:\/\/bit.ly\/OP_ENHEIM_Bilety\" target=\"_blank\" rel=\"noopener noreferrer\"> http:\/\/bit.ly\/OP_ENHEIM_Bilety<\/a><\/p>\n<p>______________<\/p>\n<p>Zapraszamy na kolejne prezentacje Laureat\u00f3w i Laureatek programu OP_Young, skierowanego do m\u0142odych, progresywnych tw\u00f3rc\u00f3w z Dolnego \u015al\u0105ska. Od 17 wrze\u015bnia w przestrzeni OP ENHEIM b\u0119dzie mo\u017cna zapozna\u0107si\u0119 z tw\u00f3rczo\u015bci\u0105: Nikity Krzy\u017canowkiej Liliany Piskorskiej Jakuba Jakubowicza.<br \/>\nWi\u0119cej o programie: <a href=\"https:\/\/bit.ly\/OP_Young_Info\" target=\"_blank\" rel=\"noopener noreferrer\">https:\/\/bit.ly\/OP_Young_Info <\/a><\/p>\n<p><b>\u25aa\ufe0f JAKUB JAKUBOWICZ \u25aa\ufe0f<\/b><br \/>\nJakub Jakubowicz rozwija badania nad histori\u0105 i to\u017csamo\u015bci\u0105 miejsca, przywracaj\u0105c jednocze\u015bnie pami\u0119\u0107 o nieistniej\u0105cej ju\u017c \u0142emkowskiej wsi W\u00f3lka (woj. podkarpackie), kt\u00f3rej spo\u0142eczno\u015b\u0107 w 1945 roku przesiedlono na tereny obecnej Ukrainy. Nieurodzajna ziemia oraz ci\u0119\u017ckie warunki panuj\u0105ce w g\u00f3rach zmusi\u0142y mieszkaj\u0105cych tam \u0141emk\u00f3w do nauczenia si\u0119 tajnik\u00f3w obr\u00f3bki drewna, dzi\u0119ki czemu &#8211; zapewne &#8211; przed 1945 rokiem &#8211; miejscowo\u015b\u0107 ta znana by\u0142a jako rze\u017abiarska wioska. Usytuowanie pomi\u0119dzy uzdrowiskami stymulowa\u0142o proces rozwijania si\u0119 tam sztuki, w szczeg\u00f3lno\u015bci rze\u017aby. W\u00f3lka sta\u0142a si\u0119 jednym z g\u0142\u00f3wnych obszar\u00f3w badawczych Jakuba Jakubowicza, a fragmenty tego rozbudowanego projektu artystycznego b\u0119dzie mo\u017cna zobaczy\u0107 w OP ENHEIM.<\/p>\n<p><b>\u25aa\ufe0f NIKITA KRZY\u017bANOWSKA\u25aa\ufe0f <\/b><br \/>\nOdmienn\u0105, zar\u00f3wno pod wzgl\u0119dem stylistycznym, jak i formalnym, postaw\u0119 prezentuje Nikita Krzy\u017canowska &#8211; m\u0142oda wroc\u0142awska malarka, kt\u00f3ra najpe\u0142niej wypowiada si\u0119 w estetyce zbli\u017conej do graffiti. Pe\u0142nymi gar\u015bciami czerpie ze sztuki ulicy czy kulturowo zakorzenionych znak\u00f3w i symboli. W przestrzeni OP ENHEIM, Krzy\u017canowska zaprezentuje cykl nowych, niezwykle dynamicznych, opartych na ge\u015bcie i intuicji, wielobarwnych, acz momentami pos\u0119pnych i buntowniczych prac malarskich, kt\u00f3re powsta\u0142y w okresie zamkniecia spowodowanego pandemi\u0105.<\/p>\n<p><b>\u25aa\ufe0f LILIANA PISKORSKA\u25aa\ufe0f <\/b><br \/>\nLiliana Piskorska, od niedawna wroc\u0142awianka, w swojej tw\u00f3rczo\u015bci analizuje problematyk\u0119 spo\u0142eczn\u0105 z perspektywy radykalnej wra\u017cliwo\u015bci, kt\u00f3ra zakorzeniona jest w praktyce i teorii feministyczno-queerowej i feministyczno-posthumanistycznej. W realizowanych przez siebie dzia\u0142aniach, artystka koncentruje si\u0119 na tak wa\u017cnych aktualnie zale\u017cno\u015bciach pomi\u0119dzy pa\u0144stwem, narodem i to\u017csamo\u015bci\u0105 \u015brodkowo-europejsk\u0105, a pozycj\u0105 peryferyjnych to\u017csamo\u015bci. W prezentowanej w OP ENHEIM wystawie, Liliana Piskorska podejmie interesuj\u0105cy j\u0105 temat blisko\u015bci i nieheteronormatywno\u015bci, badaj\u0105c przy tym pozycj\u0119 Innego.<\/p>\n<p>\u25aa\ufe0f Istnieje mo\u017cliwo\u015b\u0107 zakupu prac prezentowanych na wystawie.<\/p>\n<p>\u25aa\ufe0f O ARTYSTACH \u25aa\ufe0f<br \/>\n<strong>Nikita Krzy\u017canowska<\/strong> (ur. 1995, Wroc\u0142aw) &#8211; malarka, studentka Wydzia\u0142u Malarstwa Akademii Sztuk Pi\u0119knych im. E. Gepperta we Wroc\u0142awiu w Pracowni prof. Marka Jakubka. Zajmuje si\u0119 ekspresyjnym, \u017cywym malarstwem, kt\u00f3re mo\u017cna sytuowa\u0107 na pograniczu ekspresjonizmu, abstrakcji i estetyki graffiti. Zwi\u0105zana z wroc\u0142awsk\u0105 grup\u0105 Ko\u015bci\u00f3\u0142 Nihilist\u00f3w oraz warszawsk\u0105 galeri\u0105 \u015amier\u0107 Frajerom. Swoje prace prezentowa\u0142a w ramach wystaw indywidualnych m.in.: \u201eW kryminalnym MC wci\u0105\u017c ukazana prawda\u201d (Galeria Du\u017cy Pok\u00f3j, Warszawa), \u201e666 z\u0142 brutto\u201d (MD_S, Wroc\u0142aw) oraz w ramach zbiorowych wystaw grupy Ko\u015bci\u00f3\u0142 Nihilist\u00f3w we Wroc\u0142awiu, projektu \u201cWien darf nicht \u00d6sterreich werden!\u201d (GPL contemporary, Wiede\u0144), \u201cZapraszam na Wernisa\u017c #7\u201d (Galeria \u015amier\u0107 Frajerom, Warszawa). Stypendystka projektu der Sommerakademie Die R\u00f6sslstube w Dre\u017anie (2019). Mieszka i tworzy we Wroc\u0142awiu.<\/p>\n<p><strong>Liliana Piskorska<\/strong> (ur. 1988, Toru\u0144) &#8211; artystka wizualna, doktora sztuk pi\u0119knych. Absolwentka Wydzia\u0142u Sztuk Pi\u0119knych Uniwersytetu Miko\u0142aja Kopernika w Toruniu, w 2011 studentka Uniwersytetu Warszawskiego. W 2017 obroni\u0142a prac\u0119 doktorsk\u0105 na toru\u0144skim WSP (promotorka El\u017cbieta Jab\u0142o\u0144ska). Od 2013 roku cz\u0142onkini Grupy nad Wis\u0142\u0105. Finalistka Forecast Forum w Haus der Kulturen der Welt w Berlinie w 2017 roku. Laureatka nagrody publiczno\u015bci: Spojrzenia 2019: Nagroda Deutsche Bank. Jej prace pokazywane by\u0142y na ponad 90 wystawach grupowych i indywidualnych. Mieszka i tworzy we Wroc\u0142awiu.<\/p>\n<p><strong>Jakub Jakubowicz<\/strong> (ur. 1992, Krosno) &#8211; artysta intermedialny, absolwent Akademii Sztuk Pi\u0119knych im. E. Gepperta we Wroc\u0142awiu. Dyplom obroni\u0142 w 2019 roku w pracowni rze\u017aby prof. Gra\u017cyny Jaskierskiej- Albrzykowskiej. Uczestniczy\u0142 w licznych plenerach og\u00f3lnopolskich I mi\u0119dzynarodowych, m.in.: Bardo 2013, Bludov 2015 i Oro\u0144sko 2017. W 2019 otrzyma\u0142 stypendium z Gminy Ryman\u00f3w oraz stypendium z Gminy Iwonicz-Zdr\u00f3j na realizacj\u0119 pracy dyplomowej \u015alady oraz zorganizowanie indywidualnej wystawy zg\u00f3rwysyny w galerii Czasoprzestrze\u0144 we Wroc\u0142awiu.<\/p>\n<p>______________<\/p>\n<p>Organizatorzy: OP ENHEIM<br \/>\nWsp\u00f3\u0142organizator: VOP<br \/>\nMecenas: Womak Holding SA<br \/>\nPatron medialny: GoOut<\/p>\n","protected":false},"excerpt":{"rendered":"<p>Druga z serii prezentacja prac Laureatek i Laureat\u00f3w programu OP_Young, powsta\u0142ego jako reakcja na sytuacj\u0119 m\u0142odych artystek i artyst\u00f3w w trakcie pandemii Covid-19. Liliana Piskorska, badaj\u0105ca pozycj\u0119 Innego w spo\u0142ecze\u0144stwie, Jakub Jakubowicz przywracaj\u0105cy pami\u0119\u0107 o historii wsi W\u00f3lka i Nikita Krzy\u017canowska, wyra\u017caj\u0105c\u0105 sw\u00f3j bunt w formie graffiti pe\u0142nego dynamiki i ekspresji charakterystycznej dla malarstwa gestu.<\/p>\n","protected":false},"author":2,"featured_media":6743,"parent":607,"menu_order":94,"comment_status":"closed","ping_status":"closed","template":"","meta":{"_acf_changed":false,"footnotes":""},"class_list":["post-3948","page","type-page","status-publish","has-post-thumbnail","hentry"],"acf":[],"_links":{"self":[{"href":"https:\/\/openheim.org\/de\/wp-json\/wp\/v2\/pages\/3948","targetHints":{"allow":["GET"]}}],"collection":[{"href":"https:\/\/openheim.org\/de\/wp-json\/wp\/v2\/pages"}],"about":[{"href":"https:\/\/openheim.org\/de\/wp-json\/wp\/v2\/types\/page"}],"author":[{"embeddable":true,"href":"https:\/\/openheim.org\/de\/wp-json\/wp\/v2\/users\/2"}],"replies":[{"embeddable":true,"href":"https:\/\/openheim.org\/de\/wp-json\/wp\/v2\/comments?post=3948"}],"version-history":[{"count":8,"href":"https:\/\/openheim.org\/de\/wp-json\/wp\/v2\/pages\/3948\/revisions"}],"predecessor-version":[{"id":5414,"href":"https:\/\/openheim.org\/de\/wp-json\/wp\/v2\/pages\/3948\/revisions\/5414"}],"up":[{"embeddable":true,"href":"https:\/\/openheim.org\/de\/wp-json\/wp\/v2\/pages\/607"}],"wp:featuredmedia":[{"embeddable":true,"href":"https:\/\/openheim.org\/de\/wp-json\/wp\/v2\/media\/6743"}],"wp:attachment":[{"href":"https:\/\/openheim.org\/de\/wp-json\/wp\/v2\/media?parent=3948"}],"curies":[{"name":"wp","href":"https:\/\/api.w.org\/{rel}","templated":true}]}}