{"id":3953,"date":"2021-01-13T16:33:33","date_gmt":"2021-01-13T15:33:33","guid":{"rendered":"http:\/\/openheim.org\/pl\/?page_id=3953"},"modified":"2023-01-04T11:28:37","modified_gmt":"2023-01-04T10:28:37","slug":"air-wants-to-go-dominik-lejman","status":"publish","type":"page","link":"https:\/\/openheim.org\/de\/wystawy\/archiwum\/air-wants-to-go-dominik-lejman\/","title":{"rendered":"Air Wants to Go. Dominik Lejman"},"content":{"rendered":"<h2><b>Air Wants to Go<br \/>\n&#8211; Dominik Lejman<\/b><br \/>\nKuratiert von: Hubertus v. Amelunxen<\/p>\n<p>Ausstellung Er\u00f6ffnung: 16.10.2020 r., 18:30<br \/>\ndie Ausstellungsdauer: 17.10\u201316.12.2020<\/h2>\n<h2>&#8222;Air Wants to Go&#8220; ist dem Gedicht <i>The Chess Player<\/i> des amerikanischen Dichters Howard Altmann entlehnt, ein Poem \u00fcber das Verlassen und \u00fcber die Ver\u00e4nderung im Gegen\u00fcber von Mensch und Welt.\u00a0 Es ist auch der Titel eines der neuesten Werke von Dominik Lejman, ein Diptychon, das die Verse von Howard Altman zum Verschwinden erscheinen l\u00e4sst. Die Ausstellung in der Stiftung OP ENHEIM zeigt mit f\u00fcnf Werken sowie mit einer Fassadenprojektion an den ersten drei Abenden das komplexe, vielfach pr\u00e4mierte Werk des polnischen K\u00fcnstlers Dominik Lejman.<\/p>\n<p>Die Kunst von Dominik Lejman liegt in der Ph\u00e4nomenologie der Zeit, einer ganz und gar verwirrenden Ph\u00e4nomenologie der Dauer und der Wiederholung. Die Welt des Bildes offenbart eine andere Welt der Dauer. In der Verbindung von abstrakter, geometrisch strukturierter Malerei und zeitweiliger Videoprojektion schickt Dominik Lejman Narrative in die Malerei \u2013 Gewebe und Texte, &#8222;plots&#8220; des Zweifels zwischen Enth\u00fcllung und Absto\u00dfung, Erhebung und Fall, Elysium und Kerker. Die ganz eigene \u00c4sthetik der Malerei und der an Marcel Duchamp erinnernden Maschinisierung der Projektion lassen Sichtbares und Unsichtbares changieren. Verdoppelungen und palimpsesthafte \u00dcberlagerungen, das Aufscheinen und das Verbergen von K\u00f6rpern, geisterhafte Enth\u00fcllungen und Verh\u00fcllungen durchwirken diese so unheimliche wie ph\u00e4nomenale Kunst. Mit Samuel Beckett, dem Dominik Lejman ein Seelenverwandter ist, l\u00e4sst sich die Kunst als eine &#8222;Einkerkerungskunst&#8220; beschreiben: <i>Ein Enth\u00fcllen ohne Ende, H\u00fclle nach H\u00fclle, Ebene auf Ebene unvollkommener Transparenzen, ein Enth\u00fcllen auf das Unenth\u00fcllbare hin, das Nichts, die Sache aufs neue<\/i>.<\/p>\n<p>\/<\/h2>\n<h2><\/h2>\n<h2><\/h2>\n<h2><b>Er\u00f6ffnungswochenende<\/b><\/p>\n<p>16.10, 18:30 Uhr | Ausstellungser\u00f6ffnung und Projektion auf die Fassade<\/p>\n<p>W\u00e4hrend der Er\u00f6ffnung ist der Zugang zur Galerie eingeschr\u00e4nkt. Wir laden Sie in einen speziellen Bereich vor dem B\u00fcrgerhaus ein, von welchem aus Sie die Projektion auf der Fassade des Hauses sehen k\u00f6nnen.<\/p>\n<p>17.10, 11:30 | OP_Talks | Treffen mit Dominik Lejman und Hubertus v. Amelunxen<\/p>\n<p>17.10, 14:00 Uhr | OP_Talks | Vortrag von Volker Diehl<\/p>\n<p>16.10 &#8211; 18.10, 18:30\u201320:30 | Projektion von Dominik Lejmans Kunstwerken auf die Fassade von OP ENHEIM<\/p>\n<p><b>F\u00fchrungen<\/b><\/p>\n<p>28.10, 18:00 | F\u00fchrung durch die Ausstellung<\/p>\n<p>25.11, 18:00 | F\u00fchrung durch die Ausstellung<\/p>\n<p>Das aktuelle Programm und weitere Informationen auf openheim.org.<\/p>\n<p><b>Besichtigung<\/b><\/p>\n<p>Wenn Sie uns besuchen m\u00f6chten, kontaktieren Sie uns bitte telefonisch: +48 601 656 335, per E-Mail unter visit@openheim.org oder per Nachricht auf Facebook.<\/p>\n<p>________<\/p>\n<p>Organisator: OP ENHEIM<br \/>\nCo-Organisator: VOP<br \/>\nM\u00e4zenat: Womak Holding SA<br \/>\nPartner: KEIM, Uniwersytet Artystyczny w Poznaniu<br \/>\nMedienpartner: Magazyn Szum, NN6T<\/p>\n<p>Das Projekt wird vom Kulturministerium der Stadt Wroc\u0142aw (www.wroclaw.pl) kofinanziert und in Zusammenarbeit mit der Stiftung f\u00fcr polnisch-deutsche Zusammenarbeit durchgef\u00fchrt.<\/h2>\n","protected":false},"excerpt":{"rendered":"<p>Sztuka Lejmana polega na fenomenologii czasu, trwania i powtarzalno\u015bci. Artysta \u0142\u0105czy tkanin\u0119 i teksty, \u201ep\u0142oty\u201d zw\u0105tpienia mi\u0119dzy ujawnieniem a odrzuceniem, uniesieniem a upadkiem, Elizjum a wi\u0119zieniem. Nazwa wystawy \u201eAir Wants to Go\u201d pochodzi od wersu zapo\u017cyczonego z wiersza \u201eThe Chess Player\u201d, ameryka\u0144skiego poety Howarda Altmanna \u2013 poematu o opuszczeniu i przemianie cz\u0142owieka w relacji do \u015bwiata.<\/p>\n","protected":false},"author":2,"featured_media":3987,"parent":607,"menu_order":93,"comment_status":"closed","ping_status":"closed","template":"","meta":{"_acf_changed":false,"footnotes":""},"class_list":["post-3953","page","type-page","status-publish","has-post-thumbnail","hentry"],"acf":[],"_links":{"self":[{"href":"https:\/\/openheim.org\/de\/wp-json\/wp\/v2\/pages\/3953","targetHints":{"allow":["GET"]}}],"collection":[{"href":"https:\/\/openheim.org\/de\/wp-json\/wp\/v2\/pages"}],"about":[{"href":"https:\/\/openheim.org\/de\/wp-json\/wp\/v2\/types\/page"}],"author":[{"embeddable":true,"href":"https:\/\/openheim.org\/de\/wp-json\/wp\/v2\/users\/2"}],"replies":[{"embeddable":true,"href":"https:\/\/openheim.org\/de\/wp-json\/wp\/v2\/comments?post=3953"}],"version-history":[{"count":16,"href":"https:\/\/openheim.org\/de\/wp-json\/wp\/v2\/pages\/3953\/revisions"}],"predecessor-version":[{"id":7524,"href":"https:\/\/openheim.org\/de\/wp-json\/wp\/v2\/pages\/3953\/revisions\/7524"}],"up":[{"embeddable":true,"href":"https:\/\/openheim.org\/de\/wp-json\/wp\/v2\/pages\/607"}],"wp:featuredmedia":[{"embeddable":true,"href":"https:\/\/openheim.org\/de\/wp-json\/wp\/v2\/media\/3987"}],"wp:attachment":[{"href":"https:\/\/openheim.org\/de\/wp-json\/wp\/v2\/media?parent=3953"}],"curies":[{"name":"wp","href":"https:\/\/api.w.org\/{rel}","templated":true}]}}