{"id":4116,"date":"2021-01-14T15:55:50","date_gmt":"2021-01-14T14:55:50","guid":{"rendered":"http:\/\/openheim.org\/pl\/?page_id=4116"},"modified":"2024-10-29T13:52:10","modified_gmt":"2024-10-29T12:52:10","slug":"op_young","status":"publish","type":"page","link":"https:\/\/openheim.org\/de\/projekty\/op_young\/","title":{"rendered":"OP_Young"},"content":{"rendered":"<p>OP_Young ist das j\u00fcngste Projekt von OP ENHEIM. Es entstand aus dem Bed\u00fcrfnis heraus, die lokale Kunstszene in Zeiten der COVID-19 Pandemie zu unterst\u00fctzen. Als Reaktion auf die schwierige Situation von K\u00fcnstlerinnen und K\u00fcnstlern, haben wir beschlossen ein Programm ins Leben zu rufen, das nicht nur auf finanzieller Hilfe basiert, sondern das durch seine umfassende Form die Chance bietet, der Wiederbelebung der Kunstszene in Wroc\u0142aw\/Breslau zu behelfen sowie die j\u00fcngere Generation in den Bereich der kritischen und k\u00fcnstlerischen Auseinandersetzung zu integrieren.<\/p>\n<p>OP_Young ist auch eine symbolische \u00d6ffnung unserer Institution f\u00fcr junge, progressive Kunstschaffende, deren Entwicklung wir aktiv unterst\u00fctzen m\u00f6chten. OP_Young, welches momentan als Pilotprojekt startet, wird ein fester Bestandteil des Programms von OP ENHEIM sein.<\/p>\n","protected":false},"excerpt":{"rendered":"<p>OP_Young ist das j\u00fcngste Projekt von OP ENHEIM. Es entstand aus dem Bed\u00fcrfnis heraus, die lokale Kunstszene in Zeiten der COVID-19 Pandemie zu unterst\u00fctzen. Als Reaktion auf die schwierige Situation von K\u00fcnstlerinnen und K\u00fcnstlern, haben wir beschlossen ein Programm ins Leben zu rufen, das nicht nur auf finanzieller Hilfe basiert, sondern das durch seine umfassende Form die Chance bietet, der Wiederbelebung der Kunstszene in Wroc\u0142aw\/Breslau zu behelfen sowie die j\u00fcngere&#8230;<\/p>\n","protected":false},"author":2,"featured_media":9196,"parent":4057,"menu_order":66,"comment_status":"closed","ping_status":"closed","template":"","meta":{"_acf_changed":false,"footnotes":""},"class_list":["post-4116","page","type-page","status-publish","has-post-thumbnail","hentry"],"acf":[],"_links":{"self":[{"href":"https:\/\/openheim.org\/de\/wp-json\/wp\/v2\/pages\/4116","targetHints":{"allow":["GET"]}}],"collection":[{"href":"https:\/\/openheim.org\/de\/wp-json\/wp\/v2\/pages"}],"about":[{"href":"https:\/\/openheim.org\/de\/wp-json\/wp\/v2\/types\/page"}],"author":[{"embeddable":true,"href":"https:\/\/openheim.org\/de\/wp-json\/wp\/v2\/users\/2"}],"replies":[{"embeddable":true,"href":"https:\/\/openheim.org\/de\/wp-json\/wp\/v2\/comments?post=4116"}],"version-history":[{"count":74,"href":"https:\/\/openheim.org\/de\/wp-json\/wp\/v2\/pages\/4116\/revisions"}],"predecessor-version":[{"id":9896,"href":"https:\/\/openheim.org\/de\/wp-json\/wp\/v2\/pages\/4116\/revisions\/9896"}],"up":[{"embeddable":true,"href":"https:\/\/openheim.org\/de\/wp-json\/wp\/v2\/pages\/4057"}],"wp:featuredmedia":[{"embeddable":true,"href":"https:\/\/openheim.org\/de\/wp-json\/wp\/v2\/media\/9196"}],"wp:attachment":[{"href":"https:\/\/openheim.org\/de\/wp-json\/wp\/v2\/media?parent=4116"}],"curies":[{"name":"wp","href":"https:\/\/api.w.org\/{rel}","templated":true}]}}