{"id":4157,"date":"2021-01-14T16:19:34","date_gmt":"2021-01-14T15:19:34","guid":{"rendered":"http:\/\/openheim.org\/pl\/?page_id=4157"},"modified":"2026-03-12T16:21:37","modified_gmt":"2026-03-12T15:21:37","slug":"odwiedz-nas","status":"publish","type":"page","link":"https:\/\/openheim.org\/de\/odwiedz-nas\/","title":{"rendered":"Besuche uns"},"content":{"rendered":"<p><strong>OP ENHEIM<\/strong><br \/>\n<strong>Plac Solny 4<\/strong><br \/>\n<strong>50-060 Wroc\u0142aw<\/strong><\/p>\n<p>____<\/p>\n<p><strong>SEKRETARIAT \/ B\u00dcRO<\/strong><br \/>\nE-Mail: info@openheim.org<\/p>\n<p><strong>ANMELDUNG F\u00dcR VERANSTALTUNGEN<\/strong><br \/>\nE-Mail: visit@openheim.org<br \/>\nTelefon: +48 570 796 441 \/ w\u00e4hrend der \u00d6ffnungszeiten der Galerie \/<\/p>\n<p><strong>MEDIEN<\/strong><br \/>\nNatalia Gaj<br \/>\nE-mail: natalia.gaj@openheim.org<br \/>\npress@openheim.org<br \/>\nPhone: +48 601 656 335<br \/>\n<strong><a href=\"https:\/\/openheim.org\/pl\/dla-prasy\/\" target=\"_blank\" rel=\"noopener\">>> F\u00fcr die Presse<\/a><\/strong><\/p>\n<p><strong>VERMIETUNG VON R\u00c4UMLICHKEITEN<\/strong><br \/>\nE-mail: info@openheim.org<\/p>\n<p>___<\/p>\n<p><strong>OP ENHEIM B\u00dcRO \u00d6FFNUNGSZEITEN<\/strong><br \/>\nOP ENHEIM, 4. Stock<br \/>\nMontag &#8211; Freitag | 10:00 Uhr &#8211; 18:00 Uhr<\/p>\n<p><strong>\u00d6FFNUNGSZEITEN DER GALERIE<\/strong><br \/>\nOP ENHEIM, 1 S.<br \/>\nMontag &#8211; Dienstag | geschlossen<br \/>\nMittwoch | geschlossen\/Die Galerie kann von organisierten Gruppen nach vorheriger Terminvereinbarung besucht werden (visit@openheim.org)<br \/>\nDonnerstag | 16:00 Uhr &#8211; 20:00 Uhr<br \/>\nFreitag | 16:00 Uhr &#8211; 19:00 Uhr<br \/>\nSamstag, Sonntag | 12:00 &#8211; 19:00 Uhr<\/p>\n<p>Die Ruhezeiten gelten am Donnerstag zwischen 16:00 und 17:00 Uhr.<br \/>\nHINWEIS &#8211; wenn die T\u00fcr zum Stadthaus verschlossen ist, benutzen Sie bitte die Gegensprechanlage, die sich auf der rechten Seite befindet.<br \/>\n___<\/p>\n<p><strong>TICKETS<\/strong><\/p>\n<p>Normale Eintrittskarte: 15 PLN \/ Pers.<br \/>\nErm\u00e4\u00dfigte Eintrittskarte: 12 PLN \/ Pers.<br \/>\nGruppenkarte: 9 PLN \/ Person.<br \/>\nFamilienkarte: 6 PLN \/ Person.<br \/>\nSonderkarte: 1 PLN\/Person<br \/>\nFreikarte: Kinder bis zu 12 Jahren.<\/p>\n<p>Eine erm\u00e4\u00dfigte Eintrittskarte ist gegen Vorlage der entsprechenden Dokumente erh\u00e4ltlich.<br \/>\nFamilienkarte: 2 Eltern oder Erziehungsberechtigte mit einem Kind oder Kindern bis zu 12 Jahren.<br \/>\nEine Gruppenkarte ist f\u00fcr eine Gruppe von mindestens 10 Personen g\u00fcltig.<\/p>\n<p>*Der Eintritt ist f\u00fcr Personen mit einem Behindertenausweis frei.<\/p>\n<p>___<\/p>\n<p><strong>PRAKTISCHE INFORMATIONEN<\/strong><br \/>\n1\/ Der Eintritt zu den Vernissagen ist frei.<br \/>\n2\/ Aus Gr\u00fcnden der Intimit\u00e4t des Galerieraums, des Komforts und der Sicherheit der Besucher ist der Zutritt zum Stadthaus am Tag der Vernissage begrenzt.<br \/>\n3\/ Der Zugang zur Galerie ist sowohl \u00fcber eine Treppe als auch \u00fcber einen Aufzug m\u00f6glich. Wenn Sie den Aufzug benutzen m\u00f6chten, informieren Sie bitte das Personal von OP ENHEIM vor Ort oder unter der Telefonnummer +48 570 796 441 oder +48 601 656 335.<br \/>\n4\/ Weitere Informationen \u00fcber die Zug\u00e4nglichkeit des OP ENHEIM finden Sie hier >> ZUG\u00c4NGLICHKEIT <<.\n<\/p>\n","protected":false},"excerpt":{"rendered":"<p>OP ENHEIM Plac Solny 4 50-060 Wroc\u0142aw ____ SEKRETARIAT \/ B\u00dcRO E-Mail: info@openheim.org ANMELDUNG F\u00dcR VERANSTALTUNGEN E-Mail: visit@openheim.org Telefon: +48 570 796 441 \/ w\u00e4hrend der \u00d6ffnungszeiten der Galerie \/ MEDIEN Natalia Gaj E-mail: natalia.gaj@openheim.org press@openheim.org Phone: +48 601 656 335 >> F\u00fcr die Presse VERMIETUNG VON R\u00c4UMLICHKEITEN E-mail: info@openheim.org ___ OP ENHEIM B\u00dcRO \u00d6FFNUNGSZEITEN OP ENHEIM, 4. Stock Montag &#8211; Freitag | 10:00 Uhr &#8211; 18:00 Uhr \u00d6FFNUNGSZEITEN DER&#8230;<\/p>\n","protected":false},"author":2,"featured_media":0,"parent":0,"menu_order":39,"comment_status":"closed","ping_status":"closed","template":"","meta":{"_acf_changed":false,"footnotes":""},"class_list":["post-4157","page","type-page","status-publish","hentry"],"acf":[],"_links":{"self":[{"href":"https:\/\/openheim.org\/de\/wp-json\/wp\/v2\/pages\/4157","targetHints":{"allow":["GET"]}}],"collection":[{"href":"https:\/\/openheim.org\/de\/wp-json\/wp\/v2\/pages"}],"about":[{"href":"https:\/\/openheim.org\/de\/wp-json\/wp\/v2\/types\/page"}],"author":[{"embeddable":true,"href":"https:\/\/openheim.org\/de\/wp-json\/wp\/v2\/users\/2"}],"replies":[{"embeddable":true,"href":"https:\/\/openheim.org\/de\/wp-json\/wp\/v2\/comments?post=4157"}],"version-history":[{"count":106,"href":"https:\/\/openheim.org\/de\/wp-json\/wp\/v2\/pages\/4157\/revisions"}],"predecessor-version":[{"id":11702,"href":"https:\/\/openheim.org\/de\/wp-json\/wp\/v2\/pages\/4157\/revisions\/11702"}],"wp:attachment":[{"href":"https:\/\/openheim.org\/de\/wp-json\/wp\/v2\/media?parent=4157"}],"curies":[{"name":"wp","href":"https:\/\/api.w.org\/{rel}","templated":true}]}}