{"id":4160,"date":"2021-01-14T16:25:20","date_gmt":"2021-01-14T15:25:20","guid":{"rendered":"http:\/\/openheim.org\/pl\/?page_id=4160"},"modified":"2021-10-27T13:49:46","modified_gmt":"2021-10-27T11:49:46","slug":"nagrody","status":"publish","type":"page","link":"https:\/\/openheim.org\/de\/kamienica\/nagrody\/","title":{"rendered":"Preise"},"content":{"rendered":"<p><strong>Dziedzictwo kulturowe jest dla nas bardzo istotne. Swoimi dzia\u0142aniami <\/strong><strong>staramy si\u0119 pokazywa\u0107, jak wa\u017cne dla to\u017csamo\u015bci jest odkrywanie <\/strong><strong>i zachowywanie historii. Dzi\u0119ki temu cieszymy si\u0119 nie tylko sympati\u0105 go\u015bci, <\/strong><strong>ale tak\u017ce otrzymujemy nagrody i wyr\u00f3\u017cnienia.<\/strong><\/p>\n<p><strong>2020<\/strong><br \/>\nObecno\u015b\u0107 na shortli\u015bcie przyznawanych po raz pierwszy w historii Specjalnych Nagr\u00f3d Ilucidare w ramach Europejskiej Nagrody Europa Nostra.<br \/>\n<a href=\"https:\/\/openheim.org\/pl\/aktualnosci\/dom-oppenheimow-zakwalifikowany-do-specjalnych-nagrod-ilucidare\/\"><strong>>> LINK<\/strong><\/a><\/p>\n<p><strong>2019<\/strong><br \/>\nWyr\u00f3\u017cnienie w Og\u00f3lnopolskim Konkursie <em>Zabytek Zadbany 2019<\/em> Ministra Kultury i Dziedzictwa Narodowego oraz Generalnego Konserwatora Zabytk\u00f3w w kategorii Adaptacja obiekt\u00f3w zabytkowych.<br \/>\n<a href=\"https:\/\/openheim.org\/pl\/aktualnosci\/kamienica-oppenheimow-w-publikacji-zabytek-zadbany-a-d-2019\/\"><strong>>> LINK<\/strong><\/a><\/p>\n<p><strong>2018<\/strong><br \/>\nWyr\u00f3\u017cnienie w XXIX edycji konkursu <em>Pi\u0119kny Wroc\u0142aw<\/em> na najlepsz\u0105 realizacj\u0119 architektoniczn\u0105 w kategorii Modernizacja obiektu architektonicznego.<br \/>\n<a href=\"https:\/\/openheim.org\/pl\/aktualnosci\/edycja-xxix-konkursu-piekny-wroclaw-wyroznienie-dla-domu-oppenheimow\/\"><strong>>> LINK<\/strong><\/a><\/p>\n<p>Nominacja w konkursie MocArty RMF Classic 2018 w kategorii <em>Rzecz z Klas\u0105 2018<\/em>.<\/p>\n<p><strong>2015<\/strong><br \/>\n1. Nagroda Naukowa Ambasadora Rzeczypospolitej Polskiej 2015 dla Lisy H\u00f6henleitner za ksi\u0105\u017ck\u0119 <em>Dom Oppenheim\u00f3w we Wroc\u0142awiu. Kamienica opowiada histori\u0119 miasta<\/em><br \/>\n<a href=\"https:\/\/openheim.org\/pl\/kamienica\/historia\/\"><strong>>> LINK<\/strong><\/a><\/p>\n","protected":false},"excerpt":{"rendered":"<p>Dziedzictwo kulturowe jest dla nas bardzo istotne. Swoimi dzia\u0142aniami staramy si\u0119 pokazywa\u0107, jak wa\u017cne dla to\u017csamo\u015bci jest odkrywanie i zachowywanie historii. Dzi\u0119ki temu cieszymy si\u0119 nie tylko sympati\u0105 go\u015bci, ale tak\u017ce otrzymujemy nagrody i wyr\u00f3\u017cnienia. 2020 Obecno\u015b\u0107 na shortli\u015bcie przyznawanych po raz pierwszy w historii Specjalnych Nagr\u00f3d Ilucidare w ramach Europejskiej Nagrody Europa Nostra. >> LINK 2019 Wyr\u00f3\u017cnienie w Og\u00f3lnopolskim Konkursie Zabytek Zadbany 2019 Ministra Kultury i Dziedzictwa Narodowego oraz&#8230;<\/p>\n","protected":false},"author":2,"featured_media":3811,"parent":4079,"menu_order":82,"comment_status":"closed","ping_status":"closed","template":"","meta":{"_acf_changed":false,"footnotes":""},"class_list":["post-4160","page","type-page","status-publish","has-post-thumbnail","hentry"],"acf":[],"_links":{"self":[{"href":"https:\/\/openheim.org\/de\/wp-json\/wp\/v2\/pages\/4160","targetHints":{"allow":["GET"]}}],"collection":[{"href":"https:\/\/openheim.org\/de\/wp-json\/wp\/v2\/pages"}],"about":[{"href":"https:\/\/openheim.org\/de\/wp-json\/wp\/v2\/types\/page"}],"author":[{"embeddable":true,"href":"https:\/\/openheim.org\/de\/wp-json\/wp\/v2\/users\/2"}],"replies":[{"embeddable":true,"href":"https:\/\/openheim.org\/de\/wp-json\/wp\/v2\/comments?post=4160"}],"version-history":[{"count":5,"href":"https:\/\/openheim.org\/de\/wp-json\/wp\/v2\/pages\/4160\/revisions"}],"predecessor-version":[{"id":5870,"href":"https:\/\/openheim.org\/de\/wp-json\/wp\/v2\/pages\/4160\/revisions\/5870"}],"up":[{"embeddable":true,"href":"https:\/\/openheim.org\/de\/wp-json\/wp\/v2\/pages\/4079"}],"wp:featuredmedia":[{"embeddable":true,"href":"https:\/\/openheim.org\/de\/wp-json\/wp\/v2\/media\/3811"}],"wp:attachment":[{"href":"https:\/\/openheim.org\/de\/wp-json\/wp\/v2\/media?parent=4160"}],"curies":[{"name":"wp","href":"https:\/\/api.w.org\/{rel}","templated":true}]}}