{"id":5421,"date":"2021-08-09T15:54:28","date_gmt":"2021-08-09T13:54:28","guid":{"rendered":"https:\/\/openheim.org\/pl\/?page_id=5421"},"modified":"2022-03-29T11:23:20","modified_gmt":"2022-03-29T09:23:20","slug":"op_young-aneta-lewandowska","status":"publish","type":"page","link":"https:\/\/openheim.org\/de\/op_young-aneta-lewandowska\/","title":{"rendered":"OP_Young | Aneta Lewandowska"},"content":{"rendered":"<p><strong>Aneta Lewandowska<\/strong> (ur. 1995 r., Ostr\u00f3w Wielkopolski) &#8211; artystka wizualna, absolwentka Wydzia\u0142u Malarstwa Akademii Sztuk Pi\u0119knych im. E. Gepperta we Wroc\u0142awiu. W 2020 roku otrzyma\u0142a dyplom z wyr\u00f3\u017cnieniem w Pracowniach Malarstwa, Rysunku oraz Medi\u00f3w Elektronicznych. Studiowa\u0142a w ramach wymiany na uczelniach Kunstuniversit\u00e4t Linz (Austria) oraz na ASP w Krakowie. Swoje prace prezentowa\u0142a w ramach wystaw indywidualnych \u201emniej powagi, wi\u0119cej magii\u201d (galeria 33, Ostr\u00f3w Wielkopolski) oraz \u201epatyki i kreski\u201d (JEST galeria, Wroc\u0142aw). Zajmuje si\u0119 hawajskim masa\u017cem ceremonialnym Lomi Lomi Nui. Od 2020 roku kultywuje projekt \u201erozkwit\u201d.<\/p>\n<p><strong>STATEMENT<br \/>\n<\/strong>Przed moimi oczami tera\u017aniejszo\u015b\u0107 fluktuuje, szczeg\u00f3lnie zdarzenia klimatyczne &#8211; spontaniczne i nieoczekiwane &#8211; nie pozwalaj\u0105 mi nie kierowa\u0107 tw\u00f3rczej uwagi w ich stron\u0119. W\u0119dr\u00f3wka przez las i zauroczenie nieustannym przep\u0142ywem rzeki, koj\u0105 zmys\u0142y nadwyr\u0119\u017cone nadmiarem bod\u017ac\u00f3w w przestrzeni publicznej i medialnej. Tak krok za krokiem i oddech za oddechem badam m\u00f3j stan r\u00f3wnowagi, gdzie\u015b w koronach drzew, tam oscyluj\u0119 najcz\u0119\u015bciej. Zale\u017cy mi na tworzeniu prac sprzyjaj\u0105cych wyciszeniu i kontemplacji, tre\u015bci\u0105 nawi\u0105zuj\u0105cych do spraw ekologii, \u015bwiata konsumpcji, natury i duchowo\u015bci. Wykorzystuj\u0119 elementy drzew \u2013 naturalne odpady, kt\u00f3re przeobra\u017caj\u0105 malarstwo w formy przestrzenne. Zak\u0142adam ich zmienno\u015b\u0107 i tymczasowo\u015b\u0107, obserwuj\u0119 jak wsp\u00f3\u0142kreuje je czas. Oddech inspiruje do kresek i wyznacza odleg\u0142o\u015b\u0107, wobec kt\u00f3rej staj\u0105 si\u0119 widzialne. Ta rytmicznie powtarzaj\u0105ca si\u0119 forma, na rysunkach i obiektach, jest moj\u0105 wizualn\u0105 mantr\u0105.<\/p>\n<p><strong>Portfolio >> <\/strong><a href=\"http:\/\/anetalewandowska.com\/\">anetalewandowska.com<\/a><\/p>\n","protected":false},"excerpt":{"rendered":"<p>Aneta Lewandowska (ur. 1995 r., Ostr\u00f3w Wielkopolski) &#8211; artystka wizualna, absolwentka Wydzia\u0142u Malarstwa Akademii Sztuk Pi\u0119knych im. E. Gepperta we Wroc\u0142awiu. W 2020 roku otrzyma\u0142a dyplom z wyr\u00f3\u017cnieniem w Pracowniach Malarstwa, Rysunku oraz Medi\u00f3w Elektronicznych. Studiowa\u0142a w ramach wymiany na uczelniach Kunstuniversit\u00e4t Linz (Austria) oraz na ASP w Krakowie. Swoje prace prezentowa\u0142a w ramach wystaw indywidualnych \u201emniej powagi, wi\u0119cej magii\u201d (galeria 33, Ostr\u00f3w Wielkopolski) oraz \u201epatyki i kreski\u201d (JEST galeria,&#8230;<\/p>\n","protected":false},"author":2,"featured_media":5355,"parent":0,"menu_order":62,"comment_status":"closed","ping_status":"closed","template":"","meta":{"_acf_changed":false,"footnotes":""},"class_list":["post-5421","page","type-page","status-publish","has-post-thumbnail","hentry"],"acf":[],"_links":{"self":[{"href":"https:\/\/openheim.org\/de\/wp-json\/wp\/v2\/pages\/5421","targetHints":{"allow":["GET"]}}],"collection":[{"href":"https:\/\/openheim.org\/de\/wp-json\/wp\/v2\/pages"}],"about":[{"href":"https:\/\/openheim.org\/de\/wp-json\/wp\/v2\/types\/page"}],"author":[{"embeddable":true,"href":"https:\/\/openheim.org\/de\/wp-json\/wp\/v2\/users\/2"}],"replies":[{"embeddable":true,"href":"https:\/\/openheim.org\/de\/wp-json\/wp\/v2\/comments?post=5421"}],"version-history":[{"count":7,"href":"https:\/\/openheim.org\/de\/wp-json\/wp\/v2\/pages\/5421\/revisions"}],"predecessor-version":[{"id":6525,"href":"https:\/\/openheim.org\/de\/wp-json\/wp\/v2\/pages\/5421\/revisions\/6525"}],"wp:featuredmedia":[{"embeddable":true,"href":"https:\/\/openheim.org\/de\/wp-json\/wp\/v2\/media\/5355"}],"wp:attachment":[{"href":"https:\/\/openheim.org\/de\/wp-json\/wp\/v2\/media?parent=5421"}],"curies":[{"name":"wp","href":"https:\/\/api.w.org\/{rel}","templated":true}]}}