{"id":5683,"date":"2021-09-17T18:50:26","date_gmt":"2021-09-17T16:50:26","guid":{"rendered":"https:\/\/openheim.org\/pl\/?page_id=5683"},"modified":"2026-02-16T18:14:47","modified_gmt":"2026-02-16T17:14:47","slug":"program","status":"publish","type":"page","link":"https:\/\/openheim.org\/de\/program\/","title":{"rendered":"Program"},"content":{"rendered":"<p><strong>AUSSTELLUNGEN:<\/strong><\/p>\n<p><strong data-start=\"48\" data-end=\"75\"><span class=\"a_GcMg font-feature-liga-off font-feature-clig-off font-feature-calt-off text-decoration-none text-strikethrough-none\">Verborgene Parameter<\/span> | Anna Bera, Huba (Jakub Ciemachowski i Piotr Ko\u0142akowski), Agata Marchlewicz, Olga Mici\u0144ska, Olga Milczy\u0144ska\/Wies\u0142aw Bartkowski, P55 Mirrors (Beata Ludwin i \u0141ukasz Wo\u0142ek), Rest (Dominika Gacka i Julia Piekarska), Jakub \u015awi\u0119cicki, Iza Tarasewicz, Zinaida Tchelidze, Marek Wodzis\u0142awski<\/strong><br data-start=\"215\" data-end=\"218\" \/>\u25aa\ufe0f 17. Oktober 2025 \u2013 22. Februar 2026<br data-start=\"246\" data-end=\"249\" \/>\u25aa\ufe0f OP ENHEIM, 1. Etage, Plac Solny 4, Wroc\u0142aw <a href=\"https:\/\/openheim.org\/pl\/wystawy\/aktualne\/ukryte-parametry\/\" target=\"_blank\" rel=\"noopener\">>>><\/a><\/p>\n<p>&nbsp;<\/p>\n<p>&nbsp;<\/p>\n<p>&nbsp;<\/p>\n<p>&nbsp;<\/p>\n<p>&nbsp;<\/p>\n","protected":false},"excerpt":{"rendered":"<p>AUSSTELLUNGEN: Verborgene Parameter | Anna Bera, Huba (Jakub Ciemachowski i Piotr Ko\u0142akowski), Agata Marchlewicz, Olga Mici\u0144ska, Olga Milczy\u0144ska\/Wies\u0142aw Bartkowski, P55 Mirrors (Beata Ludwin i \u0141ukasz Wo\u0142ek), Rest (Dominika Gacka i Julia Piekarska), Jakub \u015awi\u0119cicki, Iza Tarasewicz, Zinaida Tchelidze, Marek Wodzis\u0142awski\u25aa\ufe0f 17. Oktober 2025 \u2013 22. Februar 2026\u25aa\ufe0f OP ENHEIM, 1. Etage, Plac Solny 4, Wroc\u0142aw >>> &nbsp; &nbsp; &nbsp; &nbsp; &nbsp;<\/p>\n","protected":false},"author":2,"featured_media":0,"parent":0,"menu_order":53,"comment_status":"closed","ping_status":"closed","template":"","meta":{"_acf_changed":false,"footnotes":""},"class_list":["post-5683","page","type-page","status-publish","hentry"],"acf":[],"_links":{"self":[{"href":"https:\/\/openheim.org\/de\/wp-json\/wp\/v2\/pages\/5683","targetHints":{"allow":["GET"]}}],"collection":[{"href":"https:\/\/openheim.org\/de\/wp-json\/wp\/v2\/pages"}],"about":[{"href":"https:\/\/openheim.org\/de\/wp-json\/wp\/v2\/types\/page"}],"author":[{"embeddable":true,"href":"https:\/\/openheim.org\/de\/wp-json\/wp\/v2\/users\/2"}],"replies":[{"embeddable":true,"href":"https:\/\/openheim.org\/de\/wp-json\/wp\/v2\/comments?post=5683"}],"version-history":[{"count":424,"href":"https:\/\/openheim.org\/de\/wp-json\/wp\/v2\/pages\/5683\/revisions"}],"predecessor-version":[{"id":11612,"href":"https:\/\/openheim.org\/de\/wp-json\/wp\/v2\/pages\/5683\/revisions\/11612"}],"wp:attachment":[{"href":"https:\/\/openheim.org\/de\/wp-json\/wp\/v2\/media?parent=5683"}],"curies":[{"name":"wp","href":"https:\/\/api.w.org\/{rel}","templated":true}]}}