{"id":580,"date":"2020-04-29T16:28:12","date_gmt":"2020-04-29T14:28:12","guid":{"rendered":"http:\/\/openheim.org\/architektura\/"},"modified":"2021-01-14T15:32:56","modified_gmt":"2021-01-14T14:32:56","slug":"architektura","status":"publish","type":"page","link":"https:\/\/openheim.org\/de\/kamienica\/architektura\/","title":{"rendered":"Architektur"},"content":{"rendered":"<p>Wir haben einen Wettbewerb um den besten Entwurf f\u00fcr die Modernisierung, den Umbau und die Erweiterung des historischen Oppenheim-Hauses ausgeschrieben\u00a0und die bekanntesten und renommiertesten Entwurfsb\u00fcros zur Teilnahme eingeladen. <\/p>\n<p>Unsere Wahl fiel auf das Architekturb\u00fcro Major Architekci, Preistr\u00e4ger beim Wettbewerb f\u00fcr die Fu\u00dfg\u00e4ngerunterf\u00fchrung an der Breslauer \u015awidnicka-Stra\u00dfe. Die architektonischen Konzeptionen werden in Zusammenarbeit mit dem Architekturb\u00fcro J. Mayer H. aus Berlin (Gewinner des red dot design award 2012) ausgearbeitet.<i><\/i><u><\/u><sub><\/sub><sup><\/sup><strike><\/strike><\/p>\n","protected":false},"excerpt":{"rendered":"<p>Wir haben einen Wettbewerb um den besten Entwurf f\u00fcr die Modernisierung, den Umbau und die Erweiterung des historischen Oppenheim-Hauses ausgeschrieben\u00a0und die bekanntesten und renommiertesten Entwurfsb\u00fcros zur Teilnahme eingeladen. Unsere Wahl fiel auf das Architekturb\u00fcro Major Architekci, Preistr\u00e4ger beim Wettbewerb f\u00fcr die Fu\u00dfg\u00e4ngerunterf\u00fchrung an der Breslauer \u015awidnicka-Stra\u00dfe. Die architektonischen Konzeptionen werden in Zusammenarbeit mit dem Architekturb\u00fcro J. Mayer H. aus Berlin (Gewinner des red dot design award 2012) ausgearbeitet.<\/p>\n","protected":false},"author":1,"featured_media":2602,"parent":4079,"menu_order":88,"comment_status":"open","ping_status":"open","template":"","meta":{"_acf_changed":false,"footnotes":""},"class_list":["post-580","page","type-page","status-publish","has-post-thumbnail","hentry"],"acf":[],"_links":{"self":[{"href":"https:\/\/openheim.org\/de\/wp-json\/wp\/v2\/pages\/580","targetHints":{"allow":["GET"]}}],"collection":[{"href":"https:\/\/openheim.org\/de\/wp-json\/wp\/v2\/pages"}],"about":[{"href":"https:\/\/openheim.org\/de\/wp-json\/wp\/v2\/types\/page"}],"author":[{"embeddable":true,"href":"https:\/\/openheim.org\/de\/wp-json\/wp\/v2\/users\/1"}],"replies":[{"embeddable":true,"href":"https:\/\/openheim.org\/de\/wp-json\/wp\/v2\/comments?post=580"}],"version-history":[{"count":0,"href":"https:\/\/openheim.org\/de\/wp-json\/wp\/v2\/pages\/580\/revisions"}],"up":[{"embeddable":true,"href":"https:\/\/openheim.org\/de\/wp-json\/wp\/v2\/pages\/4079"}],"wp:featuredmedia":[{"embeddable":true,"href":"https:\/\/openheim.org\/de\/wp-json\/wp\/v2\/media\/2602"}],"wp:attachment":[{"href":"https:\/\/openheim.org\/de\/wp-json\/wp\/v2\/media?parent=580"}],"curies":[{"name":"wp","href":"https:\/\/api.w.org\/{rel}","templated":true}]}}