{"id":609,"date":"2020-04-29T16:28:18","date_gmt":"2020-04-29T14:28:18","guid":{"rendered":"http:\/\/openheim.org\/miroslaw-balka-1-1-1-1-1-1\/"},"modified":"2023-01-04T11:28:15","modified_gmt":"2023-01-04T10:28:15","slug":"miroslaw-balka-1-1-1-1-1-1","status":"publish","type":"page","link":"https:\/\/openheim.org\/de\/wystawy\/archiwum\/miroslaw-balka-1-1-1-1-1-1\/","title":{"rendered":"Miros\u0142aw Ba\u0142ka |  1\/1\/1\/1\/1"},"content":{"rendered":"<p><strong>Miros\u0142aw Ba\u0142ka. <i>1\/1\/1\/1\/1<br \/>\n<\/i>Kuratorka: Anda Rottenberg<\/strong><br \/>\n<strong>20.10.2018 \u2013 31.01.2019<\/strong><\/p>\n<p><span style=\"font-weight: normal;\">Barokowa kamienica przy Placu Solnym we Wroc\u0142awiu ma d\u0142ug\u0105 histori\u0119. Jej nowy rozdzia\u0142 zaczyna si\u0119 na bia\u0142ych \u015bcianach pustych dzi\u015b pokoj\u00f3w reprezentacyjnego pi\u0119tra, kt\u00f3re zosta\u0142y wytatuowane \u017c\u00f3\u0142tym gazem jarz\u0105cym si\u0119 w kruchych rurkach neon\u00f3w. Kompozycja Miros\u0142awa Ba\u0142ki, otwieraj\u0105ca dzia\u0142alno\u015b\u0107 galerii OP ENHEIM, ma bardzo szczeg\u00f3lny charakter. Z\u0142o\u017cona jest z czterech neon\u00f3w uk\u0142adaj\u0105cych si\u0119 w zapis s\u0142owa ojczyzna po polsku, po niemiecku, po hebrajsku i po \u0142acinie. To samo poj\u0119cie brzmi w ka\u017cdym j\u0119zyku odmiennie, otrzymali\u015bmy wi\u0119c tutaj odzwierciedlenie koncepcji jednego w wielo\u015bci: z wygl\u0105du s\u0105 to cztery r\u00f3\u017cne wyrazy, kt\u00f3re znacz\u0105c to samo, znacz\u0105 co innego. R\u00f3\u017cne przecie\u017c mog\u0142o by\u0107 my\u015blenie o ojczy\u017anie kolejnych mieszka\u0144c\u00f3w tej kamienicy. I r\u00f3\u017cne odcienie tego poj\u0119cia zawarte zosta\u0142o w j\u0119zykach, kt\u00f3rymi si\u0119 pos\u0142ugiwali. Niekt\u00f3re s\u0142owa zapisane s\u0105 od ty\u0142u: odwracaj\u0105 si\u0119 i spogl\u0105daj\u0105 wstecz, w g\u0142\u0105b historii, tak, jak my na ni\u0105 patrzymy pr\u00f3buj\u0105c z dzisiejszej pozycji prze\u015bwietli\u0107 nieodgadnione ju\u017c teraz znaczenia, jakie poszczeg\u00f3lnym brzmieniom s\u0142owa ojczyzna nadawa\u0142y kolejne pokolenia. To najoszcz\u0119dniejszy z mo\u017cliwych komentarz do historii domu w centrum miasta, a jednocze\u015bnie impuls do wnikliwej refleksji nad okazjonalno\u015bci\u0105 poj\u0119cia, kt\u00f3re tak cz\u0119sto pojawia si\u0119 w j\u0119zyku codziennym. Te u\u0142o\u017cone w s\u0142owa neony wskazuj\u0105 bowiem na krucho\u015b\u0107 naszych prze\u015bwiadcze\u0144 o w\u0142asnym miejscu na ziemi i na ambiwalencj\u0119 uczu\u0107, jakie nas z tym miejscem wi\u0105\u017c\u0105.<\/span><\/p>\n<p>Anda Rottenberg, kuratorka wystawy<\/p>\n<p><span style=\"font-weight: normal;\">Galeria, 1 pi\u0119tro<br \/>\nGodziny otwarcia wystawy:<br \/>\nPoniedzia\u0142ek, wtorek | nieczynne<br \/>\n\u015aroda | 14:00 \u201318:00<br \/>\nCzwartek, pi\u0105tek | 14:00 \u201319:00<br \/>\nSobota, niedziela | 13:00\u201319:00<\/span><\/p>\n<p>&nbsp;<\/p>\n","protected":false},"excerpt":{"rendered":"<p>Kompozycja Miros\u0142awa Ba\u0142ki, otwieraj\u0105ca dzia\u0142alno\u015b\u0107 galerii OP ENHEIM, ma bardzo szczeg\u00f3lny charakter. Z\u0142o\u017cona jest z czterech neon\u00f3w uk\u0142adaj\u0105cych si\u0119 w zapis s\u0142owa ojczyzna po polsku, po niemiecku, po hebrajsku i po \u0142acinie. To najoszcz\u0119dniejszy z mo\u017cliwych komentarz do historii domu w centrum miasta, a jednocze\u015bnie impuls do wnikliwej refleksji nad okazjonalno\u015bci\u0105 poj\u0119cia, kt\u00f3re tak cz\u0119sto pojawia si\u0119 w j\u0119zyku codziennym.<\/p>\n","protected":false},"author":1,"featured_media":2613,"parent":607,"menu_order":102,"comment_status":"open","ping_status":"open","template":"","meta":{"_acf_changed":false,"footnotes":""},"class_list":["post-609","page","type-page","status-publish","has-post-thumbnail","hentry"],"acf":[],"_links":{"self":[{"href":"https:\/\/openheim.org\/de\/wp-json\/wp\/v2\/pages\/609","targetHints":{"allow":["GET"]}}],"collection":[{"href":"https:\/\/openheim.org\/de\/wp-json\/wp\/v2\/pages"}],"about":[{"href":"https:\/\/openheim.org\/de\/wp-json\/wp\/v2\/types\/page"}],"author":[{"embeddable":true,"href":"https:\/\/openheim.org\/de\/wp-json\/wp\/v2\/users\/1"}],"replies":[{"embeddable":true,"href":"https:\/\/openheim.org\/de\/wp-json\/wp\/v2\/comments?post=609"}],"version-history":[{"count":12,"href":"https:\/\/openheim.org\/de\/wp-json\/wp\/v2\/pages\/609\/revisions"}],"predecessor-version":[{"id":7522,"href":"https:\/\/openheim.org\/de\/wp-json\/wp\/v2\/pages\/609\/revisions\/7522"}],"up":[{"embeddable":true,"href":"https:\/\/openheim.org\/de\/wp-json\/wp\/v2\/pages\/607"}],"wp:featuredmedia":[{"embeddable":true,"href":"https:\/\/openheim.org\/de\/wp-json\/wp\/v2\/media\/2613"}],"wp:attachment":[{"href":"https:\/\/openheim.org\/de\/wp-json\/wp\/v2\/media?parent=609"}],"curies":[{"name":"wp","href":"https:\/\/api.w.org\/{rel}","templated":true}]}}