{"id":621,"date":"2020-04-29T16:28:24","date_gmt":"2020-04-29T14:28:24","guid":{"rendered":"http:\/\/openheim.org\/zespol\/"},"modified":"2026-04-08T17:33:01","modified_gmt":"2026-04-08T15:33:01","slug":"zespol","status":"publish","type":"page","link":"https:\/\/openheim.org\/de\/odwiedz-nas\/fundacja\/zespol\/","title":{"rendered":"Team"},"content":{"rendered":"<p><strong>Das OP ENHEIM-Team<\/strong><\/p>\n<p><strong>Gr\u00fcnderin von OP ENHEIM<\/strong><br \/>\nViola Wojnowski<\/p>\n<p><strong>Sekretariat:<\/strong><br \/>\ninfo@openheim.org<\/p>\n<p><strong>Mannschaft<\/strong><\/p>\n<p class=\"\" data-start=\"92\" data-end=\"151\"><strong>Direktorin des Hauses f\u00fcr Kultur OP ENHEIM<\/strong><br \/>\nMagdalena Musia\u0142 | magdalena.musia\u0142@openheim.org<\/p>\n<p><strong>Verwaltung<\/strong><br \/>\nAgnieszka Wr\u00f3blewska | agnieszka.wroblewska@openheim.org<\/p>\n<p><strong>Kuratorium<\/strong><br \/>\nOscar Szerkus | oscar.szerkus@openhiem.org<\/p>\n<p><strong>F\u00f6rderung<\/strong><br \/>\nAllgemein: press@openheim.org<br \/>\nNatalia Gaj | Koordinatorin f\u00fcr \u00d6ffentlichkeitsarbeit | natalia.gaj@openheim.org<\/p>\n<p><strong>Deutsch-polnische Veranstaltungen | Kulturerbe<\/strong><br \/>\nVolkmar Umlauft | volkmar.umlauft@openheim.org<\/p>\n<p><strong>Betreuung des Publikums<\/strong><br \/>\nWalentyna Shaiko | walentyna.shaiko@openheim.org<br \/>\nIga Miku\u015bkiewicz | visit@openheim.org<br \/>\nPolina Nesterenko | polina.nesterenko@openheim.org<\/p>\n<p><strong>Raumvermietung | Property Manager<\/strong><br \/>\ninfo@openheim.org<\/p>\n<p><strong>Technische Unterst\u00fctzung f\u00fcr Veranstaltungen<\/strong><br \/>\nIwan Shpak | ivan.shpak@womak.pl<\/p>\n<p>____<\/p>\n<p><strong>Deutsch-Polnische Stiftung f\u00fcr den Schutz von Kulturdenkm\u00e4lern<\/strong><br \/>\nB\u00fcro Wroc\u0142aw | Montag &#8211; Mittwoch | 10:00 &#8211; 18:00<\/p>\n<p>dps@openheim.org<\/p>\n<p>____<\/p>\n<p><strong>OP_FRIENDS<\/strong> | friends@openheim.org<br \/>\nWalentyna Shaiko | walentyna.shaiko@openheim.org<\/p>\n<p><strong>FLOWLAND \/ Residency<\/strong><br \/>\nAllgemein: info@flowland.org<\/p>\n<p><strong>W\/E LAB Residency<\/strong><br \/>\nAllgemein: koordynacja@openheim.org<\/p>\n","protected":false},"excerpt":{"rendered":"<p>Das OP ENHEIM-Team Gr\u00fcnderin von OP ENHEIM Viola Wojnowski Sekretariat: info@openheim.org Mannschaft Direktorin des Hauses f\u00fcr Kultur OP ENHEIM Magdalena Musia\u0142 | magdalena.musia\u0142@openheim.org Verwaltung Agnieszka Wr\u00f3blewska | agnieszka.wroblewska@openheim.org Kuratorium Oscar Szerkus | oscar.szerkus@openhiem.org F\u00f6rderung Allgemein: press@openheim.org Natalia Gaj | Koordinatorin f\u00fcr \u00d6ffentlichkeitsarbeit | natalia.gaj@openheim.org Deutsch-polnische Veranstaltungen | Kulturerbe Volkmar Umlauft | volkmar.umlauft@openheim.org Betreuung des Publikums Walentyna Shaiko | walentyna.shaiko@openheim.org Iga Miku\u015bkiewicz | visit@openheim.org Polina Nesterenko | polina.nesterenko@openheim.org Raumvermietung | Property&#8230;<\/p>\n","protected":false},"author":1,"featured_media":0,"parent":583,"menu_order":43,"comment_status":"open","ping_status":"open","template":"","meta":{"_acf_changed":false,"footnotes":""},"class_list":["post-621","page","type-page","status-publish","hentry"],"acf":[],"_links":{"self":[{"href":"https:\/\/openheim.org\/de\/wp-json\/wp\/v2\/pages\/621","targetHints":{"allow":["GET"]}}],"collection":[{"href":"https:\/\/openheim.org\/de\/wp-json\/wp\/v2\/pages"}],"about":[{"href":"https:\/\/openheim.org\/de\/wp-json\/wp\/v2\/types\/page"}],"author":[{"embeddable":true,"href":"https:\/\/openheim.org\/de\/wp-json\/wp\/v2\/users\/1"}],"replies":[{"embeddable":true,"href":"https:\/\/openheim.org\/de\/wp-json\/wp\/v2\/comments?post=621"}],"version-history":[{"count":114,"href":"https:\/\/openheim.org\/de\/wp-json\/wp\/v2\/pages\/621\/revisions"}],"predecessor-version":[{"id":11795,"href":"https:\/\/openheim.org\/de\/wp-json\/wp\/v2\/pages\/621\/revisions\/11795"}],"up":[{"embeddable":true,"href":"https:\/\/openheim.org\/de\/wp-json\/wp\/v2\/pages\/583"}],"wp:attachment":[{"href":"https:\/\/openheim.org\/de\/wp-json\/wp\/v2\/media?parent=621"}],"curies":[{"name":"wp","href":"https:\/\/api.w.org\/{rel}","templated":true}]}}