{"id":7567,"date":"2023-01-29T12:27:06","date_gmt":"2023-01-29T11:27:06","guid":{"rendered":"https:\/\/openheim.org\/pl\/?page_id=7567"},"modified":"2025-10-29T11:20:15","modified_gmt":"2025-10-29T10:20:15","slug":"dostepnosc","status":"publish","type":"page","link":"https:\/\/openheim.org\/de\/odwiedz-nas\/dostepnosc\/","title":{"rendered":"Erreichbarkeit"},"content":{"rendered":"<p><strong>Wir wollen es jedem leicht machen, unser Stadthaus zu besuchen. Deshalb haben wir einen Pre-Guide erstellt, der die wichtigsten Informationen \u00fcber OP ENHEIM &#8211; das Haus f\u00fcr Kultur, die Kunstgalerie und die aktuell stattfindende Ausstellung zusammenfasst.<\/strong><\/p>\n<p>Wir haben hier \u00fcber alle M\u00f6glichkeiten und Hindernisse geschrieben, damit Sie sich auf Ihren Besuch vorbereiten k\u00f6nnen.<br \/>\nAlso \u00fcber:<\/p>\n<p>&#8211; Zug\u00e4nglichkeit und Barrieren in den Geb\u00e4uden,<br \/>\n&#8211; die Planung Ihres Besuchs,<br \/>\n&#8211; Eintrittskarten,<br \/>\n&#8211; Wechselausstellungen.<\/p>\n<p>Sie finden Tipps und Warnhinweise, die hilfreich sein k\u00f6nnen, wenn Sie auf bestimmte Reize empfindlich reagieren oder von einer Behinderung betroffen sind. Au\u00dferdem finden Sie ausf\u00fchrliche Informationen dar\u00fcber, wie Sie das Mietshaus erreichen und wie Sie sich in der Galerie bewegen k\u00f6nnen. Wir haben auch Fotos und Grafiken beigef\u00fcgt. Nachfolgend finden Sie eine Zusammenfassung der wichtigsten Informationen. Wenn Sie jedoch mehr erfahren m\u00f6chten, laden Sie bitte die beigef\u00fcgte Datei herunter.<\/p>\n<p><a href=\"https:\/\/drive.google.com\/file\/d\/1VvTShRw_WP_S1ol6bihKeX5R_fh8X1uE\/view?usp=sharing\" target=\"_blank\" rel=\"noopener\"><strong>>> PRE-GUIDE (DOWNLOAD)<<.<\/strong><\/a><\/p>\n<p>&nbsp;<\/p>\n<p>IMPROVEMENTS<\/p>\n<p>Das Mietshaus OP ENHEIM ist ein Geb\u00e4ude mit Geschichte, daher ist es manchmal schwierig, es an die Bed\u00fcrfnisse von Menschen mit Behinderungen anzupassen. Es ist wahrscheinlich, dass Treppen und Schwellen Ihren Weg behindern &#8211; sowohl Rampen als auch ein Aufzug sind bei Bedarf verf\u00fcgbar. Wenn Sie diese nutzen m\u00f6chten, teilen Sie dies bitte einem Mitarbeiter der Galerie mit.<\/p>\n<p>Im Stadthaus gibt es auf der Ebene 1 eine behindertengerechte Toilette (mit Wickeltisch), die Sie bitte einem Mitarbeiter der Galerie melden, wenn Sie sie benutzen m\u00f6chten.<\/p>\n<p>Wir haben Mittwoch von 17.00 bis 18.00 Uhr eine Ruhezeit. In dieser Zeit schalten wir l\u00e4rmende Installationen aus, reduzieren die Lichtintensit\u00e4t und versuchen, den Raum weniger erdr\u00fcckend zu gestalten.<\/p>\n<p>Wenn Sie eine Person mit einer Behinderung sind, k\u00f6nnen Sie uns kostenlos besuchen.<\/p>\n<p>Wenn Sie weitere Informationen ben\u00f6tigen, k\u00f6nnen Sie uns auch anrufen: 570 796 442 oder schreiben Sie an visit@openheim.org.<\/p>\n","protected":false},"excerpt":{"rendered":"<p>Staramy si\u0119, by ka\u017cdy m\u00f3g\u0142 bez problemu odwiedzi\u0107 nasz\u0105 kamienic\u0119. Dlatego przygotowali\u015bmy Przedprzewodnik, kt\u00f3ry jest skr\u00f3tem najwa\u017cniejszych informacji na temat OP ENHEIM \u2014 domu dla kultury, galerii sztuki i obecnie odbywaj\u0105cej si\u0119 wystawy. Napisali\u015bmy tu o wszystkich udogodnieniach i utrudnieniach, kt\u00f3re pomog\u0105 Ci w przygotowaniu si\u0119 do wizyty. A wi\u0119c o dost\u0119pno\u015bci i barierach w budynkach,, planowaniu wizyty, biletach, wystawach czasowych.<\/p>\n","protected":false},"author":2,"featured_media":4899,"parent":4157,"menu_order":37,"comment_status":"closed","ping_status":"closed","template":"","meta":{"_acf_changed":false,"footnotes":""},"class_list":["post-7567","page","type-page","status-publish","has-post-thumbnail","hentry"],"acf":[],"_links":{"self":[{"href":"https:\/\/openheim.org\/de\/wp-json\/wp\/v2\/pages\/7567","targetHints":{"allow":["GET"]}}],"collection":[{"href":"https:\/\/openheim.org\/de\/wp-json\/wp\/v2\/pages"}],"about":[{"href":"https:\/\/openheim.org\/de\/wp-json\/wp\/v2\/types\/page"}],"author":[{"embeddable":true,"href":"https:\/\/openheim.org\/de\/wp-json\/wp\/v2\/users\/2"}],"replies":[{"embeddable":true,"href":"https:\/\/openheim.org\/de\/wp-json\/wp\/v2\/comments?post=7567"}],"version-history":[{"count":40,"href":"https:\/\/openheim.org\/de\/wp-json\/wp\/v2\/pages\/7567\/revisions"}],"predecessor-version":[{"id":11276,"href":"https:\/\/openheim.org\/de\/wp-json\/wp\/v2\/pages\/7567\/revisions\/11276"}],"up":[{"embeddable":true,"href":"https:\/\/openheim.org\/de\/wp-json\/wp\/v2\/pages\/4157"}],"wp:featuredmedia":[{"embeddable":true,"href":"https:\/\/openheim.org\/de\/wp-json\/wp\/v2\/media\/4899"}],"wp:attachment":[{"href":"https:\/\/openheim.org\/de\/wp-json\/wp\/v2\/media?parent=7567"}],"curies":[{"name":"wp","href":"https:\/\/api.w.org\/{rel}","templated":true}]}}