{"id":7974,"date":"2023-04-14T18:06:37","date_gmt":"2023-04-14T16:06:37","guid":{"rendered":"https:\/\/openheim.org\/pl\/?page_id=7974"},"modified":"2023-08-24T18:01:48","modified_gmt":"2023-08-24T16:01:48","slug":"widzenie-cialem-kolekcja-galerii-studio","status":"publish","type":"page","link":"https:\/\/openheim.org\/de\/wystawy\/archiwum\/widzenie-cialem-kolekcja-galerii-studio\/","title":{"rendered":"Widzenie cia\u0142em. Kolekcja Galerii Studio"},"content":{"rendered":"<p><span style=\"font-weight: 400;\"><strong>Widzenie cia\u0142em. Kolekcja Galerii Studio<br \/>\nWyb\u00f3r prac z Kolekcji Galerii Studio w Warszawie<br \/>\n<\/strong>Kuratorki: Natalia Andrzejewska, Dorota Jarecka, Paulina Olszewska<br \/>\n<\/span><\/p>\n<p class=\"p1\"><b><\/b><span class=\"s1\"><b>Wernisa\u017c: 12.05.2023 r., godz. 18:30<br \/>\nCzas trwania wystawy: 13.05\u201320.08.2023 r.<\/b><\/span><\/p>\n<p><span style=\"font-weight: 400;\"><strong>Artystki i arty\u015bci:<\/strong><br \/>\nMagdalena Abakanowicz, Alicja Bielawska, Andrzej Bielawski, Bo\u017cenna Biskupska, Agata Bogacka, Jan Dobkowski, Barbara Falender, Agnieszka Grodzi\u0144ska, Keith Haring, Zuzanna Hertzberg, Renata Kami\u0144ska, Natalia LL, Ewa Partum, Teresa P\u0105gowska, Krystyna Piotrowska, Krystiana Robb-Narbutt, Erna Rosenstein, Adela Szwaja, Andy Warhol, Jerzy Ryszard \u201eJurry\u201c Zieli\u0144ski, Anna \u017bu\u0142awska<\/span><\/p>\n<p class=\"p1\"><span class=\"s1\">Vil\u00e9m Flusser, wybitny filozof i teoretyk sztuki, zajmuj\u0105cy si\u0119 przede wszystkim fotografi\u0105 i nowymi mediami, pod koniec \u017cycia napisa\u0142 ksi\u0105\u017ck\u0119 <i>Vampyroteuthis Infernalis<\/i>. Wampirzyca piekielna mieszka w najg\u0142\u0119bszych wodach oceanicznych, nie dociera tam \u015bwiat\u0142o s\u0142oneczne, a na dno opadaj\u0105 resztki organiczne, kt\u00f3rymi \u017cywi\u0105 si\u0119 te niezwyk\u0142e g\u0142owonogi. Wampirzyca komunikuje si\u0119 z innymi przedstawicielami swego gatunku przy pomocy sztuki: zmienia kolory swego cia\u0142a, wyrzuca przed siebie k\u0142\u0119by i mg\u0142awice atramentowej substancji zwanej sepi\u0105, kt\u00f3r\u0105 potrafi uk\u0142ada\u0107 w rozmaite kszta\u0142ty i jakby litery. Ma bogate \u017cycie nie tylko duchowe, ale i zmys\u0142owe. Osobniki p\u0142ci m\u0119skiej maj\u0105, co wzbudzi\u0142o niek\u0142amany zachwyt Flussera, trzy penisy. Wampirzyca piekielna o\u015bwietla sobie drog\u0119 w\u0142asn\u0105 fluorescencyjn\u0105 lamp\u0105 zapalan\u0105 przez wytwarzany na powierzchni jej cia\u0142a impuls elektryczny. Jest to zwierz\u0119 Kantowskie, pisze Flusser, \u015bwiat jest wytworem jej \u015bwiadomo\u015bci, bo najpierw produkuje obraz otaczaj\u0105cej j\u0105 rzeczywisto\u015bci, a nast\u0119pnie go dostrzega i rozpoznaje. Wyobra\u017cenie i realno\u015b\u0107 s\u0105 dla niej tym samym. Dusza jest tym samym co cia\u0142o. I odwrotnie.<\/span><\/p>\n<p class=\"p1\"><span class=\"s1\">Widzenie nies\u0142usznie \u0142\u0105czymy tylko ze zmys\u0142em wzroku. Widzie\u0107 to wiedzie\u0107, a wiedzie\u0107 mo\u017cna i zamkn\u0105wszy oczy. Oczy s\u0105 w g\u0142owie, ale widzie\u0107 w ten inny, zmys\u0142owy spos\u00f3b mo\u017cna ca\u0142ym cia\u0142em. \u015awiat zwierz\u0105t pozaludzkich, coraz lepiej znany, a jednocze\u015bnie umykaj\u0105cy nam w wielkich odskokach, uzmys\u0142awia nam takie aspekty naszego w\u0142asnego poznania, kt\u00f3re wcze\u015bniej, by\u0107 mo\u017ce, przeczuwali\u015bmy, ale nie wiedzieli\u015bmy, jak o tym rozmawia\u0107.\u00a0<\/span><\/p>\n<p class=\"p1\"><span class=\"s1\">Wystawa \u201eWidzenie cia\u0142em\u201d jest zainspirowana przez te nurty filozofii i estetyki, kt\u00f3re s\u0105 krytyczne wobec epoki cz\u0142owieka. Bierze si\u0119 z intuicji, m\u00f3wi\u0105cej o tym, \u017ce niekt\u00f3re wsp\u00f3\u0142czesne prace artystyczne si\u0119gaj\u0105 w podobne rejony wra\u017cliwo\u015bci, kt\u00f3re Flusser odkry\u0142 w pi\u0119knym o\u015bmioramiennym stworzeniu. A tak\u017ce z innego, tak\u017ce intuicyjnego wgl\u0105du, \u017ce pewne wydarzenia w sztuce lat 70. XX wieku, zapowiada\u0142y te o\u015bmiornicze impulsy. Ju\u017c kiedy\u015b takie fale by\u0142y wysy\u0142ane i odbierane, ju\u017c kiedy\u015b kto\u015b do kogo\u015b si\u0119 dostraja\u0142 na tej amplitudzie drga\u0144.\u00a0<\/span><\/p>\n<p class=\"p1\"><span class=\"s1\">Do pierwszej grupy nale\u017c\u0105 prace Agnieszki Grodzi\u0144skiej, Agaty Bogackiej, Rary Kami\u0144skiej, Zuzanny Hertzberg, Alicji Bielawskiej. Praca tej ostatniej ma tytu\u0142 <i>W przymkni\u0119ciu powiek<\/i>. To jedna ze wskaz\u00f3wek jak dop\u0142yn\u0105\u0107 w stron\u0119 oceanu. Ale nie jedyna. Inn\u0105 podpowiedzi\u0105 niech b\u0119d\u0105 fraktale w obrazach Zuzanny Hertzberg. A tak\u017ce niepokoj\u0105ca elastyczno\u015b\u0107 prac przestrzennych Agnieszki Grodzi\u0144skiej. Do drugiej grupy nale\u017c\u0105 malowane przy pomocy elektrycznych impuls\u00f3w obrazy Jana Dobkowskiego, refrakcje w pracach Krystyny Piotrowskiej i Jerzego Ryszarda \u201eJurry\u2019ego\u201d Zieli\u0144skiego, organiczne zwini\u0119cia i rozwini\u0119cia w rze\u017abach Barbary Falender.\u00a0<\/span><\/p>\n<p class=\"p1\"><span class=\"s1\">Jest to pierwszy pokaz warszawskiej Kolekcji Galerii Studio we Wroc\u0142awiu. Kolekcja zosta\u0142a za\u0142o\u017cona przez J\u00f3zefa Szajn\u0119 w 1972 roku w Teatrze Studio w Warszawie i stanowi jedn\u0105 z najistotniejszych w Polsce publicznych kolekcji sztuki po 1945 roku. W jej sk\u0142ad wchodzi ponad tysi\u0105c obiekt\u00f3w wykonanych w r\u00f3\u017cnych mediach. Jej g\u0142\u00f3wny trzon to dzie\u0142a polskich tw\u00f3rc\u00f3w modernizmu i neo-awangardy, dope\u0142nione przez prace artyst\u00f3w mi\u0119dzynarodowych. Kolekcja nie jest pokazywana na sta\u0142e w Warszawie, lecz jest w\u0142\u0105czana w projekty Galerii Studio. Ostatnio jej cz\u0119\u015b\u0107 by\u0142a prezentowana na wystawie \u201eKolekcja Galerii Studio w Warszawie\u201d w 2021 roku. Nasz zbi\u00f3r sztuki ca\u0142y czas si\u0119 rozwija, co roku poszerza si\u0119 o nowe dzie\u0142a w\u0142\u0105czane na zasadzie zakup\u00f3w lub dar\u00f3w.\u00a0<\/span><\/p>\n<p class=\"p1\"><span class=\"s1\">Jest\u00a0 to oczywi\u015bcie wyb\u00f3r. Ca\u0142kowicie subiektywny. Z lamp\u0105 na g\u0142owie, w\u0119druj\u0105c przez mroki magazyn\u00f3w Studio, rozgl\u0105damy si\u0119 wok\u00f3\u0142, porozumiewaj\u0105c si\u0119 ze sob\u0105 przy pomocy nie skodyfikowanego w pe\u0142ni, lecz dla nas zawsze czytelnego, systemu znak\u00f3w.\u00a0<\/span><\/p>\n<p class=\"p1\"><span class=\"s1\">Kuratorki: Natalia Andrzejewska, Dorota Jarecka, Paulina Olszewska<br \/>\n___<br \/>\n<\/span><\/p>\n<p class=\"p1\"><span class=\"s1\">Organizator: OP ENHEIM<br \/>\n<\/span><span class=\"s1\">Wsp\u00f3\u0142organizator: GALERIA STUDIO<br \/>\n<\/span><span class=\"s1\">Mecenas Honorowy: WOMAK SA<br \/>\n<\/span><span class=\"s1\">Partnerzy: KEIM, SDZLEGAL SCHINDHELM, ArtHotel, OPEN-Reklama Oksana Solnik-Krzy\u017canowska, Teatr Studio<\/span><\/p>\n<p class=\"p1\"><span class=\"s1\">\u00a0<\/span><\/p>\n<p>&nbsp;<\/p>\n<p>&nbsp;<\/p>\n","protected":false},"excerpt":{"rendered":"<p>Wystawa \u201eWidzenie cia\u0142em\u201d jest zainspirowana przez te nurty filozofii i estetyki, kt\u00f3re s\u0105 krytyczne wobec epoki cz\u0142owieka. Bierze si\u0119 z intuicji, m\u00f3wi\u0105cej o tym, \u017ce niekt\u00f3re wsp\u00f3\u0142czesne prace artystyczne si\u0119gaj\u0105 w podobne rejony wra\u017cliwo\u015bci, kt\u00f3re Flusser odkry\u0142 w pi\u0119knym o\u015bmioramiennym stworzeniu. A tak\u017ce z innego, tak\u017ce intuicyjnego wgl\u0105du, \u017ce pewne wydarzenia w sztuce lat 70. XX wieku, zapowiada\u0142y te o\u015bmiornicze impulsy. Ju\u017c kiedy\u015b takie fale by\u0142y wysy\u0142ane i odbierane, ju\u017c kiedy\u015b kto\u015b do kogo\u015b si\u0119 dostraja\u0142 na tej amplitudzie drga\u0144. <\/p>\n<p>Artystki i arty\u015bci:<br \/>\nMagdalena Abakanowicz, Alicja Bielawska, Andrzej Bielawski, Bo\u017cenna Biskupska, Agata Bogacka, Jan Dobkowski, Barbara Falender, Agnieszka Grodzi\u0144ska, Keith Haring, Zuzanna Hertzberg, Renata Kami\u0144ska, Natalia LL, Ewa Partum, Teresa P\u0105gowska, Krystyna Piotrowska, Krystiana Robb-Narbutt, Erna Rosenstein, Adela Szwaja, Teresa Tyszkiewicz, Andy Warhol, Jerzy Ryszard \u201eJurry\u201c Zieli\u0144ski, Anna \u017bu\u0142awska<\/p>\n","protected":false},"author":2,"featured_media":8000,"parent":607,"menu_order":25,"comment_status":"closed","ping_status":"closed","template":"","meta":{"_acf_changed":false,"footnotes":""},"class_list":["post-7974","page","type-page","status-publish","has-post-thumbnail","hentry"],"acf":[],"_links":{"self":[{"href":"https:\/\/openheim.org\/de\/wp-json\/wp\/v2\/pages\/7974","targetHints":{"allow":["GET"]}}],"collection":[{"href":"https:\/\/openheim.org\/de\/wp-json\/wp\/v2\/pages"}],"about":[{"href":"https:\/\/openheim.org\/de\/wp-json\/wp\/v2\/types\/page"}],"author":[{"embeddable":true,"href":"https:\/\/openheim.org\/de\/wp-json\/wp\/v2\/users\/2"}],"replies":[{"embeddable":true,"href":"https:\/\/openheim.org\/de\/wp-json\/wp\/v2\/comments?post=7974"}],"version-history":[{"count":22,"href":"https:\/\/openheim.org\/de\/wp-json\/wp\/v2\/pages\/7974\/revisions"}],"predecessor-version":[{"id":8162,"href":"https:\/\/openheim.org\/de\/wp-json\/wp\/v2\/pages\/7974\/revisions\/8162"}],"up":[{"embeddable":true,"href":"https:\/\/openheim.org\/de\/wp-json\/wp\/v2\/pages\/607"}],"wp:featuredmedia":[{"embeddable":true,"href":"https:\/\/openheim.org\/de\/wp-json\/wp\/v2\/media\/8000"}],"wp:attachment":[{"href":"https:\/\/openheim.org\/de\/wp-json\/wp\/v2\/media?parent=7974"}],"curies":[{"name":"wp","href":"https:\/\/api.w.org\/{rel}","templated":true}]}}