{"id":9841,"date":"2024-08-03T12:45:45","date_gmt":"2024-08-03T10:45:45","guid":{"rendered":"https:\/\/openheim.org\/pl\/?page_id=9841"},"modified":"2026-03-25T14:58:34","modified_gmt":"2026-03-25T13:58:34","slug":"op-young-mateusz-gromadzki","status":"publish","type":"page","link":"https:\/\/openheim.org\/de\/op-young-mateusz-gromadzki\/","title":{"rendered":"OP YOUNG | Mateusz Gromadzki"},"content":{"rendered":"<p><strong>Mateusz Gromadzki<\/strong> &#8211; tw\u00f3rca transmedialny, posthumanista, eko-gnostyk i nomada. Urodzony w 1996 roku w Olsztynie. Od 2022 roku absolwent wydzia\u0142u Malarstwa i Rysunku na Uniwersytecie Artystycznym w Poznaniu im. Magdaleny Abakanowicz.<\/p>\n<p>Kluczowe miejsce w jego \u017cyciu zajmuje relacja z przyrod\u0105, jak sam mawia: \u201ebez sztuki mog\u0119 \u017cy\u0107, ale nie bez lasu&#8220;. Eksperymentuje tw\u00f3rczo ze \u015bwiatami materii, mitu, pami\u0119ci i wyobra\u017ani. Obserwuje, zbiera, bada, hoduje: no\u015bniki pami\u0119ci Biosy i Zoe. Nie lubi wyrywa\u0107 chwast\u00f3w z ogr\u00f3dka.<\/p>\n<p>&nbsp;<\/p>\n<p>______<\/p>\n<p><img decoding=\"async\" class=\"alignnone wp-image-9540\" src=\"https:\/\/openheim.org\/wp-content\/uploads\/2024\/05\/mam25lat-poziom-925x222.png\" alt=\"\" width=\"133\" height=\"32\" srcset=\"https:\/\/openheim.org\/wp-content\/uploads\/2024\/05\/mam25lat-poziom-925x222.png 925w, https:\/\/openheim.org\/wp-content\/uploads\/2024\/05\/mam25lat-poziom-1024x246.png 1024w, https:\/\/openheim.org\/wp-content\/uploads\/2024\/05\/mam25lat-poziom-768x185.png 768w, https:\/\/openheim.org\/wp-content\/uploads\/2024\/05\/mam25lat-poziom-1536x369.png 1536w, https:\/\/openheim.org\/wp-content\/uploads\/2024\/05\/mam25lat-poziom-2048x492.png 2048w\" sizes=\"(max-width: 133px) 100vw, 133px\" \/><\/p>\n<p>Projekt dofinansowano z bud\u017cetu Samorz\u0105du Wojew\u00f3dztwa Dolno\u015bl\u0105skiego.<\/p>\n","protected":false},"excerpt":{"rendered":"<p>Mateusz Gromadzki &#8211; tw\u00f3rca transmedialny, posthumanista, eko-gnostyk i nomada. Urodzony w 1996 roku w Olsztynie. Od 2022 roku absolwent wydzia\u0142u Malarstwa i Rysunku na Uniwersytecie Artystycznym w Poznaniu im. Magdaleny Abakanowicz. Kluczowe miejsce w jego \u017cyciu zajmuje relacja z przyrod\u0105, jak sam mawia: \u201ebez sztuki mog\u0119 \u017cy\u0107, ale nie bez lasu&#8220;. Eksperymentuje tw\u00f3rczo ze \u015bwiatami materii, mitu, pami\u0119ci i wyobra\u017ani. Obserwuje, zbiera, bada, hoduje: no\u015bniki pami\u0119ci Biosy i Zoe. Nie&#8230;<\/p>\n","protected":false},"author":9,"featured_media":9842,"parent":0,"menu_order":14,"comment_status":"closed","ping_status":"closed","template":"","meta":{"_acf_changed":false,"footnotes":""},"class_list":["post-9841","page","type-page","status-publish","has-post-thumbnail","hentry"],"acf":[],"_links":{"self":[{"href":"https:\/\/openheim.org\/de\/wp-json\/wp\/v2\/pages\/9841","targetHints":{"allow":["GET"]}}],"collection":[{"href":"https:\/\/openheim.org\/de\/wp-json\/wp\/v2\/pages"}],"about":[{"href":"https:\/\/openheim.org\/de\/wp-json\/wp\/v2\/types\/page"}],"author":[{"embeddable":true,"href":"https:\/\/openheim.org\/de\/wp-json\/wp\/v2\/users\/9"}],"replies":[{"embeddable":true,"href":"https:\/\/openheim.org\/de\/wp-json\/wp\/v2\/comments?post=9841"}],"version-history":[{"count":10,"href":"https:\/\/openheim.org\/de\/wp-json\/wp\/v2\/pages\/9841\/revisions"}],"predecessor-version":[{"id":11782,"href":"https:\/\/openheim.org\/de\/wp-json\/wp\/v2\/pages\/9841\/revisions\/11782"}],"wp:featuredmedia":[{"embeddable":true,"href":"https:\/\/openheim.org\/de\/wp-json\/wp\/v2\/media\/9842"}],"wp:attachment":[{"href":"https:\/\/openheim.org\/de\/wp-json\/wp\/v2\/media?parent=9841"}],"curies":[{"name":"wp","href":"https:\/\/api.w.org\/{rel}","templated":true}]}}