{"id":9865,"date":"2024-08-03T13:25:51","date_gmt":"2024-08-03T11:25:51","guid":{"rendered":"https:\/\/openheim.org\/pl\/?page_id=9865"},"modified":"2024-10-29T13:53:45","modified_gmt":"2024-10-29T12:53:45","slug":"op_young-angelika-stefaniak","status":"publish","type":"page","link":"https:\/\/openheim.org\/de\/op_young-angelika-stefaniak\/","title":{"rendered":"OP_Young | Angelika Stefaniak"},"content":{"rendered":"<p><strong>Angelika Stefaniak<\/strong> &#8211; artystka wizualna tworz\u0105ca na pograniczu sztuki konceptualnej i designu. W swoich pracach si\u0119ga po techniki ceramiczne i tekstylne. Absolwentka rze\u017aby na Akademii Sztuk Pi\u0119knych im. Eugeniusza Gepperta we Wroc\u0142awiu. Laureatka licznych stypendi\u00f3w i konkurs\u00f3w artystycznych, w tym stypendium Ministra Kultury i Dziedzictwa Narodowego (2023\/2024) oraz III Nagrody w konkursie Super Forma (2023). Jej prace by\u0142y prezentowane na wystawach w kraju i za granic\u0105. Artystka inspiruje si\u0119 zagadnieniami z psychologii i antropologii w kontek\u015bcie biomorfizmu oraz surrealizmu. Obserwatorka zwi\u0105zk\u00f3w natury z cz\u0142owiekiem. Cz\u0119sto przekszta\u0142ca obiekty szkaradne, obmierz\u0142e na haptyczne i koj\u0105ce.<\/p>\n<p><a href=\"https:\/\/openheim.org\/wp-content\/uploads\/2024\/10\/Angelika_Stefaniak_portfolio_2024-2-.pdf\" target=\"_blank\" rel=\"noopener\">PORTFOLIO >>ANGELIKA STEFANIAK<<<\/a><\/p>\n<p>______<\/p>\n<p><img decoding=\"async\" class=\"alignnone wp-image-9540\" src=\"https:\/\/openheim.org\/wp-content\/uploads\/2024\/05\/mam25lat-poziom-925x222.png\" alt=\"\" width=\"133\" height=\"32\" srcset=\"https:\/\/openheim.org\/wp-content\/uploads\/2024\/05\/mam25lat-poziom-925x222.png 925w, https:\/\/openheim.org\/wp-content\/uploads\/2024\/05\/mam25lat-poziom-1024x246.png 1024w, https:\/\/openheim.org\/wp-content\/uploads\/2024\/05\/mam25lat-poziom-768x185.png 768w, https:\/\/openheim.org\/wp-content\/uploads\/2024\/05\/mam25lat-poziom-1536x369.png 1536w, https:\/\/openheim.org\/wp-content\/uploads\/2024\/05\/mam25lat-poziom-2048x492.png 2048w\" sizes=\"(max-width: 133px) 100vw, 133px\" \/><\/p>\n<p>Projekt dofinansowano z bud\u017cetu Samorz\u0105du Wojew\u00f3dztwa Dolno\u015bl\u0105skiego.<\/p>\n","protected":false},"excerpt":{"rendered":"<p>Angelika Stefaniak &#8211; artystka wizualna tworz\u0105ca na pograniczu sztuki konceptualnej i designu. W swoich pracach si\u0119ga po techniki ceramiczne i tekstylne. Absolwentka rze\u017aby na Akademii Sztuk Pi\u0119knych im. Eugeniusza Gepperta we Wroc\u0142awiu. Laureatka licznych stypendi\u00f3w i konkurs\u00f3w artystycznych, w tym stypendium Ministra Kultury i Dziedzictwa Narodowego (2023\/2024) oraz III Nagrody w konkursie Super Forma (2023). Jej prace by\u0142y prezentowane na wystawach w kraju i za granic\u0105. Artystka inspiruje si\u0119 zagadnieniami&#8230;<\/p>\n","protected":false},"author":9,"featured_media":9869,"parent":0,"menu_order":12,"comment_status":"closed","ping_status":"closed","template":"","meta":{"_acf_changed":false,"footnotes":""},"class_list":["post-9865","page","type-page","status-publish","has-post-thumbnail","hentry"],"acf":[],"_links":{"self":[{"href":"https:\/\/openheim.org\/de\/wp-json\/wp\/v2\/pages\/9865","targetHints":{"allow":["GET"]}}],"collection":[{"href":"https:\/\/openheim.org\/de\/wp-json\/wp\/v2\/pages"}],"about":[{"href":"https:\/\/openheim.org\/de\/wp-json\/wp\/v2\/types\/page"}],"author":[{"embeddable":true,"href":"https:\/\/openheim.org\/de\/wp-json\/wp\/v2\/users\/9"}],"replies":[{"embeddable":true,"href":"https:\/\/openheim.org\/de\/wp-json\/wp\/v2\/comments?post=9865"}],"version-history":[{"count":3,"href":"https:\/\/openheim.org\/de\/wp-json\/wp\/v2\/pages\/9865\/revisions"}],"predecessor-version":[{"id":9879,"href":"https:\/\/openheim.org\/de\/wp-json\/wp\/v2\/pages\/9865\/revisions\/9879"}],"wp:featuredmedia":[{"embeddable":true,"href":"https:\/\/openheim.org\/de\/wp-json\/wp\/v2\/media\/9869"}],"wp:attachment":[{"href":"https:\/\/openheim.org\/de\/wp-json\/wp\/v2\/media?parent=9865"}],"curies":[{"name":"wp","href":"https:\/\/api.w.org\/{rel}","templated":true}]}}