{"id":9874,"date":"2024-08-03T13:38:22","date_gmt":"2024-08-03T11:38:22","guid":{"rendered":"https:\/\/openheim.org\/pl\/?page_id=9874"},"modified":"2024-10-29T13:53:53","modified_gmt":"2024-10-29T12:53:53","slug":"op_young-aida-malgorzata-duda","status":"publish","type":"page","link":"https:\/\/openheim.org\/de\/op_young-aida-malgorzata-duda\/","title":{"rendered":"OP_Young | Aida Ma\u0142gorzata Duda"},"content":{"rendered":"<p><strong>Aida Ma\u0142gorzata Duda<\/strong> &#8211; studiuje Rze\u017ab\u0119 na Akademii Sztuk Pi\u0119knych we Wroc\u0142awiu. Pracuje g\u0142\u00f3wnie w zakresie rze\u017aby, kt\u00f3r\u0105 uzupe\u0142nia malarstwem oraz rysunkiem. Artystyczne wykszta\u0142cenie wykorzystuje tak\u017ce w dziedzinie tatua\u017cu oraz fotografii. Jej sztuka opiera si\u0119 na abstrakcyjnych formach, kt\u00f3re mog\u0105 by\u0107 odbierane jako przekszta\u0142cenie czy metafora rzeczywisto\u015bci. Cz\u0119sto podejmuje tematy emocji, wspomnie\u0144, pod\u015bwiadomo\u015bci czy destrukcji. Zajmuje si\u0119 manualnymi eksperymentami z r\u00f3\u017cnymi materia\u0142ami oraz tworzywami, tote\u017c w swojej praktyce artystycznej kluczowe s\u0105 dla niej umiej\u0119tno\u015bci rzemie\u015blnicze. W tw\u00f3rczo\u015bci k\u0142adzie nacisk na dzia\u0142anie kszta\u0142tu i koloru oraz nieoczywiste nawi\u0105zania formy abstrakcji do rzeczywistych sytuacji i twor\u00f3w. Fascynuje j\u0105 organika i natura, ale tak\u017ce kontrast marze\u0144 sennych do jaskrawej wsp\u00f3\u0142czesno\u015bci. Dlatego jej prace \u0142\u0105cz\u0105 w harmonijny spos\u00f3b wiele sprzeczno\u015bci.<\/p>\n<p><a href=\"https:\/\/openheim.org\/wp-content\/uploads\/2024\/10\/portfolio-Aida-Ma-gorzata-1.pdf\" target=\"_blank\" rel=\"noopener\">PORTFOLIO >>AIDA MA\u0141GORZATA DUDA<<<\/a><\/p>\n<p>______<\/p>\n<p><img decoding=\"async\" class=\"alignnone wp-image-9540\" src=\"https:\/\/openheim.org\/wp-content\/uploads\/2024\/05\/mam25lat-poziom-925x222.png\" alt=\"\" width=\"133\" height=\"32\" srcset=\"https:\/\/openheim.org\/wp-content\/uploads\/2024\/05\/mam25lat-poziom-925x222.png 925w, https:\/\/openheim.org\/wp-content\/uploads\/2024\/05\/mam25lat-poziom-1024x246.png 1024w, https:\/\/openheim.org\/wp-content\/uploads\/2024\/05\/mam25lat-poziom-768x185.png 768w, https:\/\/openheim.org\/wp-content\/uploads\/2024\/05\/mam25lat-poziom-1536x369.png 1536w, https:\/\/openheim.org\/wp-content\/uploads\/2024\/05\/mam25lat-poziom-2048x492.png 2048w\" sizes=\"(max-width: 133px) 100vw, 133px\" \/><\/p>\n<p>Projekt dofinansowano z bud\u017cetu Samorz\u0105du Wojew\u00f3dztwa Dolno\u015bl\u0105skiego.<\/p>\n","protected":false},"excerpt":{"rendered":"<p>Aida Ma\u0142gorzata Duda &#8211; studiuje Rze\u017ab\u0119 na Akademii Sztuk Pi\u0119knych we Wroc\u0142awiu. Pracuje g\u0142\u00f3wnie w zakresie rze\u017aby, kt\u00f3r\u0105 uzupe\u0142nia malarstwem oraz rysunkiem. Artystyczne wykszta\u0142cenie wykorzystuje tak\u017ce w dziedzinie tatua\u017cu oraz fotografii. Jej sztuka opiera si\u0119 na abstrakcyjnych formach, kt\u00f3re mog\u0105 by\u0107 odbierane jako przekszta\u0142cenie czy metafora rzeczywisto\u015bci. Cz\u0119sto podejmuje tematy emocji, wspomnie\u0144, pod\u015bwiadomo\u015bci czy destrukcji. Zajmuje si\u0119 manualnymi eksperymentami z r\u00f3\u017cnymi materia\u0142ami oraz tworzywami, tote\u017c w swojej praktyce artystycznej kluczowe&#8230;<\/p>\n","protected":false},"author":9,"featured_media":9875,"parent":0,"menu_order":11,"comment_status":"closed","ping_status":"closed","template":"","meta":{"_acf_changed":false,"footnotes":""},"class_list":["post-9874","page","type-page","status-publish","has-post-thumbnail","hentry"],"acf":[],"_links":{"self":[{"href":"https:\/\/openheim.org\/de\/wp-json\/wp\/v2\/pages\/9874","targetHints":{"allow":["GET"]}}],"collection":[{"href":"https:\/\/openheim.org\/de\/wp-json\/wp\/v2\/pages"}],"about":[{"href":"https:\/\/openheim.org\/de\/wp-json\/wp\/v2\/types\/page"}],"author":[{"embeddable":true,"href":"https:\/\/openheim.org\/de\/wp-json\/wp\/v2\/users\/9"}],"replies":[{"embeddable":true,"href":"https:\/\/openheim.org\/de\/wp-json\/wp\/v2\/comments?post=9874"}],"version-history":[{"count":3,"href":"https:\/\/openheim.org\/de\/wp-json\/wp\/v2\/pages\/9874\/revisions"}],"predecessor-version":[{"id":9883,"href":"https:\/\/openheim.org\/de\/wp-json\/wp\/v2\/pages\/9874\/revisions\/9883"}],"wp:featuredmedia":[{"embeddable":true,"href":"https:\/\/openheim.org\/de\/wp-json\/wp\/v2\/media\/9875"}],"wp:attachment":[{"href":"https:\/\/openheim.org\/de\/wp-json\/wp\/v2\/media?parent=9874"}],"curies":[{"name":"wp","href":"https:\/\/api.w.org\/{rel}","templated":true}]}}