{"id":10045,"date":"2024-12-09T12:25:52","date_gmt":"2024-12-09T11:25:52","guid":{"rendered":"https:\/\/openheim.org\/pl\/?page_id=10045"},"modified":"2025-03-24T15:12:09","modified_gmt":"2025-03-24T14:12:09","slug":"olaf-brzeski-excellent","status":"publish","type":"page","link":"https:\/\/openheim.org\/en\/wystawy\/archiwum\/olaf-brzeski-excellent\/","title":{"rendered":"Olaf Brzeski | Excellent!"},"content":{"rendered":"<div class=\"xdj266r x11i5rnm xat24cr x1mh8g0r x1vvkbs\">\n<p><strong>Olaf Brzeski | Excellent!<\/strong><br \/>\n<strong>Individual exhibition<\/strong><\/p>\n<p><strong>Exhibition opening:<\/strong> 10\/12\/2024, 5:00 pm<br \/>\n<strong>Duration of the exhibition:<\/strong> 10.12.2024-16.03.2025 r.<br \/>\n<strong>A series of guided tours of the exhibition:<\/strong><span class=\"s1\"><b>\u00a0<span style=\"font-weight: 400;\"><a href=\"https:\/\/app.evenea.pl\/event\/832353-85\/\" target=\"_blank\" rel=\"noopener\">bit.ly\/3Btdkc3<\/a><\/span><\/b><\/span><\/p>\n<p>___________________________________________<\/p>\n<\/div>\n<div>\n<div class=\"page\" title=\"Page 1\">\n<div class=\"section\">\n<div class=\"layoutArea\">\n<div class=\"column\">\n<p><strong>Excellent!<\/strong><\/p>\n<p>This story combines intertwined animal-human and domestic-cosmic themes. Objects, sculptures, installations, drawings \u2013 big things are juxtaposed with small ones. I have arranged the whole linearly, like a film. A multi-genre film that is a mixture of camp, science fiction, thriller, road cinema, and poetic images in the spirit of Andrei Tarkovsky \u2013 things that have shaped my sensibility. In showing you this exhibition, I am sharing a feeling rather than a concrete message. Because I&#8217;m unable to concretize anything. I don&#8217;t have an opinion. There is too much to give an opinion on right now \u2013 in general, there is too much of everything.<\/p>\n<p>But, as my friend Francis says, everything is Excellent!<\/p>\n<p>Welcome to the trip!<\/p>\n<p><strong>Scene One: Exit<\/strong><\/p>\n<p>When I began envisioning this trip through the Oppenheims&#8217; former residence, the first image that came to my mind was a cage. A cage as I remember it from childhood, from the Wroc\u0142aw zoo: three meters high, perhaps twelve square meters in size, with a tree branch in the middle and a wooden shelf where a black panther lay. Beautiful, yet utterly meaningless\u2026 in that place. A one-room abode of the black panther.<\/p>\n<p>Years later, with the help of many people, we&#8217;ve created a similar cage \u2013 maybe a bit smaller. It now occupies the first room of the residence. We built it only so that it could be opened, emptied, abandoned. Whatever it once contained, it can now go its own way, free to escape this cramped space.<\/p>\n<p>Only the smell and the sense of presence linger.<\/p>\n<p><strong>Scene Two: Morning<\/strong><\/p>\n<p>The second room is our exit into the light of morning \u2013 because, as the old saying goes, &#8220;The morning is wiser than the evening.&#8221; The morning brings new strategies and imaginings, encouraging us to take fresh paths and illuminating what was previously hidden in shadow. Here, we feel the joy of newly regained freedom.<\/p>\n<p>Our morning is further lit by a golden chandelier, its form tracing the flight path of a housefly. Watching its acrobatics, I can almost sense its playful spirit. It charts geometric patterns with uncanny precision, making sharp right turns before veering into chaotic flourishes \u2013completely uninhibited. A true flightmistress.<\/p>\n<p><strong>Scene Three: Crossroads<\/strong><\/p>\n<p>Now we enter a gently darkened room. We see light escaping through the keyhole of a non-existent door, its handle intangible. Perhaps it&#8217;s an illusion \u2013 or maybe the beginning of a new circumstance, a perspective, a path less traveled\u2026<\/p>\n<p><strong>Scene Four: The Ship&#8217;s Cabin<\/strong><\/p>\n<p>To the left is another room, its entrance blocked by a couch. We must squeeze through to get inside. It contains a possible image of what once inhabited the cage. In my imagination, if I were to give it shape, it would be a lion. Another saying comes to mind: &#8220;To rage like a lion in a cage.&#8221;<\/p>\n<p>The lion is lying on the couch, licking a frog. This image evokes fairy tales where a prince kisses a frog, metaphorically initiating an acceptance of nature&#8217;s laws and an understanding of its guiding forces. This releases the full majesty of the protagonist&#8217;s potential, turning the toad into a royal child. The spell of illusion breaks.<\/p>\n<p>This room, with its couch, is essentially the cabin of a ship. It represents the state of being &#8220;in one&#8217;s own way&#8221; \u2013 whatever that might mean.<\/p>\n<p><strong>Scene Five: What the Lion Sees<\/strong><\/p>\n<p>The last room, called the &#8220;aquarium,&#8221; features an image sent to Earth by Parker&#8217;s probe during its journey to the Sun. The probe&#8217;s mission still continues, though it will soon end in fire, as its orbit tightens, having passed around the Sun more than twenty times.<\/p>\n<p>I was deeply moved watching YouTube broadcasts of its journey, from a distance of around 160 million kilometers. There it is, traveling at 700,000 kilometers per hour, swept by the solar wind \u2013 a plasma of protons, electrons, and alpha particles. Flashes of the Milky Way and &#8220;smears&#8221; \u2013 waves? particles? \u2013 appear in front of the lens. I don&#8217;t know. Watching it, I felt its loneliness, its severed ties, its determination, and its beauty.<\/p>\n<p>Does the lion feel the same?<\/p>\n<p>Olaf Brzeski<\/p>\n<p>____________<\/p>\n<p><strong>Ansambl:<\/strong> \u0141ukasz Adamski, Monika Opieka, Daria Pietryka and Francis Thorburn with special participation of Katarzyna Roj<br \/>\n<strong>Promotion:<\/strong> Maria Majchrowska<br \/>\n<strong>Visual identification:<\/strong> Jurek Mossakowski<br \/>\n<strong>Production:<\/strong> \u0141ukasz Ba\u0142aci\u0144ski, Marcin Pecyna<br \/>\n<strong>Translation:<\/strong> Karol Waniek, Volkmar Umlauft<br \/>\n<strong>Special thanks:<\/strong> Adrianna Duchnicka<br \/>\n<strong>Collaboration:<\/strong> Karolina Jara, Weronika Ka\u0142u\u017ca, Iga Miku\u015bkiewicz, Valentina Schaiko, Ivan Shpak, Viktoriia Tofan, Agnieszka Wr\u00f3blewska<\/p>\n<p>______<\/p>\n<p><strong>Organizer:<\/strong> OP ENHEIM | VOP<br \/>\n<strong>Honorary Patron:<\/strong> WOMAK<br \/>\n<strong>Patron:<\/strong> Nedcon Silesia, CHORS<br \/>\n<strong>Partners:<\/strong> Raster, KEIM, OPEN-Reklama Oksana Solnik-Krzy\u017canowska<br \/>\n<strong>Media Patrons:<\/strong> Radio Nowy \u015awiat, SZUM Magazine, Mint Magazine, Niez\u0142a Sztuka, NN6T, Pismo Artystyczne Format<\/p>\n<p><em>The project Olaf Brzeski | Excellent! and a series of intermedia activities was financed by the European Union NextGenerationEU and with funds from the Municipality of Wroclaw.<\/em><\/p>\n<p><img decoding=\"async\" class=\"alignnone wp-image-10112\" src=\"https:\/\/openheim.org\/wp-content\/uploads\/2024\/12\/KPO_barwy-RP_NextGenerationEU_poziom_zestawienie_podstawowe_-RGB-925x119.jpg\" alt=\"\" width=\"380\" height=\"49\" srcset=\"https:\/\/openheim.org\/wp-content\/uploads\/2024\/12\/KPO_barwy-RP_NextGenerationEU_poziom_zestawienie_podstawowe_-RGB-925x119.jpg 925w, https:\/\/openheim.org\/wp-content\/uploads\/2024\/12\/KPO_barwy-RP_NextGenerationEU_poziom_zestawienie_podstawowe_-RGB-1024x131.jpg 1024w, https:\/\/openheim.org\/wp-content\/uploads\/2024\/12\/KPO_barwy-RP_NextGenerationEU_poziom_zestawienie_podstawowe_-RGB-768x98.jpg 768w, https:\/\/openheim.org\/wp-content\/uploads\/2024\/12\/KPO_barwy-RP_NextGenerationEU_poziom_zestawienie_podstawowe_-RGB-1536x197.jpg 1536w, https:\/\/openheim.org\/wp-content\/uploads\/2024\/12\/KPO_barwy-RP_NextGenerationEU_poziom_zestawienie_podstawowe_-RGB-2048x262.jpg 2048w\" sizes=\"(max-width: 380px) 100vw, 380px\" \/>| <img decoding=\"async\" class=\"alignnone wp-image-10289\" src=\"https:\/\/openheim.org\/wp-content\/uploads\/2025\/01\/Wroclaw_miasto_spotkan_prostokat_zamiast_schodkowego-1-925x541.png\" alt=\"Miasto Wroc\u0142\u0105w\" width=\"80\" height=\"47\" srcset=\"https:\/\/openheim.org\/wp-content\/uploads\/2025\/01\/Wroclaw_miasto_spotkan_prostokat_zamiast_schodkowego-1-925x541.png 925w, https:\/\/openheim.org\/wp-content\/uploads\/2025\/01\/Wroclaw_miasto_spotkan_prostokat_zamiast_schodkowego-1-1024x599.png 1024w, https:\/\/openheim.org\/wp-content\/uploads\/2025\/01\/Wroclaw_miasto_spotkan_prostokat_zamiast_schodkowego-1-768x449.png 768w, https:\/\/openheim.org\/wp-content\/uploads\/2025\/01\/Wroclaw_miasto_spotkan_prostokat_zamiast_schodkowego-1-1536x899.png 1536w, https:\/\/openheim.org\/wp-content\/uploads\/2025\/01\/Wroclaw_miasto_spotkan_prostokat_zamiast_schodkowego-1.png 1589w\" sizes=\"(max-width: 80px) 100vw, 80px\" \/><\/p>\n<\/div>\n<\/div>\n<\/div>\n<\/div>\n<\/div>\n","protected":false},"excerpt":{"rendered":"<p>Olaf Brzeski | Excellent! Individual exhibition Exhibition opening: 10\/12\/2024, 5:00 pm Duration of the exhibition: 10.12.2024-16.03.2025 r. A series of guided tours of the exhibition:\u00a0bit.ly\/3Btdkc3 ___________________________________________ Excellent! This story combines intertwined animal-human and domestic-cosmic themes. Objects, sculptures, installations, drawings \u2013 big things are juxtaposed with small ones. I have arranged the whole linearly, like a film. A multi-genre film that is a mixture of camp, science fiction, thriller, road cinema,&#8230;<\/p>\n","protected":false},"author":9,"featured_media":10062,"parent":607,"menu_order":9,"comment_status":"closed","ping_status":"closed","template":"","meta":{"_acf_changed":false,"footnotes":""},"class_list":["post-10045","page","type-page","status-publish","has-post-thumbnail","hentry"],"acf":[],"_links":{"self":[{"href":"https:\/\/openheim.org\/en\/wp-json\/wp\/v2\/pages\/10045","targetHints":{"allow":["GET"]}}],"collection":[{"href":"https:\/\/openheim.org\/en\/wp-json\/wp\/v2\/pages"}],"about":[{"href":"https:\/\/openheim.org\/en\/wp-json\/wp\/v2\/types\/page"}],"author":[{"embeddable":true,"href":"https:\/\/openheim.org\/en\/wp-json\/wp\/v2\/users\/9"}],"replies":[{"embeddable":true,"href":"https:\/\/openheim.org\/en\/wp-json\/wp\/v2\/comments?post=10045"}],"version-history":[{"count":30,"href":"https:\/\/openheim.org\/en\/wp-json\/wp\/v2\/pages\/10045\/revisions"}],"predecessor-version":[{"id":11406,"href":"https:\/\/openheim.org\/en\/wp-json\/wp\/v2\/pages\/10045\/revisions\/11406"}],"up":[{"embeddable":true,"href":"https:\/\/openheim.org\/en\/wp-json\/wp\/v2\/pages\/607"}],"wp:featuredmedia":[{"embeddable":true,"href":"https:\/\/openheim.org\/en\/wp-json\/wp\/v2\/media\/10062"}],"wp:attachment":[{"href":"https:\/\/openheim.org\/en\/wp-json\/wp\/v2\/media?parent=10045"}],"curies":[{"name":"wp","href":"https:\/\/api.w.org\/{rel}","templated":true}]}}