{"id":10096,"date":"2024-12-18T11:50:42","date_gmt":"2024-12-18T10:50:42","guid":{"rendered":"https:\/\/openheim.org\/pl\/?page_id=10096"},"modified":"2025-10-20T13:11:32","modified_gmt":"2025-10-20T11:11:32","slug":"performans-teatru-czterech","status":"publish","type":"page","link":"https:\/\/openheim.org\/en\/projekty\/archiwum-projektow\/performans-teatru-czterech\/","title":{"rendered":"Performans Teatru Czterech"},"content":{"rendered":"<div style=\"padding: 56.25% 0 0 0; position: relative; margin-top: -70px;\"><iframe style=\"position: absolute; top: 0; left: 0; width: 100%; height: 100%;\" src=\"https:\/\/www.youtube.com\/embed\/7Gur1inR5Ak?si=Lau6ERv2xN6dsKf2\" frameborder=\"0\" allowfullscreen=\"allowfullscreen\"><span data-mce-type=\"bookmark\" style=\"display: inline-block; width: 0px; overflow: hidden; line-height: 0;\" class=\"mce_SELRES_start\">\ufeff<\/span><\/iframe><\/div>\n<p><script src=\"https:\/\/player.vimeo.com\/api\/player.js\"><\/script><\/p>\n<p><b>W ramach finisaz\u0307u wystawy czasowej &#8220;Odk\u0142adaja\u0328c rzeczy na miejsce. Z\u0307ydowscy Breslauerzy i ich przedmioty&#8221; w galerii OP ENHEIM odby\u0142 sie\u0328 performans Teatru Czterech o tytule: \u201ePrawdopodobnie nigdy sie\u0328 juz\u0307 nie zobaczymy. Pakowanie I\u201d.\u00a0<\/b><\/p>\n<div class=\"page\" title=\"Page 2\">\n<div class=\"section\">\n<div class=\"layoutArea\">\n<div class=\"column\">\n<p>Performans stanowi\u0142 forme\u0328 artystycznej wypowiedzi o przymusowych migracjach ludzi i rozproszeniu rzeczy, nawia\u0328zuja\u0328c do dzia\u0142an\u0301 podejmowanych przez osoby znajduja\u0328ce sie\u0328 w sytuacjach kryzysowych, w tym zwia\u0328zanych z ratowaniem dobytku i przymusowymi przemieszczeniami.<\/p>\n<p>Spektakl by\u0142 po\u0142a\u0328czeniem ro\u0301z\u0307nych form przekazu takich jak taniec, s\u0301piew, poezja i muzyka na z\u0307ywo. Momentami niespieszny, a momentami paniczny gest pakowania sta\u0142 sie\u0328 zaro\u0301wno symbolicznym, jak i dos\u0142ownym aktem zamykania wystawy, odwo\u0142uja\u0328cym sie\u0328 zaro\u0301wno do muzealnych praktyk, jak i natury rzeczy prezentowanych na ekspozycji. Performans Teatru Czterech, choc\u0301 odnosi\u0142 sie\u0328 do konkretnych wydarzen\u0301 historycznych, by\u0142 wypowiedzia\u0328 o charakterze uniwersalnym, kto\u0301re moz\u0307na przy\u0142oz\u0307yc\u0301 do kaz\u0307dego granicznego momentu wyprowadzki, wype\u0328dzenia, paniki pakowania, znikania pokolen\u0301. W ten sposo\u0301b sta\u0142 sie\u0328 wypowiedzia\u0328 przeciwko wcia\u0328z\u0307 trwaja\u0328cym wojnom, przeciwko przes\u0301ladowaniom i wype\u0328dzeniom, kto\u0301re dzieja\u0328 sie\u0328 takz\u0307e wspo\u0301\u0142czes\u0301nie.<\/p>\n<p>Wsp\u00f3lny j\u0119zyk.<br class=\"html-br\" \/>Obcy j\u0119zyk.<br class=\"html-br\" \/>Co \u015blina na j\u0119zyk.<br class=\"html-br\" \/>Ci\u0105gn\u0105\u0107 za j\u0119zyk.<br class=\"html-br\" \/>Trzyma\u0107 j\u0119zyk za z\u0119bami.<br class=\"html-br\" \/>Trzymaj wsp\u00f3lny j\u0119zyk<br class=\"html-br\" \/>za z\u0119bami.<\/p>\n<p><span style=\"font-size: inherit;\">&#8212;-<\/span><\/p>\n<\/div>\n<div class=\"column\">\n<p><span data-contrast=\"none\">Organizatorzy: OP ENHEIM, Fundacja Urban Memory <\/span><br \/>\n<span data-contrast=\"none\">Zesp\u00f3\u0142 Teatru Czterech w sk\u0142adzie: Monika \u0106ma, El\u017cbieta Dud\u017a, Maciej Makosch, Katarzyna Mazurkiewicz, Justyna Oleksy, Magdalena Sztyli\u0144ska, Krzysztof Sztyli\u0144ski<\/span><br \/>\n<span data-contrast=\"none\">Ruch: Magdalena G\u00f3rnicka-Jottard<\/span><br \/>\n<span data-contrast=\"none\">Muzyka na \u017cywo: Zbigniew Kozera, Mateusz Rybicki<\/span><span data-ccp-props=\"{\">\u00a0<\/span><\/p>\n<ul>\n<li>*Zdj\u0119cia z performansu s\u0105 autorstwa Magdaleny Cydzik<\/li>\n<\/ul>\n<p><span style=\"font-size: inherit;\">&#8212;-<\/span><\/p>\n<\/div>\n<\/div>\n<\/div>\n<\/div>\n<p><em><span class=\"TextRun SCXW262891765 BCX8\" lang=\"PL-PL\" xml:lang=\"PL-PL\" data-contrast=\"none\"><span class=\"NormalTextRun SCXW262891765 BCX8\">Projekt &#8220;<\/span><\/span><span class=\"TextRun SCXW262891765 BCX8\" lang=\"PL-PL\" xml:lang=\"PL-PL\" data-contrast=\"none\"><span class=\"NormalTextRun SpellingErrorV2Themed SCXW262891765 BCX8\">Performatywne <\/span><span class=\"NormalTextRun SCXW262891765 BCX8\">zako\u0144czenie wystawy <\/span><\/span><span class=\"TextRun SCXW262891765 BCX8\" lang=\"PL-PL\" xml:lang=\"PL-PL\" data-contrast=\"none\"><span class=\"NormalTextRun SCXW262891765 BCX8\">Odk\u0142adaj\u0105c rzeczy na miejsce. \u017bydowscy <\/span><span class=\"NormalTextRun SpellingErrorV2Themed SCXW262891765 BCX8\">Breslauerzy<\/span><span class=\"NormalTextRun SCXW262891765 BCX8\"> i ich przedmioty<\/span><\/span><span class=\"TextRun SCXW262891765 BCX8\" lang=\"PL-PL\" xml:lang=\"PL-PL\" data-contrast=\"none\"><span class=\"NormalTextRun SCXW262891765 BCX8\">\u201d <\/span><span class=\"NormalTextRun SCXW262891765 BCX8\">zosta\u0142 sfinansowany przez Uni\u0119 Europejsk\u0105 <\/span><span class=\"NormalTextRun SpellingErrorV2Themed SCXW262891765 BCX8\">NextGenerationEU<\/span><\/span><span class=\"EOP SCXW262891765 BCX8\" data-ccp-props=\"{\">\u00a0<\/span><\/em><\/p>\n<p><img decoding=\"async\" class=\"alignnone size-medium wp-image-10112\" src=\"https:\/\/openheim.org\/wp-content\/uploads\/2024\/12\/KPO_barwy-RP_NextGenerationEU_poziom_zestawienie_podstawowe_-RGB-925x119.jpg\" alt=\"\" width=\"925\" height=\"119\" srcset=\"https:\/\/openheim.org\/wp-content\/uploads\/2024\/12\/KPO_barwy-RP_NextGenerationEU_poziom_zestawienie_podstawowe_-RGB-925x119.jpg 925w, https:\/\/openheim.org\/wp-content\/uploads\/2024\/12\/KPO_barwy-RP_NextGenerationEU_poziom_zestawienie_podstawowe_-RGB-1024x131.jpg 1024w, https:\/\/openheim.org\/wp-content\/uploads\/2024\/12\/KPO_barwy-RP_NextGenerationEU_poziom_zestawienie_podstawowe_-RGB-768x98.jpg 768w, https:\/\/openheim.org\/wp-content\/uploads\/2024\/12\/KPO_barwy-RP_NextGenerationEU_poziom_zestawienie_podstawowe_-RGB-1536x197.jpg 1536w, https:\/\/openheim.org\/wp-content\/uploads\/2024\/12\/KPO_barwy-RP_NextGenerationEU_poziom_zestawienie_podstawowe_-RGB-2048x262.jpg 2048w\" sizes=\"(max-width: 925px) 100vw, 925px\" \/><\/p>\n<p>&nbsp;<\/p>\n<p>&nbsp;<\/p>\n","protected":false},"excerpt":{"rendered":"<p>\ufeff W ramach finisaz\u0307u wystawy czasowej &#8220;Odk\u0142adaja\u0328c rzeczy na miejsce. Z\u0307ydowscy Breslauerzy i ich przedmioty&#8221; w galerii OP ENHEIM odby\u0142 sie\u0328 performans Teatru Czterech o tytule: \u201ePrawdopodobnie nigdy sie\u0328 juz\u0307 nie zobaczymy. Pakowanie I\u201d.\u00a0 Performans stanowi\u0142 forme\u0328 artystycznej wypowiedzi o przymusowych migracjach ludzi i rozproszeniu rzeczy, nawia\u0328zuja\u0328c do dzia\u0142an\u0301 podejmowanych przez osoby znajduja\u0328ce sie\u0328 w sytuacjach kryzysowych, w tym zwia\u0328zanych z ratowaniem dobytku i przymusowymi przemieszczeniami. Spektakl by\u0142 po\u0142a\u0328czeniem ro\u0301z\u0307nych&#8230;<\/p>\n","protected":false},"author":10,"featured_media":0,"parent":11180,"menu_order":7,"comment_status":"closed","ping_status":"closed","template":"","meta":{"_acf_changed":false,"footnotes":""},"class_list":["post-10096","page","type-page","status-publish","hentry"],"acf":[],"_links":{"self":[{"href":"https:\/\/openheim.org\/en\/wp-json\/wp\/v2\/pages\/10096","targetHints":{"allow":["GET"]}}],"collection":[{"href":"https:\/\/openheim.org\/en\/wp-json\/wp\/v2\/pages"}],"about":[{"href":"https:\/\/openheim.org\/en\/wp-json\/wp\/v2\/types\/page"}],"author":[{"embeddable":true,"href":"https:\/\/openheim.org\/en\/wp-json\/wp\/v2\/users\/10"}],"replies":[{"embeddable":true,"href":"https:\/\/openheim.org\/en\/wp-json\/wp\/v2\/comments?post=10096"}],"version-history":[{"count":30,"href":"https:\/\/openheim.org\/en\/wp-json\/wp\/v2\/pages\/10096\/revisions"}],"predecessor-version":[{"id":10338,"href":"https:\/\/openheim.org\/en\/wp-json\/wp\/v2\/pages\/10096\/revisions\/10338"}],"up":[{"embeddable":true,"href":"https:\/\/openheim.org\/en\/wp-json\/wp\/v2\/pages\/11180"}],"wp:attachment":[{"href":"https:\/\/openheim.org\/en\/wp-json\/wp\/v2\/media?parent=10096"}],"curies":[{"name":"wp","href":"https:\/\/api.w.org\/{rel}","templated":true}]}}