{"id":11614,"date":"2026-02-23T15:00:42","date_gmt":"2026-02-23T14:00:42","guid":{"rendered":"https:\/\/openheim.org\/pl\/?page_id=11614"},"modified":"2026-02-23T15:01:05","modified_gmt":"2026-02-23T14:01:05","slug":"ukryte-parametry","status":"publish","type":"page","link":"https:\/\/openheim.org\/en\/wystawy\/archiwum\/ukryte-parametry\/","title":{"rendered":"Ukryte parametry"},"content":{"rendered":"<p><strong>Ukryte parametry | <\/strong><strong style=\"font-size: inherit;\">Anna Bera, Huba (Jakub Ciemachowski i Piotr Ko\u0142akowski), Agata Marchlewicz, Olga Mici\u0144ska, Olga Milczy\u0144ska\/Wies\u0142aw Bartkowski, P55 Mirrors (Beata Ludwin i \u0141ukasz Wo\u0142ek), Rest (Dominika Gacka i Julia Piekarska), Jakub \u015awi\u0119cicki, Iza Tarasewicz, Zinaida Tchelidze, Marek Wodzis\u0142awski<\/strong><\/p>\n<p class=\"p2\"><span class=\"s1\">Kuratorka: Marta Lisok<\/span><\/p>\n<ul>\n<li><b>Udost\u0119pnienie wystawy: <\/b>17.10.2025, godz.19:00<br \/>\n<span class=\"s1\"><b>Czas trwania wystawy:<\/b> 17.10.2025-22.02.2022<\/span><\/li>\n<li><span class=\"s1\"><br \/>\n<b>Press pack: <a href=\"http:\/\/bit.ly\/48lNULA\">http:\/\/bit.ly\/48lNULA<\/a><\/b><\/span><\/li>\n<li><\/li>\n<\/ul>\n<p>Wystawa \u201eUkryte parametry\u201d zosta\u0142a pomy\u015blana jako zapis aktywno\u015bci cia\u0142a, niestrudzenie zbieraj\u0105cego, g\u0142adz\u0105cego, wyplataj\u0105cego i \u0142\u0105cz\u0105cego. Jest ona cz\u0119\u015bci\u0105 d\u0142ugofalowego projektu, w ramach kt\u00f3rego grupa os\u00f3b eksperymentuje z r\u00f3\u017cnymi materia\u0142ami. U\u017cywaj\u0105c metod, kt\u00f3re wywodz\u0105 si\u0119 z praktyk rzemie\u015blniczych, czerpie jednocze\u015bnie ze strategii konceptualnych. Osi\u0105 tej wymiany jest pr\u00f3ba znalezienia narz\u0119dzi do testowania nowych form odczuwania i my\u015blenia. Rozgrywaj\u0105c si\u0119 na styku nauki, sztuki i rzemios\u0142a, okazuje si\u0119 cz\u0119\u015bci\u0105 programu naprawczego, konstruowanego wobec wyzwa\u0144 \u015brodowiskowych, z kt\u00f3rymi si\u0119 mierzymy.<\/p>\n<p>Wsp\u00f3lnymi mianownikami wystawy s\u0105 praktyki bazuj\u0105ce na wykorzystaniu metaforyki zwi\u0105zanej z kompostowaniem \u2013 nie tylko jako strategii ponownego u\u017cycia i refleksji nad poj\u0119ciem dewzrostu, ale tak\u017ce jako gotowo\u015bci do my\u015blenia z innymi, lawirowania poza klarownymi definicjami, akceptacji tego, co niejasne i niepe\u0142ne, by\u0107 mo\u017ce b\u0142\u0119dne albo jeszcze nieokrzep\u0142e.<\/p>\n<p>Kompostowanie mo\u017cna tu rozumie\u0107 jako poszukiwanie alternatywnych sposob\u00f3w opisu rzeczywisto\u015bci, poprzez si\u0119gni\u0119cie do wiedzy rdzennej, przedindustrialnej b\u0105d\u017a patrzenie w przysz\u0142o\u015b\u0107, w stron\u0119 nowych modeli wsp\u00f3\u0142pracy zak\u0142adaj\u0105cych u\u017cycie narz\u0119dzi spekulatywnych czy biomateria\u0142\u00f3w.<\/p>\n<p>Przyk\u0142adami takich dzia\u0142a\u0144 na wystawie jest udzielanie g\u0142osu materii, mapowanie wysi\u0142ku w\u0142o\u017conego we wsp\u00f3\u0142dzia\u0142anie z ni\u0105, budowanie archiwum pracy, umacniaj\u0105cej wi\u0119zi przez wykonywane codziennie choreografie: zbieranie, \u015bcieranie, zszywanie. Temu podsk\u00f3rnemu nurtowi, kt\u00f3ry zdaje si\u0119 p\u0142yn\u0105\u0107 przez wszystkie prezentowane prace towarzyszy pr\u00f3ba wychwytywania i podkre\u015blania moment\u00f3w, kiedy j\u0119zyk si\u0119 rozwi\u0105zuje, r\u0119ce s\u0105 zaj\u0119te, a cia\u0142o, skupiaj\u0105c si\u0119 na znanej czynno\u015bci, zaczyna si\u0119 rozlu\u017ania\u0107. My\u015bli p\u0142yn\u0105 wtedy swobodnie, znajduj\u0105c przestrze\u0144 do \u0142\u0105czenia si\u0119 w historie zawieszone mi\u0119dzy faktami a domys\u0142ami, prawd\u0105 materia\u0142u a konfabulacj\u0105.<\/p>\n<p>Z tej perspektywy obiekty sk\u0142adaj\u0105ce si\u0119 na wystaw\u0119 s\u0105 odwzorowaniem czasu sp\u0119dzonego na grz\u0119\u017ani\u0119ciu w pr\u00f3bach przekazania wytycznych, przefiltrowanych przez pami\u0119\u0107 cia\u0142a, nie daj\u0105cych si\u0119 opisa\u0107 inaczej ni\u017c przez wsp\u00f3lne dzia\u0142anie.<br \/>\nZ pojawiaj\u0105cym si\u0119 wtedy stanem wyczulonej uwagi \u0142\u0105czy si\u0119 poj\u0119cie m\u0113tis. U\u017cywano go do opisania rozproszonej wiedzy cia\u0142a, opartej na umiej\u0119tno\u015bci pod\u015bwiadomej odpowiedzi na uk\u0142ad zmiennych, dynamik\u0119 materia\u0142u, warunki atmosferyczne, ci\u015bnienie, wilgotno\u015b\u0107 powietrza czy kierunek wiatru.<\/p>\n<p>Jako d\u0142ugo lekcewa\u017cona przez filozof\u00f3w m\u0105dro\u015b\u0107, m\u0113tis tkwi\u0142a w cierpliwej obserwacji i oczekiwaniu na dogodn\u0105 okazj\u0119, wyczuleniu na symptomy zmian. Uto\u017csamiana by\u0142a<br \/>\nz otwarto\u015bci\u0105 na zag\u0142\u0119bianie si\u0119 w materii, przyleganie do niej i stapianie si\u0119 z ni\u0105, kt\u00f3re przynosi\u0142y koj\u0105ce poczucie wyzwolenia od wizji oddzielno\u015bci i niezale\u017cno\u015bci.<\/p>\n<p>W kontek\u015bcie wiedzy schowanej w ciele, kt\u00f3ra nie podaje si\u0119 uchwyceniu, pojawiaj\u0105ce si\u0119 w tytule ukryte parametry czyni\u0105 z obiekt\u00f3w prezentowanych na wystawie, zbi\u00f3r form przypominaj\u0105cych porzucone pancerze, uk\u0142ady kostne czy wylinki. Zbudowane w ten spos\u00f3b archiwum procesu ich powstawania\/wytwarzania, okazuje si\u0119 by\u0107 nie tylko zapisem indywidualnych sposob\u00f3w pracy, ale te\u017c instrukcj\u0105 prowadzenia bada\u0144, kt\u00f3ra zach\u0119ca do rozchwiewania sztywnych system\u00f3w porz\u0105dkowania danych, rozcie\u0144czania za\u0142o\u017ce\u0144 wyj\u015bciowych, pod\u0105\u017cania za materi\u0105.<\/p>\n<p><em>Marta Lisok<\/em><\/p>\n<p>____<\/p>\n<div class=\"x14z9mp xat24cr x1lziwak x1vvkbs xtlvy1s\"><strong>WYDARZENIA TOWARZYSZ\u0104CE:\u00a0<\/strong><\/div>\n<div class=\"x14z9mp xat24cr x1lziwak x1vvkbs xtlvy1s\"><br class=\"html-br\" \/><span class=\"html-span xexx8yu xyri2b x18d9i69 x1c1uobl x1hl2dhg x16tdsg8 x1vvkbs x3nfvp2 x1j61x8r x1fcty0u xdj266r xat24cr xm2jcoa x1mpyi22 xxymvpz xlup9mm x1kky2od\"><img decoding=\"async\" class=\"xz74otr x15mokao x1ga7v0g x16uus16 xbiv7yw\" src=\"https:\/\/static.xx.fbcdn.net\/images\/emoji.php\/v9\/tcd\/1\/16\/25ab.png\" alt=\"\u25ab\ufe0f\" width=\"16\" height=\"16\" \/><\/span>Warsztaty z Markiem Styczy\u0144skim | 05.11.2025\u00a0<br class=\"html-br\" \/><span class=\"html-span xexx8yu xyri2b x18d9i69 x1c1uobl x1hl2dhg x16tdsg8 x1vvkbs x3nfvp2 x1j61x8r x1fcty0u xdj266r xat24cr xm2jcoa x1mpyi22 xxymvpz xlup9mm x1kky2od\"><img decoding=\"async\" class=\"xz74otr x15mokao x1ga7v0g x16uus16 xbiv7yw\" src=\"https:\/\/static.xx.fbcdn.net\/images\/emoji.php\/v9\/tcd\/1\/16\/25ab.png\" alt=\"\u25ab\ufe0f\" width=\"16\" height=\"16\" \/><\/span>Oprowadzanie po wystawie z dr hab. Ew\u0105 Klekot | 15.11.2025<br class=\"html-br\" \/><span class=\"html-span xexx8yu xyri2b x18d9i69 x1c1uobl x1hl2dhg x16tdsg8 x1vvkbs x3nfvp2 x1j61x8r x1fcty0u xdj266r xat24cr xm2jcoa x1mpyi22 xxymvpz xlup9mm x1kky2od\"><img decoding=\"async\" class=\"xz74otr x15mokao x1ga7v0g x16uus16 xbiv7yw\" src=\"https:\/\/static.xx.fbcdn.net\/images\/emoji.php\/v9\/tcd\/1\/16\/25ab.png\" alt=\"\u25ab\ufe0f\" width=\"16\" height=\"16\" \/><\/span>Oprowadzanie po wystawie z dr Mart\u0105 Michalsk\u0105 | 20.11.2025<br class=\"html-br\" \/><span class=\"html-span xexx8yu xyri2b x18d9i69 x1c1uobl x1hl2dhg x16tdsg8 x1vvkbs x3nfvp2 x1j61x8r x1fcty0u xdj266r xat24cr xm2jcoa x1mpyi22 xxymvpz xlup9mm x1kky2od\"><img decoding=\"async\" class=\"xz74otr x15mokao x1ga7v0g x16uus16 xbiv7yw\" src=\"https:\/\/static.xx.fbcdn.net\/images\/emoji.php\/v9\/tcd\/1\/16\/25ab.png\" alt=\"\u25ab\ufe0f\" width=\"16\" height=\"16\" \/><\/span>Warsztaty z dr Ma\u0142gorzat\u0105 J\u0119drzejczyk | 11.12.2025<br class=\"html-br\" \/><span class=\"html-span xexx8yu xyri2b x18d9i69 x1c1uobl x1hl2dhg x16tdsg8 x1vvkbs x3nfvp2 x1j61x8r x1fcty0u xdj266r xat24cr xm2jcoa x1mpyi22 xxymvpz xlup9mm x1kky2od\"><img decoding=\"async\" class=\"xz74otr x15mokao x1ga7v0g x16uus16 xbiv7yw\" src=\"https:\/\/static.xx.fbcdn.net\/images\/emoji.php\/v9\/tcd\/1\/16\/25ab.png\" alt=\"\u25ab\ufe0f\" width=\"16\" height=\"16\" \/><\/span>Oprowadzanie po wystawie z dr. Andrzejem Marcem | 21.01.2026<\/div>\n<div><\/div>\n<div class=\"x14z9mp xat24cr x1lziwak x1vvkbs xtlvy1s\">Wszystkie wydarzenia towarzysz\u0105ce b\u0119d\u0105 t\u0142umaczone na PJM. Wystawie towarzyszy audioprzewodnik.<\/div>\n<p>____<\/p>\n<p>INFORMACJE PRAKTYCZNE:<\/p>\n<p>\u2014 wst\u0119p na wernisa\u017c oraz na wystaw\u0119 jest bezp\u0142atny,<br \/>\n\u2014 ze\u00a0wzgl\u0119du na\u00a0kameralno\u015b\u0107 przestrzeni galerii, komfort oraz\u00a0bezpiecze\u0144stwo zwiedzaj\u0105cych, w\u00a0dniu wernisa\u017cu wst\u0119p na\u00a0wystaw\u0119 b\u0119dzie limitowany do\u00a0max. 30 os\u00f3b w\u00a0jednym momencie,<br \/>\n\u2014 pod\u00a0linkiem:\u00a0<a href=\"https:\/\/openheim.org\/pl\/odwiedz-nas\/\" target=\"_blank\" rel=\"noopener\">LINK<\/a>\u00a0umieszczony jest REGULAMIN WYDARZENIA. Uczestnictwo w\u00a0wydarzeniu jest r\u00f3wnoznaczne z\u00a0akceptacj\u0105 ww. regulaminu, kt\u00f3rego\u00a0zapis\u00f3w ka\u017cdy z\u00a0naszych go\u015bci jest zobowi\u0105zany przestrzega\u0107,<br \/>\n\u2014 wej\u015bcie do\u00a0galerii mo\u017cliwe jest zar\u00f3wno schodami, jak i\u00a0wind\u0105. Ch\u0119\u0107 skorzystania z\u00a0windy prosimy zg\u0142asza\u0107 obs\u0142udze OP\u00a0ENHEIM na\u00a0miejscu.<\/p>\n<p>Wydarzenie na\u00a0Facebooku\u00a0<a href=\"https:\/\/fb.me\/e\/3kH1IMRLp\" target=\"_blank\" rel=\"noopener\">>><\/a><\/p>\n<p>___________________<\/p>\n<p><strong>\u25aa\ufe0fOrganizatorzy:<\/strong>\u00a0N\u00d3W. NOWE RZEMIOS\u0141O, OP\u00a0ENHEIM, VOP<br \/>\n<strong>\u25aa\ufe0fPatron:<\/strong>\u00a0Ergo Hestia, Fundacja Artystyczna Podr\u00f3\u017c Hestii<br \/>\n<strong>\u25aa\ufe0fMecenas Honorowy:<\/strong>\u00a0WOMAK<br \/>\n<strong>\u25aa\ufe0fDofinansowanie:<\/strong>\u00a0Sfinansowano przez\u00a0Uni\u0119 Europejsk\u0105 NextGenerationEU<br \/>\n<strong>\u25aa\ufe0fPartnerzy:<\/strong>\u00a0Heinle, Wischer und Partner Architekci, KEIM, OPEN Reklama Oksana Solnik Krzy\u017canowska<br \/>\n<strong>\u25aa\ufe0fPatroni medialni:<\/strong>\u00a0TVP Kultura, Contemporary Lynx, Artinfo.pl, Format Pismo Artystyczne, MINT Magazine, NN6T, PLNDESIGN.PL, Rynekisztuka.pl, Well.pl<\/p>\n<p>&nbsp;<\/p>\n<p><em><span class=\"NormalTextRun SCXW42361189 BCX0\">Sfinansowano przez\u00a0Uni\u0119 Europejsk\u0105 NextGenerationEU<\/span><\/em><\/p>\n<p><img decoding=\"async\" class=\"alignnone size-medium wp-image-10112\" src=\"https:\/\/openheim.org\/wp-content\/uploads\/2024\/12\/KPO_barwy-RP_NextGenerationEU_poziom_zestawienie_podstawowe_-RGB-925x119.jpg\" alt=\"\" width=\"925\" height=\"119\" srcset=\"https:\/\/openheim.org\/wp-content\/uploads\/2024\/12\/KPO_barwy-RP_NextGenerationEU_poziom_zestawienie_podstawowe_-RGB-925x119.jpg 925w, https:\/\/openheim.org\/wp-content\/uploads\/2024\/12\/KPO_barwy-RP_NextGenerationEU_poziom_zestawienie_podstawowe_-RGB-1024x131.jpg 1024w, https:\/\/openheim.org\/wp-content\/uploads\/2024\/12\/KPO_barwy-RP_NextGenerationEU_poziom_zestawienie_podstawowe_-RGB-768x98.jpg 768w, https:\/\/openheim.org\/wp-content\/uploads\/2024\/12\/KPO_barwy-RP_NextGenerationEU_poziom_zestawienie_podstawowe_-RGB-1536x197.jpg 1536w, https:\/\/openheim.org\/wp-content\/uploads\/2024\/12\/KPO_barwy-RP_NextGenerationEU_poziom_zestawienie_podstawowe_-RGB-2048x262.jpg 2048w\" sizes=\"(max-width: 925px) 100vw, 925px\" \/><\/p>\n","protected":false},"excerpt":{"rendered":"<p>Ukryte parametry | Anna Bera, Huba (Jakub Ciemachowski i Piotr Ko\u0142akowski), Agata Marchlewicz, Olga Mici\u0144ska, Olga Milczy\u0144ska\/Wies\u0142aw Bartkowski, P55 Mirrors (Beata Ludwin i \u0141ukasz Wo\u0142ek), Rest (Dominika Gacka i Julia Piekarska), Jakub \u015awi\u0119cicki, Iza Tarasewicz, Zinaida Tchelidze, Marek Wodzis\u0142awski Kuratorka: Marta Lisok Udost\u0119pnienie wystawy: 17.10.2025, godz.19:00 Czas trwania wystawy: 17.10.2025-22.02.2022 Press pack: http:\/\/bit.ly\/48lNULA Wystawa \u201eUkryte parametry\u201d zosta\u0142a pomy\u015blana jako zapis aktywno\u015bci cia\u0142a, niestrudzenie zbieraj\u0105cego, g\u0142adz\u0105cego, wyplataj\u0105cego i \u0142\u0105cz\u0105cego. Jest ona&#8230;<\/p>\n","protected":false},"author":12,"featured_media":11573,"parent":607,"menu_order":0,"comment_status":"closed","ping_status":"closed","template":"","meta":{"_acf_changed":false,"footnotes":""},"class_list":["post-11614","page","type-page","status-publish","has-post-thumbnail","hentry"],"acf":[],"_links":{"self":[{"href":"https:\/\/openheim.org\/en\/wp-json\/wp\/v2\/pages\/11614","targetHints":{"allow":["GET"]}}],"collection":[{"href":"https:\/\/openheim.org\/en\/wp-json\/wp\/v2\/pages"}],"about":[{"href":"https:\/\/openheim.org\/en\/wp-json\/wp\/v2\/types\/page"}],"author":[{"embeddable":true,"href":"https:\/\/openheim.org\/en\/wp-json\/wp\/v2\/users\/12"}],"replies":[{"embeddable":true,"href":"https:\/\/openheim.org\/en\/wp-json\/wp\/v2\/comments?post=11614"}],"version-history":[{"count":1,"href":"https:\/\/openheim.org\/en\/wp-json\/wp\/v2\/pages\/11614\/revisions"}],"predecessor-version":[{"id":11615,"href":"https:\/\/openheim.org\/en\/wp-json\/wp\/v2\/pages\/11614\/revisions\/11615"}],"up":[{"embeddable":true,"href":"https:\/\/openheim.org\/en\/wp-json\/wp\/v2\/pages\/607"}],"wp:featuredmedia":[{"embeddable":true,"href":"https:\/\/openheim.org\/en\/wp-json\/wp\/v2\/media\/11573"}],"wp:attachment":[{"href":"https:\/\/openheim.org\/en\/wp-json\/wp\/v2\/media?parent=11614"}],"curies":[{"name":"wp","href":"https:\/\/api.w.org\/{rel}","templated":true}]}}