{"id":3,"date":"2020-04-24T16:36:10","date_gmt":"2020-04-24T14:36:10","guid":{"rendered":"http:\/\/openheim.org\/?page_id=3"},"modified":"2025-03-18T18:48:58","modified_gmt":"2025-03-18T17:48:58","slug":"polityka-prywatnosci","status":"publish","type":"page","link":"https:\/\/openheim.org\/en\/polityka-prywatnosci\/","title":{"rendered":"Cookies"},"content":{"rendered":"<h2>ADMINISTRATORZY<\/h2>\n<h2><span style=\"font-weight: normal;\">Womak Holding sp\u00f3\u0142ka akcyjna z siedzib\u0105 we Wroc\u0142awiu, Womak Holding sp\u00f3\u0142ka z ograniczon\u0105 odpowiedzialno\u015bci\u0105 z siedzib\u0105 we Wroc\u0142awiu, Womak Alfa sp\u00f3\u0142ka z ograniczon\u0105 odpowiedzialno\u015bci\u0105 z siedzib\u0105 we Wroc\u0142awiu, Womak Delta sp\u00f3\u0142ka z ograniczon\u0105 odpowiedzialno\u015bci\u0105 z siedzib\u0105 we Wroc\u0142awiu, Galeria Rynek sp\u00f3\u0142ka z ograniczon\u0105 odpowiedzialno\u015bci\u0105 z siedzib\u0105 we Wroc\u0142awiu, Womak Gamma sp\u00f3\u0142ka z ograniczon\u0105 odpowiedzialno\u015bci\u0105 z siedzib\u0105 we Wroc\u0142awiu, Lejdis sp\u00f3\u0142ka z ograniczon\u0105 odpowiedzialno\u015bci\u0105 z siedzib\u0105 we Wroc\u0142awiu, Womak Lambda sp\u00f3\u0142ka z ograniczon\u0105 odpowiedzialno\u015bci\u0105 z siedzib\u0105 we Wroc\u0142awiu, Womak Omega sp\u00f3\u0142ka z ograniczon\u0105 odpowiedzialno\u015bci\u0105 z siedzib\u0105 we Wroc\u0142awiu, Womak Sigma sp\u00f3\u0142ka z ograniczon\u0105 odpowiedzialno\u015bci\u0105 z siedzib\u0105 we Wroc\u0142awiu, Womak Theta sp\u00f3\u0142ka z ograniczon\u0105 odpowiedzialno\u015bci\u0105 z siedzib\u0105 we Wroc\u0142awiu, a ponadto VIKTOR Oppenheim Haus gemeinn\u00fctzige SE (europejska sp\u00f3\u0142ka akcyjna) z siedzib\u0105 w Berlinie.\u00a0<\/span><\/h2>\n<p>Ww. administratorzy, kt\u00f3rych pe\u0142ny spis znajduje si\u0119 w za\u0142\u0105czniku obok &#8211; jako grupa przedsi\u0119biorstw &#8211; cz\u0119\u015bciowo wsp\u00f3lnie ustalaj\u0105 cele i \u015brodki przetwarzania Pa\u0144stwa danych osobowych, wobec czego dochodzi do wsp\u00f3\u0142administrowania tymi danymi przy zachowaniu wszelkich zasad wynikaj\u0105cych z przepis\u00f3w rozporz\u0105dzenia Parlamentu Europejskiego i Rady (UE) 2016\/679 z 27.04.2016 r. w sprawie ochrony os\u00f3b fizycznych w zwi\u0105zku z przetwarzaniem danych osobowych i w sprawie swobodnego przep\u0142ywu takich danych oraz uchylenia dyrektywy 95\/46\/WE (og\u00f3lne rozporz\u0105dzenie o ochronie danych) (Dz.U. UE. L. z 2016 r. Nr 119, str. 1) \u2013 dalej RODO).<\/p>\n<h2>DANE KONTAKTOWE<\/h2>\n<h2><span style=\"font-weight: normal;\">Dla sp\u00f3\u0142ek Grupy Womak:<br \/>\ne-mail: rodo@womak.pl<br \/>\nadres pocztowy: ul. Grabiszy\u0144ska 240\/2.5. 53-235 Wroc\u0142aw<br \/>\nnumer telefonu: +48 71\u00a0343 39 50<\/span><\/h2>\n<p>Dla VOP:<br \/>\ne-mail: rodo@openheim.org<br \/>\nadres pocztowy: ul. Grabiszy\u0144ska 240\/2.5. 53-235 Wroc\u0142aw<br \/>\nnumer telefonu : +48 71\u00a0343 39 50<\/p>\n<h2>CELE PRZETWARZANIA I PODSTAWA PRAWNA<\/h2>\n<p><span style=\"font-weight: normal;\">W zale\u017cno\u015bci od \u0142\u0105cz\u0105cych nas z Pa\u0144stwem stosunk\u00f3w przetwarzanie Pa\u0144stwa danych osobowych mo\u017ce odbywa\u0107 si\u0119 w szczeg\u00f3lno\u015bci w nast\u0119puj\u0105cych celach oraz w oparciu o wskazane poni\u017cej podstawy:<\/span><\/p>\n<h2><span style=\"font-weight: normal;\">a) wykonanie umowy lub jej przygotowanie; art. 6 ust. 1 lit. b RODO \u2013 przetwarzanie niezb\u0119dne do wykonania umowy, kt\u00f3rej stron\u0105 jest osoba, kt\u00f3rej dane dotycz\u0105, lub do podj\u0119cia dzia\u0142a\u0144 na \u017c\u0105danie osoby, kt\u00f3rej dane dotycz\u0105, przed zawarciem umowy;<\/span><\/h2>\n<h2><span style=\"font-weight: normal;\">b) marketing us\u0142ug lub towar\u00f3w oferowanych przez Administrator\u00f3w, \u015bwiadczony za pomoc\u0105 tak\u017ce \u015brodk\u00f3w komunikacji elektronicznej (akcje promocyjne, programy lojalno\u015bciowe, karty klienta, mailowe informacje handlowe, newslettery, smsy, mmsy, itp.);art. 6 ust. 1 lit. a RODO \u2013 zgoda osoby, kt\u00f3rej dane dotycz\u0105;<\/span><\/h2>\n<h2><span style=\"font-weight: normal;\">c) rozliczenia z kontrahentami lub w zakresie nale\u017cno\u015bci publicznoprawnych;art. 6 ust. 1 lit. f RODO \u2013 uzasadniony interes Administrator\u00f3w, polegaj\u0105cy na konieczno\u015bci weryfikacji wsp\u00f3\u0142pracy z Kontrahentami, w tym Klientamilubart. 6 ust. 1 lit. c RODO, w zwi\u0105zku z odpowiednimi przepisami podatkowymi nak\u0142adaj\u0105cymi obowi\u0105zki w zakresie nale\u017cno\u015bci publicznoprawnych \u2013 tj. gdy przetwarzanie niezb\u0119dne jest do wype\u0142nienia obowi\u0105zku prawnego ci\u0105\u017c\u0105cego na Administratorach;<\/span><\/h2>\n<h2><span style=\"font-weight: normal;\">d) cele statystyczne;art. 6 ust. 1 lit. f RODO \u2013 uzasadniony interes Administrator\u00f3w polegaj\u0105cy na mo\u017cliwo\u015bci lepszego doboru us\u0142ug i produkt\u00f3w do potrzeb Klient\u00f3w, polepszenia warunk\u00f3w obs\u0142ugi Klient\u00f3w i wsp\u00f3\u0142pracy z Kontrahentami;<\/span><\/h2>\n<h2><span style=\"font-weight: normal;\">e) kontakty handlowe, bie\u017c\u0105ca korespondencja w sprawach zwi\u0105zanych z prowadzon\u0105 przez Administrator\u00f3w dzia\u0142alno\u015bci\u0105;art. 6 ust. 1 lit. f RODO \u2013 uzasadniony interes Administrator\u00f3w polegaj\u0105cy na konieczno\u015bci utrzymywania kontakt\u00f3w w ramach bie\u017c\u0105cej dzia\u0142alno\u015bci, wykonywania um\u00f3w i innych zobowi\u0105za\u0144 oraz og\u00f3lnej wsp\u00f3\u0142pracy z Kontrahentami;<\/span><\/h2>\n<h2><span style=\"font-weight: normal;\">f) ustalenie, dochodzenie lub obrona przed roszczeniami;art. 6 ust. 1 lit. f RODO \u2013 uzasadniony interes Administrator\u00f3w, maj\u0105cy na celu ustalenie, dochodzenie lub obron\u0119 przed roszczeniami, w tym np. z tytu\u0142u r\u0119kojmi;<\/span><\/h2>\n<h2><span style=\"font-weight: normal;\">g) archiwizacja i bezpiecze\u0144stwo danych.Art. 6 ust. 1 lit. f) RODO \u2013 prawnie uzasadniony interes Administrator\u00f3w polegaj\u0105cy na konieczno\u015bci zapewnienia ci\u0105g\u0142o\u015bci dzia\u0142ania system\u00f3w informatycznych na wypadek ich awarii (tworzenie i przechowywanie kopii zapasowych).<\/span><\/h2>\n<h2>OKRES PRZETWARZANIA LUB KRYTERIA JEGO USTALENIA<\/h2>\n<h2><span style=\"font-weight: normal;\">W przypadku gdy przetwarzanie odbywa si\u0119 w wype\u0142nieniu uzasadnionego interesu Administrator\u00f3w, zasadniczo do czasu rozstrzygni\u0119cia sprawy wszcz\u0119tej na skutek wniesienia sprzeciwu, gdy dotyczy to sytuacji dochodzenia lub obrony przed roszczeniami \u2013 przez okres przedawnienia tych\u017ce roszcze\u0144 wynikaj\u0105cych z \u0142\u0105cz\u0105cych nas stosunku prawnych (w tym um\u00f3w) oraz kolejnych dwunastu miesi\u0119cy po zako\u0144czeniu tego okresu, z uwagi na konieczno\u015b\u0107 zweryfikowania, czy zosta\u0142y podj\u0119te czynno\u015bci w tym zakresie, czyli np. wniesiony zostanie pozew do s\u0105du powszechnego (okres dor\u0119czenia przez s\u0105d pierwszej korespondencji); za\u015b w przypadku dot. utrzymywania kopii zapasowych system\u00f3w informatycznych nie d\u0142u\u017cej ni\u017c 60 dni od dnia usuni\u0119cia danych z bie\u017c\u0105cych system\u00f3w w wersji produkcyjnej (okres przechowania danych w kopiach zapasowych);<\/span><\/h2>\n<h2><span style=\"font-weight: normal;\">W sytuacjach przetwarzania dla wype\u0142nienia obowi\u0105zk\u00f3w wynikaj\u0105cych z przepis\u00f3w prawa \u2013 przez okres potrzebny do wype\u0142nienia tych\u017ce zobowi\u0105za\u0144, w szczeg\u00f3lno\u015bci obowi\u0105zku podatkowego oraz weryfikacji przez organy administracji skarbowej.<\/span><\/h2>\n<h2>ODBIORCY DANYCH<\/h2>\n<h2><span style=\"font-weight: normal;\">1. Inni Administratorzy z Grupy Womak lub <\/span><span style=\"font-weight: normal;\">VOP<br \/>\n<\/span><span style=\"font-weight: normal;\">2. Podmioty przetwarzaj\u0105ce \u015bwiadcz\u0105ce dla Administrator\u00f3w us\u0142ugi oraz dostarczaj\u0105ce produkty niezb\u0119dna dla codziennej dzia\u0142alno\u015bci Administrator\u00f3w, w szczeg\u00f3lno\u015bci w zakresie:<br \/>\na) wsparcia IT;<br \/>\nb) ksi\u0119gowym;<br \/>\nc) biurowym i administrowania obiektami;<br \/>\nd) \u015bwiadczenia marketingu i prowadzenia akcji sprzeda\u017cowych;<br \/>\ne) teleinformatycznym;<br \/>\nf) obs\u0142ugi prawnej;<br \/>\ng) us\u0142ug projektowych i realizacji rob\u00f3t budowlanych;<br \/>\nh) utrzymania nieruchomo\u015bci i obs\u0142ugi technicznej lokali;<br \/>\ni) ochrony os\u00f3b i mienia;<br \/>\nj) przechowywania danych cyfrowych.<\/span><\/h2>\n<h2>PRAWA OS\u00d3B, KT\u00d3RYCH DANE DOTYCZ\u0104:<\/h2>\n<h2><span style=\"font-weight: normal;\">W sytuacjach wskazanych w przepisach RODO przys\u0142uguj\u0105 Pa\u0144stwu nast\u0119puj\u0105ce uprawnienia:<br \/>\n\u2013 prawo dost\u0119pu do danych osobowych;<br \/>\n\u2013 prawo do sprostowania danych;<br \/>\n\u2013 prawo do usuni\u0119cia danych (tzw. \u201eprawo do bycia zapomnianym\u201d);<br \/>\n\u2013 prawo do wniesienia sprzeciwu wobec przetwarzania danych osobowych, kt\u00f3re oparte jest na uzasadnionych interesach Administrator\u00f3w;<br \/>\n\u2013 prawo do ograniczenia przetwarzania danych osobowych;<br \/>\n\u2013 prawo do przenoszenia danych;<br \/>\n\u2013 prawo do wniesienia skargi do organu nadzorczego (tj. Prezesa Urz\u0119du Ochrony Danych Osobowych);<br \/>\n\u2013 prawo do cofni\u0119cia zgody na przetwarzanie Twoich danych osobowych.<br \/>\nMo\u017cecie Pa\u0144stwo realizowa\u0107 swoje uprawnienia poprzez kontakt na adresy wskazane w rubryce powy\u017cej \u201eDane kontaktowe\u201d.<\/span><\/h2>\n","protected":false},"excerpt":{"rendered":"<p>ADMINISTRATORZY Womak Holding sp\u00f3\u0142ka akcyjna z siedzib\u0105 we Wroc\u0142awiu, Womak Holding sp\u00f3\u0142ka z ograniczon\u0105 odpowiedzialno\u015bci\u0105 z siedzib\u0105 we Wroc\u0142awiu, Womak Alfa sp\u00f3\u0142ka z ograniczon\u0105 odpowiedzialno\u015bci\u0105 z siedzib\u0105 we Wroc\u0142awiu, Womak Delta sp\u00f3\u0142ka z ograniczon\u0105 odpowiedzialno\u015bci\u0105 z siedzib\u0105 we Wroc\u0142awiu, Galeria Rynek sp\u00f3\u0142ka z ograniczon\u0105 odpowiedzialno\u015bci\u0105 z siedzib\u0105 we Wroc\u0142awiu, Womak Gamma sp\u00f3\u0142ka z ograniczon\u0105 odpowiedzialno\u015bci\u0105 z siedzib\u0105 we Wroc\u0142awiu, Lejdis sp\u00f3\u0142ka z ograniczon\u0105 odpowiedzialno\u015bci\u0105 z siedzib\u0105 we Wroc\u0142awiu, Womak Lambda&#8230;<\/p>\n","protected":false},"author":1,"featured_media":0,"parent":0,"menu_order":109,"comment_status":"closed","ping_status":"open","template":"","meta":{"_acf_changed":false,"footnotes":""},"class_list":["post-3","page","type-page","status-publish","hentry"],"acf":[],"_links":{"self":[{"href":"https:\/\/openheim.org\/en\/wp-json\/wp\/v2\/pages\/3","targetHints":{"allow":["GET"]}}],"collection":[{"href":"https:\/\/openheim.org\/en\/wp-json\/wp\/v2\/pages"}],"about":[{"href":"https:\/\/openheim.org\/en\/wp-json\/wp\/v2\/types\/page"}],"author":[{"embeddable":true,"href":"https:\/\/openheim.org\/en\/wp-json\/wp\/v2\/users\/1"}],"replies":[{"embeddable":true,"href":"https:\/\/openheim.org\/en\/wp-json\/wp\/v2\/comments?post=3"}],"version-history":[{"count":15,"href":"https:\/\/openheim.org\/en\/wp-json\/wp\/v2\/pages\/3\/revisions"}],"predecessor-version":[{"id":10417,"href":"https:\/\/openheim.org\/en\/wp-json\/wp\/v2\/pages\/3\/revisions\/10417"}],"wp:attachment":[{"href":"https:\/\/openheim.org\/en\/wp-json\/wp\/v2\/media?parent=3"}],"curies":[{"name":"wp","href":"https:\/\/api.w.org\/{rel}","templated":true}]}}