{"id":4222,"date":"2021-01-14T17:55:23","date_gmt":"2021-01-14T16:55:23","guid":{"rendered":"http:\/\/openheim.org\/pl\/?page_id=4222"},"modified":"2021-01-15T12:25:01","modified_gmt":"2021-01-15T11:25:01","slug":"op_young-jakub-jakubowicz","status":"publish","type":"page","link":"https:\/\/openheim.org\/en\/op_young-jakub-jakubowicz\/","title":{"rendered":"OP_Young | Jakub Jakubowicz"},"content":{"rendered":"<p><b>#OP_Young<\/b><\/p>\n<p>Jakub Jakubowicz (ur. 1992, Krosno) &#8211; artysta intermedialny, absolwent Akademii Sztuk Pi\u0119knych im. E. Gepperta we Wroc\u0142awiu. Dyplom obroni\u0142 w 2019 roku w pracowni rze\u017aby prof. Gra\u017cyny Jaskierskiej-Albrzykowskiej. Uczestniczy\u0142 w licznych plenerach og\u00f3lnopolskich I mi\u0119dzynarodowych, m.in.: Bardo 2013, Bludov 2015 i Oro\u0144sko 2017. W 2019 otrzyma\u0142 stypendium z Gminy Ryman\u00f3w oraz stypendium z Gminy Iwonicz-Zdr\u00f3j na realizacj\u0119 pracy dyplomowej \u015alady oraz zorganizowanie indywidualnej wystawy <i>zg\u00f3rwysyn<\/i>y w galerii Czasoprzestrze\u0144 we Wroc\u0142awiu.<\/p>\n<p><b>Statement<\/b><br \/>\nJakub Jakubowicz jest artyst\u0105 intermedialnym, kt\u00f3ry porusza w swojej tw\u00f3rczo\u015bci tematyk\u0119 pami\u0119ci. Sam pochodz\u0105c z podkarpacia zainteresowa\u0142 si\u0119 histori\u0105 wsi W\u00f3lka, kt\u00f3ra kiedy\u015b by\u0142a jedn\u0105 z wsi \u0142emkowskich. Dzi\u015b, po przymusowych wysiedleniach w pag\u00f3rkowatym krajobrazie pozosta\u0142y po niej subtelne \u015blady. Przez ostatnich kilka lat uczyni\u0142 W\u00f3lk\u0119 swoim tematem przywracaj\u0105c pami\u0119\u0107 o tym miejscu poprzez seri\u0119 instalacji i realizacji in-situ. W 2020 roku otrzyma\u0142 Stypendium Ministra Kultury i Dziedzictwa Narodowego 2020.<\/p>\n","protected":false},"excerpt":{"rendered":"<p>#OP_Young Jakub Jakubowicz (ur. 1992, Krosno) &#8211; artysta intermedialny, absolwent Akademii Sztuk Pi\u0119knych im. E. Gepperta we Wroc\u0142awiu. Dyplom obroni\u0142 w 2019 roku w pracowni rze\u017aby prof. Gra\u017cyny Jaskierskiej-Albrzykowskiej. Uczestniczy\u0142 w licznych plenerach og\u00f3lnopolskich I mi\u0119dzynarodowych, m.in.: Bardo 2013, Bludov 2015 i Oro\u0144sko 2017. W 2019 otrzyma\u0142 stypendium z Gminy Ryman\u00f3w oraz stypendium z Gminy Iwonicz-Zdr\u00f3j na realizacj\u0119 pracy dyplomowej \u015alady oraz zorganizowanie indywidualnej wystawy zg\u00f3rwysyny w galerii Czasoprzestrze\u0144 we&#8230;<\/p>\n","protected":false},"author":2,"featured_media":4118,"parent":0,"menu_order":73,"comment_status":"closed","ping_status":"closed","template":"","meta":{"_acf_changed":false,"footnotes":""},"class_list":["post-4222","page","type-page","status-publish","has-post-thumbnail","hentry"],"acf":[],"_links":{"self":[{"href":"https:\/\/openheim.org\/en\/wp-json\/wp\/v2\/pages\/4222","targetHints":{"allow":["GET"]}}],"collection":[{"href":"https:\/\/openheim.org\/en\/wp-json\/wp\/v2\/pages"}],"about":[{"href":"https:\/\/openheim.org\/en\/wp-json\/wp\/v2\/types\/page"}],"author":[{"embeddable":true,"href":"https:\/\/openheim.org\/en\/wp-json\/wp\/v2\/users\/2"}],"replies":[{"embeddable":true,"href":"https:\/\/openheim.org\/en\/wp-json\/wp\/v2\/comments?post=4222"}],"version-history":[{"count":1,"href":"https:\/\/openheim.org\/en\/wp-json\/wp\/v2\/pages\/4222\/revisions"}],"predecessor-version":[{"id":8168,"href":"https:\/\/openheim.org\/en\/wp-json\/wp\/v2\/pages\/4222\/revisions\/8168"}],"wp:featuredmedia":[{"embeddable":true,"href":"https:\/\/openheim.org\/en\/wp-json\/wp\/v2\/media\/4118"}],"wp:attachment":[{"href":"https:\/\/openheim.org\/en\/wp-json\/wp\/v2\/media?parent=4222"}],"curies":[{"name":"wp","href":"https:\/\/api.w.org\/{rel}","templated":true}]}}