{"id":4240,"date":"2021-01-15T12:35:09","date_gmt":"2021-01-15T11:35:09","guid":{"rendered":"http:\/\/openheim.org\/pl\/?page_id=4240"},"modified":"2021-01-15T12:36:53","modified_gmt":"2021-01-15T11:36:53","slug":"op_young-oktawian-jurczykowski","status":"publish","type":"page","link":"https:\/\/openheim.org\/en\/op_young-oktawian-jurczykowski\/","title":{"rendered":"OP_Young | Oktawian Jurczykowski"},"content":{"rendered":"<p><strong>Oktawian Jurczykowski<\/strong>\u00a0(ur. 1997, Wroc\u0142aw) \u2013 student kierunku Film animowany i efekty specjalne na Wydziale Operatorskim PWSFTviT w \u0141odzi. W 2018 roku bra\u0142 udzia\u0142 w wystawie <i>imMobilized<\/i> w Pary\u017cu, prezentuj\u0105c jedenastometrow\u0105 instalacj\u0119 z\u0142o\u017con\u0105 z fotografii tkanin i ubra\u0144. W tym samym roku prezentowa\u0142 swoj\u0105 prac\u0119 we Wroc\u0142awiu, podczas 16. Przegl\u0105du Sztuki SURVIVAL. W 2020 roku zosta\u0142 laureatem Sekcji ShowOFF podczas Miesi\u0105ca Fotografii w Krakowie. Tworzy m.in. fotografie, filmy animowane i ilustracje. Wolny czas sp\u0119dza we Wroc\u0142awiu lub Berlinie.<\/p>\n<p><strong>Statement<\/strong><br \/>\nW swojej tw\u00f3rczo\u015bci pos\u0142uguj\u0119 si\u0119 przede wszystkim fotografi\u0105, kt\u00f3r\u0105 wzbogacam i poszerzam o do\u015bwiadczenia zdobyte podczas pracy nad filmami animowanymi, ilustracj\u0105 i grafik\u0105. Poprzez \u0142\u0105czenie element\u00f3w pochodz\u0105cych z r\u00f3\u017cnych dziedzin sztuki staram si\u0119 stworzy\u0107 na potrzeby projektu, nad kt\u00f3rym pracuj\u0119 oryginalny i adekwatny do poruszanego tematu j\u0119zyk wizualny. Tematy, kt\u00f3re poruszam w swoich pracach dotycz\u0105 zagadnie\u0144 zwi\u0105zanych z przynale\u017cno\u015bci\u0105, to\u017csamo\u015bci\u0105 oraz w ostatnim czasie r\u00f3wnie\u017c z obliczami demokracji. Pomimo cz\u0119stego odwo\u0142ywania si\u0119 do wydarze\u0144 historycznych, zawsze zale\u017cy mi by stworzone przeze mnie dzie\u0142a charakteryzowa\u0142y si\u0119 uniwersalnym i aktualnym komentarzem wobec rzeczywisto\u015bci.<\/p>\n<p>Portfolio: <a href=\"https:\/\/oktawianjurczykowski.com\/\" target=\"_blank\" rel=\"noopener\">oktawianjurczykowski.com<\/a><\/p>\n","protected":false},"excerpt":{"rendered":"<p>Oktawian Jurczykowski\u00a0(ur. 1997, Wroc\u0142aw) \u2013 student kierunku Film animowany i efekty specjalne na Wydziale Operatorskim PWSFTviT w \u0141odzi. W 2018 roku bra\u0142 udzia\u0142 w wystawie imMobilized w Pary\u017cu, prezentuj\u0105c jedenastometrow\u0105 instalacj\u0119 z\u0142o\u017con\u0105 z fotografii tkanin i ubra\u0144. W tym samym roku prezentowa\u0142 swoj\u0105 prac\u0119 we Wroc\u0142awiu, podczas 16. Przegl\u0105du Sztuki SURVIVAL. W 2020 roku zosta\u0142 laureatem Sekcji ShowOFF podczas Miesi\u0105ca Fotografii w Krakowie. Tworzy m.in. fotografie, filmy animowane i ilustracje&#8230;.<\/p>\n","protected":false},"author":2,"featured_media":4245,"parent":0,"menu_order":74,"comment_status":"closed","ping_status":"closed","template":"","meta":{"_acf_changed":false,"footnotes":""},"class_list":["post-4240","page","type-page","status-publish","has-post-thumbnail","hentry"],"acf":[],"_links":{"self":[{"href":"https:\/\/openheim.org\/en\/wp-json\/wp\/v2\/pages\/4240","targetHints":{"allow":["GET"]}}],"collection":[{"href":"https:\/\/openheim.org\/en\/wp-json\/wp\/v2\/pages"}],"about":[{"href":"https:\/\/openheim.org\/en\/wp-json\/wp\/v2\/types\/page"}],"author":[{"embeddable":true,"href":"https:\/\/openheim.org\/en\/wp-json\/wp\/v2\/users\/2"}],"replies":[{"embeddable":true,"href":"https:\/\/openheim.org\/en\/wp-json\/wp\/v2\/comments?post=4240"}],"version-history":[{"count":1,"href":"https:\/\/openheim.org\/en\/wp-json\/wp\/v2\/pages\/4240\/revisions"}],"predecessor-version":[{"id":5351,"href":"https:\/\/openheim.org\/en\/wp-json\/wp\/v2\/pages\/4240\/revisions\/5351"}],"wp:featuredmedia":[{"embeddable":true,"href":"https:\/\/openheim.org\/en\/wp-json\/wp\/v2\/media\/4245"}],"wp:attachment":[{"href":"https:\/\/openheim.org\/en\/wp-json\/wp\/v2\/media?parent=4240"}],"curies":[{"name":"wp","href":"https:\/\/api.w.org\/{rel}","templated":true}]}}