{"id":4249,"date":"2021-01-15T12:39:13","date_gmt":"2021-01-15T11:39:13","guid":{"rendered":"http:\/\/openheim.org\/pl\/?page_id=4249"},"modified":"2021-01-15T12:39:13","modified_gmt":"2021-01-15T11:39:13","slug":"digital-residency-zuzanna-czajkowska","status":"publish","type":"page","link":"https:\/\/openheim.org\/en\/digital-residency-zuzanna-czajkowska\/","title":{"rendered":"Digital Residency | Zuzanna Czajkowska"},"content":{"rendered":"<p><strong>#digitalresidency<\/strong><\/p>\n<p><strong>Zuzanna Czajkowska<\/strong> (ur. 1991) &#8211; artystka interdyscyplinarna, mieszka i pracuje w Berlinie. Absolwentka historii sztuki na Uniwersytecie im. Adama Mickiewicza w Poznaniu (studia licencjackie) i mediacji sztuki na Akademii Sztuk Pi\u0119knych we Wroc\u0142awiu (studia magisterskie).<\/p>\n<p><strong>Statement<\/strong><br \/>\nOd zawsze interesuj\u0119 si\u0119 art terapi\u0105. Lubi\u0119 wsp\u00f3\u0142pracowa\u0107 z artystami i odbiorcami. Zajmuj\u0119 si\u0119 performancem, obecnie w formie dokamerowej. M\u00f3j d\u0142ugofalowy projekt performatywny nosi nazw\u0119 <i>Twerk dla sztuki<\/i>. Koncepcja jest prosta &#8211; twerkuj\u0119 na wystawach w muzeach i galeriach sztuki. Zawodowo wykonuj\u0119 rze\u017aby w metalu. Moj\u0105 specjalno\u015bci\u0105 jest patyna. Pracuj\u0119 w odlewni w Berlinie, gdzie tworz\u0119 kosztown\u0105 i ekskluzywn\u0105 sztuk\u0119. Resztki z tego \u201ewielkiego \u015bwiata sztuki\u201d wykorzystuj\u0119 r\u00f3wnie\u017c do wykonywania swoich rze\u017ab. Jestem propagatork\u0105 recyklingu, nawet w sztuce. Dlatego wielokrotnie w swoich instalacjach wykorzystuj\u0119 przedmioty znalezione na ulicy w Berlinie. Maluj\u0119 i rysuj\u0119 &#8211; zwykle w bardzo naiwnym, wyrazistym stylu. \u0141\u0105cz\u0119 s\u0142owa z symbolami. M\u00f3j wa\u017cny cykl malarsko-rysunkowy dotyczy feminizmu. U\u017cywam i przekszta\u0142cam pochw\u0119 w symboliczny spos\u00f3b.<\/p>\n<p><b>Projekt<br \/>\n<\/b>Dotyczy sytuacji mieszkaniowej stolicy Niemiec. Nawi\u0105zuje do stale rosn\u0105cych cen czynsz\u00f3w, zbyt wielu os\u00f3b poszukuj\u0105cych mieszka\u0144 w stosunku do dost\u0119pnych lokali, a tak\u017ce prywatnych najemc\u00f3w, kt\u00f3rzy nie stosuj\u0105 si\u0119 do wymaganych regulacji. Gospodarze cz\u0119sto podnajmuj\u0105 swoje mieszkania nielegalnie, tymczasowo, bez mo\u017cliwo\u015bci meldunku (kt\u00f3ry jest obowi\u0105zkowy). Z podobnymi trudno\u015bciami zmagaj\u0105 si\u0119 r\u00f3wnie\u017c mniejsze instytucje sztuki, stowarzyszenia, czy arty\u015bci (brak dost\u0119pno\u015bci pracowni). Mieszkanie w Berlinie to do pewnego momentu nieprzerwana podr\u00f3\u017c, skutkuj\u0105ca poczuciem zagro\u017cenia, niemo\u017cno\u015bci\u0105 \u201ezasiedzenia si\u0119\u201d. Rzutuje to tak\u017ce na relacje z innymi berli\u0144czykami &#8211; jest to bowiem miasto znane z szybkich, kr\u00f3tkotrwa\u0142ych i powierzchownych relacji. Nieustanna migracja w mie\u015bcie, \u017cycie \u201ena walizkach\u201d- czy mamy wi\u0119c do czynienia z kolejn\u0105 odmian\u0105 nomadycznego, koczowniczego trybu \u017cycia?<\/p>\n<p>Portfolio: <a href=\"http:\/\/zuzannaczajkowska.carbonmade.com\" target=\"_blank\" rel=\"noopener\">link.\u00a0<\/a><\/p>\n","protected":false},"excerpt":{"rendered":"<p>#digitalresidency Zuzanna Czajkowska (ur. 1991) &#8211; artystka interdyscyplinarna, mieszka i pracuje w Berlinie. Absolwentka historii sztuki na Uniwersytecie im. Adama Mickiewicza w Poznaniu (studia licencjackie) i mediacji sztuki na Akademii Sztuk Pi\u0119knych we Wroc\u0142awiu (studia magisterskie). Statement Od zawsze interesuj\u0119 si\u0119 art terapi\u0105. Lubi\u0119 wsp\u00f3\u0142pracowa\u0107 z artystami i odbiorcami. Zajmuj\u0119 si\u0119 performancem, obecnie w formie dokamerowej. M\u00f3j d\u0142ugofalowy projekt performatywny nosi nazw\u0119 Twerk dla sztuki. Koncepcja jest prosta &#8211; twerkuj\u0119&#8230;<\/p>\n","protected":false},"author":2,"featured_media":4250,"parent":0,"menu_order":81,"comment_status":"closed","ping_status":"closed","template":"","meta":{"_acf_changed":false,"footnotes":""},"class_list":["post-4249","page","type-page","status-publish","has-post-thumbnail","hentry"],"acf":[],"_links":{"self":[{"href":"https:\/\/openheim.org\/en\/wp-json\/wp\/v2\/pages\/4249","targetHints":{"allow":["GET"]}}],"collection":[{"href":"https:\/\/openheim.org\/en\/wp-json\/wp\/v2\/pages"}],"about":[{"href":"https:\/\/openheim.org\/en\/wp-json\/wp\/v2\/types\/page"}],"author":[{"embeddable":true,"href":"https:\/\/openheim.org\/en\/wp-json\/wp\/v2\/users\/2"}],"replies":[{"embeddable":true,"href":"https:\/\/openheim.org\/en\/wp-json\/wp\/v2\/comments?post=4249"}],"version-history":[{"count":0,"href":"https:\/\/openheim.org\/en\/wp-json\/wp\/v2\/pages\/4249\/revisions"}],"wp:featuredmedia":[{"embeddable":true,"href":"https:\/\/openheim.org\/en\/wp-json\/wp\/v2\/media\/4250"}],"wp:attachment":[{"href":"https:\/\/openheim.org\/en\/wp-json\/wp\/v2\/media?parent=4249"}],"curies":[{"name":"wp","href":"https:\/\/api.w.org\/{rel}","templated":true}]}}