{"id":4257,"date":"2021-01-15T12:47:31","date_gmt":"2021-01-15T11:47:31","guid":{"rendered":"http:\/\/openheim.org\/pl\/?page_id=4257"},"modified":"2021-01-15T12:47:44","modified_gmt":"2021-01-15T11:47:44","slug":"4257-2","status":"publish","type":"page","link":"https:\/\/openheim.org\/en\/4257-2\/","title":{"rendered":"Digital Residency | Justyna Adamczyk"},"content":{"rendered":"<p>#digitalresidency<\/p>\n<p><strong>Justyna Adamczyk<\/strong> (ur. 1981, Opoczno) &#8211; absolwentka wroc\u0142awskiej Akademii Sztuk Pi\u0119knych im. E. Gepperta na kierunku Malarstwo w 2007 roku. Dwukrotna stypendystka Ministra Kultury i Dziedzictwa Narodowego (w 2005 i 2006 roku). W 2018 roku jej obrazy zosta\u0142y zakupione do kolekcji Muzeum Narodowego w Gda\u0144sku. W 2016 roku otrzyma\u0142a wyr\u00f3\u017cnienie w Galerii Kolonia Artyst\u00f3w, a w 2007 roku otrzyma\u0142a wyr\u00f3\u017cnienie w Galerii Sztuki Miejskiej w \u0141odzi. Wzi\u0119\u0142a udzia\u0142 w wielu wystawach i konkursach w kraju i za granic\u0105. Jej prace zosta\u0142y wyr\u00f3\u017cnione w ramach konkurs\u00f3w takich jak: 9. Konkurs Gepperta (2009, BWA Awangarda Wroc\u0142aw), XVII Konkurs M\u0142odych Artyst\u00f3w (2007 Legnica). Mieszka i pracuje w Warszawie.<\/p>\n<p><strong>Statement<\/strong><br \/>\nPoprzez malarstwo potrafi\u0119 najlepiej odda\u0107 emocje. Poszukuj\u0119 prostej, lecz niebanalnej, bogatej w symbolik\u0119 formy. Moje prace maj\u0105 cz\u0119sto charakter ikonograficzny. Ka\u017cdy obraz jest powi\u0105zany z osobist\u0105 histori\u0105. Fascynuj\u0105 mnie relacje z lud\u017ami. Ilustruj\u0119 w\u0142asne subiektywne spojrzenie. Malarstwo traktuj\u0119 jak notatnik. Na obrazach umieszczam rzeczy, o kt\u00f3rych chcia\u0142abym zapomnie\u0107 albo chc\u0119 zapami\u0119ta\u0107.<\/p>\n<p><strong>Projekt<\/strong><br \/>\nNa projekt<i> Don`t forget to remember me<\/i> realizowany w ramach rezydencji sk\u0142ada si\u0119 wielkoformatowa instalacja, bezpo\u015brednio odnosz\u0105ca si\u0119 do zapomnianych ofiar wojennych, o kt\u00f3rych nikt ju\u017c nie wspomina. Jest to jednocze\u015bnie wewn\u0119trzny g\u0142os artystycznego sprzeciwu wobec udawania, \u017ce wojna mo\u017ce nie\u015b\u0107 za sob\u0105 jakiekolwiek dobro. Praca, z\u0142o\u017cona z przestrzennych obiekt\u00f3w przybiera zatem charakter wymownego, nieco drastycznego w przekazie symbolu sprzeciwu wobec ob\u0142udy i znieczulicy wsp\u00f3\u0142czesnego cz\u0142owieka. Artystka stara si\u0119 zrehabilitowa\u0107 pami\u0119\u0107 o cz\u0119sto bezimiennych ofiarach konflikt\u00f3w zbrojnych. Jest to wi\u0119c projekt o ludziach bez ludzi. Ma by\u0107 symbolem naszej wygodnej ignorancji.<\/p>\n<p>Portfolio: <a href=\"https:\/\/www.instagram.com\/justyna_adamczyk_\" target=\"_blank\" rel=\"noopener\">link<\/a><\/p>\n","protected":false},"excerpt":{"rendered":"<p>#digitalresidency Justyna Adamczyk (ur. 1981, Opoczno) &#8211; absolwentka wroc\u0142awskiej Akademii Sztuk Pi\u0119knych im. E. Gepperta na kierunku Malarstwo w 2007 roku. Dwukrotna stypendystka Ministra Kultury i Dziedzictwa Narodowego (w 2005 i 2006 roku). W 2018 roku jej obrazy zosta\u0142y zakupione do kolekcji Muzeum Narodowego w Gda\u0144sku. W 2016 roku otrzyma\u0142a wyr\u00f3\u017cnienie w Galerii Kolonia Artyst\u00f3w, a w 2007 roku otrzyma\u0142a wyr\u00f3\u017cnienie w Galerii Sztuki Miejskiej w \u0141odzi. Wzi\u0119\u0142a udzia\u0142 w&#8230;<\/p>\n","protected":false},"author":2,"featured_media":4258,"parent":0,"menu_order":86,"comment_status":"closed","ping_status":"closed","template":"","meta":{"_acf_changed":false,"footnotes":""},"class_list":["post-4257","page","type-page","status-publish","has-post-thumbnail","hentry"],"acf":[],"_links":{"self":[{"href":"https:\/\/openheim.org\/en\/wp-json\/wp\/v2\/pages\/4257","targetHints":{"allow":["GET"]}}],"collection":[{"href":"https:\/\/openheim.org\/en\/wp-json\/wp\/v2\/pages"}],"about":[{"href":"https:\/\/openheim.org\/en\/wp-json\/wp\/v2\/types\/page"}],"author":[{"embeddable":true,"href":"https:\/\/openheim.org\/en\/wp-json\/wp\/v2\/users\/2"}],"replies":[{"embeddable":true,"href":"https:\/\/openheim.org\/en\/wp-json\/wp\/v2\/comments?post=4257"}],"version-history":[{"count":0,"href":"https:\/\/openheim.org\/en\/wp-json\/wp\/v2\/pages\/4257\/revisions"}],"wp:featuredmedia":[{"embeddable":true,"href":"https:\/\/openheim.org\/en\/wp-json\/wp\/v2\/media\/4258"}],"wp:attachment":[{"href":"https:\/\/openheim.org\/en\/wp-json\/wp\/v2\/media?parent=4257"}],"curies":[{"name":"wp","href":"https:\/\/api.w.org\/{rel}","templated":true}]}}