{"id":4261,"date":"2021-01-15T12:52:40","date_gmt":"2021-01-15T11:52:40","guid":{"rendered":"http:\/\/openheim.org\/pl\/?page_id=4261"},"modified":"2021-01-15T12:52:40","modified_gmt":"2021-01-15T11:52:40","slug":"digital-residency-anna-raczynska","status":"publish","type":"page","link":"https:\/\/openheim.org\/en\/digital-residency-anna-raczynska\/","title":{"rendered":"Digital Residency | Anna Raczy\u0144ska"},"content":{"rendered":"<p><b>#digitalresidency<\/b><\/p>\n<p><strong>Anna Raczy\u0144ska<\/strong> (ur. 1990, Bielsko-Bia\u0142a) &#8211; artystka wizualna, absolwentka wroc\u0142awskiej Akademii Sztuk Pi\u0119knych, obecnie mieszka i pracuje w Lipsku oraz we Wroc\u0142awiu. Na prze\u0142omie 2013\/ 2014 studiowa\u0142a na ArtEZ University of Arts w Holandii. Obecnie odbywa studia podyplomowe na Hochschule f\u00fcr Grafik und Buchkunst w Lipsku, w pracowni Nowe Media i Dzia\u0142ania Przestrzenne prowadzonej przez Prof. Joachima Blank.<\/p>\n<p><strong>Statement<\/strong><br \/>\nCelem ka\u017cdej wystawy jest d\u0105\u017cenie do utworzenia w\u0142asnej narracji. Nie ma w\u0105tpliwo\u015bci, \u017ce Raczy\u0144ska umy\u015blnie bawi si\u0119 materi\u0105, nade wszystko nawi\u0105zuj\u0105c do specyfiki miejsca, w kt\u00f3rym przychodzi jej pracowa\u0107. Jej instalacje artystyczne s\u0105 form\u0105 zabawy, kt\u00f3r\u0105 artystka deformuje, by nada\u0107 swoim pracom przewrotny kierunek. Bior\u0105c pod uwag\u0119 jak ma\u0142e jest zainteresowanie artystki wobec losu wystawianych dzie\u0142, Raczy\u0144ska mog\u0142aby uchodzi\u0107 za przedstawicielk\u0119 pokolenia, kt\u00f3re przywi\u0105zuje wi\u0119cej wagi temu co jest prze\u017cywane, nie temu co pozostaje &#8211; do\u015bwiadczenie bierze g\u00f3r\u0119 nad przedmiotem. Jej prace \u0142\u0105cz\u0105 r\u00f3\u017cne techniki i czerpi\u0105 inspiracj\u0119 g\u0142\u00f3wnie z wizualnej rzeczywisto\u015bci codziennego \u017cycia, ignoruj\u0105c wi\u0119kszo\u015b\u0107 zasad naturalistycznego podobie\u0144stwa, drastycznie zmieniaj\u0105c rozmiar, materia\u0142 lub kontekst w cz\u0119sto abstrakcyjny spos\u00f3b. W jej narracjach mo\u017cna dostrzec mocny element absurdu czy ironii. Jej widzowie pozostaj\u0105 w pr\u00f3\u017cni mi\u0119dzy empati\u0105 a drwin\u0105 oraz s\u0105 zabierani w podr\u00f3\u017c oswajania nowych reali\u00f3w.<\/p>\n<p><strong>Projekt<\/strong><br \/>\nProjekt <i>Polnische Abgang<\/i>( t\u0142. <i>Polskie wyj\u015bcie<\/i>\/<i> Polish Exit<\/i>) jest subiektywn\u0105 analiz\u0105 polskiej diaspory. Od pracy w budowlance po cyfrowych nomad\u00f3w- przyczyny wyjazdu za granic\u0119 potrafi\u0105 by\u0107 bardzo r\u00f3\u017cne. Projekt skupia si\u0119 g\u0142\u00f3wnie na przyk\u0142adach migracji po akcesji w 2004 roku do Unii Europejskiej. Wyje\u017cd\u017camy po co\u015b wi\u0119cej ni\u017c praca i pieni\u0105dze? Czy naprawd\u0119 uk\u0142ada nam si\u0119 lepiej poza granicami kraju? O tym wszystkim postaram si\u0119 opowiedzie\u0107 w formie niestandardowego eseju audiowizualnego- kr\u00f3tkiej animacji wygenerowanej w programie 3D z domieszk\u0105 humoru i ironii.<\/p>\n<p>Portfolio: <a href=\"http:\/\/www.annaraczynska.com\" target=\"_blank\" rel=\"noopener\">link<\/a><\/p>\n","protected":false},"excerpt":{"rendered":"<p>#digitalresidency Anna Raczy\u0144ska (ur. 1990, Bielsko-Bia\u0142a) &#8211; artystka wizualna, absolwentka wroc\u0142awskiej Akademii Sztuk Pi\u0119knych, obecnie mieszka i pracuje w Lipsku oraz we Wroc\u0142awiu. Na prze\u0142omie 2013\/ 2014 studiowa\u0142a na ArtEZ University of Arts w Holandii. Obecnie odbywa studia podyplomowe na Hochschule f\u00fcr Grafik und Buchkunst w Lipsku, w pracowni Nowe Media i Dzia\u0142ania Przestrzenne prowadzonej przez Prof. Joachima Blank. Statement Celem ka\u017cdej wystawy jest d\u0105\u017cenie do utworzenia w\u0142asnej narracji. Nie&#8230;<\/p>\n","protected":false},"author":2,"featured_media":4262,"parent":0,"menu_order":65,"comment_status":"closed","ping_status":"closed","template":"","meta":{"_acf_changed":false,"footnotes":""},"class_list":["post-4261","page","type-page","status-publish","has-post-thumbnail","hentry"],"acf":[],"_links":{"self":[{"href":"https:\/\/openheim.org\/en\/wp-json\/wp\/v2\/pages\/4261","targetHints":{"allow":["GET"]}}],"collection":[{"href":"https:\/\/openheim.org\/en\/wp-json\/wp\/v2\/pages"}],"about":[{"href":"https:\/\/openheim.org\/en\/wp-json\/wp\/v2\/types\/page"}],"author":[{"embeddable":true,"href":"https:\/\/openheim.org\/en\/wp-json\/wp\/v2\/users\/2"}],"replies":[{"embeddable":true,"href":"https:\/\/openheim.org\/en\/wp-json\/wp\/v2\/comments?post=4261"}],"version-history":[{"count":0,"href":"https:\/\/openheim.org\/en\/wp-json\/wp\/v2\/pages\/4261\/revisions"}],"wp:featuredmedia":[{"embeddable":true,"href":"https:\/\/openheim.org\/en\/wp-json\/wp\/v2\/media\/4262"}],"wp:attachment":[{"href":"https:\/\/openheim.org\/en\/wp-json\/wp\/v2\/media?parent=4261"}],"curies":[{"name":"wp","href":"https:\/\/api.w.org\/{rel}","templated":true}]}}