{"id":4264,"date":"2021-01-15T12:54:24","date_gmt":"2021-01-15T11:54:24","guid":{"rendered":"http:\/\/openheim.org\/pl\/?page_id=4264"},"modified":"2021-01-15T12:57:35","modified_gmt":"2021-01-15T11:57:35","slug":"op_young-dorota-morawiec-winiarska","status":"publish","type":"page","link":"https:\/\/openheim.org\/en\/op_young-dorota-morawiec-winiarska\/","title":{"rendered":"OP_Young | Dorota Morawiec-Winiarska"},"content":{"rendered":"<p>#OP_Young<\/p>\n<p><strong>Dorota Morawiec\u2013Winiarska<\/strong> (ur.1989, Miko\u0142\u00f3w) &#8211; artystka wizualna, rze\u017abiarka. Absolwentka Wydzia\u0142u Rze\u017aby i Malarstwa Akademii Sztuk Pi\u0119knych im. E. Gepperta we Wroc\u0142awiu (2016). G\u0142\u00f3wnym obszarem jej dzia\u0142a\u0144 jest rze\u017aba, cz\u0119sto wchodz\u0105ce relacje z rysunkiem. Mieszka i pracuje pod Wroc\u0142awiem.<\/p>\n<p><strong>Statement<\/strong><br \/>\nMoja tw\u00f3rczo\u015b\u0107 jest g\u0142\u0119boko przemy\u015blan\u0105 autorsk\u0105 wizj\u0105 wybranych aspekt\u00f3w rzeczywisto\u015bci. Mowa tu o czu\u0142o\u015bci, oddaniu, zainteresowaniu drug\u0105 istot\u0105 ludzk\u0105, o mi\u0142o\u015bci matki do dziecka. Zaintrygowana do\u015bwiadczaniem macierzy\u0144stwa, podpatruje pozy i sytuacje, by stworzy\u0107 na ich podstawie w\u0142asne kompozycje. Dlatego korzystaj\u0105c z intuicji i wyobra\u017ani &#8211; metod\u0105 powielenia p\u00f3z i ruch\u00f3w jednej, b\u0105d\u017a dw\u00f3ch figur, komponuj\u0119 rze\u017aby z my\u015bl\u0105 o tym, co zwi\u0105zane jest ze \u015brodkami formalnymi. Dob\u00f3r odpowiednich tworzyw do opracowywania form rze\u017abiarsko \u2013 rysunkowych ma dla mnie du\u017ce znaczenie. Ka\u017cdy rodzaj u\u017cytego tworzywa posiada swoj\u0105 charakterystyk\u0119. W\u0142a\u015bciwo\u015bci materia\u0142u warunkuj\u0105 na proces kszta\u0142towania, kt\u00f3ry w konsekwencji ma wp\u0142yw na rozwi\u0105zania formalne. Dlatego podejmuj\u0105c w\u0142asne pr\u00f3by rze\u017abiarskie mam potrzeb\u0119 eksperymentowania. Poszukuj\u0119 formy plastycznej poprzez \u0142\u0105czenie ze sob\u0105 r\u00f3\u017cnorodnych materia\u0142\u00f3w oraz podejmuj\u0119 prac\u0119 metod\u0105 dodawania i odejmowania, \u0142\u0105czenia \u2013 odrywania, wycinania, klejenia, \u0142amania, szlifowania oraz rysowania.<\/p>\n<p>Portfolio: <a href=\"https:\/\/www.instagram.com\/dorotamorawiecwiniarska\/?hl=pl\" target=\"_blank\" rel=\"noopener\">dorota.morawiec-winiarska.<\/a><\/p>\n","protected":false},"excerpt":{"rendered":"<p>#OP_Young Dorota Morawiec\u2013Winiarska (ur.1989, Miko\u0142\u00f3w) &#8211; artystka wizualna, rze\u017abiarka. Absolwentka Wydzia\u0142u Rze\u017aby i Malarstwa Akademii Sztuk Pi\u0119knych im. E. Gepperta we Wroc\u0142awiu (2016). G\u0142\u00f3wnym obszarem jej dzia\u0142a\u0144 jest rze\u017aba, cz\u0119sto wchodz\u0105ce relacje z rysunkiem. Mieszka i pracuje pod Wroc\u0142awiem. Statement Moja tw\u00f3rczo\u015b\u0107 jest g\u0142\u0119boko przemy\u015blan\u0105 autorsk\u0105 wizj\u0105 wybranych aspekt\u00f3w rzeczywisto\u015bci. Mowa tu o czu\u0142o\u015bci, oddaniu, zainteresowaniu drug\u0105 istot\u0105 ludzk\u0105, o mi\u0142o\u015bci matki do dziecka. Zaintrygowana do\u015bwiadczaniem macierzy\u0144stwa, podpatruje pozy i&#8230;<\/p>\n","protected":false},"author":2,"featured_media":4269,"parent":0,"menu_order":70,"comment_status":"closed","ping_status":"closed","template":"","meta":{"_acf_changed":false,"footnotes":""},"class_list":["post-4264","page","type-page","status-publish","has-post-thumbnail","hentry"],"acf":[],"_links":{"self":[{"href":"https:\/\/openheim.org\/en\/wp-json\/wp\/v2\/pages\/4264","targetHints":{"allow":["GET"]}}],"collection":[{"href":"https:\/\/openheim.org\/en\/wp-json\/wp\/v2\/pages"}],"about":[{"href":"https:\/\/openheim.org\/en\/wp-json\/wp\/v2\/types\/page"}],"author":[{"embeddable":true,"href":"https:\/\/openheim.org\/en\/wp-json\/wp\/v2\/users\/2"}],"replies":[{"embeddable":true,"href":"https:\/\/openheim.org\/en\/wp-json\/wp\/v2\/comments?post=4264"}],"version-history":[{"count":0,"href":"https:\/\/openheim.org\/en\/wp-json\/wp\/v2\/pages\/4264\/revisions"}],"wp:featuredmedia":[{"embeddable":true,"href":"https:\/\/openheim.org\/en\/wp-json\/wp\/v2\/media\/4269"}],"wp:attachment":[{"href":"https:\/\/openheim.org\/en\/wp-json\/wp\/v2\/media?parent=4264"}],"curies":[{"name":"wp","href":"https:\/\/api.w.org\/{rel}","templated":true}]}}