{"id":4416,"date":"2021-02-16T11:37:34","date_gmt":"2021-02-16T10:37:34","guid":{"rendered":"https:\/\/openheim.org\/pl\/?page_id=4416"},"modified":"2021-02-16T11:37:34","modified_gmt":"2021-02-16T10:37:34","slug":"op_young-nikita-krzyzanowska","status":"publish","type":"page","link":"https:\/\/openheim.org\/en\/op_young-nikita-krzyzanowska\/","title":{"rendered":"OP_Young | Nikita Krzy\u017canowska"},"content":{"rendered":"<h2><b>#OP_Young<\/b><\/h2>\n<p><b>Nikita Krzy\u017canowska<\/b> (ur. 1995, Wroc\u0142aw)<b> <\/b>&#8211; malarka, studentka Wydzia\u0142u Malarstwa Akademii Sztuk Pi\u0119knych im. E. Gepperta we Wroc\u0142awiu w Pracowni prof. Marka Jakubka. Zajmuje si\u0119 ekspresyjnym, \u017cywym malarstwem, kt\u00f3re mo\u017cna sytuowa\u0107 na pograniczu ekspresjonizmu, abstrakcji i estetyki graffiti. Zwi\u0105zana z wroc\u0142awsk\u0105 grup\u0105 Ko\u015bci\u00f3\u0142 Nihilist\u00f3w oraz warszawsk\u0105 galeri\u0105 \u015amier\u0107 Frajerom. Swoje prace prezentowa\u0142a w ramach wystaw indywidualnych m.in.: \u201eW kryminalnym MC wci\u0105\u017c ukazana prawda\u201d (Galeria Du\u017cy Pok\u00f3j, Warszawa), \u201e666 z\u0142 brutto\u201d (MD_S, Wroc\u0142aw) oraz w ramach zbiorowych wystaw grupy Ko\u015bci\u00f3\u0142 Nihilist\u00f3w we Wroc\u0142awiu, projektu \u201cWien darf nicht \u00d6sterreich werden!\u201d (galeria GPL contemporary, Wiede\u0144), \u201cZapraszam na Wernisa\u017c #7\u201d (Galeria \u015amier\u0107 Frajerom, Warszawa). Stypendystka projektu der Sommerakademie Die R\u00f6sslstube w Dre\u017anie (2019). Mieszka i tworzy we Wroc\u0142awiu.<\/p>\n<p><strong>Statement<\/strong><br \/>\nMalarstwo ma by\u0107 synonimem dynamiki i niepodwa\u017calno\u015bci. Chc\u0119 aby obraz nie funkcjonowa\u0142 obok, ale by\u0142 takim samym do\u015bwiadczeniem. Mam tendencje do traktowania swoich prac totalnie na powa\u017cnie &#8211; jakby praca nad nimi by\u0142a walk\u0105 na \u015bmier\u0107 i \u017cycie, wymagaj\u0105c\u0105 nieustaj\u0105cej uwa\u017cno\u015bci tak, aby efekt ko\u0144cowy nie sta\u0142 si\u0119 kpin\u0105 czy bana\u0142em wobec \u015bwiata. Chc\u0119 tworzy\u0107 rzetelnie, trzymaj\u0105c ci\u0105g\u0142\u0105 wart\u0119 czujno\u015bci tak, by nie wdar\u0142 si\u0119 \u017caden przypadowy element, kt\u00f3ry mo\u017ce str\u0105ci\u0107 dzie\u0142o z wymy\u015blonego przeze mnie piedesta\u0142u. Malarstwo ma pozosta\u0107 piecz\u0119ci\u0105 chwilowo zaistnia\u0142ego wra\u017cenia o \u015bwiecie, czyli do\u015bwiadczenia istniej\u0105cego tylko w tym konkretnym momencie.<\/p>\n<p>Portfolio: <a href=\"https:\/\/www.instagram.com\/krzyzanowskanikita\/?hl=pl\" target=\"_blank\" rel=\"noopener noreferrer\">nikita_krzy\u017canowska<\/a>\u00a0(Ig)<\/p>\n","protected":false},"excerpt":{"rendered":"<p>#OP_Young Nikita Krzy\u017canowska (ur. 1995, Wroc\u0142aw) &#8211; malarka, studentka Wydzia\u0142u Malarstwa Akademii Sztuk Pi\u0119knych im. E. Gepperta we Wroc\u0142awiu w Pracowni prof. Marka Jakubka. Zajmuje si\u0119 ekspresyjnym, \u017cywym malarstwem, kt\u00f3re mo\u017cna sytuowa\u0107 na pograniczu ekspresjonizmu, abstrakcji i estetyki graffiti. Zwi\u0105zana z wroc\u0142awsk\u0105 grup\u0105 Ko\u015bci\u00f3\u0142 Nihilist\u00f3w oraz warszawsk\u0105 galeri\u0105 \u015amier\u0107 Frajerom. Swoje prace prezentowa\u0142a w ramach wystaw indywidualnych m.in.: \u201eW kryminalnym MC wci\u0105\u017c ukazana prawda\u201d (Galeria Du\u017cy Pok\u00f3j, Warszawa), \u201e666 z\u0142&#8230;<\/p>\n","protected":false},"author":2,"featured_media":4120,"parent":0,"menu_order":72,"comment_status":"closed","ping_status":"closed","template":"","meta":{"_acf_changed":false,"footnotes":""},"class_list":["post-4416","page","type-page","status-publish","has-post-thumbnail","hentry"],"acf":[],"_links":{"self":[{"href":"https:\/\/openheim.org\/en\/wp-json\/wp\/v2\/pages\/4416","targetHints":{"allow":["GET"]}}],"collection":[{"href":"https:\/\/openheim.org\/en\/wp-json\/wp\/v2\/pages"}],"about":[{"href":"https:\/\/openheim.org\/en\/wp-json\/wp\/v2\/types\/page"}],"author":[{"embeddable":true,"href":"https:\/\/openheim.org\/en\/wp-json\/wp\/v2\/users\/2"}],"replies":[{"embeddable":true,"href":"https:\/\/openheim.org\/en\/wp-json\/wp\/v2\/comments?post=4416"}],"version-history":[{"count":1,"href":"https:\/\/openheim.org\/en\/wp-json\/wp\/v2\/pages\/4416\/revisions"}],"predecessor-version":[{"id":4419,"href":"https:\/\/openheim.org\/en\/wp-json\/wp\/v2\/pages\/4416\/revisions\/4419"}],"wp:featuredmedia":[{"embeddable":true,"href":"https:\/\/openheim.org\/en\/wp-json\/wp\/v2\/media\/4120"}],"wp:attachment":[{"href":"https:\/\/openheim.org\/en\/wp-json\/wp\/v2\/media?parent=4416"}],"curies":[{"name":"wp","href":"https:\/\/api.w.org\/{rel}","templated":true}]}}