{"id":5683,"date":"2021-09-17T18:50:26","date_gmt":"2021-09-17T16:50:26","guid":{"rendered":"https:\/\/openheim.org\/pl\/?page_id=5683"},"modified":"2026-02-16T18:14:47","modified_gmt":"2026-02-16T17:14:47","slug":"program","status":"publish","type":"page","link":"https:\/\/openheim.org\/en\/program\/","title":{"rendered":"Program"},"content":{"rendered":"<p><strong>EXHIBITIONS:<\/strong><\/p>\n<p><strong>Hidden Parameters | Anna Bera, Huba (Jakub Ciemachowski i Piotr Ko\u0142akowski), Agata Marchlewicz, Olga Mici\u0144ska, Olga Milczy\u0144ska\/Wies\u0142aw Bartkowski, P55 Mirrors (Beata Ludwin i \u0141ukasz Wo\u0142ek), Rest (Dominika Gacka i Julia Piekarska), Jakub \u015awi\u0119cicki, Iza Tarasewicz, Zinaida Tchelidze, Marek Wodzis\u0142awski<\/strong><br \/>\n<strong>\u25aa\ufe0f<\/strong>Opening: October 17, 2025, 7:00 PM<br \/>\n\u25aa\ufe0f October 17, 2025 \u2013 February 22, 2026<br \/>\n\u25aa\ufe0f OP ENHEIM, 1st floor, Plac Solny 4, Wroc\u0142aw <a href=\"https:\/\/openheim.org\/pl\/wystawy\/aktualne\/ukryte-parametry\/\" target=\"_blank\" rel=\"noopener\">>>><\/a><\/p>\n<p><strong>EVENTS:<\/strong><\/p>\n<p><strong>\u25aa\ufe0f 17.10.2025, 7 PM<br \/>\nEXHIBITION OPENING | &#8220;Hidden Parameters\u201d<br \/>\n<\/strong>\u25aa\ufe0f<a href=\"https:\/\/fb.me\/e\/3kH1IMRLp\">Join us<\/a><\/p>\n<p><strong>\u25aa\ufe0f 18.10.2025, 11:00 AM<br \/>\nSztuka Uwa\u017cno\u015bci | Yoga at OP ENHEIM<br \/>\n<\/strong>\u25aa\ufe0f<a href=\"https:\/\/app.evenea.pl\/event\/832353-102\/\">Tickets<\/a><\/p>\n<p>&nbsp;<\/p>\n<p>&nbsp;<\/p>\n<p>&nbsp;<\/p>\n<p>&nbsp;<\/p>\n<p>&nbsp;<\/p>\n<p>&nbsp;<\/p>\n","protected":false},"excerpt":{"rendered":"<p>EXHIBITIONS: Hidden Parameters | Anna Bera, Huba (Jakub Ciemachowski i Piotr Ko\u0142akowski), Agata Marchlewicz, Olga Mici\u0144ska, Olga Milczy\u0144ska\/Wies\u0142aw Bartkowski, P55 Mirrors (Beata Ludwin i \u0141ukasz Wo\u0142ek), Rest (Dominika Gacka i Julia Piekarska), Jakub \u015awi\u0119cicki, Iza Tarasewicz, Zinaida Tchelidze, Marek Wodzis\u0142awski \u25aa\ufe0fOpening: October 17, 2025, 7:00 PM \u25aa\ufe0f October 17, 2025 \u2013 February 22, 2026 \u25aa\ufe0f OP ENHEIM, 1st floor, Plac Solny 4, Wroc\u0142aw >>> EVENTS: \u25aa\ufe0f 17.10.2025, 7 PM EXHIBITION&#8230;<\/p>\n","protected":false},"author":2,"featured_media":0,"parent":0,"menu_order":53,"comment_status":"closed","ping_status":"closed","template":"","meta":{"_acf_changed":false,"footnotes":""},"class_list":["post-5683","page","type-page","status-publish","hentry"],"acf":[],"_links":{"self":[{"href":"https:\/\/openheim.org\/en\/wp-json\/wp\/v2\/pages\/5683","targetHints":{"allow":["GET"]}}],"collection":[{"href":"https:\/\/openheim.org\/en\/wp-json\/wp\/v2\/pages"}],"about":[{"href":"https:\/\/openheim.org\/en\/wp-json\/wp\/v2\/types\/page"}],"author":[{"embeddable":true,"href":"https:\/\/openheim.org\/en\/wp-json\/wp\/v2\/users\/2"}],"replies":[{"embeddable":true,"href":"https:\/\/openheim.org\/en\/wp-json\/wp\/v2\/comments?post=5683"}],"version-history":[{"count":424,"href":"https:\/\/openheim.org\/en\/wp-json\/wp\/v2\/pages\/5683\/revisions"}],"predecessor-version":[{"id":11612,"href":"https:\/\/openheim.org\/en\/wp-json\/wp\/v2\/pages\/5683\/revisions\/11612"}],"wp:attachment":[{"href":"https:\/\/openheim.org\/en\/wp-json\/wp\/v2\/media?parent=5683"}],"curies":[{"name":"wp","href":"https:\/\/api.w.org\/{rel}","templated":true}]}}