{"id":5763,"date":"2021-09-29T18:40:31","date_gmt":"2021-09-29T16:40:31","guid":{"rendered":"https:\/\/openheim.org\/pl\/?page_id=5763"},"modified":"2021-10-07T13:18:28","modified_gmt":"2021-10-07T11:18:28","slug":"ukrainian","status":"publish","type":"page","link":"https:\/\/openheim.org\/en\/wystawy\/archiwum\/slavs-and-tatars-long-lvive-lviv\/ukrainian\/","title":{"rendered":"\u0423\u043a\u0440\u0430\u0457\u043d\u0441\u044c\u043a\u043e\u044e"},"content":{"rendered":"<p><strong>Slavs and Tatars. LONG LVIVE LVIV. \u0421\u041b\u0410\u0412\u0410 \u0417\u0410 \u0411\u0420\u0415\u0421\u041b\u0410\u0412A<\/strong><\/p>\n<p class=\"tw-data-text tw-text-large XcVN5d tw-ta\" dir=\"ltr\" data-placeholder=\"T\u0142umaczenie\"><span class=\"Y2IQFc\" lang=\"uk\">\u0422\u0440\u0438\u0432\u0430\u043b\u0456\u0441\u0442\u044c: 16.10.2021\u201331.01.2022<br \/>\n<\/span><span class=\"Y2IQFc\" lang=\"uk\">\u0412\u0456\u0434\u043a\u0440\u0438\u0442\u0442\u044f: 15.10.2021r., 18:30<br \/>\n<\/span><span class=\"Y2IQFc\" lang=\"uk\">\u041f\u0440\u0438\u0454\u0434\u043d\u0443\u0439\u0442\u0435\u0441\u044c \u0434\u043e \u043f\u043e\u0434\u0456\u0457 \u0443 Facebook: <a href=\"https:\/\/www.facebook.com\/events\/667432860901490\">LINK<\/a><\/span><\/p>\n<p id=\"tw-target-text\" class=\"tw-data-text tw-text-large XcVN5d tw-ta\" dir=\"ltr\" data-placeholder=\"T\u0142umaczenie\">______________<\/p>\n<p>\u0423 \u0434\u0438\u0442\u0438\u043d\u0441\u0442\u0432\u0456 \u043c\u0438 \u043d\u0435 \u043c\u0430\u043b\u0438 \u043f\u043e\u043d\u044f\u0442\u0442\u044f, \u0449\u043e \u043e\u0434\u043d\u043e\u0433\u043e \u0434\u043d\u044f \u0441\u0445\u0456\u0434 \u043f\u0435\u0440\u0435\u043d\u0435\u0441\u0435\u0442\u044c\u0441\u044f \u043d\u0430 \u0437\u0430\u0445\u0456\u0434. \u0429\u043e \u0437\u0430 \u043d\u0435\u0434\u043e\u0440\u0435\u0447\u043d\u0430 \u0456\u0434\u0435\u044f?! \u0425\u0442\u043e \u0431 \u043c\u0456\u0433 \u043f\u043e\u0434\u0443\u043c\u0430\u0442\u0438, \u0449\u043e \u044f\u043a\u0438\u0439\u0441\u044c \u043d\u0430\u043f\u0440\u044f\u043c\u043e\u043a \u043c\u0456\u0433 \u0431\u0438 \u0440\u0443\u0445\u0430\u0442\u0438\u0441\u044f \u0432 \u0456\u043d\u0448\u043e\u043c\u0443 \u043d\u0430\u043f\u0440\u044f\u043c\u043a\u0443?<\/p>\n<ul>\n<li>\u2013 Slavs and Tatars, Slavs, 032c, 2006<\/li>\n<\/ul>\n<p>\u0412\u0438\u0441\u0442\u0430\u0432\u043a\u0430 \u0433\u0440\u0443\u043f\u0438 Slavs and Tatars \u043f\u0456\u0434 \u043d\u0430\u0437\u0432\u043e\u044e \u00abLONG LVIVE LVIV\/\u0421\u041b\u0410\u0412\u0410 \u0417\u0410 \u0411\u0420\u0415\u0421\u041b\u0410\u0412\u0410\u00bb \u043f\u043e\u043a\u0430\u0437\u0443\u0454 \u043f\u0435\u0440\u0435\u043f\u043b\u0435\u0442\u0435\u043d\u0443 \u0456\u0441\u0442\u043e\u0440\u0456\u044e \u041b\u044c\u0432\u043e\u0432\u0430 \u0456 \u0412\u0440\u043e\u0446\u043b\u0430\u0432\u0430 \u0437 \u043e\u0441\u043e\u0431\u043b\u0438\u0432\u043e\u0457 \u043f\u0435\u0440\u0441\u043f\u0435\u043a\u0442\u0438\u0432\u0438 \u043e\u0440\u0456\u0454\u043d\u0442\u0430\u043b\u0456\u0437\u043c\u0443. \u041f\u0456\u0441\u043b\u044f \u0414\u0440\u0443\u0433\u043e\u0457 \u0441\u0432\u0456\u0442\u043e\u0432\u043e\u0457 \u0432\u0456\u0439\u043d\u0438, \u043a\u043e\u043b\u0438 \u041b\u044c\u0432\u0456\u0432 \u0441\u0442\u0430\u0432 \u0447\u0430\u0441\u0442\u0438\u043d\u043e\u044e \u0423\u043a\u0440\u0430\u0457\u043d\u0441\u044c\u043a\u043e\u0457 \u0420\u0430\u0434\u044f\u043d\u0441\u044c\u043a\u043e\u0457 \u0421\u043e\u0446\u0456\u0430\u043b\u0456\u0441\u0442\u0438\u0447\u043d\u043e\u0457 \u0420\u0435\u0441\u043f\u0443\u0431\u043b\u0456\u043a\u0438, \u043f\u043e\u043b\u044c\u0441\u044c\u043a\u0435 \u043d\u0430\u0441\u0435\u043b\u0435\u043d\u043d\u044f \u043c\u0456\u0441\u0442\u0430 \u0431\u0443\u043b\u043e \u0437\u043c\u0443\u0448\u0435\u043d\u0435 \u043f\u0435\u0440\u0435\u0441\u0435\u043b\u0438\u0442\u0438\u0441\u044f \u0434\u043e \u0412\u0440\u043e\u0446\u043b\u0430\u0432\u0430 \u2013 \u043d\u0456\u043c\u0435\u0446\u044c\u043a\u043e\u0433\u043e \u043c\u0456\u0441\u0442\u0430, \u044f\u043a\u0435 \u0443\u0432\u0456\u0439\u0448\u043b\u043e \u0434\u043e \u0441\u043a\u043b\u0430\u0434\u0443 \u041f\u043e\u043b\u044c\u0449\u0456 \u043f\u0456\u0441\u043b\u044f \u041f\u043e\u0441\u0442\u0434\u0430\u043c\u0441\u044c\u043a\u043e\u0457 \u043a\u043e\u043d\u0444\u0435\u0440\u0435\u043d\u0446\u0456\u0457 \u044f\u043a \u043a\u043e\u043c\u043f\u0435\u043d\u0441\u0430\u0446\u0456\u044f \u0437\u0430 \u0432\u0442\u0440\u0430\u0442\u0443 \u0441\u0445\u0456\u0434\u043d\u0438\u0445 \u0437\u0435\u043c\u0435\u043b\u044c. \u0420\u0430\u0437\u043e\u043c \u0456\u0437 \u043f\u0435\u0440\u0435\u0441\u0435\u043b\u0435\u043d\u0438\u043c\u0438 \u043c\u0435\u0448\u043a\u0430\u043d\u0446\u044f\u043c\u0438 \u0431\u0443\u043b\u0438 \u0437\u043c\u0443\u0448\u0435\u043d\u0456 \u0432\u0442\u0456\u043a\u0430\u0442\u0438 \u0442\u0430\u043a\u043e\u0436 \u043d\u0430\u0443\u043a\u043e\u0432\u0446\u0456 \u0437 \u043f\u0440\u0435\u0441\u0442\u0438\u0436\u043d\u043e\u0433\u043e \u0423\u043d\u0456\u0432\u0435\u0440\u0441\u0438\u0442\u0435\u0442\u0443 \u042f\u043d\u0430 \u041a\u0430\u0437\u0438\u043c\u0438\u0440\u0430 \u0443 \u041b\u044c\u0432\u043e\u0432\u0456 (\u0442\u0435\u043f\u0435\u0440 \u2013 \u041b\u044c\u0432\u0456\u0432\u0441\u044c\u043a\u0438\u0439 \u043d\u0430\u0446\u0456\u043e\u043d\u0430\u043b\u044c\u043d\u0438\u0439 \u0443\u043d\u0456\u0432\u0435\u0440\u0441\u0438\u0442\u0435\u0442 \u0456\u043c. \u0406. \u0424\u0440\u0430\u043d\u043a\u0430), \u0431\u0456\u043b\u044c\u0448\u0456\u0441\u0442\u044c \u0456\u0437 \u043d\u0438\u0445 \u043e\u0431\u0456\u0439\u043d\u044f\u043b\u0430 \u043f\u043e\u0441\u0430\u0434\u0438 \u0443 \u0412\u0440\u043e\u0446\u043b\u0430\u0432\u0441\u044c\u043a\u043e\u043c\u0443 \u0443\u043d\u0456\u0432\u0435\u0440\u0441\u0438\u0442\u0435\u0442\u0456. \u0410\u043b\u0435 \u043e\u0434\u0438\u043d \u043f\u0440\u043e\u0432\u0456\u0434\u043d\u0438\u0439 \u0432\u0456\u0434\u0434\u0456\u043b \u043d\u0435 \u043f\u0435\u0440\u0435\u0436\u0438\u0432 \u0446\u0456\u0454\u0457 \u0434\u0435\u043f\u043e\u0440\u0442\u0430\u0446\u0456\u0457.<\/p>\n<p>\u0423 \u0440\u043e\u0437\u043c\u0456\u0449\u0435\u043d\u043e\u043c\u0443 \u043d\u0430 \u0441\u0445\u0456\u0434\u043d\u043e\u043c\u0443 \u043a\u043e\u0440\u0434\u043e\u043d\u0456 \u0414\u0440\u0443\u0433\u043e\u0457 \u0420\u0435\u0447\u0456 \u041f\u043e\u0441\u043f\u043e\u043b\u0438\u0442\u043e\u0457 \u041b\u044c\u0432\u043e\u0432\u0456 \u0434\u0456\u044f\u0432 \u043e\u0434\u0438\u043d \u0456\u0437 \u043f\u0440\u043e\u0432\u0456\u0434\u043d\u0438\u0445 \u0432 \u0404\u0432\u0440\u043e\u043f\u0456 \u043e\u0441\u0435\u0440\u0435\u0434\u043a\u0456\u0432 \u043e\u0440\u0456\u0454\u043d\u0442\u0430\u043b\u044c\u043d\u0438\u0445 \u0441\u0442\u0443\u0434\u0456\u0439. \u0421\u043f\u0435\u0446\u0456\u0430\u043b\u044c\u043d\u043e \u0434\u043b\u044f \u0432\u0438\u0441\u0442\u0430\u0432\u043a\u0438 \u0432 \u00abOP ENHEIM\u00bb <em>Slavs<\/em> <em>and<\/em> <em>Tatars<\/em> \u0432\u043e\u0441\u043a\u0440\u0435\u0448\u0430\u044e\u0442\u044c \u0424\u0430\u043a\u0443\u043b\u044c\u0442\u0435\u0442 \u0421\u0445\u043e\u0434\u043e\u0437\u043d\u0430\u0432\u0441\u0442\u0432\u0430 \u0443 \u0412\u0440\u043e\u0446\u043b\u0430\u0432\u0456, \u0442\u0430\u043a \u043d\u0456\u0431\u0438 \u043b\u044c\u0432\u0456\u0432\u0441\u044c\u043a\u0456 \u043d\u0430\u0443\u043a\u043e\u0432\u0456 \u0442\u0440\u0430\u0434\u0438\u0446\u0456\u0457 \u0456 \u0434\u043e\u0441\u043b\u0456\u0434\u0436\u0435\u043d\u043d\u044f \u043f\u0435\u0440\u0435\u0436\u0438\u043b\u0438 \u043f\u0435\u0440\u0435\u043c\u0456\u0449\u0435\u043d\u043d\u044f \u043d\u0430 \u0417\u0430\u0445\u0456\u0434. \u0412 \u043e\u0442\u043e\u0447\u0435\u043d\u043d\u0456 \u043e\u0440\u0456\u0454\u043d\u0442\u0430\u043b\u044c\u043d\u0438\u0445 \u0442\u043a\u0430\u043d\u0438\u043d \u0456 \u043a\u0438\u043b\u0438\u043c\u0456\u0432 \u0456\u0437 \u043a\u043e\u043b\u0435\u043a\u0446\u0456\u0457 \u0440\u043e\u0434\u0438\u043d\u0438 \u041a\u0443\u043b\u044c\u0447\u0438\u0446\u044c\u043a\u0438\u0445 \u0443\u043a\u0440\u0430\u0457\u043d\u0441\u044c\u043a\u0456 \u0432\u0438\u043a\u043b\u0430\u0434\u0430\u0447\u0456 \u0437 \u0423\u043d\u0456\u0432\u0435\u0440\u0441\u0438\u0442\u0435\u0442\u0443 \u0456\u043c. \u0406. \u0424\u0440\u0430\u043d\u043a\u0430 \u043f\u0440\u043e\u0432\u0435\u0434\u0443\u0442\u044c \u0443 \u043f\u0440\u0438\u043c\u0456\u0449\u0435\u043d\u043d\u0456 \u00abOP ENHEIM\u00bb \u0446\u0438\u043a\u043b \u043c\u0430\u0439\u0441\u0442\u0435\u0440-\u043a\u043b\u0430\u0441\u0456\u0432 \u0456 \u043b\u0435\u043a\u0446\u0456\u0439 \u043d\u0430 \u0441\u0445\u0456\u0434\u043d\u0443 \u0442\u0435\u043c\u0430\u0442\u0438\u043a\u0443 \u2013 \u0432\u0456\u0434 \u043a\u0443\u0440\u0441\u0456\u0432 \u0430\u0440\u0430\u0431\u0441\u044c\u043a\u043e\u0457 \u0456 \u043f\u0435\u0440\u0441\u044c\u043a\u043e\u0457 \u043c\u043e\u0432 \u0434\u043e \u043e\u0431\u0433\u043e\u0432\u043e\u0440\u0435\u043d\u043d\u044f \u043a\u043b\u044e\u0447\u043e\u0432\u043e\u0457 \u0440\u043e\u043b\u0456 \u0456\u0441\u043b\u0430\u043c\u0443 \u0443 \u0421\u0445\u0456\u0434\u043d\u0456\u0439 \u0404\u0432\u0440\u043e\u043f\u0456. \u041e\u043a\u0440\u0456\u043c \u0441\u0435\u0440\u0456\u0457 \u0441\u043e\u0446\u0456\u0430\u043b\u044c\u043d\u0438\u0445 \u0441\u043a\u0443\u043b\u044c\u043f\u0442\u0443\u0440, <em>Slavs<\/em> <em>and<\/em> <em>Tatars<\/em> \u0440\u043e\u0437\u0440\u043e\u0431\u0438\u043b\u0438 \u043c\u0435\u0440\u0447\u0435\u043d\u0434\u0430\u0439\u0437\u0438\u043d\u0433\u043e\u0432\u0443 \u043a\u043e\u043b\u0435\u043a\u0446\u0456\u044e, \u043f\u043e\u0432\u2019\u044f\u0437\u0430\u043d\u0443 \u0456\u0437 \u041b\u044c\u0432\u0456\u0432\u0441\u044c\u043a\u0438\u043c \u0443\u043d\u0456\u0432\u0435\u0440\u0441\u0438\u0442\u0435\u0442\u043e\u043c.<\/p>\n<p>\u0421\u0456\u043c\u0434\u0435\u0441\u044f\u0442 \u043f\u2019\u044f\u0442\u044c \u0440\u043e\u043a\u0456\u0432 \u043f\u043e \u0442\u043e\u043c\u0443, \u044f\u043a \u0456\u0441\u0442\u043e\u0440\u0456\u044f \u041b\u044c\u0432\u043e\u0432\u0430 \u0456 \u0412\u0440\u043e\u0446\u043b\u0430\u0432\u0430 \u043f\u043e\u0454\u0434\u043d\u0430\u043b\u0430\u0441\u044f \u0432\u043f\u0435\u0440\u0448\u0435, \u043f\u0440\u043e\u0431\u043b\u0435\u043c\u0430 \u043c\u0456\u0433\u0440\u0430\u0446\u0456\u0457 \u0432\u0441\u0435 \u0449\u0435 \u0437\u0430\u043b\u0438\u0448\u0430\u0454\u0442\u044c\u0441\u044f \u0432\u0430\u0436\u043b\u0438\u0432\u043e\u044e \u0456 \u043d\u0435\u0437\u0440\u043e\u0437\u0443\u043c\u0456\u043b\u043e\u044e \u044f\u043a \u043d\u0430 \u0441\u0432\u0456\u0442\u0456, \u0442\u0430\u043a \u0456 \u0432 \u041f\u043e\u043b\u044c\u0449\u0456. \u0412\u0438\u0441\u0442\u0430\u0432\u043a\u0430 \u0437\u043c\u0443\u0448\u0443\u0454 \u0437\u0430\u0434\u0443\u043c\u0430\u0442\u0438\u0441\u044f \u043d\u0430\u0434 \u0442\u0438\u043c, \u044f\u043a \u043a\u043e\u0440\u0434\u043e\u043d\u0438 \u0434\u0435\u0440\u0436\u0430\u0432 \u0456 \u0443\u044f\u0432\u043b\u0435\u043d\u044c \u043f\u0440\u043e \u0432\u043b\u0430\u0441\u043d\u0443 \u0456\u0434\u0435\u043d\u0442\u0438\u0447\u043d\u0456\u0441\u0442\u044c \u0432\u043f\u043b\u0438\u0432\u0430\u044e\u0442\u044c \u043d\u0430 \u0437\u043d\u0430\u043d\u043d\u044f \u0456 \u0432\u043b\u0430\u0434\u0443, \u0437\u043e\u043a\u0440\u0435\u043c\u0430 \u0432 \u043a\u043e\u043d\u0442\u0435\u043a\u0441\u0442\u0456 \u0441\u0443\u0447\u0430\u0441\u043d\u043e\u0457 \u043c\u0456\u0433\u0440\u0430\u0446\u0456\u0457 \u0437\u0456 \u0421\u0445\u043e\u0434\u0443 \u0434\u043e \u041f\u043e\u043b\u044c\u0449\u0456.<\/p>\n<p>______________<\/p>\n<p>\u041e\u0440\u0433\u0430\u043d\u0456\u0437\u0430\u0442\u043e\u0440: OP ENHEIM<br \/>\n\u0421\u043f\u0456\u0432\u043e\u0440\u0433\u0430\u043d\u0456\u0437\u0430\u0442\u043e\u0440: VOP<br \/>\n\u041f\u043e\u0447\u0435\u0441\u043d\u0438\u0439 \u043c\u0435\u0446\u0435\u043d\u0430\u0442: Womak Holding SA<br \/>\n<span style=\"font-family: monospace, monospace; font-size: 1em;\">\u041f\u0430\u0440\u0442\u043d\u0435\u0440\u0438<\/span>: Muzeum Tatrza\u0144skie im. Dra Tytusa Cha\u0142ubi\u0144skiego w Zakopanem, Komisja Europejska Parlamentu Europejskiego, agitPolska e.V, Gmina Wroc\u0142aw, Wroc\u0142awskie Centrum Rozwoju Spo\u0142ecznego, ZA* Grupa, Fundacja Wsp\u00f3\u0142pracy Polsko-Niemieckiej, Kolegium Europy Wschodniej im. Jana Nowaka Jeziora\u0144skiego, OPEN Reklama, Galeria Raster, Keim, Kubota, Warsaw Gallery Weekend<br \/>\n\u041c\u0435\u0434\u0456\u0430 -\u043f\u0430\u0440\u0442\u043d\u0435\u0440\u0438: Vogue Polska, NN6T<\/p>\n<p id=\"tw-target-text\" class=\"tw-data-text tw-text-large XcVN5d tw-ta\" dir=\"ltr\" data-placeholder=\"T\u0142umaczenie\"><span class=\"Y2IQFc\" lang=\"uk\">\u0417\u0430\u0445\u0456\u0434 \u043f\u0440\u043e\u0445\u043e\u0434\u0438\u0442\u044c \u043f\u0456\u0434 \u041f\u043e\u0447\u0435\u0441\u043d\u0438\u043c \u043f\u0430\u0442\u0440\u043e\u043d\u0430\u0442\u043e\u043c \u043c\u0435\u0440\u0430 \u0412\u0440\u043e\u0446\u043b\u0430\u0432\u0430.<br \/>\n\u041f\u0440\u043e\u0435\u043a\u0442 \u0441\u043f\u0456\u043b\u044c\u043d\u043e \u0444\u0456\u043d\u0430\u043d\u0441\u0443\u0454\u0442\u044c\u0441\u044f \u043c\u0443\u043d\u0456\u0446\u0438\u043f\u0430\u043b\u0456\u0442\u0435\u0442\u043e\u043c \u0412\u0440\u043e\u0446\u043b\u0430\u0432 (www.wroclaw.pl) \u0442\u0430 \u0424\u043e\u043d\u0434\u043e\u043c \u043f\u043e\u043b\u044c\u0441\u044c\u043a\u043e-\u043d\u0456\u043c\u0435\u0446\u044c\u043a\u043e\u0433\u043e \u0441\u043f\u0456\u0432\u0440\u043e\u0431\u0456\u0442\u043d\u0438\u0446\u0442\u0432\u0430.<\/span><\/p>\n","protected":false},"excerpt":{"rendered":"<p>Slavs and Tatars. LONG LVIVE LVIV. \u0421\u041b\u0410\u0412\u0410 \u0417\u0410 \u0411\u0420\u0415\u0421\u041b\u0410\u0412A \u0422\u0440\u0438\u0432\u0430\u043b\u0456\u0441\u0442\u044c: 16.10.2021\u201331.01.2022 \u0412\u0456\u0434\u043a\u0440\u0438\u0442\u0442\u044f: 15.10.2021r., 18:30 \u041f\u0440\u0438\u0454\u0434\u043d\u0443\u0439\u0442\u0435\u0441\u044c \u0434\u043e \u043f\u043e\u0434\u0456\u0457 \u0443 Facebook: LINK ______________ \u0423 \u0434\u0438\u0442\u0438\u043d\u0441\u0442\u0432\u0456 \u043c\u0438 \u043d\u0435 \u043c\u0430\u043b\u0438 \u043f\u043e\u043d\u044f\u0442\u0442\u044f, \u0449\u043e \u043e\u0434\u043d\u043e\u0433\u043e \u0434\u043d\u044f \u0441\u0445\u0456\u0434 \u043f\u0435\u0440\u0435\u043d\u0435\u0441\u0435\u0442\u044c\u0441\u044f \u043d\u0430 \u0437\u0430\u0445\u0456\u0434. \u0429\u043e \u0437\u0430 \u043d\u0435\u0434\u043e\u0440\u0435\u0447\u043d\u0430 \u0456\u0434\u0435\u044f?! \u0425\u0442\u043e \u0431 \u043c\u0456\u0433 \u043f\u043e\u0434\u0443\u043c\u0430\u0442\u0438, \u0449\u043e \u044f\u043a\u0438\u0439\u0441\u044c \u043d\u0430\u043f\u0440\u044f\u043c\u043e\u043a \u043c\u0456\u0433 \u0431\u0438 \u0440\u0443\u0445\u0430\u0442\u0438\u0441\u044f \u0432 \u0456\u043d\u0448\u043e\u043c\u0443 \u043d\u0430\u043f\u0440\u044f\u043c\u043a\u0443? \u2013 Slavs and Tatars, Slavs, 032c, 2006 \u0412\u0438\u0441\u0442\u0430\u0432\u043a\u0430 \u0433\u0440\u0443\u043f\u0438 Slavs and Tatars \u043f\u0456\u0434 \u043d\u0430\u0437\u0432\u043e\u044e \u00abLONG LVIVE LVIV\/\u0421\u041b\u0410\u0412\u0410 \u0417\u0410 \u0411\u0420\u0415\u0421\u041b\u0410\u0412\u0410\u00bb&#8230;<\/p>\n","protected":false},"author":2,"featured_media":5737,"parent":4966,"menu_order":51,"comment_status":"closed","ping_status":"closed","template":"","meta":{"_acf_changed":false,"footnotes":""},"class_list":["post-5763","page","type-page","status-publish","has-post-thumbnail","hentry"],"acf":[],"_links":{"self":[{"href":"https:\/\/openheim.org\/en\/wp-json\/wp\/v2\/pages\/5763","targetHints":{"allow":["GET"]}}],"collection":[{"href":"https:\/\/openheim.org\/en\/wp-json\/wp\/v2\/pages"}],"about":[{"href":"https:\/\/openheim.org\/en\/wp-json\/wp\/v2\/types\/page"}],"author":[{"embeddable":true,"href":"https:\/\/openheim.org\/en\/wp-json\/wp\/v2\/users\/2"}],"replies":[{"embeddable":true,"href":"https:\/\/openheim.org\/en\/wp-json\/wp\/v2\/comments?post=5763"}],"version-history":[{"count":3,"href":"https:\/\/openheim.org\/en\/wp-json\/wp\/v2\/pages\/5763\/revisions"}],"predecessor-version":[{"id":5770,"href":"https:\/\/openheim.org\/en\/wp-json\/wp\/v2\/pages\/5763\/revisions\/5770"}],"up":[{"embeddable":true,"href":"https:\/\/openheim.org\/en\/wp-json\/wp\/v2\/pages\/4966"}],"wp:featuredmedia":[{"embeddable":true,"href":"https:\/\/openheim.org\/en\/wp-json\/wp\/v2\/media\/5737"}],"wp:attachment":[{"href":"https:\/\/openheim.org\/en\/wp-json\/wp\/v2\/media?parent=5763"}],"curies":[{"name":"wp","href":"https:\/\/api.w.org\/{rel}","templated":true}]}}