{"id":584,"date":"2020-04-29T16:28:12","date_gmt":"2020-04-29T14:28:12","guid":{"rendered":"http:\/\/openheim.org\/dla-prasy\/"},"modified":"2025-10-13T15:00:54","modified_gmt":"2025-10-13T13:00:54","slug":"dla-prasy","status":"publish","type":"page","link":"https:\/\/openheim.org\/en\/dla-prasy\/","title":{"rendered":"Pressroom"},"content":{"rendered":"<p><strong>CONTACT<br \/>\n<\/strong>press@openheim.org<br \/>\nnatalia.gaj@openheim.org<br \/>\n+ 48 601 656 335<\/p>\n<p><strong>PRESS MATERIALS<br \/>\n<\/strong>OP ENHEIM Press kit | <a href=\"https:\/\/drive.google.com\/drive\/folders\/1YuaibtctyJLtiKPLj4grP6jRC393Apbu?usp=sharing\"><strong>HERE<\/strong><\/a><\/p>\n<p><strong>2025<\/strong><\/p>\n<p>\u2013 Ukryte Parametry | Anna Bera, Huba (Jakub Ciemachowski i\u00a0Piotr Ko\u0142akowski), Agata Marchlewicz, Olga Mici\u0144ska, Olga Milczy\u0144ska\/Wies\u0142aw Bartkowski, P55 Mirrors (Beata Ludwin i\u00a0\u0141ukasz Wo\u0142ek), Rest (Dominika Gacka i\u00a0Julia Piekarska), Jakub \u015awi\u0119cicki, Iza Tarasewicz, Zinaida Tchelidze, Marek Wodzis\u0142awski | <strong><a href=\"https:\/\/womakholdingsa57b05-my.sharepoint.com\/:f:\/g\/personal\/vop_dysk_womakholdingsa57b05_onmicrosoft_com\/Elj6FGGN-JVHjX0gGCz1nqgBn_aypQFTMrDSzubG0rGpww?e=O5Ge5X\" target=\"_blank\" rel=\"noopener\">LINK<\/a><\/strong><br \/>\n\u2013\u00a0Trwaj\u0105c bez powrotu | Jessica Ostrowicz | <strong><a href=\"https:\/\/womakholdingsa57b05-my.sharepoint.com\/:f:\/g\/personal\/vop_dysk_womakholdingsa57b05_onmicrosoft_com\/EuVY1vk2TEJLl8QWsjVR_-IBrM5bnFH6N5bEDSuHBAmEfw?e=e7BjMA\" target=\"_blank\" rel=\"noopener\">LINK<\/a><\/strong><br \/>\n\u2013 R\u00f3b to, czego sobie \u017cyczysz | Banasiak \u2013 B\u0142ach \u2013 Duda \u2013 Stefaniak | <strong><a href=\"https:\/\/womakholdingsa57b05-my.sharepoint.com\/:f:\/g\/personal\/vop_dysk_womakholdingsa57b05_onmicrosoft_com\/EngTgEIIp29DhR65bHAag9IBeCan98PbI3OD72UqzHBVQA?e=w4h57j\" target=\"_blank\" rel=\"noopener\">LINK<\/a><\/strong><\/p>\n<p><strong>2024<\/strong><\/p>\n<p>\u2013 Olaf Brzeski | Excellent! | <strong><a href=\"https:\/\/drive.google.com\/drive\/folders\/10os-d5FDJ-OnuZUXuXKfJe4Xvo3yvUNg?usp=sharing\" target=\"_blank\" rel=\"noopener\">LINK<\/a><\/strong><br \/>\n\u2013 COMMON THREADS | <strong><a href=\"https:\/\/drive.google.com\/drive\/folders\/1PkSVFyPPQnVmeDrIHNRgofVKGoNk6mce?usp=sharing\" target=\"_blank\" rel=\"noopener\">LINK<\/a><\/strong><br \/>\n\u2013 ODK\u0141ADAJ\u0104C RZECZY NA MIEJSCE. \u017bYDOWSCY BRESLAUERZY I ICH PRZEDMIOTY | <strong><a href=\"https:\/\/drive.google.com\/drive\/folders\/1BSHvhCpSgO6HCQOZspVVUQ8nOob8nBvg?usp=sharing\" target=\"_blank\" rel=\"noopener\">LINK<\/a><\/strong><br \/>\n<span style=\"font-weight: 400;\">\u2013 NO TIME TO GRIEVE FOR ROSES WHEN THE FORESTS ARE BURNING |<\/span><a href=\"https:\/\/drive.google.com\/drive\/folders\/1Jj2wt3ej2z9pT6yx3WlVCxZeqkxfl0Bg?usp=drive_link\"> <b>LINK<\/b><b><br \/>\n<\/b><\/a><span style=\"font-weight: 400;\">\u2013 STOLPERSTEINE LAYING CEREMONY |<\/span><a href=\"https:\/\/drive.google.com\/drive\/folders\/1iJtdgF25AATQXgg5ofDzXd2uU8DxsGhJ?usp=drive_link\"> <b>LINK<\/b><\/a><\/p>\n<p><b>2023<\/b><b><br \/>\n<\/b><span style=\"font-weight: 400;\">\u2013 THE SAME THING IS BOTH GROWING AND SHRINKING IN ME |<\/span><a href=\"https:\/\/drive.google.com\/drive\/folders\/1rfhYa6QfpoPTsWuWcpPzZCMsv9Bpnj48?usp=sharing\"> <b>LINK<\/b><b><br \/>\n<\/b><\/a><span style=\"font-weight: 400;\">\u2013 5TH BIRTHDAY OF OP ENHEIM |<\/span><a href=\"https:\/\/drive.google.com\/drive\/folders\/1iS3Jsd_xgWSn7LHlwyWv0IpyLLaWoOke?usp=sharing\"> <b>LINK<\/b><b><br \/>\n<\/b><\/a><span style=\"font-weight: 400;\">\u2013 THIRD SKIN |<\/span><a href=\"https:\/\/drive.google.com\/drive\/folders\/1H_szQhTyLF0yQO0V1J78rmS-nJEhlxKj?usp=drive_link\"> <b>LINK<\/b><b><br \/>\n<\/b><\/a>\u2013 <span style=\"font-weight: 400;\">SEEING WITH THE BODY Studio Gallery Collection |<\/span><a href=\"https:\/\/drive.google.com\/drive\/folders\/1Rxts6ZHTv4QRndCcoiiK_I4EhgJjWK3q?usp=share_link\"> <b>LINK<\/b><b><br \/>\n<\/b><\/a>\u2013 <span style=\"font-weight: 400;\">Life Takes on a Different Meaning |<\/span><a href=\"https:\/\/drive.google.com\/drive\/folders\/194EJtS7ZA7Pr3465kd1-nYKADiwQ3GsC?usp=sharing\"> <b>LINK<\/b><b><br \/>\n<\/b><\/a>\u2013 <span style=\"font-weight: 400;\">OP_BOOKS | Author meeting with Olga Tokarczuk and Joanna Concejo |<\/span><a href=\"https:\/\/drive.google.com\/drive\/folders\/1VW4bTXikn-hWCpsP8CohmMAqBLE1gwTY?usp=sharing\"><b> LINK<\/b><\/a><\/p>\n<p><a href=\"https:\/\/drive.google.com\/drive\/folders\/1YuaibtctyJLtiKPLj4grP6jRC393Apbu?usp=sharing\"><strong><b>2022<\/b><b><br \/>\n<\/b><span style=\"font-weight: 400;\">\u2013 6 septembre Hommage \u00e0 Christian Boltanski |<\/span><\/strong><\/a><strong><a href=\"https:\/\/drive.google.com\/drive\/folders\/1q8eRIq44k75o6whn_C6gnmCYX4fzoMcZ?usp=sharing\"> <b>LINK<\/b><b><br \/>\n<\/b><\/a><span style=\"font-weight: 400;\">\u2013 OP_Talks | Fashion in times of turmoil |<\/span><a href=\"https:\/\/drive.google.com\/drive\/folders\/13CeKLeXqAAl_RaGrRnNdVxzPSqAQ5oY0?usp=sharing\"> <b>LINK<\/b><b><br \/>\n<\/b><\/a><span style=\"font-weight: 400;\">\u2013 Justyna Adamczyk. The past does not pass away, because it is eternally created anew |<\/span><a href=\"https:\/\/drive.google.com\/drive\/folders\/10Q9bJbzwyRAopwrmI06_TI5AeBr6c2kr?usp=sharing\"><b> LINK<\/b><b><br \/>\n<\/b><\/a><span style=\"font-weight: 400;\">\u2013 Intimate rites | Lewandowska &#8211; Marcjasz &#8211; Tofan |<\/span><a href=\"https:\/\/drive.google.com\/drive\/folders\/1WWMTX7Eas1f4ykew_SJvhv6_uygQSRir?usp=sharing\"> <b>LINK<\/b><\/a><\/strong><\/p>\n<p><strong>2021\/22<br \/>\n<\/strong>\u2013 Slavs and Tatars. <strong><span style=\"font-weight: 400;\">LONG LVIVE LVIV. \u0421\u041b\u0410\u0412\u0410 \u0417\u0410 \u0411\u0420\u0415\u0421\u041b\u0410\u0412\u0410<\/span><\/strong> | Opening: 15.10.21, Duration: 16.10.21-31.01.22 |<strong><a href=\"https:\/\/drive.google.com\/drive\/folders\/1GeCADlbxieLv1vTAtCMP3DNc-e0AHsPq?usp=sharing\">LINK<\/a><\/strong><\/p>\n<p><strong>2021<br \/>\n<\/strong>\u2013 Can Art Save the Planet. Conference | 25-26.09.2021 | <a href=\"https:\/\/drive.google.com\/drive\/folders\/1hvbjaot7RaX0GXvRVpWZsoNHcgPaOmvK?usp=sharing\">LINK<\/a><br \/>\n\u2013 Angelika Markul. Time formula | 3.07-26.09.2021 | <strong><a href=\"https:\/\/drive.google.com\/drive\/folders\/1Uqg7Aj5Vngp-ajrVo8p6Fayc5RX2MuFN?usp=sharing\">LINK<\/a><\/strong><br \/>\n\u2013 Every Truth has Four Corners. Art from Berlin: Works from the Volker Diehl Collection | 20.03-9.05.2021 |<strong>\u00a0<a href=\"https:\/\/drive.google.com\/drive\/folders\/1jFacYZjI0wZz-f9vovRFH05-X5K-BHfs?usp=sharing\">LINK<\/a><\/strong><\/p>\n<p><strong>2020<\/strong><br \/>\n\u2013 Air Wants to Go. Dominik Lejman | 17.10-16.12.2020 | <strong><a href=\"https:\/\/drive.google.com\/drive\/folders\/1-9-Ultt4EeHTTMyKqKF6h_x9FIgP1ZMw\">HERE<\/a><\/strong><br \/>\n\u2013 Asana Fujikawa &#038; David Hockney. Figures of the Floating World | 31.01-30.04.2020 | <strong><a href=\"https:\/\/drive.google.com\/drive\/u\/0\/folders\/1bVu2-mS920Hjw-I1wLoCDKcNj-b27qH0\">HERE<\/a><\/strong><\/p>\n<p><strong>2019<\/strong><br \/>\n\u2013 DIE SAMMLUNG____ OP ENHEIM \/ ABIS | 11.10.2019-10.01.2020 | <a href=\"https:\/\/drive.google.com\/drive\/folders\/1v9tSuhm5pVHRwMtKHrJScuOZq9kKyZYM?usp=sharing\"><strong>HERE<\/strong><\/a><br \/>\n\u2013 Men Like Gods | 9. TIFF Festival \/\/ Worlds | 4-29.09.2019 | <a href=\"https:\/\/drive.google.com\/drive\/folders\/1-sIVd4NA9vXtrGo8nHtzVs5OTxoTLKcY\"><strong>HERE<\/strong><\/a><\/p>\n<p><strong>2018<\/strong><br \/>\n\u2013 Miros\u0142aw Ba\u0142ka 1\/1\/1\/1\/1 19.10.2018-31.01.2019 | <strong><a href=\"https:\/\/drive.google.com\/drive\/folders\/1Ji6wPIMucZrLPR-o2BBXrrxTRJnBLCH7?usp=sharing\">HERE<\/a><\/strong><\/p>\n","protected":false},"excerpt":{"rendered":"<p>CONTACT press@openheim.org natalia.gaj@openheim.org + 48 601 656 335 PRESS MATERIALS OP ENHEIM Press kit | HERE 2025 \u2013 Ukryte Parametry | Anna Bera, Huba (Jakub Ciemachowski i\u00a0Piotr Ko\u0142akowski), Agata Marchlewicz, Olga Mici\u0144ska, Olga Milczy\u0144ska\/Wies\u0142aw Bartkowski, P55 Mirrors (Beata Ludwin i\u00a0\u0141ukasz Wo\u0142ek), Rest (Dominika Gacka i\u00a0Julia Piekarska), Jakub \u015awi\u0119cicki, Iza Tarasewicz, Zinaida Tchelidze, Marek Wodzis\u0142awski | LINK \u2013\u00a0Trwaj\u0105c bez powrotu | Jessica Ostrowicz | LINK \u2013 R\u00f3b to, czego sobie \u017cyczysz&#8230;<\/p>\n","protected":false},"author":1,"featured_media":0,"parent":0,"menu_order":45,"comment_status":"open","ping_status":"open","template":"","meta":{"_acf_changed":false,"footnotes":""},"class_list":["post-584","page","type-page","status-publish","hentry"],"acf":[],"_links":{"self":[{"href":"https:\/\/openheim.org\/en\/wp-json\/wp\/v2\/pages\/584","targetHints":{"allow":["GET"]}}],"collection":[{"href":"https:\/\/openheim.org\/en\/wp-json\/wp\/v2\/pages"}],"about":[{"href":"https:\/\/openheim.org\/en\/wp-json\/wp\/v2\/types\/page"}],"author":[{"embeddable":true,"href":"https:\/\/openheim.org\/en\/wp-json\/wp\/v2\/users\/1"}],"replies":[{"embeddable":true,"href":"https:\/\/openheim.org\/en\/wp-json\/wp\/v2\/comments?post=584"}],"version-history":[{"count":79,"href":"https:\/\/openheim.org\/en\/wp-json\/wp\/v2\/pages\/584\/revisions"}],"predecessor-version":[{"id":11146,"href":"https:\/\/openheim.org\/en\/wp-json\/wp\/v2\/pages\/584\/revisions\/11146"}],"wp:attachment":[{"href":"https:\/\/openheim.org\/en\/wp-json\/wp\/v2\/media?parent=584"}],"curies":[{"name":"wp","href":"https:\/\/api.w.org\/{rel}","templated":true}]}}