{"id":5929,"date":"2021-11-04T15:06:29","date_gmt":"2021-11-04T14:06:29","guid":{"rendered":"https:\/\/openheim.org\/pl\/?page_id=5929"},"modified":"2021-11-15T17:23:58","modified_gmt":"2021-11-15T16:23:58","slug":"kulczyccy","status":"publish","type":"page","link":"https:\/\/openheim.org\/en\/wystawy\/archiwum\/slavs-and-tatars-long-lvive-lviv\/kulczyccy\/","title":{"rendered":"History of the Kulczycki family collection"},"content":{"rendered":"<p><strong>Slavs and Tatars. LONG LVIVE LVIV. \u0421\u041b\u0410\u0412\u0410 \u0417\u0410 \u0411\u0420\u0415\u0421\u041b\u0410\u0412A<\/strong><\/p>\n<p><strong>Czas trwania:<\/strong> 16.10.2021\u201331.01.2022<br \/>\n<strong>Wernisa\u017c:<\/strong> 15.10.2021, 18:30<br \/>\nJoin Facebook event: <a href=\"https:\/\/www.facebook.com\/events\/667432860901490\">LINK<\/a><\/p>\n<p>&nbsp;<\/p>\n<p><strong>CONTEXTS &#8211; HISTORY OF THE KULCZYCKI FAMILY COLLECTION<\/strong><\/p>\n<p>The narrative of the exhibition plays out against the unique collection of carpets and eastern fabrics acquired by W\u0142odzimierz and Jerzy Kulczycki. The history of this extraordinary set, which very rarely leaves the current place of its storage, i.e. the Tytus Cha\u0142ubi\u0144ski Tatra Museum in Zakopane, dates back to 1906, when professor W\u0142odzimierz Kulczycki (1862\u20131936), a veterinarian, lecturer and rector of the Veterinary Academy in Lviv, bought his first carpets, tapestries and kilims. From the very beginning, W\u0142odzimierz Kulczycki followed a scientific approach to his passion, as demonstrated by the direction of development he envisioned for his collection \u2013 it was supposed to represent <em>the carpets of all nations of Asia Minor, Central Asia, Iran and the Caucasus<\/em>.<a href=\"#_ftn1\" name=\"_ftnref1\">[1]<\/a> Interestingly, the father\u2019s interests were successfully continued by his son Jerzy Kulczycki (1898\u20131974), an archaeologist, art historian, professor at the University of Warsaw. In the interwar period, the collection was significantly expanded \u2013 by 1940 it numbered over two hundred objects and was repeatedly presented at temporary exhibitions. Thanks to Jerzy Kulczycki, the fabrics survived both the bombing of Lviv in 1941, which marked the beginning of the Lviv pogroms, and the entire resettlement action (1944\u20131946). With the help of many sympathetic people, Jerzy Kulczycki managed to move the entire collection to Warsaw, <em>where for many years it was kept under a double floor in the one-room flat of the Kulczycki family<\/em>.<a href=\"#_ftn2\" name=\"_ftnref2\">[2]<\/a> In 1964, the collection was divided. Sixty-six so-called court carpets were donated to the Wawel Royal Castle, which coincided with the time when the Kulczycki family moved to the Podhale region in southern Poland. The exhibition at OP ENHEIM features a selection of fabrics that Anna Kulczycka, Jerzy Kulczycki\u2019s widow, donated to the Tatra Museum in Zakopane in 1977. This gift consisted of 65 objects. The remaining carpets are still owned by the family. Interestingly, the collection in its entirety has been presented only once, in 2006, during a unique exhibition organised at the Wawel Castle.<\/p>\n<p>The collection contains objects of inestimable value, which (depending on the type) date back to the 16<sup>th<\/sup>-19<sup>th<\/sup> centuries and exemplify the heritage of the four main areas of the Near and Middle East \u2013 Turkey, Persia, the Caucasus and Central Asia. This aspect is important for the exhibition at OP ENHEIM, as it overlaps with both the research undertaken at the Department of Oriental Studies and the Eurasian scope of \u200b\u200binterest of the Slavs and Tatars collective.<\/p>\n<p><a href=\"#_ftnref1\" name=\"_ftn1\">[1]<\/a> See <em><<\/em>https:\/\/muzeumtatrzanskie.pl\/filie\/galeria-sztuki-na-kozincu\/> [accessed on 29 Aug 2021].<\/p>\n<p><a href=\"#_ftnref2\" name=\"_ftn2\">[2]<\/a> See <em><<\/em>https:\/\/muzeumtatrzanskie.pl\/filie\/galeria-sztuki-na-kozincu\/> [accessed on 29 Aug 2021].<\/p>\n","protected":false},"excerpt":{"rendered":"<p>Slavs and Tatars. LONG LVIVE LVIV. \u0421\u041b\u0410\u0412\u0410 \u0417\u0410 \u0411\u0420\u0415\u0421\u041b\u0410\u0412A Czas trwania: 16.10.2021\u201331.01.2022 Wernisa\u017c: 15.10.2021, 18:30 Join Facebook event: LINK &nbsp; CONTEXTS &#8211; HISTORY OF THE KULCZYCKI FAMILY COLLECTION The narrative of the exhibition plays out against the unique collection of carpets and eastern fabrics acquired by W\u0142odzimierz and Jerzy Kulczycki. The history of this extraordinary set, which very rarely leaves the current place of its storage, i.e. the Tytus Cha\u0142ubi\u0144ski&#8230;<\/p>\n","protected":false},"author":2,"featured_media":0,"parent":4966,"menu_order":48,"comment_status":"closed","ping_status":"closed","template":"","meta":{"_acf_changed":false,"footnotes":""},"class_list":["post-5929","page","type-page","status-publish","hentry"],"acf":[],"_links":{"self":[{"href":"https:\/\/openheim.org\/en\/wp-json\/wp\/v2\/pages\/5929","targetHints":{"allow":["GET"]}}],"collection":[{"href":"https:\/\/openheim.org\/en\/wp-json\/wp\/v2\/pages"}],"about":[{"href":"https:\/\/openheim.org\/en\/wp-json\/wp\/v2\/types\/page"}],"author":[{"embeddable":true,"href":"https:\/\/openheim.org\/en\/wp-json\/wp\/v2\/users\/2"}],"replies":[{"embeddable":true,"href":"https:\/\/openheim.org\/en\/wp-json\/wp\/v2\/comments?post=5929"}],"version-history":[{"count":4,"href":"https:\/\/openheim.org\/en\/wp-json\/wp\/v2\/pages\/5929\/revisions"}],"predecessor-version":[{"id":5969,"href":"https:\/\/openheim.org\/en\/wp-json\/wp\/v2\/pages\/5929\/revisions\/5969"}],"up":[{"embeddable":true,"href":"https:\/\/openheim.org\/en\/wp-json\/wp\/v2\/pages\/4966"}],"wp:attachment":[{"href":"https:\/\/openheim.org\/en\/wp-json\/wp\/v2\/media?parent=5929"}],"curies":[{"name":"wp","href":"https:\/\/api.w.org\/{rel}","templated":true}]}}