{"id":621,"date":"2020-04-29T16:28:24","date_gmt":"2020-04-29T14:28:24","guid":{"rendered":"http:\/\/openheim.org\/zespol\/"},"modified":"2026-04-08T17:33:01","modified_gmt":"2026-04-08T15:33:01","slug":"zespol","status":"publish","type":"page","link":"https:\/\/openheim.org\/en\/odwiedz-nas\/fundacja\/zespol\/","title":{"rendered":"About us"},"content":{"rendered":"<p><strong>The OP ENHEIM team<\/strong><\/p>\n<p><strong>Founder of OP ENHEIM<\/strong><br \/>\nViola Wojnowski<\/p>\n<p><strong>Secretariat:<\/strong><br \/>\ninfo@openheim.org<\/p>\n<p><strong>Team<\/strong><\/p>\n<p><strong>Director of the OP ENHEIM House for Culture<\/strong><br \/>\n<strong>Magdalena Musia\u0142 <\/strong>| magdalena.musia\u0142@openheim.org<\/p>\n<p><strong>Administration<\/strong><br \/>\nAgnieszka Wr\u00f3blewska | agnieszka.wroblewska@openheim.org<\/p>\n<p><strong>Curatorial Committee<\/strong><br \/>\nOscar Szerkus | oscar.szerkus@openhiem.org<\/p>\n<p><strong>Promotion<\/strong><br \/>\nGeneral | press@openheim.org<br \/>\nNatalia Gaj | Promotion Coordinator | natalia.gaj@openheim.org<\/p>\n<p><strong>German-Polish events | Heritage<\/strong><br \/>\nVolkmar Umlauft | volkmar.umlauft@openheim.org<\/p>\n<p><strong>Audience support<\/strong><br \/>\nWalentyna Shaiko | walentyna.shaiko@openheim.org<br \/>\nIga Miku\u015bkiewicz | visit@openheim.org<br \/>\nPolina Nesterenko | polina.nesterenko@openheim.org<\/p>\n<p><strong>Space rental | Property Manager<\/strong><br \/>\ninfo@openheim.org<\/p>\n<p><strong>Technical support for events<\/strong><br \/>\nIvan Shpak | ivan.shpak@womak.pl<\/p>\n<p>____<\/p>\n<p><strong>German-Polish Foundation for the Protection of Cultural Monument<\/strong>s<br \/>\nWroc\u0142aw office | Monday &#8211; Wednesday | 10:00 &#8211; 18:00<\/p>\n<p>dps@openheim.org<\/p>\n<p>____<\/p>\n<p><strong>OP_FRIENDS<\/strong> | friends@openheim.org<br \/>\nWalentyna Shaiko | walentyna.shaiko@openheim.org<\/p>\n<p><strong>FLOWLAND \/ RESIDENCES<\/strong><br \/>\nGeneral | info@flowland.org<\/p>\n<p><strong>W\/E LAB Residency<\/strong><br \/>\nGeneral | koordynacja@openheim.org<\/p>\n","protected":false},"excerpt":{"rendered":"<p>The OP ENHEIM team Founder of OP ENHEIM Viola Wojnowski Secretariat: info@openheim.org Team Director of the OP ENHEIM House for Culture Magdalena Musia\u0142 | magdalena.musia\u0142@openheim.org Administration Agnieszka Wr\u00f3blewska | agnieszka.wroblewska@openheim.org Curatorial Committee Oscar Szerkus | oscar.szerkus@openhiem.org Promotion General | press@openheim.org Natalia Gaj | Promotion Coordinator | natalia.gaj@openheim.org German-Polish events | Heritage Volkmar Umlauft | volkmar.umlauft@openheim.org Audience support Walentyna Shaiko | walentyna.shaiko@openheim.org Iga Miku\u015bkiewicz | visit@openheim.org Polina Nesterenko | polina.nesterenko@openheim.org Space&#8230;<\/p>\n","protected":false},"author":1,"featured_media":0,"parent":583,"menu_order":43,"comment_status":"open","ping_status":"open","template":"","meta":{"_acf_changed":false,"footnotes":""},"class_list":["post-621","page","type-page","status-publish","hentry"],"acf":[],"_links":{"self":[{"href":"https:\/\/openheim.org\/en\/wp-json\/wp\/v2\/pages\/621","targetHints":{"allow":["GET"]}}],"collection":[{"href":"https:\/\/openheim.org\/en\/wp-json\/wp\/v2\/pages"}],"about":[{"href":"https:\/\/openheim.org\/en\/wp-json\/wp\/v2\/types\/page"}],"author":[{"embeddable":true,"href":"https:\/\/openheim.org\/en\/wp-json\/wp\/v2\/users\/1"}],"replies":[{"embeddable":true,"href":"https:\/\/openheim.org\/en\/wp-json\/wp\/v2\/comments?post=621"}],"version-history":[{"count":114,"href":"https:\/\/openheim.org\/en\/wp-json\/wp\/v2\/pages\/621\/revisions"}],"predecessor-version":[{"id":11795,"href":"https:\/\/openheim.org\/en\/wp-json\/wp\/v2\/pages\/621\/revisions\/11795"}],"up":[{"embeddable":true,"href":"https:\/\/openheim.org\/en\/wp-json\/wp\/v2\/pages\/583"}],"wp:attachment":[{"href":"https:\/\/openheim.org\/en\/wp-json\/wp\/v2\/media?parent=621"}],"curies":[{"name":"wp","href":"https:\/\/api.w.org\/{rel}","templated":true}]}}