{"id":624,"date":"2020-04-29T16:28:24","date_gmt":"2020-04-29T14:28:24","guid":{"rendered":"http:\/\/openheim.org\/asana-fujikawa-david-hockney-postacie-plynacego-swiata-1\/"},"modified":"2023-01-04T11:28:26","modified_gmt":"2023-01-04T10:28:26","slug":"asana-fujikawa-david-hockney-postacie-plynacego-swiata-1","status":"publish","type":"page","link":"https:\/\/openheim.org\/en\/wystawy\/archiwum\/asana-fujikawa-david-hockney-postacie-plynacego-swiata-1\/","title":{"rendered":"Asana Fujikawa &#038; David Hockney. Figures of the Floating World"},"content":{"rendered":"<p><span style=\"font-weight: normal;\">\u00a0<\/span><\/p>\n<h2>Asana Fujikawa &#038; David Hockney.<br \/>\nFigures of the Floating Worlds<\/h2>\n<h2><span style=\"font-weight: normal;\">Curator: Matilda Felix<br \/>\nopening of exhibition: 31.01.2020, 6:00 p.m.<br \/>\nexhibition duration: 01.02-30.04.2020 | Attention! Exhibition extended till 30th of August 2020.<br \/>\n<\/span><\/h2>\n<h2>\/<\/h2>\n<h2><span style=\"font-weight: normal; color: inherit;\">The most influential British artist of the 20 th century and a promising young sculptor will meet at OP ENHEIM. The opening of the exhibition for the public will take place on 31 January at 6 pm. We will see David Hockney\u2019s series of works Six Fairy Tales from the Brothers Grimm and fairytale sculptures by Asana Fujikawa. David Hockney is considered one of the most important and influential British artists of the 20 th century. He is known for his characteristic, consistent style, which he uses to depict the passing world of the 1960s. On 31 January at 6 pm, David Hockney\u2019s etchings from the 1969 series Six Fairy Tales from the Brothers Grimm will meet with the fairytale-mythological, delicate sculptures of the young Japanese artist Asana Fujikawa. <\/span><\/h2>\n<h2><span style=\"font-weight: normal; color: inherit;\">The first edition of the exhibition <i>Figures of the Floating World<\/i>, curated by Dr. Matilda Felix, was held at the Georg Kolbe Museum in Berlin. The title refers to <i>ukiyo-e<\/i> \u2013 traditional Japanese illustrations of the fleeting world, which may depict both cheerful scenes and ghost stories. Drawing on the language of fairy tales and myths, Fujikawa and Hockney use classic techniques to create small-format works that are both topical and direct. The flowing world condenses in these paintings as an unbiased reflection on what actually makes us human. <\/span><\/h2>\n<h2><span style=\"font-weight: normal; color: inherit;\">Matilda Felix, the exhibition curator, takes us on a magical journey in which she combines two fascinating artistic worlds, says Kama Wr\u00f3bel, programme director of OP ENHEIM. David Hockney\u2019s less known works from the series <i>Six Fairy Tales from the Brothers Grimm<\/i> can be viewed as the subject of reflection on one\u2019s identity or an attempt to search for one\u2019s place in the world. The fairy tales are ambiguous, strangely appealing, but also trigger anxiety. The exhibition titled Asana Fujikawa &#038; David Hockey. <i>Figures of the Floating World<\/i>, curated by Matilda Felix, will be presented at OP ENHEIM in Wroc\u0142aw from 1 February to 20 April 2020. The opening will take place on 31 January at 6 pm. Admission is free of charge.<\/span><\/h2>\n<h2><span style=\"font-weight: normal;\">____________<\/span><\/h2>\n<h2><span style=\"font-weight: normal;\">Organizer: OP ENHEIM, Georg Kolbe Museum, Berlin<br \/>\n<\/span><span style=\"font-weight: normal;\">Co-Organizer: ABIS Sammlung<br \/>\n<\/span><span style=\"font-weight: normal;\">Patronage: Womak Holding SA<br \/>\n<\/span><span style=\"font-weight: normal;\">Media patronage: Magazyn Szum, Gazeta Wyborcza Wroc\u0142aw, KuKulturze<br \/>\n<\/span><span style=\"font-weight: normal;\">Partner: Sign.pl, Fundacja Przyja\u017ani Polsko-Japo\u0144skiej NAMI \u30dd\u30fc\u30e9\u30f3\u30c9\u65e5\u672c\u89aa\u5584\u53cb\u597d\u8ca1\u56e3 \u6ce2<\/span><\/h2>\n<h2><\/h2>\n","protected":false},"excerpt":{"rendered":"<p>Kuratorka Matilda Felix \u0142\u0105czy akwaforty Davida Hockneya z serii \u201eSix Fairy Tales from the Brothers Grimm\u201d z 1969 roku z ba\u015bniowo-mitologicznymi, delikatnymi rze\u017abami m\u0142odej japo\u0144skiej artystki, Asany Fujikawy. Tytu\u0142 wystawy odnosi si\u0119 do tradycyjnych japo\u0144skich ilustracji \u201eukiyo-e\u201d \u2013 obraz\u00f3w ulotnego \u015bwiata, kt\u00f3rych tematami s\u0105 sceny \u017cycia codziennego. Przep\u0142ywaj\u0105cy \u015bwiat kondensuje si\u0119 w tych obrazach w postaci bezstronnie przedstawionej refleksji na temat tego, co czyni nas faktycznie lud\u017ami.<\/p>\n","protected":false},"author":1,"featured_media":4040,"parent":607,"menu_order":97,"comment_status":"open","ping_status":"open","template":"","meta":{"_acf_changed":false,"footnotes":""},"class_list":["post-624","page","type-page","status-publish","has-post-thumbnail","hentry"],"acf":[],"_links":{"self":[{"href":"https:\/\/openheim.org\/en\/wp-json\/wp\/v2\/pages\/624","targetHints":{"allow":["GET"]}}],"collection":[{"href":"https:\/\/openheim.org\/en\/wp-json\/wp\/v2\/pages"}],"about":[{"href":"https:\/\/openheim.org\/en\/wp-json\/wp\/v2\/types\/page"}],"author":[{"embeddable":true,"href":"https:\/\/openheim.org\/en\/wp-json\/wp\/v2\/users\/1"}],"replies":[{"embeddable":true,"href":"https:\/\/openheim.org\/en\/wp-json\/wp\/v2\/comments?post=624"}],"version-history":[{"count":14,"href":"https:\/\/openheim.org\/en\/wp-json\/wp\/v2\/pages\/624\/revisions"}],"predecessor-version":[{"id":7523,"href":"https:\/\/openheim.org\/en\/wp-json\/wp\/v2\/pages\/624\/revisions\/7523"}],"up":[{"embeddable":true,"href":"https:\/\/openheim.org\/en\/wp-json\/wp\/v2\/pages\/607"}],"wp:featuredmedia":[{"embeddable":true,"href":"https:\/\/openheim.org\/en\/wp-json\/wp\/v2\/media\/4040"}],"wp:attachment":[{"href":"https:\/\/openheim.org\/en\/wp-json\/wp\/v2\/media?parent=624"}],"curies":[{"name":"wp","href":"https:\/\/api.w.org\/{rel}","templated":true}]}}