{"id":632,"date":"2020-04-29T16:28:24","date_gmt":"2020-04-29T14:28:24","guid":{"rendered":"http:\/\/openheim.org\/die-sammlung-op-enheim-abis\/"},"modified":"2023-03-03T21:52:08","modified_gmt":"2023-03-03T20:52:08","slug":"die-sammlung-op-enheim-abis","status":"publish","type":"page","link":"https:\/\/openheim.org\/en\/wystawy\/archiwum\/die-sammlung-op-enheim-abis\/","title":{"rendered":"DIE SAMMLUNG_____OP ENHEIM \/ ABIS"},"content":{"rendered":"<h2>DIE SAMMLUNG___OP ENHEIM \/ ABIS<br \/>\nselection from collection<\/h2>\n<h2>opening of exhibition<span style=\"font-weight: normal;\">: 11.10.2019, godz. 19:00<\/span><br \/>\nexhibition duration:<span style=\"font-weight: normal;\">\u00a012.10 \u2013 31.12.2019<\/span><\/h2>\n<h2 style=\"margin-left: 25px;\">Artists<span style=\"font-weight: normal;\">: Assig \/ Bujnowski \/ Fetting \/ Gerken \/ Gaskell \/ Hart \/ Kiefer \/ Koberling \/ Lafontaine \/ Opa\u0142ka \/ P\u0105gowska \/ Rauschenberg \/ Rogalski \/ Sasnal \/ Wenders \/ Wr\u00f3blewski \/ Ziemski<\/span><\/h2>\n<h2 style=\"margin-left: 25px;\">Curator<span style=\"font-weight: normal;\">: Kama Wr\u00f3bel<\/span><\/h2>\n<blockquote style=\"margin-left: 50px;\"><p><span style=\"font-weight: normal;\">An art collection is more than a collection of artworks. It reflects passion, expresses the need to commune with art and documents the condition of the world \u2013 closely watched from an individual perspective by the trained eye of the artist and filtered through a unique visual language. It fascinates. <\/span><\/p><\/blockquote>\n<h2 style=\"margin-left: 50px;\">The exhibition shown at OP ENHEIM is a symbolic representation of a turbulent period in history and art history. Social, economic and political changes that swept through Europe and the USA in the second half of the 20 th century left a deep mark on the attitudes and biographies of artists living at the time and influenced their art. The emergence of new trends, the search for original languages \u200b\u200bof artistic expression, returning to old traditions only to abruptly depart from them \u2013 all of it resulted in the creation of completely new styles, undermining the previously unquestioned position of European art and leading to the triumph of American art on the international stage. The exhibition titled Die Sammlung___ is a symbolic tale of these changes.<\/h2>\n<h2 style=\"margin-left: 50px;\">Among the works featured at the OP ENHEIM exhibition there are Robert Rauchenberg\u2019s combine paintings as well as works by artists belonging to the Neue Wilde group centred around the Gallery at Moritzplatz, such as Reiner Fetting and Berndt Koberling. The rehabilitation of war threads is the subject of works by Anselm Kiefer and Wim Wenders, whereas search for oneself and for new ways of expression in post-war Poland and Europe is the central theme of paintings by Teresa P\u0105gowska, Rajmund Ziemski and Roman Opa\u0142ka. There are also pieces addressing contemporary problems (by Wilhelm Sasnal, Rafa\u0142 Bujnowski or Ina Gerken) and examples of women\u2019s art (Marie-Jo Lafontaine, Claudia Hart).<\/h2>\n<h2 style=\"margin-left: 50px;\">Instead of following the typical narrative of a museum presentation, this exhibition is similar to a relatively free journey whose direction is determined by individual works-symbols indicating important events or turning points in art history. The narrative mirrors the shape and content of the ABIS and OP ENHEIM collections, which for the most part consist of German, Polish and American art, but also contain important works by English, Italian and Belgian artists. The ABIS collection is a set of artworks that were selected and organised by the acclaimed collector Dr. Erich Marx (Sammlung Marx \u2013 Berlin). Now, having been enriched with works from the OP ENHEIM collection, a new chapter opens for the ABIS collection.<\/h2>\n<h2 style=\"margin-left: 50px;\">This exhibition has a special character for us. It features a small selection of works from the extensive ABIS \/ OP ENHEIM collection, which constitutes an important reference point for us in our everyday work. At the same time, it is a presentation of a private, successively developed collection of contemporary art (Die Sammlung means \u201ccollection\u201d in German), which provides a starting point for a conversation about the essence of collecting. This activity has recently begun to acquire a social and communal character. Therefore, we would like to use this exhibition to pose questions about the value of creating private collections, which are free from various forms of restrictions imposed elsewhere, and find out if this process can actually influence the history, independence and development of culture, art and \u2013 indirectly \u2013 our identity.<\/h2>\n<h2 style=\"margin-left: 50px;\"><span style=\"font-weight: normal;\">____________ <\/span><\/h2>\n<h2 style=\"margin-left: 50px;\">ABIS\/OP ENHEIM<\/h2>\n<h2 style=\"margin-left: 50px;\"><span style=\"font-weight: normal;\">The ABIS collection is a set of artworks that were selected and organised by the acclaimed collector Dr. Erich Marx (Sammlung Marx \u2013 Berlin). Now, having been enriched with works from the OP ENHEIM collection, a new chapter opens for the ABIS collection. It contains nearly 140 world-class works of art that were created between the 1950s and early 2000s, mostly German (including artists such as Martin Assig, Georg Baselitz, Tim Eitel, Reiner Fetting, Eberhardt Havekost, Anselm Kiefer, Wim Wenders), American (Hans Hoffmann, Robert Rauschenberg, Julian Schnabel), the Italian Transavanguardia and Nuova Scuola Romana (Cucci, Bruno Ceccobelli, Ernesto Tatafiore), as well as an interesting selection of Polish art (e.g. Rafa\u0142 Bujnowski, Zbigniew Rogalski, Wilhelm Sasnal). A section on women\u2019s art is also present, including classic pieces by artists such as Marie-Jo Lafontaine and Claudia Hart. <\/span><\/h2>\n<h2 style=\"margin-left: 50px;\"><span style=\"font-weight: normal;\">Works from the ABIS collection are on permanent display at the American Academy in Berlin. They are also shown at temporary exhibitions organised by cooperating cultural institutions around the world, including the Wroc\u0142aw House of Culture OP ENHEIM, which opened in October 2018 with Miros\u0142aw Ba\u0142ka\u2019s exhibition 1\/1\/1\/1\/1, curated by Anda Rottenberg. Since then, OP ENHEIM has been building up its own collection, which contains works presented during temporary exhibitions as well as pieces by artists representing distinctive, interesting attitudes, such as Miros\u0142aw Ba\u0142ka, Hubert Czerepok, Jaros\u0142aw Koz\u0142owski, Bernd Koberling, Dominik Lejman or Ina Gerken.<\/span><\/h2>\n<h2 style=\"margin-left: 50px;\"><span style=\"font-weight: normal;\"> ________ <\/span><\/h2>\n<h2 style=\"margin-left: 50px;\">Curator:<span style=\"font-weight: normal;\"> Kama Wr\u00f3bel<\/span><br \/>\nDesign:<span style=\"font-weight: normal;\"> Daria Pietryka<\/span><br \/>\nProduction and assembly: <span style=\"font-weight: normal;\">Monika Muszy\u0144ska and team, Micha\u0142 Michalczak <\/span><br \/>\nPromotion: <span style=\"font-weight: normal;\">Aga Smutek <\/span><br \/>\nVisual identification: <span style=\"font-weight: normal;\">Grzegorz Kozak <\/span><br \/>\nApprentices: <span style=\"font-weight: normal;\">Agata Lankamer, Marta Michalec <\/span><br \/>\nCooperation:<span style=\"font-weight: normal;\"> Dorota Wo\u017aniak, Nikola Blania<\/span><\/h2>\n<h2><span style=\"font-weight: normal;\">____________<\/span><\/h2>\n<h2><span style=\"font-weight: normal;\">Patronage of exhibition: <a href=\"https:\/\/womak.pl\/\" target=\"_blank\" rel=\"noopener noreferrer\">Womak Holding SA<\/a>.<br \/>\nPartner: <a href=\"https:\/\/artlogistic.com.pl\/pl\/\" target=\"_blank\" rel=\"noopener noreferrer\">Art Logistic<\/a>.<br \/>\nMediapatronage: <a href=\"https:\/\/magazynszum.pl\/\" target=\"_blank\" rel=\"noopener noreferrer\">Magazyn SZUM<\/a>,<a href=\"https:\/\/www.radioram.pl\/\" target=\"_blank\" rel=\"noopener noreferrer\"> Radio RAM<\/a>, <a href=\"https:\/\/www.radiowroclawkultura.pl\/\" target=\"_blank\" rel=\"noopener noreferrer\">Radio Wroc\u0142aw Kultura<\/a>.<\/span><\/h2>\n","protected":false},"excerpt":{"rendered":"<p>Going beyond the framework of the museum narrative, the exhibition entitled &#8220;DIE SAMMLUNG&#8221; guides viewers towards a peaceful journey through works of German, Polish and American art, bearing in mind, however, these important additions to English, Italian and Belgian works. The ABIS collection is a group of art objects developed and introduced by a recognized collector &#8211; Dr. Erich Marx. &#8220;DIE SAMMLUNG&#8221; is also a pretext to start a discussion about the essence of collecting.<\/p>\n","protected":false},"author":1,"featured_media":2604,"parent":607,"menu_order":98,"comment_status":"open","ping_status":"closed","template":"","meta":{"_acf_changed":false,"footnotes":""},"class_list":["post-632","page","type-page","status-publish","has-post-thumbnail","hentry"],"acf":[],"_links":{"self":[{"href":"https:\/\/openheim.org\/en\/wp-json\/wp\/v2\/pages\/632","targetHints":{"allow":["GET"]}}],"collection":[{"href":"https:\/\/openheim.org\/en\/wp-json\/wp\/v2\/pages"}],"about":[{"href":"https:\/\/openheim.org\/en\/wp-json\/wp\/v2\/types\/page"}],"author":[{"embeddable":true,"href":"https:\/\/openheim.org\/en\/wp-json\/wp\/v2\/users\/1"}],"replies":[{"embeddable":true,"href":"https:\/\/openheim.org\/en\/wp-json\/wp\/v2\/comments?post=632"}],"version-history":[{"count":10,"href":"https:\/\/openheim.org\/en\/wp-json\/wp\/v2\/pages\/632\/revisions"}],"predecessor-version":[{"id":7775,"href":"https:\/\/openheim.org\/en\/wp-json\/wp\/v2\/pages\/632\/revisions\/7775"}],"up":[{"embeddable":true,"href":"https:\/\/openheim.org\/en\/wp-json\/wp\/v2\/pages\/607"}],"wp:featuredmedia":[{"embeddable":true,"href":"https:\/\/openheim.org\/en\/wp-json\/wp\/v2\/media\/2604"}],"wp:attachment":[{"href":"https:\/\/openheim.org\/en\/wp-json\/wp\/v2\/media?parent=632"}],"curies":[{"name":"wp","href":"https:\/\/api.w.org\/{rel}","templated":true}]}}