{"id":8370,"date":"2023-08-24T18:08:14","date_gmt":"2023-08-24T16:08:14","guid":{"rendered":"https:\/\/openheim.org\/pl\/?page_id=8370"},"modified":"2024-10-08T12:35:41","modified_gmt":"2024-10-08T10:35:41","slug":"third-skin-prace-z-sammlung-hoffmann-i-schenkung-sammlung-hoffmann","status":"publish","type":"page","link":"https:\/\/openheim.org\/en\/wystawy\/archiwum\/third-skin-prace-z-sammlung-hoffmann-i-schenkung-sammlung-hoffmann\/","title":{"rendered":"THIRD SKIN Works from the Sammlung Hoffmann and Schenkung Sammlung Hoffmann"},"content":{"rendered":"<div class=\"xdj266r x11i5rnm xat24cr x1mh8g0r x1vvkbs\">\n<p>\ud835\udc13\ud835\udc07\ud835\udc08\ud835\udc11\ud835\udc03 \ud835\udc12\ud835\udc0a\ud835\udc08\ud835\udc0d<\/p>\n<div class=\"page\" title=\"Page 1\">\n<div class=\"section\">\n<div class=\"layoutArea\">\n<div class=\"column\">\n<p>THIRD SKIN<br \/>\nWorks from the Sammlung Hoffmann and Schenkung Sammlung Hoffman<\/p>\n<\/div>\n<\/div>\n<\/div>\n<\/div>\n<div class=\"x11i5rnm xat24cr x1mh8g0r x1vvkbs xtlvy1s\">Curators: Doroth\u00e9e Brill, Luise Richter<\/div>\n<div class=\"x11i5rnm xat24cr x1mh8g0r x1vvkbs xtlvy1s\"><span class=\"x3nfvp2 x1j61x8r x1fcty0u xdj266r xhhsvwb xat24cr xgzva0m xxymvpz xlup9mm x1kky2od\"><img decoding=\"async\" src=\"https:\/\/static.xx.fbcdn.net\/images\/emoji.php\/v9\/tcd\/2\/16\/25aa.png\" alt=\"\u25aa\ufe0f\" width=\"16\" height=\"16\" \/><\/span>\u00a0\ud835\udc04\ud835\udc31\ud835\udc21\ud835\udc22\ud835\udc1b\ud835\udc22\ud835\udc2d\ud835\udc22\ud835\udc28\ud835\udc27 \ud835\udc28\ud835\udc27 \ud835\udc2f\ud835\udc22\ud835\udc1e\ud835\udc30: 17.09.2023 r., godz. 11:00<br \/>\n<span class=\"x3nfvp2 x1j61x8r x1fcty0u xdj266r xhhsvwb xat24cr xgzva0m xxymvpz xlup9mm x1kky2od\"><img decoding=\"async\" src=\"https:\/\/static.xx.fbcdn.net\/images\/emoji.php\/v9\/tcd\/2\/16\/25aa.png\" alt=\"\u25aa\ufe0f\" width=\"16\" height=\"16\" \/><\/span>\u00a0\ud835\udc16\ud835\udc21\ud835\udc1e\ud835\udc2b\ud835\udc1e: Gallery, I p. OP ENHEIM, Plac Solny 4, Wroc\u0142aw<br \/>\n<span class=\"x3nfvp2 x1j61x8r x1fcty0u xdj266r xhhsvwb xat24cr xgzva0m xxymvpz xlup9mm x1kky2od\"><img decoding=\"async\" src=\"https:\/\/static.xx.fbcdn.net\/images\/emoji.php\/v9\/tcd\/2\/16\/25aa.png\" alt=\"\u25aa\ufe0f\" width=\"16\" height=\"16\" \/><\/span> \ud835\udc03\ud835\udc2e\ud835\udc2b\ud835\udc1a\ud835\udc2d\ud835\udc22\ud835\udc28\ud835\udc27 \ud835\udc28\ud835\udc1f \ud835\udc1e\ud835\udc31\ud835\udc21\ud835\udc22\ud835\udc1b\ud835\udc22\ud835\udc2d\ud835\udc22\ud835\udc28\ud835\udc27: 17.09.2023\u201314.01.2024 r.<\/div>\n<\/div>\n<div><\/div>\n<div class=\"page\" title=\"Page 1\">\n<div class=\"section\">\n<div class=\"layoutArea\">\n<div class=\"column\">\n<div class=\"page\" title=\"Page 1\">\n<div class=\"section\">\n<div class=\"layoutArea\">\n<div class=\"column\">\n<p>&#8220;As soon as I start setting myself rules for the next installation, a leitmotif, a concept, it seems to me as if I were pulling a magnet along under a field of iron filings and everything aligned itself accordingly. Without a concept, everything would be just cabbage and turnips&#8221;. This is how Erika Hoffmann described the process of the annual reorganization of her collection, i.e. the yearly new arrangement of artworks in her Berlin living quarters, in a conversation in 2009.<\/p>\n<p>Erika and Rolf Hoffmann have never chosen the word &#8220;exhibition&#8221; for their presentations; not least, because they do not occupy exhibition spaces but use their living rooms as a place for an intensive and prolonged exchange with artworks. Thus it is primarily about their own exchange with their collection, which Erika Hoffmann once described as being like a third skin, or \u2013 as she said on another occasion \u2013 like family members.<\/p>\n<p>Since many years now, Erika Hoffmann, who has been acting alone since the death of her husband in 2001, has made this exchange also possible for the public. Her approach differs from the exhibition practice in public institutions, whose mandate always includes the explicit linguistic mediation, promotion and advertising of their exhibition programme. A catchy title, a crisp concept, a gripping advertising campaign and an agile use of social media, everything that museums need in order to fulfil their mission to the public, can be put on the back burner in the private context. Moreover, it has been put on the back burner in order to make room for what was central to the Hoffmanns: the form of expression peculiar to the visual arts; an expression that precisely cannot be translated into words \u2013 or only with friction losses.<\/p>\n<p>Accordingly, when visiting the Berlin collection rooms, one is not being greeted by an exhibition title or an introductory text; one even looks in vain for information on the individual works. As a visitor, you only receive such information during one of the guided tours.<\/p>\n<p>Thus, Erika Hoffmann aims not to dominate the encounter with artworks by some concept and to limit them in their complexity and ambiguity. Rather than highlighting an exhibition theme that determines the selection of works \u2013 even if such theme has been crucial as a structuring guideline \u2013 her focus is on the dialogue between artworks.<\/p>\n<p>It is this very dialogue between works that is the focus of our exhibition at OP ENHEIM. The rooms here are particularly suitable for a presentation of the Sammlung Hoffmann, not least because of their past as living rooms and the privacy that still clings to them. Their intimacy and manageable size inevitably brings the works gathered in the individual rooms into that interesting dialogue with each other that was and is so important to Erika Hoffmann.<\/p>\n<p>The &#8220;magnet&#8221; used in our selection of works shown at OP ENHEIM is the notion of border. However, the works do not focus on geographical and political borders. Rather, the focus is on interpersonal borders on the one hand, and on artistic borders on the other, on blurring borders, crossing borders, overcoming borders and \u2013 perhaps the most striking feature \u2013 negotiating borders. The boundaries between painting and sculpture, painting and photography, sculpture and performance, surface and space, the audible and the visible are addressed, they overlap or dissolve in many of the artworks, as is the border between art and what it is surrounded with. This is linked repeatedly \u2013 and this is characteristic of the Sammlung Hoffmann \u2013 with artistic negotiations about the conditions and limits of the human body, about its social classifications and imprints, the social gender role assignments and loud or quiet, noticed or unnoticed outbursts and transgressions and the border between the private and the public. Last but not least, the skin is a boundary of our body. As is the skin a boundary of our body in itself.<\/p>\n<p>Dorothe\u0301e Brill, Luise Richter<\/p>\n<\/div>\n<\/div>\n<\/div>\n<\/div>\n<p>&nbsp;<\/p>\n<\/div>\n<\/div>\n<\/div>\n<\/div>\n<p>The exhibition is a cooperation of Fundacja OP ENHEIM and Schenkung Sammlung Hoffmann, Staatliche Kunstsammlungen Dresden.<\/p>\n<div>Project co-financed by the Foundation for Polish-German Cooperation and the Wroc\u0142aw Municipality<\/div>\n<div class=\"x11i5rnm xat24cr x1mh8g0r x1vvkbs xtlvy1s\"><span style=\"font-weight: 400;\">______________<\/span><\/div>\n<div class=\"x11i5rnm xat24cr x1mh8g0r x1vvkbs xtlvy1s\"><strong>Special thank to Erika Hoffmann-Koenige<\/strong><\/div>\n<div><\/div>\n<div><b style=\"font-size: inherit;\">Curators:<\/b> <b style=\"font-size: inherit;\">\u00a0<\/b><span style=\"font-size: inherit;\">Doroth\u00e9e Brill (SKD), Luise Richter (SKD)<\/span><\/div>\n<div class=\"x11i5rnm xat24cr x1mh8g0r x1vvkbs xtlvy1s\">\n<p class=\"p1\"><b>Production:<\/b> \u0141ukasz Adamski, Natalia Budzi\u0144ska<br \/>\n<b>Coordination: <\/b>Natalia Budzi\u0144ska<br \/>\n<b>Exhibition design: <\/b>Daria Pietryka<br \/>\n<b>Visual identification:<\/b> Grzegorz Kozak<br \/>\n<b>Art conservation:<\/b> Franziska Klinkm\u00fcller (SKD), Urszula Wencka<br \/>\n<b>Promotion: <\/b>Dorota Oczak\u2013Stach, Hania Mokijewska, Maria Majchrowska<br \/>\n<b>Realisation:<\/b> Micha\u0142 Micha\u0142czak &#8211; Keep Away From Fire<br \/>\n<b>Translation:<\/b> Karol Waniek, Ma\u0142gorzata S\u0142abicka-Turpeinen<br \/>\n<b>Cooperation<\/b>: Katrin B\u00e4sig (SKD), Wojciech Gandecki, Maria G\u0142ubisz, Mateusz Kilanowski, Weronika Ka\u0142u\u017ca, Walentyna Schaiko, Dominika Specht, Ivan Shpak, Agnieszka Wr\u00f3blewska<\/p>\n<\/div>\n","protected":false},"excerpt":{"rendered":"<p>Monica Bonvicini, Charlotte Moorman, Felix Gonzalez-Torres, Pipilotti Rist i Jenny Saville to tylko niekt\u00f3re z nazwisk, kt\u00f3rych prace b\u0119dzie mo\u017cna ogl\u0105da\u0107 w OP ENHEIM od 17 wrze\u015bnia. Pochodz\u0105ce z uznanej na ca\u0142ym \u015bwiecie Sammlung Hoffmann z siedzib\u0105 w Berlinie oraz z Schenkung Sammlung Hoffmann, Staatliche Kunstsammlungen Dresden, prace zosta\u0142y wybrane przez kuratorki Doroth\u00e9e Brill i Luise Richter.<\/p>\n","protected":false},"author":2,"featured_media":8445,"parent":607,"menu_order":23,"comment_status":"closed","ping_status":"closed","template":"","meta":{"_acf_changed":false,"footnotes":""},"class_list":["post-8370","page","type-page","status-publish","has-post-thumbnail","hentry"],"acf":[],"_links":{"self":[{"href":"https:\/\/openheim.org\/en\/wp-json\/wp\/v2\/pages\/8370","targetHints":{"allow":["GET"]}}],"collection":[{"href":"https:\/\/openheim.org\/en\/wp-json\/wp\/v2\/pages"}],"about":[{"href":"https:\/\/openheim.org\/en\/wp-json\/wp\/v2\/types\/page"}],"author":[{"embeddable":true,"href":"https:\/\/openheim.org\/en\/wp-json\/wp\/v2\/users\/2"}],"replies":[{"embeddable":true,"href":"https:\/\/openheim.org\/en\/wp-json\/wp\/v2\/comments?post=8370"}],"version-history":[{"count":30,"href":"https:\/\/openheim.org\/en\/wp-json\/wp\/v2\/pages\/8370\/revisions"}],"predecessor-version":[{"id":9736,"href":"https:\/\/openheim.org\/en\/wp-json\/wp\/v2\/pages\/8370\/revisions\/9736"}],"up":[{"embeddable":true,"href":"https:\/\/openheim.org\/en\/wp-json\/wp\/v2\/pages\/607"}],"wp:featuredmedia":[{"embeddable":true,"href":"https:\/\/openheim.org\/en\/wp-json\/wp\/v2\/media\/8445"}],"wp:attachment":[{"href":"https:\/\/openheim.org\/en\/wp-json\/wp\/v2\/media?parent=8370"}],"curies":[{"name":"wp","href":"https:\/\/api.w.org\/{rel}","templated":true}]}}