{"id":9782,"date":"2024-10-10T15:32:20","date_gmt":"2024-10-10T13:32:20","guid":{"rendered":"https:\/\/openheim.org\/pl\/?page_id=9782"},"modified":"2024-12-17T16:01:58","modified_gmt":"2024-12-17T15:01:58","slug":"common-threads","status":"publish","type":"page","link":"https:\/\/openheim.org\/en\/wystawy\/archiwum\/common-threads\/","title":{"rendered":"COMMON THREADS | Butrymowicz \/ Jacobi \/ Jecza \/ Jeitner \/ Owidzka \/ Sadley \/ Ziman \/ \u017berwe"},"content":{"rendered":"<p><strong>COMMON THREADS<br \/>\n<\/strong>Butrymowicz \/ Jacobi \/ Jecza \/ Jeitner \/ Owidzka \/ Sadley \/ Ziman \/ \u017berwe<strong><br \/>\n<\/strong><\/p>\n<p>Curated by Claudia Kudinova<\/p>\n<p><strong>Exhibition opening: 23.10.2024, 6:30 pm<\/strong><br \/>\n<strong>Exhibition duration: 23.10.2024 &#8211; 29.11.2024<\/strong><\/p>\n<p><strong>Artists and artists:<\/strong><br \/>\nZofia Butrymowicz \/ Ritzi Jacobi \/ Ritzi i Peter Jacobi \/ Klara Biro Jecza \/ Christa Jeitner \/ Jolanta Owidzka \/ Wojciech Sadley \/ Magda Ziman \/ Ma\u0142gorzata \u017berwe<\/p>\n<p>\u201cFiber art was modernism protected by its process.\u201d<\/p>\n<p>In 1998 the art historian Catherine S. Amidon illustrated a crucial argument for the understanding and contextualization of pioneers of Eastern European textile art. Focusing on the &#8216;Polish School of Textile Art\u2018 with one of its most prominent representatives Magdalena Abakanowicz, it allows to draw connections to further \u2013 internationally less acclaimed \u2013 Polish textile protagonists such as Abakanowicz\u2019s colleagues Jolanta Owidzka (b. 1927, d. 2020), Zofia Butrymowicz (b. 1904, d. 1987) and Wojciech Sadley (b. 1932, d. 2023). In doing so, the argument also opens up perspectives on further Eastern European textile innovators such as the Romanians Ritzi and Peter Jacobi (b. 1941, d. 2022; b. 1935), Klara Biro Jecza (b. 1937, d. 2011) and Magda Ziman (b. 1942, d. 2003) as well as Christa Jeitner (b. 1935), an artist who developed her creative practice in the former GDR outside of state-political settings.<\/p>\n<p>By engaging with the textile medium \u2013 that while charged with the notion of a folkloric, decorative craft was simultaneously protected by the very same notion \u2013 these artists were able to subvert the postulates of their communist regimes, which were mainly enforced among painting. Thus, the engagement with the thread opened up space for aesthetic intervention and experimentation with modernist abstract tendencies through pictorial instances such as material, technique, form and color. Drawn directly from the textile material as well as the variety of textile techniques \u2013 including weaving, stitching or tying \u2013 the textile proved to act as a vehicle for a transmedial approach to artistic expression. Departing from this modernist contextualization, the group exhibition traces the eponymous common thread of innovatory approaches to textile art of Eastern Europe. Starting in the 1960s the selected artists enter into a multifaceted dialogue with each other.<\/p>\n<p>While the art historically prominently outlined sculptural dimension of relief-like and plastic art forms is renegotiated in the artistic approaches of Wojciech Sadley, Ritzi and Peter Jacobi or Ma\u0142gorzata \u017berwe (b. 1954), the presentation also aims to draw attention to the graphic and painterly qualities of the textile. The color-intensive, expressive tapestries of Jolanta Owidzka evoke the impression of an immediate painterly gesture, while the figurative references of Zofia Butrymowicz\u2019s tapestries dissolve in what seems to be gradients of liquid paint. However, both positions are drawn from the terms and refinement of the weaving material and technique used for its creation. For artists such as Klara Biro Jecza as well as Ritzi and Peter Jacobi the graphic quality of the line does not only serve as a preliminary step to relief-like textile artworks, but constitutes their composition; as it does vice versa. Therefore Ritzi Jacobi \u2013 who later pursues a solo career \u2013 ultimately inverts the presumed chronology of a preceding paper sketch, by staging the paper itself prominently as a textile soft drawing. The understanding of the fiber and the thread as means of painting, drawing and sculpting also coins the work of Christa Jeitner, which is additionally reflected in the descriptions of her techniques: Schn\u00fcrwerk (lacing-work) or Maschinennahtzeichnung (machine-seam-drawing) are only a few of the neologism she creates in order to grasp onto the transmedial dimension of the thread. The inherent quality of the textile to mediate between different spheres of artistic expression as well as different artistic narratives inevitably turns it into a carrier of content and meaning. For Christa Jeitner these are often themes relating to the events of the Shoah; an encounter with the unspeakable that provokes an empathetic and particularly sensory reception. The focus on an immediate, sensory perception is significant to the avant-gardist approach to textile art that \u2013 relieved from its folkloric and decorative connotation \u2013 is activated in the specific expression of its materiality; an expression that is to be experienced in the group exhibition Common Threads.<\/p>\n<p>Claudia Kudinova, September 2024<\/p>\n<p><em>Quote: Catherine. S. Amidon: Different Voices with Common Threads: Polish Fiber Art Today, in: The Polish Review, Vol. 43, No. 2, 1998, pp. 195-205, here p. 199.<\/em><\/p>\n<p>___________________________<\/p>\n<p><strong>Curator:<\/strong> Claudia Kudinova<br \/>\n<strong>Coordination:<\/strong> Karolina Jaworska<br \/>\n<strong>Promotion:<\/strong> Maria Majchrowska<br \/>\n<strong>Visual identification:<\/strong> Grzegorz Kozak<br \/>\n<strong>Realization:<\/strong> Michalczak &#8211; Keep Away From Fire<br \/>\n<strong>Translation:<\/strong> Karol Waniek, Volkmar Umlauft<br \/>\n<strong>Collaboration:<\/strong> Karolina Jara, Weronika Ka\u0142u\u017ca, Iga Miku\u015bkiewicz, Valentina Schaiko, Ivan Shpak, Agnieszka Wr\u00f3blewska<\/p>\n","protected":false},"excerpt":{"rendered":"<p>COMMON THREADS Butrymowicz \/ Jacobi \/ Jecza \/ Jeitner \/ Owidzka \/ Sadley \/ Ziman \/ \u017berwe Curated by Claudia Kudinova Exhibition opening: 23.10.2024, 6:30 pm Exhibition duration: 23.10.2024 &#8211; 29.11.2024 Artists and artists: Zofia Butrymowicz \/ Ritzi Jacobi \/ Ritzi i Peter Jacobi \/ Klara Biro Jecza \/ Christa Jeitner \/ Jolanta Owidzka \/ Wojciech Sadley \/ Magda Ziman \/ Ma\u0142gorzata \u017berwe \u201cFiber art was modernism protected by its&#8230;<\/p>\n","protected":false},"author":9,"featured_media":9965,"parent":607,"menu_order":15,"comment_status":"closed","ping_status":"closed","template":"","meta":{"_acf_changed":false,"footnotes":""},"class_list":["post-9782","page","type-page","status-publish","has-post-thumbnail","hentry"],"acf":[],"_links":{"self":[{"href":"https:\/\/openheim.org\/en\/wp-json\/wp\/v2\/pages\/9782","targetHints":{"allow":["GET"]}}],"collection":[{"href":"https:\/\/openheim.org\/en\/wp-json\/wp\/v2\/pages"}],"about":[{"href":"https:\/\/openheim.org\/en\/wp-json\/wp\/v2\/types\/page"}],"author":[{"embeddable":true,"href":"https:\/\/openheim.org\/en\/wp-json\/wp\/v2\/users\/9"}],"replies":[{"embeddable":true,"href":"https:\/\/openheim.org\/en\/wp-json\/wp\/v2\/comments?post=9782"}],"version-history":[{"count":18,"href":"https:\/\/openheim.org\/en\/wp-json\/wp\/v2\/pages\/9782\/revisions"}],"predecessor-version":[{"id":9789,"href":"https:\/\/openheim.org\/en\/wp-json\/wp\/v2\/pages\/9782\/revisions\/9789"}],"up":[{"embeddable":true,"href":"https:\/\/openheim.org\/en\/wp-json\/wp\/v2\/pages\/607"}],"wp:featuredmedia":[{"embeddable":true,"href":"https:\/\/openheim.org\/en\/wp-json\/wp\/v2\/media\/9965"}],"wp:attachment":[{"href":"https:\/\/openheim.org\/en\/wp-json\/wp\/v2\/media?parent=9782"}],"curies":[{"name":"wp","href":"https:\/\/api.w.org\/{rel}","templated":true}]}}