{"id":9841,"date":"2024-08-03T12:45:45","date_gmt":"2024-08-03T10:45:45","guid":{"rendered":"https:\/\/openheim.org\/pl\/?page_id=9841"},"modified":"2026-03-25T14:58:34","modified_gmt":"2026-03-25T13:58:34","slug":"op-young-mateusz-gromadzki","status":"publish","type":"page","link":"https:\/\/openheim.org\/en\/op-young-mateusz-gromadzki\/","title":{"rendered":"OP_Young | Mateusz Gromadzki"},"content":{"rendered":"<p><strong>Mateusz Gromadzki \u2013 <\/strong>artysta transmedialny, posthumanista, ciemny ekolog, nomada. Urodzony w 1996 roku w Olsztynie, Absolwent Wydzia\u0142u Malar-stwa i Rysunku na Uniwersytecie Artystycznym w Poznaniu im. Magdaleny Abakanowicz. Innymi si\u0142ami kieruj\u0105cymi jego wczesnym rozwojem tw\u00f3rczym okre\u015bla przyrod\u0119, artyst\u00f3w wiejskich, outsaider\u00f3w oraz estetyki wschodnich kultur. Stypendysta Ministerstwa Kultury i Dziedzictwa Narodowego w programie \u201eM\u0142oda Polska 2025\u201d. Eksperymentuje z rysunkowo\u015bci\u0105, obrazowo\u015bci\u0105, obiektowo-\u015bci\u0105, performatywno\u015bci\u0105, czasem mediami cyfrowymi. Obserwuje Zoe i Biosy, poszukuje w nich mistycznych tajemnic i splot\u00f3w ze \u015bwiatem wiedzy naukowej. Interesuje go zjawisko no\u015bnik\u00f3w pami\u0119ci \u2013 zbiera od-ludzkie artefakty i materie z nie-ludzkich \u015bwiat\u00f3w. Hoduje autorskie materie organiczne, splataj\u0105c ich istnienie z dzie\u0142ami sztuki. Prowadzi badania artystyczne na wsiach i odludziach, czerpi\u0105c z (post-)antropologii sensorycznej przenikaj\u0105cej si\u0119 z praktykami post-artystycznymi. Bada regeneracyjny potencja\u0142 \u2013 ba\u015bni i mitu, a tak\u017ce kontaktu z ro\u015blinami i materiami pochodzenia przyrodniczego. Empati\u0119 i metafor\u0119 uwa\u017ca za narz\u0119dzia pozwalaj\u0105ce po-znawa\u0107 tajemnice rzeczywisto\u015bci. Swoj\u0105 tw\u00f3rczo\u015b\u0107 prezentowa\u0142 m.in. na Mi\u0119dzynarodowym Sympozjum Rze\u017aby Wsp\u00f3\u0142czesnej w CRP Oro\u0144sku, Laureat nagrody Grand Prix programu OP_YOUNG 2024.<\/p>\n<p><a href=\"https:\/\/openheim.org\/wp-content\/uploads\/2026\/03\/Mateusz-Gromadzki-Portfolio.pdf\" target=\"_blank\" rel=\"noopener\">PORTFOLIO >>MATEUSZ GROMADZKI<<<\/a><\/p>\n<p>______<\/p>\n<p><img decoding=\"async\" class=\"alignnone wp-image-9540\" src=\"https:\/\/openheim.org\/wp-content\/uploads\/2024\/05\/mam25lat-poziom-925x222.png\" alt=\"\" width=\"133\" height=\"32\" srcset=\"https:\/\/openheim.org\/wp-content\/uploads\/2024\/05\/mam25lat-poziom-925x222.png 925w, https:\/\/openheim.org\/wp-content\/uploads\/2024\/05\/mam25lat-poziom-1024x246.png 1024w, https:\/\/openheim.org\/wp-content\/uploads\/2024\/05\/mam25lat-poziom-768x185.png 768w, https:\/\/openheim.org\/wp-content\/uploads\/2024\/05\/mam25lat-poziom-1536x369.png 1536w, https:\/\/openheim.org\/wp-content\/uploads\/2024\/05\/mam25lat-poziom-2048x492.png 2048w\" sizes=\"(max-width: 133px) 100vw, 133px\" \/><\/p>\n<p>Projekt dofinansowano z bud\u017cetu Samorz\u0105du Wojew\u00f3dztwa Dolno\u015bl\u0105skiego.<\/p>\n","protected":false},"excerpt":{"rendered":"<p>Mateusz Gromadzki \u2013 artysta transmedialny, posthumanista, ciemny ekolog, nomada. Urodzony w 1996 roku w Olsztynie, Absolwent Wydzia\u0142u Malar-stwa i Rysunku na Uniwersytecie Artystycznym w Poznaniu im. Magdaleny Abakanowicz. Innymi si\u0142ami kieruj\u0105cymi jego wczesnym rozwojem tw\u00f3rczym okre\u015bla przyrod\u0119, artyst\u00f3w wiejskich, outsaider\u00f3w oraz estetyki wschodnich kultur. Stypendysta Ministerstwa Kultury i Dziedzictwa Narodowego w programie \u201eM\u0142oda Polska 2025\u201d. Eksperymentuje z rysunkowo\u015bci\u0105, obrazowo\u015bci\u0105, obiektowo-\u015bci\u0105, performatywno\u015bci\u0105, czasem mediami cyfrowymi. Obserwuje Zoe i Biosy, poszukuje w&#8230;<\/p>\n","protected":false},"author":9,"featured_media":9842,"parent":0,"menu_order":14,"comment_status":"closed","ping_status":"closed","template":"","meta":{"_acf_changed":false,"footnotes":""},"class_list":["post-9841","page","type-page","status-publish","has-post-thumbnail","hentry"],"acf":[],"_links":{"self":[{"href":"https:\/\/openheim.org\/en\/wp-json\/wp\/v2\/pages\/9841","targetHints":{"allow":["GET"]}}],"collection":[{"href":"https:\/\/openheim.org\/en\/wp-json\/wp\/v2\/pages"}],"about":[{"href":"https:\/\/openheim.org\/en\/wp-json\/wp\/v2\/types\/page"}],"author":[{"embeddable":true,"href":"https:\/\/openheim.org\/en\/wp-json\/wp\/v2\/users\/9"}],"replies":[{"embeddable":true,"href":"https:\/\/openheim.org\/en\/wp-json\/wp\/v2\/comments?post=9841"}],"version-history":[{"count":10,"href":"https:\/\/openheim.org\/en\/wp-json\/wp\/v2\/pages\/9841\/revisions"}],"predecessor-version":[{"id":11782,"href":"https:\/\/openheim.org\/en\/wp-json\/wp\/v2\/pages\/9841\/revisions\/11782"}],"wp:featuredmedia":[{"embeddable":true,"href":"https:\/\/openheim.org\/en\/wp-json\/wp\/v2\/media\/9842"}],"wp:attachment":[{"href":"https:\/\/openheim.org\/en\/wp-json\/wp\/v2\/media?parent=9841"}],"curies":[{"name":"wp","href":"https:\/\/api.w.org\/{rel}","templated":true}]}}