{"id":9854,"date":"2024-08-03T13:17:00","date_gmt":"2024-08-03T11:17:00","guid":{"rendered":"https:\/\/openheim.org\/pl\/?page_id=9854"},"modified":"2024-10-29T13:53:14","modified_gmt":"2024-10-29T12:53:14","slug":"op-young-kasia-banasiak","status":"publish","type":"page","link":"https:\/\/openheim.org\/en\/op-young-kasia-banasiak\/","title":{"rendered":"OP_Young | Kasia Banasiak"},"content":{"rendered":"<p><strong>Kasia Banasiak<\/strong> &#8211; artystka wizualna i animatorka kultury, absolwentka wroc\u0142awskiej ASP na kierunku Grafiki oraz studentka Scenografii tam\u017ce. Zajmuje si\u0119 g\u0142\u00f3wnie malarstwem, rze\u017ab\u0105 i scenografi\u0105. Razem z kolektywem \u201eZbi\u00f3r&#8221; prowadzi offow\u0105 galeri\u0119 sztuki ,,Serwis&#8221; na wroc\u0142awskich Gajowicach, wsp\u00f3\u0142organizatorka i kuratorka wydarze\u0144 w tym miejscu oraz wsp\u00f3\u0142organizatorka festiwalu Wroc\u0142aw Off Gallery Weekend. Laureatka stypendium MKIDN oraz uczestniczka wystaw krajowych i mi\u0119dzynarodowych.<\/p>\n<p><a href=\"https:\/\/openheim.org\/wp-content\/uploads\/2024\/10\/kasiabanasiakportfolio.pdf\" target=\"_blank\" rel=\"noopener\">PORTFOLIO >>KASIA BANASIAK<<<\/a><\/p>\n<p>______<\/p>\n<p><img decoding=\"async\" class=\"alignnone wp-image-9540\" src=\"https:\/\/openheim.org\/wp-content\/uploads\/2024\/05\/mam25lat-poziom-925x222.png\" alt=\"\" width=\"133\" height=\"32\" srcset=\"https:\/\/openheim.org\/wp-content\/uploads\/2024\/05\/mam25lat-poziom-925x222.png 925w, https:\/\/openheim.org\/wp-content\/uploads\/2024\/05\/mam25lat-poziom-1024x246.png 1024w, https:\/\/openheim.org\/wp-content\/uploads\/2024\/05\/mam25lat-poziom-768x185.png 768w, https:\/\/openheim.org\/wp-content\/uploads\/2024\/05\/mam25lat-poziom-1536x369.png 1536w, https:\/\/openheim.org\/wp-content\/uploads\/2024\/05\/mam25lat-poziom-2048x492.png 2048w\" sizes=\"(max-width: 133px) 100vw, 133px\" \/><\/p>\n<p>Projekt dofinansowano z bud\u017cetu Samorz\u0105du Wojew\u00f3dztwa Dolno\u015bl\u0105skiego.<\/p>\n","protected":false},"excerpt":{"rendered":"<p>Kasia Banasiak &#8211; artystka wizualna i animatorka kultury, absolwentka wroc\u0142awskiej ASP na kierunku Grafiki oraz studentka Scenografii tam\u017ce. Zajmuje si\u0119 g\u0142\u00f3wnie malarstwem, rze\u017ab\u0105 i scenografi\u0105. Razem z kolektywem \u201eZbi\u00f3r&#8221; prowadzi offow\u0105 galeri\u0119 sztuki ,,Serwis&#8221; na wroc\u0142awskich Gajowicach, wsp\u00f3\u0142organizatorka i kuratorka wydarze\u0144 w tym miejscu oraz wsp\u00f3\u0142organizatorka festiwalu Wroc\u0142aw Off Gallery Weekend. Laureatka stypendium MKIDN oraz uczestniczka wystaw krajowych i mi\u0119dzynarodowych. PORTFOLIO >>KASIA BANASIAK<\/p>\n","protected":false},"author":9,"featured_media":9855,"parent":0,"menu_order":13,"comment_status":"closed","ping_status":"closed","template":"","meta":{"_acf_changed":false,"footnotes":""},"class_list":["post-9854","page","type-page","status-publish","has-post-thumbnail","hentry"],"acf":[],"_links":{"self":[{"href":"https:\/\/openheim.org\/en\/wp-json\/wp\/v2\/pages\/9854","targetHints":{"allow":["GET"]}}],"collection":[{"href":"https:\/\/openheim.org\/en\/wp-json\/wp\/v2\/pages"}],"about":[{"href":"https:\/\/openheim.org\/en\/wp-json\/wp\/v2\/types\/page"}],"author":[{"embeddable":true,"href":"https:\/\/openheim.org\/en\/wp-json\/wp\/v2\/users\/9"}],"replies":[{"embeddable":true,"href":"https:\/\/openheim.org\/en\/wp-json\/wp\/v2\/comments?post=9854"}],"version-history":[{"count":5,"href":"https:\/\/openheim.org\/en\/wp-json\/wp\/v2\/pages\/9854\/revisions"}],"predecessor-version":[{"id":9897,"href":"https:\/\/openheim.org\/en\/wp-json\/wp\/v2\/pages\/9854\/revisions\/9897"}],"wp:featuredmedia":[{"embeddable":true,"href":"https:\/\/openheim.org\/en\/wp-json\/wp\/v2\/media\/9855"}],"wp:attachment":[{"href":"https:\/\/openheim.org\/en\/wp-json\/wp\/v2\/media?parent=9854"}],"curies":[{"name":"wp","href":"https:\/\/api.w.org\/{rel}","templated":true}]}}