{"id":10045,"date":"2024-12-09T12:25:52","date_gmt":"2024-12-09T11:25:52","guid":{"rendered":"https:\/\/openheim.org\/pl\/?page_id=10045"},"modified":"2025-03-24T15:12:09","modified_gmt":"2025-03-24T14:12:09","slug":"olaf-brzeski-excellent","status":"publish","type":"page","link":"https:\/\/openheim.org\/pl\/wystawy\/archiwum\/olaf-brzeski-excellent\/","title":{"rendered":"Olaf Brzeski | Excellent!"},"content":{"rendered":"<div class=\"xdj266r x11i5rnm xat24cr x1mh8g0r x1vvkbs\">\n<p><strong>Olaf Brzeski | Excellent!<br \/>\n<\/strong><strong>Wystawa indywidualna\u00a0<\/strong><\/p>\n<p class=\"p1\"><span class=\"s1\"><b>Udost\u0119pnienie wystawy: 10.12.2024 r., godz. 17:00<br \/>\nCzas trwania wystawy: 10.12.2024\u201316.03.2025 r.<br \/>\nCykl oprowadza\u0144 po wystawie: <span style=\"font-weight: 400;\"><a href=\"https:\/\/app.evenea.pl\/event\/832353-85\/\" target=\"_blank\" rel=\"noopener\">bit.ly\/3Btdkc3<\/a><\/span><\/b><\/span><\/p>\n<\/div>\n<p>&nbsp;<\/p>\n<div>\n<div class=\"page\" title=\"Page 1\">\n<div class=\"section\">\n<div class=\"layoutArea\">\n<div class=\"column\">\n<p><strong>Excellent!<\/strong><\/p>\n<p>W tej opowie\u015bci splataj\u0105 si\u0119 w\u0105tki zwierz\u0119co-ludzkie i domowo-kosmiczne. Obiekty, rze\u017aby, instalacje, rysunki \u2014 rzeczy wielkie zestawione z drobnymi. Ca\u0142o\u015b\u0107 u\u0142o\u017cy\u0142em linearnie, niczym film. Film wielogatunkowy, b\u0119d\u0105cy mieszanin\u0105 campu, science fiction, thrillera, kina drogi oraz poetyckich obraz\u00f3w w duchu Andrieja Tarkowskiego \u2014 rzeczy, kt\u00f3re ukszta\u0142towa\u0142y moj\u0105 wra\u017cliwo\u015b\u0107. Pokazuj\u0105c Wam t\u0119 wystaw\u0119, dziel\u0119 si\u0119 raczej przeczuciami na temat uwalniania si\u0119 ni\u017c konkretnym przekazem. Bo nie potrafi\u0119 niczego skonkretyzowa\u0107. Nie mam opinii. Teraz jest za du\u017co rzeczy do zaopiniowania, w og\u00f3le za du\u017co jest wszystkiego.<\/p>\n<p>Ale wszystko jest \u201eExcellent!\u201d\u2014 jak mawia m\u00f3j przyjaciel Francis.<\/p>\n<p>Welcome to the trip!<\/p>\n<p><strong>Scena pierwsza: Wyj\u015bcie<\/strong><\/p>\n<p>Kiedy zacz\u0105\u0142em wymy\u015bla\u0107 przebieg tej wycieczki przez dawne mieszkanie Oppenheim\u00f3w, pierwszym obrazem, kt\u00f3ry przyszed\u0142 mi do g\u0142owy, by\u0142a klatka. Klatka, jak\u0105 pami\u0119tam z dzieci\u0144stwa, z wroc\u0142awskiego zoo: wysoka na trzy metry, o powierzchni mo\u017ce dwunastu metr\u00f3w kwadratowych, z konarem drzewa po\u015brodku i drewnian\u0105 p\u00f3\u0142k\u0105, na kt\u00f3rej le\u017ca\u0142a czarna pantera. Pi\u0119kna, ale kompletnie pozbawiona sensu\u2026 w tym miejscu. Jednopokojowe mieszkanie czarnej pantery.<\/p>\n<p>Po wielu latach, czyli teraz, przy pomocy wielu os\u00f3b, stworzyli\u015bmy podobn\u0105 klatk\u0119. Mo\u017ce nieco mniejsz\u0105, i to w\u0142a\u015bnie ona zajmuje pierwszy pok\u00f3j mieszkania. Zbudowali\u015bmy j\u0105 po to, aby m\u00f3c j\u0105 otworzy\u0107. Niech opustoszeje. Cokolwiek w sobie zawiera\u0142a, niech odejdzie swoj\u0105 drog\u0105, niech przestanie obija\u0107 si\u0119 w tej ciasnocie.<\/p>\n<p>Pozostanie tylko zapach i poczucie obecno\u015bci.<\/p>\n<p><strong>Scena druga: Poranek<\/strong><\/p>\n<p>Drugi pok\u00f3j to nasze wyj\u015bcie na \u015bwiat\u0142o poranka, bo, jak m\u00f3wi stare powiedzenie: \u201eporanek jest m\u0105drzejszy od wieczora\u201d. Poranek przynosi nowe strategie i wyobra\u017cenia, zach\u0119ca do kroczenia now\u0105 drog\u0105, o\u015bwietla rzeczy dot\u0105d skryte w cieniu. To tu odczuwamy rado\u015b\u0107 p\u0142yn\u0105c\u0105 ze \u015bwie\u017co odzyskanej swobody.<\/p>\n<p>Nasz poranek dodatkowo roz\u015bwietlony jest przez z\u0142oty \u017cyrandol, kt\u00f3rego forma odtwarza trajektori\u0119 lotu muchy domowej. Patrz\u0105c na jej akrobatyczne popisy, niemal podejrzewam j\u0105 o sk\u0142onno\u015b\u0107 do zabawy. Z niezwyk\u0142\u0105 precyzj\u0105 kre\u015bli geometryczne figury, skr\u0119caj\u0105c gwa\u0142townie pod k\u0105tem prostym, a potem zatacza chaotyczne esy-floresy, zupe\u0142nie nieskr\u0119powana. Lotmistrzyni.<\/p>\n<p><strong>Scena trzecia: Rozwidlenie<\/strong><\/p>\n<p>Teraz wchodzimy do kolejnego, delikatnie przyciemnionego pokoju. Dostrzegamy \u015bwiat\u0142o wydostaj\u0105ce si\u0119 przez dziurk\u0119 od klucza w nieistniej\u0105cych drzwiach, do kt\u00f3rych jest zamontowana niedaj\u0105ca si\u0119 pochwyci\u0107 klamka. By\u0107 mo\u017ce to tylko iluzja. A mo\u017ce dopiero co formuj\u0105ca si\u0119 nowa okoliczno\u015b\u0107, perspektywa, \u015bcie\u017cka mniej ucz\u0119szczana\u2026<\/p>\n<p><strong>Scena czwarta: Kabina statku<\/strong><\/p>\n<p>Po lewej stronie znajduje si\u0119 kolejne pomieszczenie, kt\u00f3rego wej\u015bcie zastawiono kanap\u0105. Trzeba si\u0119 przecisn\u0105\u0107, aby dosta\u0107 si\u0119 do \u015brodka. W tym pokoju znajduje si\u0119 ewentualny obraz tego, co wcze\u015bniej zamieszkiwa\u0142o klatk\u0119. W mojej wyobra\u017ani, gdybym mia\u0142 nada\u0107 temu kszta\u0142t, by\u0142by to lew. Na my\u015bl przychodzi mi powiedzenie: \u201eMiota\u0107 si\u0119 jak lew w klatce\u201d. Lew le\u017cy na kanapie i li\u017ce \u017cab\u0119. Ten obraz przywodzi na my\u015bl ba\u015bnie, w kt\u00f3rych ksi\u0105\u017c\u0119 ca\u0142uje \u017cab\u0119. Metaforycznie taki gest inicjuje w bohaterze proces akceptacji praw natury, zrozumienia kieruj\u0105cych ni\u0105 si\u0142, co w rezultacie prowadzi do wyzwolenia ca\u0142ego majestatu jego potencja\u0142u. W efekcie w ba\u015bni ropucha przemienia si\u0119 w kr\u00f3lewskie dziecko. Wydaje si\u0119, \u017ce czar iluzji przesta\u0142 dzia\u0142a\u0107.<\/p>\n<p>Pok\u00f3j z kanap\u0105 jest w gruncie rzeczy kabin\u0105 statku. Jest stanem bycia \u201epo swojemu\u201d \u2014 cokolwiek to znaczy.<\/p>\n<p><strong>Scena pi\u0105ta: To, co widzi lew<\/strong><\/p>\n<p>W ostatnim pomieszczeniu, zwanym \u201eakwarium,\u201d na \u015bcianie widzimy jeden z wielu obraz\u00f3w przes\u0142anych na Ziemi\u0119 przez sond\u0119 Parkera podczas jej podr\u00f3\u017cy do S\u0142o\u0144ca. Misja sondy wci\u0105\u017c trwa, cho\u0107 nied\u0142ugo zako\u0144czy si\u0119 w ogniu, poniewa\u017c jej orbita, po kt\u00f3rej okr\u0105\u017ca S\u0142o\u0144ce po raz dwudziesty kt\u00f3ry\u015b, staje si\u0119 coraz cia\u015bniejsza.<\/p>\n<p>Wzruszy\u0142em si\u0119, kiedy zobaczy\u0142em na YouTube transmisje z jej podr\u00f3\u017cy, z okolic oddalonych od Ziemi o 160 milion\u00f3w kilometr\u00f3w. Wida\u0107 tam, jak leci z pr\u0119dko\u015bci\u0105 700 000 km\/h, omiata j\u0105 wiatr s\u0142oneczny, plazma proton\u00f3w, elektron\u00f3w i cz\u0105stek alfa. Przed oczami przemykaj\u0105 szybko fragmenty Drogi Mlecznej, jakie\u015b \u201eprzemazania\u201d \u2014 fale? Owe cz\u0105steczki? Nie wiem. Patrz\u0105c na to, poczu\u0142em jej samotno\u015b\u0107, zerwanie wi\u0119zi, determinacj\u0119 i pi\u0119kno.<\/p>\n<p>Czy lew czuje to samo?<\/p>\n<p>Olaf Brzeski<\/p>\n<p>____________<\/p>\n<p><strong>Ansambl:<\/strong>\u00a0\u0141ukasz Adamski, Monika Opieka, Daria Pietryka oraz\u00a0Francis Thorburn ze\u00a0specjalnym udzia\u0142em Katarzyny Roj<br \/>\n<strong>Promocja:<\/strong>\u00a0Maria Majchrowska<br \/>\n<strong>Identyfikacja wizualna:<\/strong>\u00a0Jurek Mossakowski<br \/>\n<strong>Realizacja:<\/strong>\u00a0\u0141ukasz Ba\u0142aci\u0144ski, Marcin Pecyna<br \/>\n<strong>T\u0142umaczenie:<\/strong>\u00a0Karol Waniek, Volkmar Umlauft<br \/>\n<strong>Specjalne podzi\u0119kowania:<\/strong>\u00a0Adrianna Duchnicka<br \/>\n<strong>Wsp\u00f3\u0142praca:<\/strong>\u00a0Karolina Jara, Weronika Ka\u0142u\u017ca, Iga Miku\u015bkiewicz, Walentyna Schaiko, Ivan Shpak, Viktoriia Tofan, Agnieszka Wr\u00f3blewska<\/p>\n<p>______<\/p>\n<p><strong>Organizator:<\/strong>\u00a0OP\u00a0ENHEIM | VOP<br \/>\n<strong>Mecenas Honorowy:<\/strong>\u00a0WOMAK<br \/>\n<strong>Mecenas:<\/strong>\u00a0Nedcon Silesia, CHORS<br \/>\n<strong>Partnerzy:<\/strong>\u00a0Raster, KEIM, OPEN-Reklama Oksana Solnik-Krzy\u017canowska<br \/>\n<strong>Patroni medialni:<\/strong>\u00a0Radio Nowy \u015awiat, Magazyn SZUM, Mint Magazine, Niez\u0142a Sztuka, NN6T, Pismo Artystyczne Format<\/p>\n<p><em>Projekt Olaf Brzeski | Excellent! oraz\u00a0seria dzia\u0142a\u0144 intermedialnych zosta\u0142 sfinansowany przez\u00a0Uni\u0119 Europejsk\u0105 NextGenerationEU i\u00a0ze\u00a0\u015brodk\u00f3w Gminy Wroc\u0142aw.<\/em><\/p>\n<p><img decoding=\"async\" class=\"alignnone wp-image-10112\" src=\"https:\/\/openheim.org\/wp-content\/uploads\/2024\/12\/KPO_barwy-RP_NextGenerationEU_poziom_zestawienie_podstawowe_-RGB-925x119.jpg\" alt=\"\" width=\"380\" height=\"49\" srcset=\"https:\/\/openheim.org\/wp-content\/uploads\/2024\/12\/KPO_barwy-RP_NextGenerationEU_poziom_zestawienie_podstawowe_-RGB-925x119.jpg 925w, https:\/\/openheim.org\/wp-content\/uploads\/2024\/12\/KPO_barwy-RP_NextGenerationEU_poziom_zestawienie_podstawowe_-RGB-1024x131.jpg 1024w, https:\/\/openheim.org\/wp-content\/uploads\/2024\/12\/KPO_barwy-RP_NextGenerationEU_poziom_zestawienie_podstawowe_-RGB-768x98.jpg 768w, https:\/\/openheim.org\/wp-content\/uploads\/2024\/12\/KPO_barwy-RP_NextGenerationEU_poziom_zestawienie_podstawowe_-RGB-1536x197.jpg 1536w, https:\/\/openheim.org\/wp-content\/uploads\/2024\/12\/KPO_barwy-RP_NextGenerationEU_poziom_zestawienie_podstawowe_-RGB-2048x262.jpg 2048w\" sizes=\"(max-width: 380px) 100vw, 380px\" \/>| <img decoding=\"async\" class=\"alignnone wp-image-10289\" src=\"https:\/\/openheim.org\/wp-content\/uploads\/2025\/01\/Wroclaw_miasto_spotkan_prostokat_zamiast_schodkowego-1-925x541.png\" alt=\"Miasto Wroc\u0142\u0105w\" width=\"80\" height=\"47\" srcset=\"https:\/\/openheim.org\/wp-content\/uploads\/2025\/01\/Wroclaw_miasto_spotkan_prostokat_zamiast_schodkowego-1-925x541.png 925w, https:\/\/openheim.org\/wp-content\/uploads\/2025\/01\/Wroclaw_miasto_spotkan_prostokat_zamiast_schodkowego-1-1024x599.png 1024w, https:\/\/openheim.org\/wp-content\/uploads\/2025\/01\/Wroclaw_miasto_spotkan_prostokat_zamiast_schodkowego-1-768x449.png 768w, https:\/\/openheim.org\/wp-content\/uploads\/2025\/01\/Wroclaw_miasto_spotkan_prostokat_zamiast_schodkowego-1-1536x899.png 1536w, https:\/\/openheim.org\/wp-content\/uploads\/2025\/01\/Wroclaw_miasto_spotkan_prostokat_zamiast_schodkowego-1.png 1589w\" sizes=\"(max-width: 80px) 100vw, 80px\" \/><\/p>\n<\/div>\n<\/div>\n<\/div>\n<\/div>\n<\/div>\n","protected":false},"excerpt":{"rendered":"<p>Olaf Brzeski | Excellent! Wystawa indywidualna\u00a0 Udost\u0119pnienie wystawy: 10.12.2024 r., godz. 17:00 Czas trwania wystawy: 10.12.2024\u201316.03.2025 r. Cykl oprowadza\u0144 po wystawie: bit.ly\/3Btdkc3 &nbsp; Excellent! W tej opowie\u015bci splataj\u0105 si\u0119 w\u0105tki zwierz\u0119co-ludzkie i domowo-kosmiczne. Obiekty, rze\u017aby, instalacje, rysunki \u2014 rzeczy wielkie zestawione z drobnymi. Ca\u0142o\u015b\u0107 u\u0142o\u017cy\u0142em linearnie, niczym film. Film wielogatunkowy, b\u0119d\u0105cy mieszanin\u0105 campu, science fiction, thrillera, kina drogi oraz poetyckich obraz\u00f3w w duchu Andrieja Tarkowskiego \u2014 rzeczy, kt\u00f3re ukszta\u0142towa\u0142y moj\u0105&#8230;<\/p>\n","protected":false},"author":9,"featured_media":10062,"parent":607,"menu_order":9,"comment_status":"closed","ping_status":"closed","template":"","meta":{"_acf_changed":false,"footnotes":""},"class_list":["post-10045","page","type-page","status-publish","has-post-thumbnail","hentry"],"acf":[],"_links":{"self":[{"href":"https:\/\/openheim.org\/pl\/wp-json\/wp\/v2\/pages\/10045","targetHints":{"allow":["GET"]}}],"collection":[{"href":"https:\/\/openheim.org\/pl\/wp-json\/wp\/v2\/pages"}],"about":[{"href":"https:\/\/openheim.org\/pl\/wp-json\/wp\/v2\/types\/page"}],"author":[{"embeddable":true,"href":"https:\/\/openheim.org\/pl\/wp-json\/wp\/v2\/users\/9"}],"replies":[{"embeddable":true,"href":"https:\/\/openheim.org\/pl\/wp-json\/wp\/v2\/comments?post=10045"}],"version-history":[{"count":30,"href":"https:\/\/openheim.org\/pl\/wp-json\/wp\/v2\/pages\/10045\/revisions"}],"predecessor-version":[{"id":11406,"href":"https:\/\/openheim.org\/pl\/wp-json\/wp\/v2\/pages\/10045\/revisions\/11406"}],"up":[{"embeddable":true,"href":"https:\/\/openheim.org\/pl\/wp-json\/wp\/v2\/pages\/607"}],"wp:featuredmedia":[{"embeddable":true,"href":"https:\/\/openheim.org\/pl\/wp-json\/wp\/v2\/media\/10062"}],"wp:attachment":[{"href":"https:\/\/openheim.org\/pl\/wp-json\/wp\/v2\/media?parent=10045"}],"curies":[{"name":"wp","href":"https:\/\/api.w.org\/{rel}","templated":true}]}}