{"id":11177,"date":"2025-10-20T13:05:41","date_gmt":"2025-10-20T11:05:41","guid":{"rendered":"https:\/\/openheim.org\/pl\/?page_id=11177"},"modified":"2026-03-16T14:16:06","modified_gmt":"2026-03-16T13:16:06","slug":"fundacja-dps","status":"publish","type":"page","link":"https:\/\/openheim.org\/pl\/odwiedz-nas\/fundacja-dps\/","title":{"rendered":"FUNDACJA DPS"},"content":{"rendered":"<p style=\"font-weight: 400;\"><strong>Niemiecko-Polska Fundacja Ochrony Zabytk\u00f3w Kultury \u2013 filia we Wroc\u0142awiu<\/strong><\/p>\n<p style=\"font-weight: 400;\">Od 2020 roku w Kamienicy Oppenheim\u00f3w we Wroc\u0142awiu\u00a0mie\u015bci si\u0119 filia Niemiecko-Polskiej Fundacji Ochrony Zabytk\u00f3w Kultury (Deutsch-Polnische Stiftung Kulturpflege und Denkmalschutz, w skr\u00f3cie: DPS). Fundacja by\u0142a zaanga\u017cowana w proces renowacji kamienicy przy pl. Solnym, w kt\u00f3rej od 2018 r. znajduje si\u0119\u00a0OP ENHEIM. Zbli\u017cenie obu instytucji da\u0142o impuls do dalszej wsp\u00f3\u0142pracy i powo\u0142ania biura we Wroc\u0142awiu, kt\u00f3re prowadzi projekty propaguj\u0105ce ochron\u0119 zabytk\u00f3w, zw\u0142aszcza na Dolnym \u015al\u0105sku oraz projekty promuj\u0105ce dziedzictwo kulturowe.<\/p>\n<p style=\"font-weight: 400;\">Jednym z flagowych projekt\u00f3w propaguj\u0105cych ochron\u0119 obiekt\u00f3w zabytkowych w regionie jest konkurs \u201eZabytek \u2013 nie zapomnij! \/ Denkmal \u2013 denk mal dran!\u201d, organizowany przez Stowarzyszenie na rzecz piel\u0119gnowania Sztuki i Kultury \u015al\u0105ska oraz OP ENHEIM, kt\u00f3rego partnerem wspieraj\u0105cym jest Niemiecko-Polska Fundacja Ochrony Zabytk\u00f3w Kultury.<\/p>\n<p style=\"font-weight: 400;\">Fundacja DPS zosta\u0142a za\u0142o\u017cona w 2007 roku w G\u00f6rlitz przez dw\u00f3ch wybitnych historyk\u00f3w sztuki i konserwator\u00f3w, prof. dr hab. Andrzeja Tomaszewskiego (1934\u20132010) oraz prof. dr dr-in\u017c. Gottfrieda Kiesow (1931\u20132011). G\u0142\u00f3wnym celem Fundacji DPS jest rozwijanie i wzmacnianie wsp\u00f3\u0142pracy polsko-niemieckiej w obszarze konserwacji zabytk\u00f3w architektury szczeg\u00f3lnie wartych zachowania, przede wszystkim w Polsce, kt\u00f3re s\u0105 \u015bwiadectwem niemiecko-polskiego i europejskiego dziedzictwa kulturowego.<\/p>\n<p>_____<\/p>\n<p style=\"font-weight: 400;\"><strong>Zarz\u0105d Fundacji DPS<\/strong><\/p>\n<ul style=\"font-weight: 400;\">\n<li>dr Tessen von Heydebreck, prezes zarz\u0105du<\/li>\n<li>Udo Donau, zast\u0119pca prezesa zarz\u0105du<\/li>\n<li>prof. dr Dieter Bingen, cz\u0142onek zarz\u0105du<\/li>\n<li>dr in\u017c. Klaus-Henning von Krosigk, cz\u0142onek zarz\u0105du<\/li>\n<li>dr Konrad Vanja, cz\u0142onek zarz\u0105du<\/li>\n<li>Violetta Wojnowski, cz\u0142onek zarz\u0105du<\/li>\n<li>Wojciech Wrzecionkowski, konsul honorowy RFN w Olsztynie\/Allenstein, cz\u0142onek zarz\u0105du<\/li>\n<\/ul>\n<p style=\"font-weight: 400;\"><strong>Fundacja DPS z siedzib\u0105 w G\u00f6rlitz<\/strong><\/p>\n<p>Deutsch-Polnische Stiftung Kulturpflege und Denkmalschutz, Karpfengrund 1, D-02826 G\u00f6rlitz<\/p>\n<p>Oficjalna strona internetowa Fundacji DPS<\/p>\n<p><a href=\"http:\/\/www.deutsch-polnische-stiftung.de\/\">www.deutsch-polnische-stiftung.de<\/a><\/p>\n<p style=\"font-weight: 400;\"><strong>Biuro Fundacji DPS w Berlinie<\/strong><\/p>\n<p style=\"font-weight: 400;\">Osoba do kontaktu: dr Peter Schabe, dyrektor wykonawczy, c\/o Deutsche Stiftung Denkmalschutz, Nicolaihaus, Br\u00fcderstra\u00dfe 13, D\u201310178 Berlin<\/p>\n<p>deutsch-polnische-stiftung(at)denkmalschutz.de<\/p>\n<p><strong>Biuro Fundacji DPS we Wroc\u0142awiu\u00a0<\/strong><\/p>\n<p><a href=\"https:\/\/www.facebook.com\/profile.php?id=100092467364608\">>> Profil Facebook biura DPS we Wroc\u0142awiu<\/a><\/p>\n<p>&nbsp;<\/p>\n","protected":false},"excerpt":{"rendered":"<p>Niemiecko-Polska Fundacja Ochrony Zabytk\u00f3w Kultury \u2013 filia we Wroc\u0142awiu Od 2020 roku w Kamienicy Oppenheim\u00f3w we Wroc\u0142awiu\u00a0mie\u015bci si\u0119 filia Niemiecko-Polskiej Fundacji Ochrony Zabytk\u00f3w Kultury (Deutsch-Polnische Stiftung Kulturpflege und Denkmalschutz, w skr\u00f3cie: DPS). Fundacja by\u0142a zaanga\u017cowana w proces renowacji kamienicy przy pl. Solnym, w kt\u00f3rej od 2018 r. znajduje si\u0119\u00a0OP ENHEIM. Zbli\u017cenie obu instytucji da\u0142o impuls do dalszej wsp\u00f3\u0142pracy i powo\u0142ania biura we Wroc\u0142awiu, kt\u00f3re prowadzi projekty propaguj\u0105ce ochron\u0119 zabytk\u00f3w, zw\u0142aszcza&#8230;<\/p>\n","protected":false},"author":12,"featured_media":11264,"parent":4157,"menu_order":3,"comment_status":"closed","ping_status":"closed","template":"","meta":{"_acf_changed":false,"footnotes":""},"class_list":["post-11177","page","type-page","status-publish","has-post-thumbnail","hentry"],"acf":[],"_links":{"self":[{"href":"https:\/\/openheim.org\/pl\/wp-json\/wp\/v2\/pages\/11177","targetHints":{"allow":["GET"]}}],"collection":[{"href":"https:\/\/openheim.org\/pl\/wp-json\/wp\/v2\/pages"}],"about":[{"href":"https:\/\/openheim.org\/pl\/wp-json\/wp\/v2\/types\/page"}],"author":[{"embeddable":true,"href":"https:\/\/openheim.org\/pl\/wp-json\/wp\/v2\/users\/12"}],"replies":[{"embeddable":true,"href":"https:\/\/openheim.org\/pl\/wp-json\/wp\/v2\/comments?post=11177"}],"version-history":[{"count":73,"href":"https:\/\/openheim.org\/pl\/wp-json\/wp\/v2\/pages\/11177\/revisions"}],"predecessor-version":[{"id":11709,"href":"https:\/\/openheim.org\/pl\/wp-json\/wp\/v2\/pages\/11177\/revisions\/11709"}],"up":[{"embeddable":true,"href":"https:\/\/openheim.org\/pl\/wp-json\/wp\/v2\/pages\/4157"}],"wp:featuredmedia":[{"embeddable":true,"href":"https:\/\/openheim.org\/pl\/wp-json\/wp\/v2\/media\/11264"}],"wp:attachment":[{"href":"https:\/\/openheim.org\/pl\/wp-json\/wp\/v2\/media?parent=11177"}],"curies":[{"name":"wp","href":"https:\/\/api.w.org\/{rel}","templated":true}]}}