{"id":3640,"date":"2020-07-09T12:44:44","date_gmt":"2020-07-09T10:44:44","guid":{"rendered":"http:\/\/openheim.org\/pl\/?page_id=3640"},"modified":"2021-07-31T14:09:08","modified_gmt":"2021-07-31T12:09:08","slug":"op_young-oktawian-jurczykowski","status":"publish","type":"page","link":"https:\/\/openheim.org\/pl\/wystawy\/archiwum\/op_young-oktawian-jurczykowski\/","title":{"rendered":"OP_Young | Oktawian Jurczykowski"},"content":{"rendered":"<p><b>OP_Young | Oktawian Jurczykowski<br \/>\n<\/b><b>Czerwie\u0144 ciemniejsza na czarno-bia\u0142ych zdj\u0119ciach<br \/>\n<\/b><b>Opieka kuratorska: Kama Wr\u00f3bel<\/b><\/p>\n<p><b><\/b><b>Udost\u0119pnienie wystawy: 20.08.2020<br \/>\n<\/b><b>Czas trwania wystawy: 20.08-6.09.2020<\/b><\/p>\n<hr \/>\n<p><strong>Czerwie\u0144 ciemniejsza na czarno-bia\u0142ych zdj\u0119ciach to prezentacja cyklu prac Oktawiana Jurczykowskiego, jednego z laureat\u00f3w pierwszej edycji programu OP_Young, skierowanego do m\u0142odych, progresywnych tw\u00f3rc\u00f3w Dolnego \u015al\u0105ska.<\/strong><br \/>\n<strong>Wi\u0119cej o programie: <a href=\"https:\/\/bit.ly\/OP_Young_Info\">https:\/\/bit.ly\/OP_Young_Info<\/a><\/strong><\/p>\n<p>Bez w\u0105tpienia J\u00f3zef Pi\u0142sudski odegra\u0142 istotn\u0105 rol\u0119 w odzyskaniu niepodleg\u0142o\u015bci przez Polsk\u0119 w 1918 roku i niezaprzeczalnie przez wi\u0119kszo\u015b\u0107 okresu II RP by\u0142 jedn\u0105 z najwa\u017cniejszych os\u00f3b w pa\u0144stwie. Jeszcze za \u017cycia Marsza\u0142ka jego posta\u0107 otoczy\u0142 kult, kt\u00f3ry potem sta\u0142 si\u0119 ideologi\u0105 pa\u0144stwow\u0105. Po zako\u0144czeniu II wojny \u015bwiatowej w\u0142adze PRL-u pr\u00f3bowa\u0142y zwalcza\u0107 kult Pi\u0142sudskiego, ale po 1989 roku znowu zacz\u0105\u0142 si\u0119 on wzmacnia\u0107.<\/p>\n<p>W projekcie tym artysta miesza fotografie archiwalne ze wsp\u00f3\u0142cze\u015bnie wykonanymi obrazami w spos\u00f3b zacieraj\u0105cy pomi\u0119dzy nimi r\u00f3\u017cnice wizualne, pr\u00f3buj\u0105c zrozumie\u0107 kult J\u00f3zefa Pi\u0142sudskiego i traktuj\u0105c go jako parabol\u0119, kt\u00f3ra s\u0142u\u017cy mu do analizy obecnej sytuacji spo\u0142ecznej i politycznej w Polsce. Zdj\u0119cia z okresu II RP przeplataj\u0105 si\u0119 z fotografiami rze\u017ab przedstawiaj\u0105cymi Marsza\u0142ka i\u00a0 autoportretami Jurczykowskiego, a czas ich powstania si\u0119 zaciera.<\/p>\n<p>W historii \u017cycia Marsza\u0142ka zawarta jest fascynuj\u0105ca dychotomia postaw: najpierw jest m\u0142ody Pi\u0142sudski \u2013 buntownik, mo\u017ce nawet terrorysta w oczach cara Rosji, staj\u0105cy do walki z systemem; potem zmienia si\u0119 w starego Pi\u0142sudskiego, w jeden z g\u0142\u00f3wnych filar\u00f3w establishmentu, osob\u0119, przeciwko kt\u00f3rej inni si\u0119 buntuj\u0105. Wystarczy zmieni\u0107 nazwiska oraz daty i mo\u017cna ca\u0142\u0105 opowie\u015b\u0107 przenie\u015b\u0107 do wsp\u00f3\u0142czesnej Polski. Projekt i jego tytu\u0142 s\u0105 zbudowane wok\u00f3\u0142 barw polskiej flagi oraz obserwacji, \u017ce jasna czerwie\u0144 flagi przybiera ciemny ton, kiedy zamieni si\u0119 obraz na skal\u0119 szaro\u015bci.<\/p>\n<p>Czerwie\u0144 ma jeszcze jedno istotne znaczenie \u2013 J\u00f3zef Pi\u0142sudski walczy\u0142 przeciwko komunizmowi i Sowietom, ale stworzy\u0142 w Polsce podobny system w\u0142adzy \u2013 rz\u0105d i spo\u0142ecze\u0144stwo zbudowane wok\u00f3\u0142 kultu jednostki.<\/p>\n<p><strong>Oktawian Jurczykowski (ur. 1997, Wroc\u0142aw) \u2013 student kierunku Film animowany i efekty specjalne na Wydziale Operatorskim PWSFTviT w \u0141odzi. W 2018 roku bra\u0142 udzia\u0142 w wystawie imMobilized w Pary\u017cu, prezentuj\u0105c jedenastometrow\u0105 instalacj\u0119 z\u0142o\u017con\u0105 z fotografii tkanin i ubra\u0144. W tym samym roku prezentowa\u0142 swoj\u0105 prac\u0119 we Wroc\u0142awiu, podczas 16. Przegl\u0105du Sztuki SURVIVAL. W 2020 roku zosta\u0142 laureatem Sekcji ShowOFF podczas Miesi\u0105ca Fotografii w Krakowie. Tworzy m.in. fotografie, filmy animowane i ilustracje. Wolny czas sp\u0119dza we Wroc\u0142awiu lub Berlinie.<\/strong><\/p>\n<p><strong>Wydarzenia towarzysz\u0105ce:<\/strong><\/p>\n<p>21.08- godz. 17:00-19:00 &#8211; mo\u017cliwo\u015b\u0107 spotkania z artyst\u0105<br \/>\n4.09.- godz. 18:00 &#8211; spotkanie z artyst\u0105 i wsp\u00f3lne zwiedzanie wystawy<\/p>\n<p>* na wydarzenia towarzysz\u0105ce r\u00f3wnie\u017c obowi\u0105zuj\u0105 zapisy.<br \/>\nCh\u0119\u0107 uczestnictwa prosimy zg\u0142asza\u0107 na adres: visit@openheim.org<\/p>\n<p>______________<\/p>\n<p>Organizatorzy: OP ENHEIM<br \/>\nWsp\u00f3\u0142organizator: VOP<br \/>\nMecenas: Womak Holding SA<br \/>\nPatron medialny: <a href=\"https:\/\/goout.net\/pl\/wroclaw\/\" target=\"_blank\" rel=\"noopener noreferrer\">GoOut<\/a><\/p>\n","protected":false},"excerpt":{"rendered":"<p>Pierwsza z serii prezentacja prac Laureatek i Laureat\u00f3w programu OP_Young. Oktawian Jurczykowski w swojej serii fotografii poddaje analizie ambiwalnetn\u0105 posta\u0107 J\u00f3zefa Pi\u0142sudskiego. Oscyluj\u0105c mi\u0119dzy ekspresj\u0105 a kontrowersj\u0105, artysta zadaje wa\u017cne pytania dotycz\u0105ce kultu jednostki i tego, jakie ma ona prze\u0142o\u017cenie na obecn\u0105 sytuacj\u0119 polityczn\u0105 w Polsce. Zanurzone w zmys\u0142owej czerwieni instalacje przywo\u0142uj\u0105 na my\u015bl czasy komunizmu i niepokoj\u00f3w spo\u0142ecznych.<\/p>\n","protected":false},"author":2,"featured_media":3944,"parent":607,"menu_order":96,"comment_status":"closed","ping_status":"closed","template":"","meta":{"_acf_changed":false,"footnotes":""},"class_list":["post-3640","page","type-page","status-publish","has-post-thumbnail","hentry"],"acf":[],"_links":{"self":[{"href":"https:\/\/openheim.org\/pl\/wp-json\/wp\/v2\/pages\/3640","targetHints":{"allow":["GET"]}}],"collection":[{"href":"https:\/\/openheim.org\/pl\/wp-json\/wp\/v2\/pages"}],"about":[{"href":"https:\/\/openheim.org\/pl\/wp-json\/wp\/v2\/types\/page"}],"author":[{"embeddable":true,"href":"https:\/\/openheim.org\/pl\/wp-json\/wp\/v2\/users\/2"}],"replies":[{"embeddable":true,"href":"https:\/\/openheim.org\/pl\/wp-json\/wp\/v2\/comments?post=3640"}],"version-history":[{"count":8,"href":"https:\/\/openheim.org\/pl\/wp-json\/wp\/v2\/pages\/3640\/revisions"}],"predecessor-version":[{"id":5407,"href":"https:\/\/openheim.org\/pl\/wp-json\/wp\/v2\/pages\/3640\/revisions\/5407"}],"up":[{"embeddable":true,"href":"https:\/\/openheim.org\/pl\/wp-json\/wp\/v2\/pages\/607"}],"wp:featuredmedia":[{"embeddable":true,"href":"https:\/\/openheim.org\/pl\/wp-json\/wp\/v2\/media\/3944"}],"wp:attachment":[{"href":"https:\/\/openheim.org\/pl\/wp-json\/wp\/v2\/media?parent=3640"}],"curies":[{"name":"wp","href":"https:\/\/api.w.org\/{rel}","templated":true}]}}