{"id":3953,"date":"2021-01-13T16:33:33","date_gmt":"2021-01-13T15:33:33","guid":{"rendered":"http:\/\/openheim.org\/pl\/?page_id=3953"},"modified":"2023-01-04T11:28:37","modified_gmt":"2023-01-04T10:28:37","slug":"air-wants-to-go-dominik-lejman","status":"publish","type":"page","link":"https:\/\/openheim.org\/pl\/wystawy\/archiwum\/air-wants-to-go-dominik-lejman\/","title":{"rendered":"Dominik Lejman | Air Wants to Go"},"content":{"rendered":"<h2>Air Wants to Go<br \/>\nDominik Lejman<br \/>\nKurator: Hubertus v. Amelunxen<\/h2>\n<p>Otwarcie: 16.10.2020 r. , godz. 18:30<br \/>\nCzas trwania wystawy: 17.10-16.12.2020 r.<\/p>\n<p>______________<\/p>\n<p><span style=\"font-size: inherit;\">Okre\u015blenie \u201eAir Wants to Go\u201d zosta\u0142o zapo\u017cyczone z wiersza <\/span><i style=\"font-size: inherit;\">The Chess Player<\/i><span style=\"font-size: inherit;\"> ameryka\u0144skiego poety Howarda Altmanna &#8211; poematu o opuszczeniu i przemianie cz\u0142owieka w relacji do \u015bwiata. To tak\u017ce tytu\u0142 jednego z najnowszych dzie\u0142 Dominika Lejmana, dyptyku, kt\u00f3ry sprawia, \u017ce wersy Howarda Altmana wydaj\u0105 si\u0119 zanika\u0107. Podczas wystawy w OP ENHEIM, b\u0119dzie mo\u017cna ogl\u0105da\u0107 pi\u0119\u0107 z\u0142o\u017conych prac autorstwa wielokrotnie nagradzanego polskiego artysty, kt\u00f3rym podczas pierwszych trzech wieczor\u00f3w trwania wystawy, towarzyszy\u0107 b\u0119dzie projekcja na fasad\u0119.<\/span><\/p>\n<p>Sztuka Dominika Lejmana polega na fenomenologii czasu, totalnie zagmatwanej fenomenologii trwania i powtarzalno\u015bci. \u015awiat obrazu ujawnia inny \u015bwiat trwania. W po\u0142\u0105czeniu abstrakcyjnego malarstwa o geometrycznej strukturze i tymczasowej projekcji wideo, Dominik Lejman wplata do malarstwa narracj\u0119 \u2013 tkanin\u0119 i teksty, \u201ep\u0142oty\u201d zw\u0105tpienia mi\u0119dzy ujawnieniem a odrzuceniem, uniesieniem a upadkiem, Elizjum a wi\u0119zieniem. Indywidualna estetyka malarstwa oraz mechanizacja projekcji przywodz\u0105ca na my\u015bl Marcela Duchampa, umo\u017cliwiaj\u0105 przeplatanie tego, co widoczne i tego, co niewidzialne. Duplikacje i podobne do palimpsestu na\u0142o\u017cenia, pojawianie si\u0119 i ukrywanie cia\u0142, upiorne ods\u0142oni\u0119cia i przes\u0142ony, przenikaj\u0105 t\u0119 r\u00f3wnie niesamowit\u0105, co fenomenaln\u0105 sztuk\u0119. Z pomoc\u0105 Samuela Becketta, kt\u00f3rego Dominik Lejman jest bratni\u0105 dusz\u0105, sztuk\u0119 t\u0119 mo\u017cna opisa\u0107 jako \u201esztuk\u0119 uwi\u0119zienia\u201d: <i>Ods\u0142anianie bez ko\u0144ca, zas\u0142ona po zas\u0142onie, warstwa po warstwie niepe\u0142nej transparentno\u015bci, odkrywanie rzeczy na nowo a\u017c po samo to, co nieodkrywalne, po nico\u015b\u0107<\/i>.<\/p>\n<p>Hubertus v. Amelunxen<\/p>\n<p>______________<\/p>\n<p><strong>Weekend otwarcia<br \/>\n<\/strong>\u2022 16.10, pi\u0105tek, g. 18:30 | Wernisa\u017c wystawy i projekcja na fasad\u0119<br \/>\nPodczas wernisa\u017cu dost\u0119p do galerii b\u0119dzie limitowany. Zapraszamy do specjalnej strefy przed kamienic\u0105, sk\u0105d b\u0119dzie mo\u017cna ogl\u0105da\u0107 projekcj\u0119 na fasad\u0119 kamienicy. Zapisz dat\u0119 w kalendarzu lub do\u0142\u0105cz do wydarzenia: <a href=\"https:\/\/bit.ly\/AirWantsToGo_FB\">https:\/\/bit.ly\/AirWantsToGo_FB <\/a><br \/>\n\u2022 17.10, g. 11:30 | OP_Talks | Spotkanie z Dominikiem Lejmanem i Hubertusem v. Amelunxenem<br \/>\n\u2022 17.10, g. 14:00 | OP_Talks | Wyk\u0142ad marszanda Volkera Diehla<br \/>\n\u2022 16.10 &#8211; 18.10, g. 18:30\u201320:30 | Projekcja prac Dominika Lejmana na fasad\u0119 OP ENHEIM<br \/>\n<b>Oprowadzania<br \/>\n<\/b>\u2022 28.10, g. 18:00 | Oprowadzanie po wystawie<br \/>\n\u2022 25.11, g. 18:00 | Oprowadzanie po wystawie<br \/>\n<b>Zwiedzanie<br \/>\n<\/b>Ch\u0119\u0107 odwiedzin prosimy zg\u0142asza\u0107 telefonicznie pod numerem: 601 656 335, mailowo na visit@openheim.org lub przez wiadomo\u015b\u0107 na Facebooku.<\/p>\n<p>______________<\/p>\n<p>Organizator: OP ENHEIM<br \/>\nWsp\u00f3\u0142organizator: VOP<br \/>\nMecenat: Womak Holding SA<br \/>\nPartnerzy: KEIM, Uniwersytet Artystyczny w Poznaniu<br \/>\nPatroni medialni: Magazyn Szum, NN6T<\/p>\n<p>Projekt dofinansowany przez Wydzia\u0142 Kultury Urz\u0119du Miejskiego Wroc\u0142awia (www.wroclaw.pl) i realizowany jest we wsp\u00f3\u0142pracy z Fundacja Wsp\u00f3\u0142pracy Polsko-Niemieckiej.<\/p>\n","protected":false},"excerpt":{"rendered":"<p>Sztuka Lejmana polega na fenomenologii czasu, trwania i powtarzalno\u015bci. Artysta \u0142\u0105czy tkanin\u0119 i teksty, \u201ep\u0142oty\u201d zw\u0105tpienia mi\u0119dzy ujawnieniem a odrzuceniem, uniesieniem a upadkiem, Elizjum a wi\u0119zieniem. Nazwa wystawy \u201eAir Wants to Go\u201d pochodzi od wersu zapo\u017cyczonego z wiersza \u201eThe Chess Player\u201d, ameryka\u0144skiego poety Howarda Altmanna \u2013 poematu o opuszczeniu i przemianie cz\u0142owieka w relacji do \u015bwiata.<\/p>\n","protected":false},"author":2,"featured_media":3987,"parent":607,"menu_order":93,"comment_status":"closed","ping_status":"closed","template":"","meta":{"_acf_changed":false,"footnotes":""},"class_list":["post-3953","page","type-page","status-publish","has-post-thumbnail","hentry"],"acf":[],"_links":{"self":[{"href":"https:\/\/openheim.org\/pl\/wp-json\/wp\/v2\/pages\/3953","targetHints":{"allow":["GET"]}}],"collection":[{"href":"https:\/\/openheim.org\/pl\/wp-json\/wp\/v2\/pages"}],"about":[{"href":"https:\/\/openheim.org\/pl\/wp-json\/wp\/v2\/types\/page"}],"author":[{"embeddable":true,"href":"https:\/\/openheim.org\/pl\/wp-json\/wp\/v2\/users\/2"}],"replies":[{"embeddable":true,"href":"https:\/\/openheim.org\/pl\/wp-json\/wp\/v2\/comments?post=3953"}],"version-history":[{"count":16,"href":"https:\/\/openheim.org\/pl\/wp-json\/wp\/v2\/pages\/3953\/revisions"}],"predecessor-version":[{"id":7524,"href":"https:\/\/openheim.org\/pl\/wp-json\/wp\/v2\/pages\/3953\/revisions\/7524"}],"up":[{"embeddable":true,"href":"https:\/\/openheim.org\/pl\/wp-json\/wp\/v2\/pages\/607"}],"wp:featuredmedia":[{"embeddable":true,"href":"https:\/\/openheim.org\/pl\/wp-json\/wp\/v2\/media\/3987"}],"wp:attachment":[{"href":"https:\/\/openheim.org\/pl\/wp-json\/wp\/v2\/media?parent=3953"}],"curies":[{"name":"wp","href":"https:\/\/api.w.org\/{rel}","templated":true}]}}