{"id":4157,"date":"2021-01-14T16:19:34","date_gmt":"2021-01-14T15:19:34","guid":{"rendered":"http:\/\/openheim.org\/pl\/?page_id=4157"},"modified":"2026-03-12T16:21:37","modified_gmt":"2026-03-12T15:21:37","slug":"odwiedz-nas","status":"publish","type":"page","link":"https:\/\/openheim.org\/pl\/odwiedz-nas\/","title":{"rendered":"Odwied\u017a nas"},"content":{"rendered":"<p><strong>JAK DO NAS TRAFI\u0106? >>><\/strong><\/p>\n<div style=\"width: 2048px;\" class=\"wp-video\"><video class=\"wp-video-shortcode\" id=\"video-4157-1\" width=\"2048\" height=\"1364\" loop autoplay preload=\"auto\" controls=\"controls\"><source type=\"video\/mp4\" src=\"https:\/\/openheim.org\/wp-content\/uploads\/2025\/10\/Animacje-poklatkowe.mp4?_=1\" \/><a href=\"https:\/\/openheim.org\/wp-content\/uploads\/2025\/10\/Animacje-poklatkowe.mp4\">https:\/\/openheim.org\/wp-content\/uploads\/2025\/10\/Animacje-poklatkowe.mp4<\/a><\/video><\/div>\n<p>&nbsp;<\/p>\n<p><strong>OP ENHEIM<br \/>\nPlac Solny 4<\/strong><br \/>\n<strong>50-060 Wroc\u0142aw<\/strong><\/p>\n<p>____<\/p>\n<p><strong>SEKRETARIAT \/ BIURO<\/strong><br \/>\nE-mail: info@openheim.org<\/p>\n<p><b style=\"color: inherit;\">ZAPISY NA WYDARZENIA<br \/>\n<\/b>E-mail: visit@openheim.org<br \/>\nTelefon: 570 796 441 \/ w godzinach otwarcia galerii \/<\/p>\n<p><b>MEDIA<br \/>\n<\/b>Natalia Gaj<br \/>\nE-mail: natalia.gaj@openheim.org<br \/>\npress@openheim.org<br \/>\nTelefon: 601\u00a0656 335<br \/>\n<a href=\"https:\/\/openheim.org\/pl\/dla-prasy\/\"><b>>> Dla prasy<\/b><\/a><\/p>\n<p><strong>WYNAJEM PRZESTRZENI<\/strong><br \/>\nE-mail: info@openheim.org<\/p>\n<p>___<\/p>\n<p><strong>GODZINY OTWARCIA BIURA OP ENHEIM<\/strong><br \/>\nOP ENHEIM, 4 p.<br \/>\nponiedzia\u0142ek &#8211; pi\u0105tek | 9:00\u201317:00<\/p>\n<p><b>GODZINY OTWARCIA GALERII<br \/>\n<\/b>OP ENHEIM, 1 p.\u00a0<strong><br \/>\n<\/strong>poniedzia\u0142ek\u2013wtorek | nieczynne<br \/>\n\u015broda | mo\u017cliwo\u015b\u0107 zwiedzania galerii dla grup zorganizowanych po wcze\u015bniejszym um\u00f3wieniu wizyty (visit@openheim.org)<br \/>\nczwartek | 16:00\u201320:00<br \/>\npi\u0105tek | 16:00\u201319:00<br \/>\nsobota, niedziela | 12:00\u201319:00<\/p>\n<ul>\n<li>W czwartki w godz. 16:00\u201317:00 obowi\u0105zuj\u0105 Ciche Godziny.<br \/>\nUWAGA &#8211; je\u015bli drzwi do kamienicy s\u0105 zamkni\u0119te, prosimy skorzysta\u0107 z domofonu, kt\u00f3ry znajduje si\u0119 po prawie stronie.<\/li>\n<li>___<\/li>\n<\/ul>\n<p><strong>BILETY<\/strong><\/p>\n<p>Bilet normalny: 15 z\u0142 \/ os.<br \/>\nBilet ulgowy: 12 z\u0142 \/ os.<br \/>\nBilet grupowy: 9 z\u0142\/os.<br \/>\nBilet rodzinny: 6 z\u0142\/os.<br \/>\nBilet specjalny: 1 z\u0142 \/ os<br \/>\nBilet bezp\u0142atny: dzieci w wieku do 12 lat.<\/p>\n<p>Bilet ulgowy przys\u0142uguje za okazaniem stosownych dokument\u00f3w.<br \/>\nBilet rodzinny przys\u0142uguje 2 rodzicom lub opiekunom z dzieckiem lub dzie\u0107mi w wieku do 12 lat.<br \/>\nBilet grupowy przys\u0142uguje grupie licz\u0105cej co najmniej 10 os\u00f3b.<\/p>\n<p><span style=\"font-size: inherit;\">*Dla oso\u0301b z orzeczeniem o niepe\u0142nosprawnos\u0301ci wste\u0328p jest darmowy.<\/span><\/p>\n<p>___<\/p>\n<p><strong>INFORMACJE PRAKTYCZNE<\/strong><br \/>\n1\/ Wst\u0119p na wernisa\u017ce jest bezp\u0142atny.<br \/>\n2\/ Ze wzgl\u0119du na kameralno\u015b\u0107 przestrzeni galerii, komfort oraz bezpiecze\u0144stwo zwiedzaj\u0105cych, w dniu wernisa\u017cu wst\u0119p do kamienicy jest limitowany.<br \/>\n3\/ Wej\u015bcie do galerii mo\u017cliwe jest zar\u00f3wno schodami, jak i wind\u0105. Ch\u0119\u0107 skorzystania z windy prosimy zg\u0142asza\u0107 obs\u0142udze OP ENHEIM na miejscu lub pod numerem +48 570 796 441 lub +48 601 656 335.<br \/>\n4\/ Wi\u0119cej informacji o dost\u0119pno\u015bci w OP ENHEIM znajduje si\u0119 tu >> <strong><a href=\"https:\/\/openheim.org\/pl\/odwiedz-nas\/dostepnosc\/\" target=\"_blank\" rel=\"noopener\">DOST\u0118PNO\u015a\u0106<\/a> <\/strong><<\n<\/p>\n","protected":false},"excerpt":{"rendered":"<p>JAK DO NAS TRAFI\u0106? >>> &nbsp; OP ENHEIM Plac Solny 4 50-060 Wroc\u0142aw ____ SEKRETARIAT \/ BIURO E-mail: info@openheim.org ZAPISY NA WYDARZENIA E-mail: visit@openheim.org Telefon: 570 796 441 \/ w godzinach otwarcia galerii \/ MEDIA Natalia Gaj E-mail: natalia.gaj@openheim.org press@openheim.org Telefon: 601\u00a0656 335 >> Dla prasy WYNAJEM PRZESTRZENI E-mail: info@openheim.org ___ GODZINY OTWARCIA BIURA OP ENHEIM OP ENHEIM, 4 p. poniedzia\u0142ek &#8211; pi\u0105tek | 9:00\u201317:00 GODZINY OTWARCIA GALERII OP ENHEIM,&#8230;<\/p>\n","protected":false},"author":2,"featured_media":0,"parent":0,"menu_order":39,"comment_status":"closed","ping_status":"closed","template":"","meta":{"_acf_changed":false,"footnotes":""},"class_list":["post-4157","page","type-page","status-publish","hentry"],"acf":[],"_links":{"self":[{"href":"https:\/\/openheim.org\/pl\/wp-json\/wp\/v2\/pages\/4157","targetHints":{"allow":["GET"]}}],"collection":[{"href":"https:\/\/openheim.org\/pl\/wp-json\/wp\/v2\/pages"}],"about":[{"href":"https:\/\/openheim.org\/pl\/wp-json\/wp\/v2\/types\/page"}],"author":[{"embeddable":true,"href":"https:\/\/openheim.org\/pl\/wp-json\/wp\/v2\/users\/2"}],"replies":[{"embeddable":true,"href":"https:\/\/openheim.org\/pl\/wp-json\/wp\/v2\/comments?post=4157"}],"version-history":[{"count":106,"href":"https:\/\/openheim.org\/pl\/wp-json\/wp\/v2\/pages\/4157\/revisions"}],"predecessor-version":[{"id":11702,"href":"https:\/\/openheim.org\/pl\/wp-json\/wp\/v2\/pages\/4157\/revisions\/11702"}],"wp:attachment":[{"href":"https:\/\/openheim.org\/pl\/wp-json\/wp\/v2\/media?parent=4157"}],"curies":[{"name":"wp","href":"https:\/\/api.w.org\/{rel}","templated":true}]}}