{"id":4255,"date":"2021-01-15T12:46:33","date_gmt":"2021-01-15T11:46:33","guid":{"rendered":"http:\/\/openheim.org\/pl\/?page_id=4255"},"modified":"2021-01-15T12:46:33","modified_gmt":"2021-01-15T11:46:33","slug":"digital-residency-kinga-bartniak","status":"publish","type":"page","link":"https:\/\/openheim.org\/pl\/digital-residency-kinga-bartniak\/","title":{"rendered":"Digital Residency | Kinga Bartniak"},"content":{"rendered":"<p>#digitalresidency<\/p>\n<p><strong>Kinga Bartniak<\/strong> (ur. Wroc\u0142aw)- artystka-badaczka, absolwentka grafiki na Akademii Sztuk Pi\u0119knych we Wroc\u0142awiu, studiowa\u0142a te\u017c na Akademii Sztuk Pi\u0119knych w Wilnie. W 2019 roku rozpocz\u0119\u0142a doktorat o przestrzeni pomi\u0119dzy prac\u0105, a czasem wolnym. Uczestniczy\u0142a w rezydencji intermedialnej w Niemczech i projekcie we W\u0142oszech. Funkcjonuj\u0105c na styku trzech pa\u0144stw (Polski, Litwy i Niemiec), poszukuje przestrzeni neutralnych, gradientowych, zach\u0119caj\u0105cych do otwartej komunikacji. Korzysta z r\u00f3\u017cnorodnych medi\u00f3w, g\u0142\u00f3wnie pos\u0142uguje si\u0119 jednak wideo i tworzy obiekty. Wsp\u00f3\u0142pracowa\u0142a z Instytutem Adama Mickiewicza, Sympozjum 70\/20, Pracowni\u0105 Otwart\u0105 we Wroc\u0142awiu i Galeri\u0105 JEST.<\/p>\n<p><strong>Statement<\/strong><br \/>\nW ramach doktoratu rozwijam temat heterotopii znajduj\u0105cej si\u0119 mi\u0119dzy prac\u0105, a czasem wolnym &#8211; badam \u015bwiat nienazwany i generuj\u0119 do niego zasady. Zacieram dychotomie i tworz\u0119 przestrzenie i przedmioty, kt\u00f3re istniej\u0105 &#8222;pomi\u0119dzy&#8221;. Skupiam si\u0119 na procesie, rozwijam go i dokumentuj\u0119 przy pomocy map my\u015bli. Opieram si\u0119 na ekonomii (zwykle spo\u0142ecznej) oraz biologii, dzi\u0119ki czemu \u015bwiaty, kt\u00f3re tworz\u0119, zyskuj\u0105 pozory realno\u015bci &#8211; cz\u0119sto cynicznej. Nie identyfikuj\u0119 si\u0119 z konkretnym medium, cho\u0107 zwykle wybieram wideo, obiekty lub formy projektowe. S\u0105 to dla mnie platformy do interakcji, wi\u0119c cz\u0119sto ucz\u0119 si\u0119 nowych technik (np. programowania lub tkania) na potrzeby danego projektu.<\/p>\n<p><strong>Projekt<\/strong><br \/>\nJak mog\u0142oby wygl\u0105da\u0107 niebo ro\u015blin i czy jeste\u015bmy w stanie je sobie wyobrazi\u0107? Najg\u0142\u0119bsza empatia nie pozwala w pe\u0142ni zrozumie\u0107 cz\u0142onka tego samego gatunku, jak mo\u017cemy wi\u0119c poj\u0105\u0107 organizm z innego kr\u00f3lestwa? Tworz\u0105c koncepcj\u0119 nieba ro\u015blin zauwa\u017cy\u0142am jak r\u00f3\u017cne mog\u0105 by\u0107 jego wyobra\u017cenia: tropikalne, koj\u0105ce, czyste, wilgotne i gor\u0105ce, pe\u0142ne bogactw i owoc\u00f3w, a mo\u017ce raczej oparte na zwi\u0105zkach chemicznych, hormonach, \u015bwietle, du\u017cym st\u0119\u017ceniu azotu i dwutlenku w\u0119gla, samowystarczalno\u015bci i niemal\u017ce utopijnej kooperacji? Oba wydaj\u0105 si\u0119 idealne \u2013 mo\u017cna opisa\u0107 je w spos\u00f3b ludzki. Czy nie przypominaj\u0105 one modeli ekonomicznych? D\u0105\u017c\u0119 do wytworzenia nowych utopijnych form ekonomicznych, projektowanych na zasadzie ogrod\u00f3w, w kt\u00f3rych mo\u017cna odpocz\u0105\u0107 od konsumpcji lub innych typowych zachowa\u0144 spo\u0142ecznych. Czy organizacja ro\u015blin jest \u201elepsza\u201d? Czy mo\u017ce jeste\u015bmy wysoko-konsumpcyjnym gatunkiem i nie ma dla nas ratunku? Mo\u017cemy wznie\u015b\u0107 si\u0119 na wy\u017cszy poziom \u015bwiadomo\u015bci i kopiowa\u0107 samowystarczalno\u015b\u0107, elastyczno\u015b\u0107 ro\u015blin, ale czy nie s\u0142u\u017c\u0105 nam one w ten spos\u00f3b raz jeszcze, oddaj\u0105c nie tylko dobra fizyczne, ale intelektualne? \u015awiaty wykreowane przy okazji nieba ro\u015blin nie rozwi\u0105zuj\u0105 \u017cadnych problem\u00f3w, nie s\u0142u\u017c\u0105 niczemu. Jest w nich troch\u0119 nadziei, ale bardzo wr\u00f3\u017cbiarskiej \u2013 ka\u017cdy mo\u017ce odczyta\u0107 j\u0105 na sw\u00f3j spos\u00f3b.<\/p>\n<p>Portfolio: <a href=\"http:\/\/bartniakkinga.wixsite.com\/portfolio\" target=\"_blank\" rel=\"noopener\">link.<\/a><\/p>\n","protected":false},"excerpt":{"rendered":"<p>#digitalresidency Kinga Bartniak (ur. Wroc\u0142aw)- artystka-badaczka, absolwentka grafiki na Akademii Sztuk Pi\u0119knych we Wroc\u0142awiu, studiowa\u0142a te\u017c na Akademii Sztuk Pi\u0119knych w Wilnie. W 2019 roku rozpocz\u0119\u0142a doktorat o przestrzeni pomi\u0119dzy prac\u0105, a czasem wolnym. Uczestniczy\u0142a w rezydencji intermedialnej w Niemczech i projekcie we W\u0142oszech. Funkcjonuj\u0105c na styku trzech pa\u0144stw (Polski, Litwy i Niemiec), poszukuje przestrzeni neutralnych, gradientowych, zach\u0119caj\u0105cych do otwartej komunikacji. Korzysta z r\u00f3\u017cnorodnych medi\u00f3w, g\u0142\u00f3wnie pos\u0142uguje si\u0119 jednak wideo&#8230;<\/p>\n","protected":false},"author":2,"featured_media":4110,"parent":0,"menu_order":85,"comment_status":"closed","ping_status":"closed","template":"","meta":{"_acf_changed":false,"footnotes":""},"class_list":["post-4255","page","type-page","status-publish","has-post-thumbnail","hentry"],"acf":[],"_links":{"self":[{"href":"https:\/\/openheim.org\/pl\/wp-json\/wp\/v2\/pages\/4255","targetHints":{"allow":["GET"]}}],"collection":[{"href":"https:\/\/openheim.org\/pl\/wp-json\/wp\/v2\/pages"}],"about":[{"href":"https:\/\/openheim.org\/pl\/wp-json\/wp\/v2\/types\/page"}],"author":[{"embeddable":true,"href":"https:\/\/openheim.org\/pl\/wp-json\/wp\/v2\/users\/2"}],"replies":[{"embeddable":true,"href":"https:\/\/openheim.org\/pl\/wp-json\/wp\/v2\/comments?post=4255"}],"version-history":[{"count":0,"href":"https:\/\/openheim.org\/pl\/wp-json\/wp\/v2\/pages\/4255\/revisions"}],"wp:featuredmedia":[{"embeddable":true,"href":"https:\/\/openheim.org\/pl\/wp-json\/wp\/v2\/media\/4110"}],"wp:attachment":[{"href":"https:\/\/openheim.org\/pl\/wp-json\/wp\/v2\/media?parent=4255"}],"curies":[{"name":"wp","href":"https:\/\/api.w.org\/{rel}","templated":true}]}}