{"id":4274,"date":"2021-01-15T12:59:16","date_gmt":"2021-01-15T11:59:16","guid":{"rendered":"http:\/\/openheim.org\/pl\/?page_id=4274"},"modified":"2021-01-15T12:59:16","modified_gmt":"2021-01-15T11:59:16","slug":"digital-residency-ala-savashevich","status":"publish","type":"page","link":"https:\/\/openheim.org\/pl\/digital-residency-ala-savashevich\/","title":{"rendered":"Digital Residency | Ala Savashevich"},"content":{"rendered":"<p><strong>#digitalresidency<\/strong><\/p>\n<p>Ala Savashevich (ur. 1989, Stolin, Belarus) &#8211; absolwentka wroc\u0142awskiej Akademii Sztuk Pi\u0119knych im. E. Gepperta. Pracuje i mieszka we Wroc\u0142awiu.<b><\/p>\n<p>Statement<\/b><br \/>\nW praktyce artystycznej cz\u0119sto odwo\u0142uj\u0119 si\u0119 do w\u0142asnej przesz\u0142o\u015bci, zbiorowych i osobistych opowie\u015bci. Wykorzystuj\u0119 zar\u00f3wno monumentalne formy, jak i wideo czy dzia\u0142ania performatywne, nierzadko badaj\u0105c przy tym granice w\u0142asnego cia\u0142a. Do swoich prac u\u017cywam zwyk\u0142ych materia\u0142\u00f3w, takich jak tkanina lub te\u017c ograniczam si\u0119 w ramach dyskomfortu, poprzez atrybuty uprzedmiotowienia kobiet.<\/p>\n<p><strong>Projekt<\/strong><i><br \/>\nNowa forma poznawania <\/i>porusza kwestie to\u017csamo\u015bci, traumy, narodowo\u015bci i wolno\u015bci osobistej. \u017byj\u0105c w nowym, obcym dla ciebie miejscu, twoja pami\u0119\u0107 i trauma nasilaj\u0105 si\u0119. Kiedy nie mo\u017cesz w pe\u0142ni istnie\u0107 w nowej przestrzeni, cz\u0119sto cofasz si\u0119 w czasie, szukasz pocieszenia w dobrych wspomnieniach i prze\u017cywasz traumatyczne chwile na nowo. Czasami s\u0105 to wspomnienia fantomowe, kt\u00f3re nawet mog\u0105 do ciebie nie nale\u017ce\u0107, bo by\u0142y przekazywane przez twoich rodzic\u00f3w. To w\u0142a\u015bnie nowa przestrze\u0144 pozwala g\u0142\u0119biej zbada\u0107 siebie, pracowa\u0107 nad ci\u0119\u017ckimi wspomnieniami, akceptowa\u0107 je i i\u015b\u0107 dalej. Zostawiaj\u0105c granice swojego domu w pewnym stopniu zostajesz z niego wykluczony\/a. I wtedy pojawiaj\u0105 si\u0119 nowe pytania dotycz\u0105ce to\u017csamo\u015bci, granic pa\u0144stwowych i wewn\u0119trznych, ich znaczenia dla ka\u017cdego i ich przezwyci\u0119\u017cenia. Badaj\u0105c te problemy i pytania, pozwol\u0105 mi one w realizacji performatywnego dzia\u0142ania.<\/p>\n<p>Portfolio: <a href=\"https:\/\/alasavashevich.wordpress.com\/\" target=\"_blank\" rel=\"noopener\">link.<\/a><\/p>\n","protected":false},"excerpt":{"rendered":"<p>#digitalresidency Ala Savashevich (ur. 1989, Stolin, Belarus) &#8211; absolwentka wroc\u0142awskiej Akademii Sztuk Pi\u0119knych im. E. Gepperta. Pracuje i mieszka we Wroc\u0142awiu. Statement W praktyce artystycznej cz\u0119sto odwo\u0142uj\u0119 si\u0119 do w\u0142asnej przesz\u0142o\u015bci, zbiorowych i osobistych opowie\u015bci. Wykorzystuj\u0119 zar\u00f3wno monumentalne formy, jak i wideo czy dzia\u0142ania performatywne, nierzadko badaj\u0105c przy tym granice w\u0142asnego cia\u0142a. Do swoich prac u\u017cywam zwyk\u0142ych materia\u0142\u00f3w, takich jak tkanina lub te\u017c ograniczam si\u0119 w ramach dyskomfortu, poprzez atrybuty&#8230;<\/p>\n","protected":false},"author":2,"featured_media":4275,"parent":0,"menu_order":80,"comment_status":"closed","ping_status":"closed","template":"","meta":{"_acf_changed":false,"footnotes":""},"class_list":["post-4274","page","type-page","status-publish","has-post-thumbnail","hentry"],"acf":[],"_links":{"self":[{"href":"https:\/\/openheim.org\/pl\/wp-json\/wp\/v2\/pages\/4274","targetHints":{"allow":["GET"]}}],"collection":[{"href":"https:\/\/openheim.org\/pl\/wp-json\/wp\/v2\/pages"}],"about":[{"href":"https:\/\/openheim.org\/pl\/wp-json\/wp\/v2\/types\/page"}],"author":[{"embeddable":true,"href":"https:\/\/openheim.org\/pl\/wp-json\/wp\/v2\/users\/2"}],"replies":[{"embeddable":true,"href":"https:\/\/openheim.org\/pl\/wp-json\/wp\/v2\/comments?post=4274"}],"version-history":[{"count":0,"href":"https:\/\/openheim.org\/pl\/wp-json\/wp\/v2\/pages\/4274\/revisions"}],"wp:featuredmedia":[{"embeddable":true,"href":"https:\/\/openheim.org\/pl\/wp-json\/wp\/v2\/media\/4275"}],"wp:attachment":[{"href":"https:\/\/openheim.org\/pl\/wp-json\/wp\/v2\/media?parent=4274"}],"curies":[{"name":"wp","href":"https:\/\/api.w.org\/{rel}","templated":true}]}}