{"id":4546,"date":"2021-03-03T16:26:19","date_gmt":"2021-03-03T15:26:19","guid":{"rendered":"https:\/\/openheim.org\/pl\/?page_id=4546"},"modified":"2023-01-04T11:28:59","modified_gmt":"2023-01-04T10:28:59","slug":"every-truth-has-four-corners","status":"publish","type":"page","link":"https:\/\/openheim.org\/pl\/wystawy\/archiwum\/every-truth-has-four-corners\/","title":{"rendered":"Every Truth has Four Corners. Art from Berlin | Prace z kolekcji Volkera Diehla"},"content":{"rendered":"<p><strong>Every Truth has Four Corners<br \/>\n<\/strong><strong>Art from Berlin: Prace z kolekcji Volkera Diehla<br \/>\n<\/strong>Kurator: Mark Gisbourne<\/p>\n<p>Czas trwania wystawy: 20.03\u201306.06.2021<br \/>\nWernisa\u017c: 19.03.2021 r., godz. 18:30<\/p>\n<p>______________<\/p>\n<p>Kolekcjoner i w\u0142a\u015bciciel galerii Volker Diehl (ur. 1957) zawsze wierzy\u0142 w bezpo\u015bredni zwi\u0105zek mi\u0119dzy pozyskiwaniem dzie\u0142 do w\u0142asnej kolekcji a komercyjnym aspektem rynku sztuki. Z wykszta\u0142cenia jest historykiem sztuki, a wi\u0119c osob\u0105 \u015bwiadom\u0105 potencja\u0142u wynikaj\u0105cego z rozwoju sztuki, dzi\u0119ki czemu jako w\u0142a\u015bciciel galerii \u0142\u0105czy przesz\u0142o\u015b\u0107 i tera\u017aniejszo\u015b\u0107, uwzgl\u0119dniaj\u0105c w obszernym programie wystawienniczym zar\u00f3wno dzie\u0142a wcze\u015bniejsze, jak i bli\u017csze wsp\u00f3\u0142czesno\u015bci. Prze\u015bwiadczenie, \u017ce kluczem do zrozumienia \u200b\u200btera\u017aniejszo\u015bci jest \u015bwiadomo\u015b\u0107 tego, co wydarzy\u0142o si\u0119 w przesz\u0142o\u015bci, wida\u0107 na przyk\u0142adzie kluczowej roli, jak\u0105 odegra\u0142 przy organizacji berli\u0144skich targ\u00f3w sztuki Art Forum Berlin w 1996 roku oraz w p\u00f3\u017aniejszym okresie, gdy by\u0142 ich dyrektorem administracyjnym. Od czas\u00f3w, kiedy pracowa\u0142 jako osobisty asystent Christosa Joachimidesa i Normana Rosenthala przy s\u0142ynnej wystawie ZEITGEIST w Berlinie (1982 r.), rozwin\u0105\u0142 w sobie nut\u0119 indywidualizmu i zmys\u0142 kolekcjonerski po\u0142\u0105czony z umiej\u0119tno\u015bci\u0105 szerokiego, mi\u0119dzynarodowego spojrzenia na sztuk\u0119.<\/p>\n<p>W ci\u0105gu ponad czterdziestu lat dzia\u0142alno\u015bci kolekcjonerskiej Volker Diehl zgromadzi\u0142 blisko tysi\u0105c dzie\u0142. Prace prezentowane w ramach wystawy <em>Every Truth has Four Corners<\/em> stanowi\u0105 jedynie niewielk\u0105 cz\u0119\u015b\u0107 jego obszernej prywatnej kolekcji. Zbi\u00f3r powsta\u0142 w znacznej mierze w oparciu o intuicj\u0119 Diehla i jego ewoluuj\u0105ce zainteresowania, kt\u00f3re znajduj\u0105 odzwierciedlenie w rozmaitych tw\u00f3rczych i estetycznych podej\u015bciach reprezentowanych w kolekcji. Jako marszand o mi\u0119dzynarodowych ambicjach wsp\u00f3\u0142pracowa\u0142 z najwi\u0119kszymi artystami niemieckimi dzia\u0142aj\u0105cymi po drugiej wojnie \u015bwiatowej. Nie przeszkadza\u0142o mu to interesowa\u0107 si\u0119 sztuk\u0105 z Europy Wschodniej, zw\u0142aszcza z Rosji, gdzie przez kilka lat prowadzi\u0142 drug\u0105 galeri\u0119. Specyficzny i synkretyczny charakter kolekcji wynika r\u00f3wnie\u017c z jej nieprzewidywalno\u015bci, niespodziewanego dreszczu doznawanego cho\u0107by na widok haita\u0144skich przedstawie\u0144 voodoo. W kolekcji Volkera Diehla <em>sacrum<\/em> i <em>profanum <\/em>przenikaj\u0105 si\u0119, sk\u0142aniaj\u0105c poniek\u0105d do rozwa\u017cenia obserwacji George\u2019a Bataille\u2019a, \u017ce \u201enajbardziej poci\u0105ga to, co le\u017cy na granicy trwogi\u201d.<\/p>\n<p>Pomimo tak znacznej rozpi\u0119to\u015bci kolekcji, podej\u015bcie do wystawy opiera si\u0119 na tematyczno\u015bci, daj\u0105cych si\u0119 wyodr\u0119bni\u0107 w\u0105tkach i wyodr\u0119bnionych kierunkach wizualnych docieka\u0144. Cztery wybrane obszary prezentacji koncentruj\u0105 si\u0119 na dzie\u0142ach powsta\u0142ych mi\u0119dzy zako\u0144czeniem drugiej wojny \u015bwiatowej a wsp\u00f3\u0142czesno\u015bci\u0105, opowiadaj\u0105c histori\u0119 r\u00f3wnoleg\u0142\u0105 do biografii kolekcjonera. Wystawa pomy\u015blana jest w spos\u00f3b sk\u0142aniaj\u0105cy do namys\u0142u nad wyj\u0105tkowo\u015bci\u0105 i mi\u0119dzynarodowym ogl\u0105dem Diehla, pocz\u0105wszy od jego pasji do minimalistycznych i konceptualnych konstrukcji, a sko\u0144czywszy na alternatywnym obszarze wyobra\u017ani ci\u0105\u017c\u0105cym ku fetyszyzmowi i fantastyczno\u015bci. Cho\u0107 wybrane obszary prezentacji nie ukazuj\u0105 wszystkich \u015bcie\u017cek wizualnych zainteresowa\u0144 Volkera Diehla, niemniej jednak uosabiaj\u0105 dominuj\u0105ce kierunki rozwoju kolekcji oraz intelektualne dociekania kolekcjonera. Innymi s\u0142owy, wystawa zarysowuje autonomicznie wytyczony obszar, kt\u00f3ry zdeterminowa\u0142 charakter i granice \u017cycia jednego cz\u0142owieka.<\/p>\n<p>Mark Gisbourne<br \/>\nKurator wystawy <em>Every Truth Has Four Corners<\/em><\/p>\n<p><em>Every Truth has Four Corners<\/em> to kolejna ods\u0142ona, zapocz\u0105tkowanego w 2019 roku, cyklu wystaw prezentuj\u0105cych \u015bwiatowe kolekcje sztuki oraz ich tw\u00f3rc\u00f3w_nie.<\/p>\n<p>______________<\/p>\n<p><strong>Arty\u015bci i artystki:<\/strong><\/p>\n<p>Marc Adrian \/ AES + F \/ Martin Assig \/ Blue Noses \/ Martin Borowski \/ Sergej Bratkov \/ KP Brehmer \/ Killlian Breier \/ Hal Busse \/ Zofia Butrymowicz \/ Carmen Calvo \/ Olga Chernysheva \/ Jhonny LHerisson Cineus \/ Simon English \/ Am\u00e9lie Esterh\u00e1zy \/ Constantin Flondor \/ Thomas Florschuetz \/ Nadine Fortilus \/ Hermann Goepfert \/ Ivan Gorshkov \/ Claudia Hart \/ Susan Hefuna \/ Marta Hoepffner \/ Zhang Huan \/ Ritzi &#038; Peter Jacobi \/ Minjung Kim \/ Shigeko Kubota \/ Tadaaki Kuwayama \/ Heinz Mack \/ Alexander Maximov \/ Christian Megert \/ Boris Mikhailov \/ Christiane M\u00f6bus \/ Vlad Monroe \/ Paul Neagu \/ Lev Nussberg \/ Viktor Novatzki \/ Jolanta Owidzka \/ Aidan Salakhova \/ Gregor Schneider \/ Sudarshan Shetty \/ Alexey Shulgin \/ Turi Simeti \/ Ioana Maria Sisea \/ Tomoko Takahashi \/ Richard Tuttle \/ Grazia Varisco \/ Jef Verheyen \/ Herman De Vries \/ G\u00fcnter Weseler \/ Tom Wesselmann<\/p>\n<p>______________<\/p>\n<p>Organizator: OP ENHEIM<br \/>\nMecenas Honorowy: <a href=\"https:\/\/www.facebook.com\/WomakHoldingSA\/?__cft__%5b0%5d=AZUfNCgu6cjRJn-u-0Kn_HTUbU1D7ErQXrK9PlzjFtubTAC7KkWJ_Kwikmm42_Unx5C7O6ueDQLG7ivhDOk7eILyhIkOJxjbANY7xX6x4vlIWLChl1Ykg-GNOv6vqAUmB2IAypFkfZ_fjHeOh4Uyus8r9FPZohAT3RlTEw-2EWVnig&#038;__tn__=q\">Womak Holding SA<\/a><\/p>\n","protected":false},"excerpt":{"rendered":"<p>Marc Adrian \/ AES + F \/ Martin Assig \/ Blue Noses \/ Martin Borowski \/ Sergej Bratkov \/ KP Brehmer \/ Killlian Breier \/ Hal Busse \/ Zofia Butrymowicz \/ Carmen Calvo \/ Olga Chernysheva \/ Jhonny LHerisson Cineus \/ Simon English \/ Am\u00e9lie Esterh\u00e1zy \/ Constantin Flondor \/ Thomas Florschuetz \/ Nadine Fortilus \/ Hermann Goepfert \/ Ivan Gorshkov \/ Claudia Hart \/ Susan Hefuna \/ Marta Hoepffner \/ Zhang Huan \/ Ritzi &#038; Peter Jacobi \/ Minjung Kim \/ Shigeko Kubota \/ Tadaaki Kuwayama \/ Heinz Mack \/ Alexander Maximov \/ Christian Megert \/ Boris Mikhailov \/ Christiane M\u00f6bus \/ Vlad Monroe \/ Paul Neagu \/ Lev Nussberg \/ Viktor Novatzki \/ Jolanta Owidzka \/ Aidan Salakhova \/ Gregor Schneider \/ Sudarshan Shetty \/ Alexey Shulgin \/ Turi Simeti \/ Ioana Maria Sisea \/ Tomoko Takahashi \/ Richard Tuttle \/ Grazia Varisco \/ Jef Verheyen \/ Herman De Vries \/ G\u00fcnter Weseler \/ Tom Wesselmann<\/p>\n","protected":false},"author":2,"featured_media":4592,"parent":607,"menu_order":91,"comment_status":"closed","ping_status":"closed","template":"","meta":{"_acf_changed":false,"footnotes":""},"class_list":["post-4546","page","type-page","status-publish","has-post-thumbnail","hentry"],"acf":[],"_links":{"self":[{"href":"https:\/\/openheim.org\/pl\/wp-json\/wp\/v2\/pages\/4546","targetHints":{"allow":["GET"]}}],"collection":[{"href":"https:\/\/openheim.org\/pl\/wp-json\/wp\/v2\/pages"}],"about":[{"href":"https:\/\/openheim.org\/pl\/wp-json\/wp\/v2\/types\/page"}],"author":[{"embeddable":true,"href":"https:\/\/openheim.org\/pl\/wp-json\/wp\/v2\/users\/2"}],"replies":[{"embeddable":true,"href":"https:\/\/openheim.org\/pl\/wp-json\/wp\/v2\/comments?post=4546"}],"version-history":[{"count":73,"href":"https:\/\/openheim.org\/pl\/wp-json\/wp\/v2\/pages\/4546\/revisions"}],"predecessor-version":[{"id":7526,"href":"https:\/\/openheim.org\/pl\/wp-json\/wp\/v2\/pages\/4546\/revisions\/7526"}],"up":[{"embeddable":true,"href":"https:\/\/openheim.org\/pl\/wp-json\/wp\/v2\/pages\/607"}],"wp:featuredmedia":[{"embeddable":true,"href":"https:\/\/openheim.org\/pl\/wp-json\/wp\/v2\/media\/4592"}],"wp:attachment":[{"href":"https:\/\/openheim.org\/pl\/wp-json\/wp\/v2\/media?parent=4546"}],"curies":[{"name":"wp","href":"https:\/\/api.w.org\/{rel}","templated":true}]}}