{"id":4724,"date":"2021-03-31T17:54:57","date_gmt":"2021-03-31T15:54:57","guid":{"rendered":"https:\/\/openheim.org\/pl\/?page_id=4724"},"modified":"2023-01-04T11:29:07","modified_gmt":"2023-01-04T10:29:07","slug":"angelika-markul-formula-czasu","status":"publish","type":"page","link":"https:\/\/openheim.org\/pl\/wystawy\/archiwum\/angelika-markul-formula-czasu\/","title":{"rendered":"Angelika Markul | Formu\u0142a czasu"},"content":{"rendered":"<p><strong>Angelika Markul. <em>Formu\u0142a czasu<\/em><\/strong><br \/>\n<strong>Kurator: Jaros\u0142aw Lubiak<\/strong><br \/>\n<strong>Czas trwania wystawy<\/strong>: 3.07\u201326.09.2021 r.<br \/>\n<strong>Godziny otwarcia<\/strong>:\u00a0<a class=\"oajrlxb2 g5ia77u1 qu0x051f esr5mh6w e9989ue4 r7d6kgcz rq0escxv nhd2j8a9 nc684nl6 p7hjln8o kvgmc6g5 cxmmr5t8 oygrvhab hcukyx3x jb3vyjys rz4wbd8a qt6c0cv9 a8nywdso i1ao9s8h esuyzwwr f1sip0of lzcic4wl py34i1dx gpro0wi8\" tabindex=\"0\" role=\"link\" href=\"https:\/\/openheim.org\/pl\/odwiedz-nas\/?fbclid=IwAR2in5BsH0gO3FZ7oumnxIKrSSggjN2A7WYbiYjmuakbR81kKSPDHbEu3ow\" target=\"_blank\" rel=\"nofollow noopener\">https:\/\/openheim.org\/pl\/odwiedz-nas\/<\/a><br \/>\n____________<\/p>\n<p><strong>Wydarzenia towarzysz\u0105ce:<\/strong><\/p>\n<p><strong>20.08.21, g. 18:30<\/strong><br \/>\nOP_Talks | Spotkanie i wieczorne oprowadzanie z Angelik\u0105 Markul i Jaros\u0142awem Lubiakiem<br \/>\nWi\u0119cej informacji: <a href=\"https:\/\/openheim.org\/pl\/wydarzenia\/spotkanie-autorsko-kuratorskie-i-nocne-zwiedzanie-wystawy\/\">link\u00a0<\/a><br \/>\n<strong>25.09.21, g. 11:00<\/strong><br \/>\nCo mo\u017ce zrobi\u0107 sztuka dla klimatu? Troch\u0119 o warto\u015bciach.<br \/>\nProwadzenie: Aleksandra Jach<br \/>\n> Wydarzenie jest cz\u0119\u015bci\u0105 konferencji <a href=\"https:\/\/openheim.org\/pl\/wydarzenia\/can-art-save-the-planet-konferencja-w-op-enheim\/\">Can Art Save the Planet<\/a>.<br \/>\n<strong>26.09, g. 11:00\u00a0<\/strong><br \/>\nPrzez sztuk\u0119 do \u015bwiatopogl\u0105du. Czy sztuka potrafi?<br \/>\nGo\u015bcie: Agnieszka Bandura, Joanna Rajkowska, Magdalena Wor\u0142owska<br \/>\nProwadzenie: Agata Szyd\u0142owska<br \/>\n> Wydarzenie jest cz\u0119\u015bci\u0105 konferencji <a href=\"https:\/\/openheim.org\/pl\/wydarzenia\/can-art-save-the-planet-konferencja-w-op-enheim\/\">Can Art Save the Planet<\/a>.<br \/>\n<strong>30.09, g. 18:30\u00a0<\/strong><br \/>\nOP_Talks | Ewa Bi\u0144czyk. Paradoksy, kt\u00f3rymi \u017cyjemy w XXI wieku<br \/>\nWi\u0119cej informacji: <a href=\"https:\/\/openheim.org\/pl\/wydarzenia\/op_talks-ewa-binczyk-paradoksy-ktorymi-zyjemy-w-xxi-wieku-online\/\">link<\/a><br \/>\n>> lipiec-wrzesie\u0144: OPopatrz, popatrz! | Cykl dzia\u0142a\u0144 dla dzieci, m\u0142odzie\u017cy i rodzin. Wi\u0119cej informacji: <a href=\"https:\/\/openheim.org\/pl\/projekty\/opopatrz-popatrz\/\">link<\/a><\/p>\n<p><strong>Katalog:\u00a0<\/strong><\/p>\n<p>W ramach wystawy ukaza\u0142a si\u0119 publikacja pt. <em>Formu\u0142a czasu, <\/em>kt\u00f3ra zosta\u0142a przygotowana w trzech j\u0119zykach &#8211; polskim, angielskim i francuskim, a teksty do niej stworzyli: Florian Gait\u00e9, Jaros\u0142aw Lubiak oraz Marion Vasseur Raluy. Wydawnictwo zosta\u0142o przygotowana we wsp\u00f3\u0142pracy i wsparciu: CAS, Centre d\u2019art de Vassiviere \u2014 France, Drukarni Empir, Galerii LETO i Instytutu Polskiego w Pary\u017cu. Wi\u0119cej informacji: <a href=\"https:\/\/www.facebook.com\/commerce\/products\/4239068806219210\/?ref=mini_shop_storefront&#038;referral_code=mini_shop_page_shop_tab_cta\">LINK<\/a>.<\/p>\n<p>____________<\/p>\n<p><strong><em>Wehiku\u0142y czasu<\/em><\/strong><\/p>\n<p><span style=\"font-weight: 400;\">Mo\u017cna mie\u0107 wra\u017cenie, \u017ce otwiera si\u0119 przed nami otch\u0142a\u0144 czasu, z kt\u00f3rej wy\u0142aniaj\u0105 si\u0119 zagadkowe \u015blady, przera\u017caj\u0105ce relikty i poruszaj\u0105ce obrazy. Obok trop\u00f3w dinozaur\u00f3w sprzed 147 milion\u00f3w lat, pojawiaj\u0105 si\u0119 szcz\u0105tki zwierz\u0119cia wymar\u0142ego oko\u0142o 11 tysi\u0119cy lat temu czy powidoki niemal stuletniej fotografii. Razem tworz\u0105 konstelacj\u0119, kt\u00f3ra ma kompozycj\u0119 snu. Mitologia splata si\u0119 z archeologi\u0105, etnografia z paleontologi\u0105, historia z fantazj\u0105, kreuj\u0105c szczeg\u00f3lne do\u015bwiadczenie czasu.<\/span><\/p>\n<p>Angelika Markul bardzo konsekwentnie rozwija poetyk\u0119 marzenia sennego, by bada\u0107 te wymiary czasu, kt\u00f3re wymykaj\u0105 si\u0119 zar\u00f3wno potocznemu do\u015bwiadczeniu, jak i naukowym konceptom. Wypracowuje formu\u0142\u0119, w kt\u00f3rej <em>czas snu<\/em> oraz <em>czas g\u0142\u0119boki<\/em> staj\u0105 si\u0119 wymiarami wsp\u00f3\u0142czesno\u015bci, pozwalaj\u0105c na dokonywanie pewnych symbolicznych odwr\u00f3ce\u0144.<\/p>\n<p><span style=\"font-weight: 400;\">O ile wcze\u015bniej w swojej tw\u00f3rczo\u015bci artystka pos\u0142ugiwa\u0142a si\u0119 pewnego rodzaju przemoc\u0105 estetyczn\u0105, teraz uruchamia si\u0142\u0119 marzenia sennego, by przeciwstawi\u0107 si\u0119 przemocy przesz\u0142o\u015bci. Czyni to w\u0142asn\u0105 metod\u0105 dawania \u015bwiadectwa.<\/span><\/p>\n<p>Jaros\u0142aw Lubiak<br \/>\nKurator wystawy<br \/>\n* Pe\u0142ny tekst znajduje si\u0119 w katalogu do wystawy.<\/p>\n<p>____________<\/p>\n<p><span style=\"font-weight: normal;\"><strong>Organizator<\/strong>: OP ENHEIM<u><a href=\"https:\/\/www.georg-kolbe-museum.de\/\" target=\"_blank\" rel=\"noopener noreferrer\"><br \/>\n<\/a><\/u><strong>Wsp\u00f3\u0142organizator<\/strong>: VOP<br \/>\n<strong>Mecenas honorowy<\/strong>: <span style=\"font-weight: 400;\"> <a style=\"font-size: inherit; background-color: #fefefe;\" href=\"https:\/\/womak.pl\/\">Womak Holding SA<\/a><\/span><u><br \/>\n<\/u><strong>Patroni medialni<\/strong>: <span style=\"font-size: inherit;\"><a href=\"https:\/\/tvpkultura.tvp.pl\/\">TVP Kultura<\/a><\/span><strong style=\"font-size: inherit;\"><span style=\"font-size: inherit;\">,<\/span><\/strong><span style=\"font-size: inherit;\">\u00a0<a href=\"https:\/\/www.nn6t.pl\/\">NN6T<\/a><\/span><a href=\"https:\/\/wroclaw.wyborcza.pl\/wroclaw\/0,0.html\" target=\"_blank\" rel=\"noopener noreferrer\"><br \/>\n<\/a><strong>Partnerzy<\/strong>: <span style=\"font-size: inherit;\"><a href=\"https:\/\/akme.pl\/\">AKME<\/a><\/span><span style=\"font-size: inherit;\">,\u00a0 <\/span><a href=\"https:\/\/www.institutfrancais.pl\/\"><span style=\"font-size: inherit;\">Instyt<\/span><span style=\"font-size: inherit;\">ut\u00a0<\/span><span style=\"font-size: inherit;\">Francuski<\/span><\/a> <a href=\"https:\/\/www.institutfrancais.pl\/\"><span style=\"font-size: inherit;\">w<\/span><\/a> <span style=\"font-size: inherit;\"><a href=\"https:\/\/www.institutfrancais.pl\/\">Polsce<\/a>, <\/span><span style=\"font-size: inherit;\">\u00a0<a href=\"http:\/\/wroclaw.afpolska.pl\/\">Alliance<\/a><\/span><span style=\"font-size: inherit;\">\u00a0<a href=\"http:\/\/wroclaw.afpolska.pl\/\">Fran\u00e7aise<\/a><\/span><span style=\"font-size: inherit;\">\u00a0<a href=\"http:\/\/wroclaw.afpolska.pl\/\">Wroc\u0142aw<\/a>,\u00a0 <\/span><strong style=\"font-size: inherit;\"><span style=\"font-size: inherit;\"><a href=\"http:\/\/ciapiledevassiviere.com\/\"><span style=\"font-weight: 400;\">Ciap &#8211; Ile de Vassivi\u00e8re<\/span><\/a><\/span><\/strong><span style=\"font-size: inherit;\">,<\/span><span style=\"font-size: inherit;\"> \u00a0<a href=\"https:\/\/instytutpolski.pl\/paris\/\">Institut<\/a><\/span> <span style=\"font-size: inherit;\"><a href=\"https:\/\/instytutpolski.pl\/paris\/\">Polonais<\/a><\/span><span style=\"font-size: inherit;\"><a href=\"https:\/\/instytutpolski.pl\/paris\/\">\u00a0de<\/a><\/span><span style=\"font-size: inherit;\"><a href=\"https:\/\/instytutpolski.pl\/paris\/\">\u00a0Paris<\/a><\/span><span style=\"font-size: inherit;\">,<\/span><span style=\"font-size: inherit;\">\u00a0<a href=\"https:\/\/leto.pl\/pl\">Leto<\/a><\/span><br \/>\n<strong>Kuratorka programu OPopatrz, popatrz!<\/strong>: Magdalena Kreis<\/span><\/p>\n<p><span style=\"font-weight: 400;\">Projekt wsp\u00f3\u0142finansowany ze \u015brodk\u00f3w Gminy Wroc\u0142aw \/ <\/span><a href=\"http:\/\/www.wroclaw.pl\"><span style=\"font-weight: 400;\">www.wroclaw.pl<\/span><\/a><span style=\"font-weight: 400;\">.\u00a0<\/span><\/p>\n","protected":false},"excerpt":{"rendered":"<p>Angelika Markul bardzo konsekwentnie rozwija poetyk\u0119 marzenia sennego, by bada\u0107 te wymiary czasu, kt\u00f3re wymykaj\u0105 si\u0119 zar\u00f3wno potocznemu do\u015bwiadczeniu, jak i naukowym konceptom. Wypracowuje swoj\u0105 w\u0142asn\u0105 formu\u0142\u0119, w kt\u00f3rej czas snu oraz czas g\u0142\u0119boki staj\u0105 si\u0119 wymiarami wsp\u00f3\u0142czesno\u015bci, pozwalaj\u0105c na dokonywanie si\u0119 pewnych symbolicznych odwr\u00f3ce\u0144. Czyni to przez swoj\u0105 w\u0142asn\u0105 metod\u0119 dawania \u015bwiadectwa.<\/p>\n","protected":false},"author":2,"featured_media":5275,"parent":607,"menu_order":64,"comment_status":"closed","ping_status":"closed","template":"","meta":{"_acf_changed":false,"footnotes":""},"class_list":["post-4724","page","type-page","status-publish","has-post-thumbnail","hentry"],"acf":[],"_links":{"self":[{"href":"https:\/\/openheim.org\/pl\/wp-json\/wp\/v2\/pages\/4724","targetHints":{"allow":["GET"]}}],"collection":[{"href":"https:\/\/openheim.org\/pl\/wp-json\/wp\/v2\/pages"}],"about":[{"href":"https:\/\/openheim.org\/pl\/wp-json\/wp\/v2\/types\/page"}],"author":[{"embeddable":true,"href":"https:\/\/openheim.org\/pl\/wp-json\/wp\/v2\/users\/2"}],"replies":[{"embeddable":true,"href":"https:\/\/openheim.org\/pl\/wp-json\/wp\/v2\/comments?post=4724"}],"version-history":[{"count":76,"href":"https:\/\/openheim.org\/pl\/wp-json\/wp\/v2\/pages\/4724\/revisions"}],"predecessor-version":[{"id":7527,"href":"https:\/\/openheim.org\/pl\/wp-json\/wp\/v2\/pages\/4724\/revisions\/7527"}],"up":[{"embeddable":true,"href":"https:\/\/openheim.org\/pl\/wp-json\/wp\/v2\/pages\/607"}],"wp:featuredmedia":[{"embeddable":true,"href":"https:\/\/openheim.org\/pl\/wp-json\/wp\/v2\/media\/5275"}],"wp:attachment":[{"href":"https:\/\/openheim.org\/pl\/wp-json\/wp\/v2\/media?parent=4724"}],"curies":[{"name":"wp","href":"https:\/\/api.w.org\/{rel}","templated":true}]}}