{"id":4977,"date":"2021-06-02T17:32:15","date_gmt":"2021-06-02T15:32:15","guid":{"rendered":"https:\/\/openheim.org\/pl\/?page_id=4977"},"modified":"2026-03-16T10:24:32","modified_gmt":"2026-03-16T09:24:32","slug":"przyjaciele","status":"publish","type":"page","link":"https:\/\/openheim.org\/pl\/przyjaciele\/","title":{"rendered":"Przyjaciele OP ENHEIM"},"content":{"rendered":"<h6><strong>W dawnej rezydencji rodziny Oppenheim\u00f3w i siedzibie ich firmy, po gruntownej konserwatorskiej rewitalizacji, powsta\u0142o szybko rozwijaj\u0105ce si\u0119 otwarte centrum kultury z wystawami sztuki nowoczesnej i wsp\u00f3\u0142czesnej, kt\u00f3re w szczeg\u00f3lno\u015bci zajmuje si\u0119 relacjami polsko-niemieckimi. Postanowili\u015bmy powo\u0142a\u0107 do \u017cycia program Przyjaci\u00f3\u0142 OP ENHEIM. Chc\u0105c pozosta\u0107 z Pa\u0144stwem w jeszcze bli\u017cszych, serdecznych stosunkach, zapraszamy do zapoznania si\u0119 z nasz\u0105 propozycj\u0105.<\/strong><\/h6>\n<h6>Niezale\u017cnie od tego, czy jest to cz\u0142onkostwo, czy darowizna, cieszymy si\u0119 na ka\u017cdy wk\u0142ad Pa\u0144stwa, kt\u00f3ry umo\u017cliwi nam prac\u0119 jako Fundacji wspieranej przez Przyjaci\u00f3\u0142.<\/h6>\n<hr \/>\n<p><span style=\"font-weight: 400;\"><br \/>\n<\/span><strong>RODZAJE WSPARCIA:<br \/>\n<\/strong><span style=\"font-weight: 400;\"><br \/>\n<\/span><b>PRZYJACIEL_\u00d3\u0141KA STUDENT_KA<br \/>\nKwota wsparcia: 100 z\u0142 \/ rocznie<br \/>\n<a href=\"https:\/\/forms.office.com\/e\/Rdbib2r70B\" target=\"_blank\" rel=\"noopener\"><span style=\"text-decoration: underline;\">Formularz zg\u0142oszenia >><\/span><\/a><\/b><\/p>\n<ul>\n<li>\u2013 udzia\u0142 w preview wystaw;<br \/>\n\u2013 nieograniczony darmowy wst\u0119p na wystawy czasowe w OP ENHEIM w danym roku;<br \/>\n\u2013 pierwsze\u0144stwo w rezerwacji miejsc na spotkania, debaty i koncerty w Salonie Herz;<br \/>\n\u2013 zni\u017cka 10% na wszystkie ksi\u0105\u017cki i inne produkty dost\u0119pne w sprzeda\u017cy w Galerii OP ENHEIM;<br \/>\n\u2013 mailing informuj\u0105cy o wydarzeniach organizowanych w OP ENHEIM;<br \/>\n\u2013 karta cz\u0142onkowska.<\/li>\n<li><em>*do 26 roku \u017cycia na podstawie wa\u017cnej legitymacji studenckiej (dla student\u00f3w_tek ASP pierwszy rok cz\u0142onkostwa za darmo)<\/em><\/li>\n<\/ul>\n<hr \/>\n<p><b>PRZYJACIEL_\u00d3\u0141KA<br \/>\nKwota wsparcia: 300 z\u0142 \/ rocznie<br \/>\n<a href=\"https:\/\/forms.office.com\/e\/Rdbib2r70B\" target=\"_blank\" rel=\"noopener\"><span style=\"text-decoration: underline;\">Formularz zg\u0142oszenia >><\/span><\/a><\/b><\/p>\n<p>\u2013 udzia\u0142 w preview wystaw; \u2013 pierwsze\u0144stwo w rezerwacji miejsc na spotkania, debaty i koncerty w Salonie Herz;<br \/>\n\u2013 nieograniczony darmowy wst\u0119p wraz z osob\u0105 towarzysz\u0105c\u0105 na wystawy czasowe w OP ENHEIM w danym roku;<br \/>\n\u2013 zni\u017cka 10% na wszystkie ksi\u0105\u017cki i inne produkty dost\u0119pne w sprzeda\u017cy w Galerii OP ENHEIM;<br \/>\n\u2013 mailing informuj\u0105cy o wydarzeniach organizowanych w OP ENHEIM;<br \/>\n\u2013 karta cz\u0142onkowska oraz przypinka.<\/p>\n<hr \/>\n<p><strong>PASJONAT_KA <\/strong><br \/>\n<strong>Kwota wsparcia: 900 z\u0142 \/ rocznie<\/strong><br \/>\n<b><a href=\"https:\/\/forms.office.com\/e\/Rdbib2r70B\" target=\"_blank\" rel=\"noopener\"><span style=\"text-decoration: underline;\">Formularz zg\u0142oszenia >><\/span><\/a><\/b><\/p>\n<p>\u2013 udzia\u0142 w preview wystaw;<br \/>\n\u2013 nieograniczony darmowy wst\u0119p z osob\u0105 towarzysz\u0105c\u0105 na wystawy czasowe w danym roku;<br \/>\n\u2013 pierwsze\u0144stwo w rezerwacji miejsc na spotkania, debaty i koncerty w Salonie Herz;<br \/>\n\u2013 pierwsze\u0144stwo uczestnictwa w organizowanych wyjazdach krajowych i zagranicznych na wystawy lub targi sztuki;<br \/>\n\u2013 20% zni\u017cki na ksi\u0105\u017cki oraz inne produkty dost\u0119pne w sprzeda\u017cy w Galerii OP ENHEIM;<br \/>\n\u2013 mailing informuj\u0105cy o wydarzeniach organizowanych OP ENHEIM;<br \/>\n\u2013 karta cz\u0142onkowska oraz przypinka.<\/p>\n<hr \/>\n<p><b>PATRON_KA<br \/>\nKwota wsparcia: 2000 z\u0142 \/ rocznie<br \/>\n<a href=\"https:\/\/forms.office.com\/e\/Rdbib2r70B\" target=\"_blank\" rel=\"noopener\"><span style=\"text-decoration: underline;\">Formularz zg\u0142oszenia >><\/span><\/a><\/b><\/p>\n<p>\u2013 udzia\u0142 w preview wystaw;<br \/>\n\u2013 nieograniczony darmowy wst\u0119p z 4 osobami towarzysz\u0105cymi na wystawy czasowe w danym roku;<br \/>\n\u2013 pierwsze\u0144stwo w rezerwacji miejsc na spotkania, debaty i koncerty w Salonie Herz;<br \/>\n\u2013 pierwsze\u0144stwo uczestnictwa oraz 15% zni\u017cki w organizowanych wyjazdach krajowych i zagranicznych na wystawy lub targi sztuki;<br \/>\n\u2013 mo\u017cliwo\u015b\u0107 zorganizowania dwa razy w roku dedykowanego oprowadzania po wystawie oraz po kamienicy dla 15 os\u00f3b;<br \/>\n\u2013 obecno\u015b\u0107 w gronie Patron\u00f3w_ek i Mecenas\u00f3w_ek wymienionych w rocznym raporcie z dzia\u0142alno\u015bci OP ENHEIM;<br \/>\n\u2013 30% zni\u017cki na wszystkie ksi\u0105\u017cki i inne produkty dost\u0119pne w sprzeda\u017cy w OP ENHEIM;<br \/>\n\u2013 mo\u017cliwo\u015b\u0107 uczestnictwa wraz z 2 osobami towarzysz\u0105cymi w zamkni\u0119tych dla publiczno\u015bci wydarzeniach organizowanych przez OP ENHEIM oraz we wszystkich wernisa\u017cach i otwarciach galerii;<br \/>\n\u2013 otrzymywanie atrakcyjnych pakiet\u00f3w okoliczno\u015bciowych;<br \/>\n\u2013 mailing informuj\u0105cy o wydarzeniach organizowanych OP ENHEIM;<br \/>\n\u2013 karta cz\u0142onkowska oraz przypinka.<\/p>\n<hr \/>\n<p><b>MECENAS_KA<br \/>\nKwota wsparcia: 10.000 z\u0142 \/ rocznie<br \/>\n<a href=\"https:\/\/forms.office.com\/e\/Rdbib2r70B\" target=\"_blank\" rel=\"noopener\"><span style=\"text-decoration: underline;\">Formularz zg\u0142oszenia >><\/span><\/a><\/b><\/p>\n<p>\u2013 wszystkie przywileje Przyjaciela_\u00f3\u0142ki oraz Patrona_ki;<br \/>\n\u2013 mo\u017cliwo\u015b\u0107 zorganizowania w\u0142asnego jednego spotkania\/wydarzenia w Salonie Herz w ci\u0105gu roku oraz kolejnych z 50% zni\u017ck\u0105 (na zasadach uzgodnionych z OP ENHEIM);<br \/>\n\u2013 nieodp\u0142atne ksi\u0105\u017cki i inne produkty dost\u0119pne w sprzeda\u017cy w Galerii OP ENHEIM;<br \/>\n\u2013 umieszczenia nazwiska \/ nazwy Mecenasa_ki na ekranie przy g\u0142\u00f3wnym wej\u015bciu do OP ENHEIM na jeden rok.<\/p>\n<p><b><br \/>\nCELE | <\/b><b>Zebrane \u015brodki zostan\u0105 przeznaczone na dzia\u0142ania maj\u0105ce na celu:<\/b><\/p>\n<p>1\/ wspieranie artyst\u00f3w i upowszechnianie sztuki wsp\u00f3\u0142czesnej poprzez realizacj\u0119 program\u00f3w rezydencyjnych, stypendialnych, rozwojowych oraz organizacj\u0119 wystaw;<br \/>\n2\/ realizacj\u0119 projekt\u00f3w z zakresu edukacji kulturalnej, profesjonalizacji i aktywizacji sektora artystycznego, g\u0142\u00f3wnie sztuk wizualnych;<br \/>\n3\/ organizacj\u0119 wydarze\u0144 dotykaj\u0105cych o historii, to\u017csamo\u015bci, wielokulturowo\u015bci, z drugiej strony my\u015bli demokratycznej, nowoczesno\u015bci i dialogu spo\u0142ecznego, kt\u00f3rym przy\u015bwieca misja krzewienia \u015bwiadomo\u015bci i warto\u015bci poprzez kultur\u0119 i sztuk\u0119;<br \/>\n4\/ rozwijanie aktywno\u015bci ekologicznej skupionej wok\u00f3\u0142 Pikniku artystycznego FLOWLAND w Tarczynie oraz zamiejskiego programu rezydencyjnego dla tw\u00f3rc\u00f3w i tw\u00f3rczy\u0144;<br \/>\n5\/ tworzenie przestrzeni do rozmowy o dziedzictwie kulturowym, materialnym i ochronie zabytk\u00f3w;<br \/>\n6\/ rozwijanie i opracowywanie kolekcji sztuki OP ENHEIM<br \/>\n7\/ przygotowywanie i udost\u0119pnianie edycji kolekcjonerskich, wsp\u00f3\u0142tworzonych z artystami i artystkami zwi\u0105zanymi z OP ENHEIM.<\/p>\n<p>&nbsp;<\/p>\n<hr \/>\n<blockquote>\n<h6><a href=\"https:\/\/openheim.org\/wp-content\/uploads\/2025\/01\/przyjaciele_OP_2024_PL.pdf\" target=\"_blank\" rel=\"noopener\">>> DEKLARACJA CZ\u0141ONKOWSKA (formularz online, PDF)<\/a><br \/>\n<a href=\"https:\/\/forms.office.com\/e\/Rdbib2r70B\" target=\"_blank\" rel=\"noopener\">>> Rejestracja online<\/a><br \/>\n<a href=\"https:\/\/openheim.org\/wp-content\/uploads\/2021\/07\/Przyjaciele-OP-ENHEIM-_-regulamin.pdf\">>> Regulamin<\/a><\/h6>\n<h6>Dane Fundacji<br \/>\nOP ENHEIM, Plac Solny 4, 50-236 Wroc\u0142aw<br \/>\nKontakt: friends@openheim.org<br \/>\nNumer konta: 09187010452078106959600002<br \/>\nProsimy o wp\u0142at\u0119 sk\u0142adki cz\u0142onkowskiej wed\u0142ug wybranej kategorii przelewem na konto z dopiskiem OP_Friends_<i>Darowizna<\/i>.<\/h6>\n<\/blockquote>\n","protected":false},"excerpt":{"rendered":"<p>W dawnej rezydencji rodziny Oppenheim\u00f3w i siedzibie ich firmy, po gruntownej konserwatorskiej rewitalizacji, powsta\u0142o szybko rozwijaj\u0105ce si\u0119 otwarte centrum kultury z wystawami sztuki nowoczesnej i wsp\u00f3\u0142czesnej, kt\u00f3re w szczeg\u00f3lno\u015bci zajmuje si\u0119 relacjami polsko-niemieckimi. Postanowili\u015bmy powo\u0142a\u0107 do \u017cycia program Przyjaci\u00f3\u0142 OP ENHEIM. Chc\u0105c pozosta\u0107 z Pa\u0144stwem w jeszcze bli\u017cszych, serdecznych stosunkach, zapraszamy do zapoznania si\u0119 z nasz\u0105 propozycj\u0105. Niezale\u017cnie od tego, czy jest to cz\u0142onkostwo, czy darowizna, cieszymy si\u0119 na ka\u017cdy&#8230;<\/p>\n","protected":false},"author":2,"featured_media":5247,"parent":0,"menu_order":107,"comment_status":"closed","ping_status":"closed","template":"","meta":{"_acf_changed":false,"footnotes":""},"class_list":["post-4977","page","type-page","status-publish","has-post-thumbnail","hentry"],"acf":[],"_links":{"self":[{"href":"https:\/\/openheim.org\/pl\/wp-json\/wp\/v2\/pages\/4977","targetHints":{"allow":["GET"]}}],"collection":[{"href":"https:\/\/openheim.org\/pl\/wp-json\/wp\/v2\/pages"}],"about":[{"href":"https:\/\/openheim.org\/pl\/wp-json\/wp\/v2\/types\/page"}],"author":[{"embeddable":true,"href":"https:\/\/openheim.org\/pl\/wp-json\/wp\/v2\/users\/2"}],"replies":[{"embeddable":true,"href":"https:\/\/openheim.org\/pl\/wp-json\/wp\/v2\/comments?post=4977"}],"version-history":[{"count":57,"href":"https:\/\/openheim.org\/pl\/wp-json\/wp\/v2\/pages\/4977\/revisions"}],"predecessor-version":[{"id":11706,"href":"https:\/\/openheim.org\/pl\/wp-json\/wp\/v2\/pages\/4977\/revisions\/11706"}],"wp:featuredmedia":[{"embeddable":true,"href":"https:\/\/openheim.org\/pl\/wp-json\/wp\/v2\/media\/5247"}],"wp:attachment":[{"href":"https:\/\/openheim.org\/pl\/wp-json\/wp\/v2\/media?parent=4977"}],"curies":[{"name":"wp","href":"https:\/\/api.w.org\/{rel}","templated":true}]}}