{"id":5423,"date":"2021-08-09T15:48:36","date_gmt":"2021-08-09T13:48:36","guid":{"rendered":"https:\/\/openheim.org\/pl\/?page_id=5423"},"modified":"2022-01-18T15:33:17","modified_gmt":"2022-01-18T14:33:17","slug":"op_young-viktoriia-tofan","status":"publish","type":"page","link":"https:\/\/openheim.org\/pl\/op_young-viktoriia-tofan\/","title":{"rendered":"OP_Young | Viktoriia Tofan"},"content":{"rendered":"<p><strong>Viktoriia Tofan<\/strong> (ur. 1993, Dniepropetrowsk) \u2013 artystka wizualna, absolwentka Akademii Sztuk Pi\u0119knych w Kijowie oraz Wydzia\u0142u Malarstwa na Akademii Sztuk Pi\u0119knych im. Eugeniusza Gepperta we Wroc\u0142awiu.\u00a0Swoj\u0105 prac\u0119 dyplomow\u0105 prezentowa\u0142a w ramach wystawy indywidualnej \u201eZWYK\u0141E NIEZWYK\u0141E\u201d (BWA Studio, Wroc\u0142aw).\u00a0 Pozosta\u0142e projekty artystki, zaprezentowane zosta\u0142y\u00a0w ramach zbiorowych wystaw takich jak \u201eMikstury Kultury (Narodowe Forum Muzyki, Wroc\u0142aw), 11. TRIENNALE MA\u0141YCH FORM MALARSKICH, (Galeria Sztuki Wozownia, Toru\u0144), \u201eLove Letters\u201d (Almanac Projects, Londyn), Nagi Nerw. Studio Mistrzyni: Rajkowska (BWA, Wroc\u0142aw) oraz podczas 19. Przegl\u0105du Sztuki SURVIVAL we Wroc\u0142awiu. \u017byje i pracuje we Wroc\u0142awiu.<\/p>\n<p><strong>STATEMENT<\/strong><\/p>\n<p>Viktoriia Tofan zajmuje si\u0119 poszukiwaniem j\u0119zyka, kt\u00f3ry by\u0142by odpowiedzi\u0105 na dog\u0142\u0119bne poczucie obco\u015bci, jakie dzieli z osobami g\u0142uchymi, cz\u0119sto nie m\u00f3wi\u0105cymi, b\u0105d\u017a maj\u0105cymi problemy z artykulacj\u0105. Praca z t\u0105 grup\u0105 sta\u0142a si\u0119 podstaw\u0105 do stworzenia zar\u00f3wno nowego alfabetu, jak i nowego j\u0119zyka Te nowe j\u0119zyki to nowe terytoria jej prywatnej ojczyzny, nowej przynale\u017cno\u015bci oraz przestrzenno\u015bci. J\u0119zyk w tym uj\u0119ciu staje si\u0119 nie tyle no\u015bnikiem informacji, ile miejscem, formacj\u0105 emocjonaln\u0105 oraz wsp\u00f3lnot\u0105 w u\u0142omno\u015bci\/inno\u015bci. Owa prywatna ojczyzna jest punktem wyj\u015bcia do komunikowania oraz w\u0142\u0105czania w spo\u0142eczno\u015b\u0107 historii ludzi, kt\u00f3rzy zostali postawieni poza spo\u0142ecznym nawiasem. Tofan u\u017cywa haftu jako sposobu pracy z j\u0119zykiem wykorzystuj\u0105c zar\u00f3wno sensualno\u015b\u0107 rzemios\u0142a przypisanego kobietom, jak i graficzno\u015b\u0107 rewersu,kt\u00f3ry w tym przypadku zaczyna pe\u0142ni\u0107 funkcj\u0119 awersu.<\/p>\n","protected":false},"excerpt":{"rendered":"<p>Viktoriia Tofan (ur. 1993, Dniepropetrowsk) \u2013 artystka wizualna, absolwentka Akademii Sztuk Pi\u0119knych w Kijowie oraz Wydzia\u0142u Malarstwa na Akademii Sztuk Pi\u0119knych im. Eugeniusza Gepperta we Wroc\u0142awiu.\u00a0Swoj\u0105 prac\u0119 dyplomow\u0105 prezentowa\u0142a w ramach wystawy indywidualnej \u201eZWYK\u0141E NIEZWYK\u0141E\u201d (BWA Studio, Wroc\u0142aw).\u00a0 Pozosta\u0142e projekty artystki, zaprezentowane zosta\u0142y\u00a0w ramach zbiorowych wystaw takich jak \u201eMikstury Kultury (Narodowe Forum Muzyki, Wroc\u0142aw), 11. TRIENNALE MA\u0141YCH FORM MALARSKICH, (Galeria Sztuki Wozownia, Toru\u0144), \u201eLove Letters\u201d (Almanac Projects, Londyn), Nagi Nerw&#8230;.<\/p>\n","protected":false},"author":2,"featured_media":5424,"parent":0,"menu_order":61,"comment_status":"closed","ping_status":"closed","template":"","meta":{"_acf_changed":false,"footnotes":""},"class_list":["post-5423","page","type-page","status-publish","has-post-thumbnail","hentry"],"acf":[],"_links":{"self":[{"href":"https:\/\/openheim.org\/pl\/wp-json\/wp\/v2\/pages\/5423","targetHints":{"allow":["GET"]}}],"collection":[{"href":"https:\/\/openheim.org\/pl\/wp-json\/wp\/v2\/pages"}],"about":[{"href":"https:\/\/openheim.org\/pl\/wp-json\/wp\/v2\/types\/page"}],"author":[{"embeddable":true,"href":"https:\/\/openheim.org\/pl\/wp-json\/wp\/v2\/users\/2"}],"replies":[{"embeddable":true,"href":"https:\/\/openheim.org\/pl\/wp-json\/wp\/v2\/comments?post=5423"}],"version-history":[{"count":9,"href":"https:\/\/openheim.org\/pl\/wp-json\/wp\/v2\/pages\/5423\/revisions"}],"predecessor-version":[{"id":6317,"href":"https:\/\/openheim.org\/pl\/wp-json\/wp\/v2\/pages\/5423\/revisions\/6317"}],"wp:featuredmedia":[{"embeddable":true,"href":"https:\/\/openheim.org\/pl\/wp-json\/wp\/v2\/media\/5424"}],"wp:attachment":[{"href":"https:\/\/openheim.org\/pl\/wp-json\/wp\/v2\/media?parent=5423"}],"curies":[{"name":"wp","href":"https:\/\/api.w.org\/{rel}","templated":true}]}}